{"id":14,"date":"2024-02-23T13:16:24","date_gmt":"2024-02-23T13:16:24","guid":{"rendered":"https:\/\/www.ull.es\/accesibilidad\/?page_id=14"},"modified":"2025-03-27T08:10:25","modified_gmt":"2025-03-27T08:10:25","slug":"inicio","status":"publish","type":"page","link":"https:\/\/www.ull.es\/accesibilidad\/fr\/","title":{"rendered":"Commencer"},"content":{"rendered":"\n<div class=\"wp-block-stackable-columns alignfull stk-block-columns stk-block stk-6f67e89 stk-block-background stk--has-background-overlay\" data-block-id=\"6f67e89\"><style>.stk-6f67e89 {background-color:transparent !important;background-image:url(http:\/\/www.ull.es\/accesibilidad\/wp-content\/uploads\/sites\/23\/2024\/08\/Accesibilidad-ULL.jpg) !important;min-height:600px !important;align-items:center !important;margin-top:0px !important;margin-bottom:0px !important;display:flex !important;}.stk-6f67e89:before{opacity:0.9 !important;background-image:linear-gradient(90deg,rgba(7,146,227,0) 17%,rgb(92,6,140) 39%) !important;}@media screen and (max-width: 767px){.stk-6f67e89 {margin-top:-30px !important;}}<\/style><div class=\"stk-row stk-inner-blocks stk-block-content stk-content-align stk-6f67e89-column alignfull\">\n<div class=\"wp-block-stackable-column stk-block-column stk-column stk-block stk-7966dfe\" data-v=\"4\" data-block-id=\"7966dfe\"><div class=\"stk-column-wrapper stk-block-column__content stk-container stk-7966dfe-container stk--no-background stk--no-padding\"><div class=\"stk-block-content stk-inner-blocks stk-7966dfe-inner-blocks\">\n<div class=\"wp-block-stackable-heading aligncenter stk-block-heading stk-block-heading--v2 stk-block stk-dee4b98\" id=\"accesibilidad\" data-block-id=\"dee4b98\"><style>.stk-dee4b98 .stk-block-heading__text{font-size:60px !important;color:#ffffff !important;font-weight:600 !important;font-family:\"Montserrat\", Sans-serif !important;}@media screen and (max-width: 1023px){.stk-dee4b98 .stk-block-heading__text{font-size:50px !important;}}<\/style><h2 class=\"stk-block-heading__text has-text-color\">Accesibilidad<\/h2><\/div>\n<\/div><\/div><\/div>\n<\/div><\/div>\n\n\n\n<div class=\"wp-block-stackable-columns alignfull stk-block-columns stk-block stk-b95afe4 stk-block-background\" data-block-id=\"b95afe4\"><style>.stk-b95afe4 {background-color:var(--stk-global-color-70381, #5c068c) !important;padding-top:0.25px !important;padding-right:0.25px !important;padding-bottom:0.25px !important;padding-left:0.25px !important;margin-top:0px !important;margin-bottom:50px !important;}.stk-b95afe4:before{background-color:var(--stk-global-color-70381, #5c068c) !important;}<\/style><div class=\"stk-row stk-inner-blocks stk-block-content stk-content-align stk-b95afe4-column alignfull\">\n<div class=\"wp-block-stackable-column stk-block-column stk-column stk-block stk-de272d6\" data-v=\"4\" data-block-id=\"de272d6\"><style>.stk-de272d6 {padding-top:0px !important;padding-right:0px !important;padding-bottom:0px !important;padding-left:0px !important;}<\/style><div class=\"stk-column-wrapper stk-block-column__content stk-container stk-de272d6-container stk--no-background stk--no-padding\"><div class=\"stk-block-content stk-inner-blocks stk-de272d6-inner-blocks\">\n<div class=\"wp-block-stackable-heading aligncenter stk-block-heading stk-block-heading--v2 stk-block stk-bb45c4e\" id=\"pagina-de-accesibilidad-de-la-universidad-de-la-laguna\" data-block-id=\"bb45c4e\"><style>.stk-bb45c4e {padding-top:0px !important;padding-right:0px !important;padding-bottom:0px !important;padding-left:0px !important;}.stk-bb45c4e .stk-block-heading__text{font-size:24px !important;color:#ffffff !important;font-weight:600 !important;font-family:\"Montserrat\", Sans-serif !important;}@media screen and (max-width: 1023px){.stk-bb45c4e .stk-block-heading__text{font-size:24px !important;}}<\/style><h2 class=\"stk-block-heading__text has-text-color\">P\u00e1gina de accesibilidad de la Universidad de La Laguna<\/h2><\/div>\n<\/div><\/div><\/div>\n<\/div><\/div>\n\n\n\n<div class=\"wp-block-stackable-heading stk-block-heading stk-block-heading--v2 stk-block stk-c1b3c43\" id=\"declaracion-de-accesibilidad\" data-block-id=\"c1b3c43\"><style>.stk-c1b3c43 {padding-top:0px !important;padding-right:0px !important;padding-bottom:0px !important;padding-left:0px !important;margin-bottom:15px !important;}.stk-c1b3c43 .stk-block-heading__text{color:#535353 !important;font-weight:700 !important;}<\/style><h1 class=\"stk-block-heading__text has-text-color\">Declaraci\u00f3n de accesibilidad<\/h1><\/div>\n\n\n\n<p>La Universidad de La Laguna se ha comprometido a hacer accesible su sitio web,\u202fde\u202fconformidad con el\u202f<a href=\"https:\/\/www.boe.es\/diario_boe\/txt.php?id=BOE-A-2018-12699\" target=\"_blank\" rel=\"noreferrer noopener\" target=\"_blank\" rel=\"noopener\">Real Decreto 1112\/2018<\/a>, de 7 de septiembre, sobre accesibilidad de los sitios web y aplicaciones para dispositivos m\u00f3viles del sector p\u00fablico.<\/p>\n\n\n\n<div class=\"wp-block-stackable-spacer stk-block-spacer stk--no-padding stk-block stk-7c6baa1\" data-block-id=\"7c6baa1\"><style>.stk-7c6baa1 {height:20px !important;}<\/style><\/div>\n\n\n\n<h2 class=\"wp-block-heading has-text-color has-link-color wp-elements-991d560d102a454fecf22566e413ab08\" style=\"color:#535353\">Situaci\u00f3n de cumplimiento<\/h2>\n\n\n\n<p>Este sitio web es parcialmente conforme con el&nbsp;<a href=\"https:\/\/www.boe.es\/diario_boe\/txt.php?id=BOE-A-2018-12699\" target=\"_blank\" rel=\"noreferrer noopener\" target=\"_blank\" rel=\"noopener\">Real Decreto 1112\/2018<\/a>&nbsp;debido a la falta de conformidad de los aspectos que se indican a continuaci\u00f3n.<\/p>\n\n\n\n<div class=\"wp-block-stackable-spacer stk-block-spacer stk--no-padding stk-block stk-e235688\" data-block-id=\"e235688\"><style>.stk-e235688 {height:20px !important;}<\/style><\/div>\n\n\n\n<h2 class=\"wp-block-heading has-text-color has-link-color wp-elements-06aac82fc046d40dedb14305aa3732da\" style=\"color:#535353\">Contenido no accesible<\/h2>\n\n\n\n<p>El contenido que se recoge a continuaci\u00f3n no es accesible por los siguientes motivos:<\/p>\n\n\n\n<ul class=\"wp-block-list\">\n<li>Falta de conformidad con el&nbsp;<a href=\"https:\/\/www.boe.es\/diario_boe\/txt.php?id=BOE-A-2018-12699\" target=\"_blank\" rel=\"noreferrer noopener\" target=\"_blank\" rel=\"noopener\">Real Decreto 1112\/2018<\/a>:\n<ul class=\"wp-block-list\">\n<li>Existen errores en el uso de un etiquetado sem\u00e1ntico que refleje la informaci\u00f3n y las relaciones del contenido [requisitos n\u00famero 9.1.3.1 y 9.4.1.2 de UNE-EN 301549:2022].<\/li>\n\n\n\n<li>Existen contenidos no textuales que carecen de una alternativa textual, o que tienen una alternativa que no es adecuada [requisito n\u00famero 9.1.1.1 de la UNE-EN 301549:2022].<\/li>\n\n\n\n<li>Existen errores al personalizar el tama\u00f1o de letra, el nivel zoom o el espaciado del texto [requisitos n\u00famero 9.1.4.10 de UNE-EN 301549:2022].<\/li>\n\n\n\n<li>Existen p\u00e1ginas donde la navegaci\u00f3n por teclado no es la \u00f3ptima y aparecen errores [requisitos n\u00famero 9.2.1.1 de UNE-EN 301549:2022].<\/li>\n\n\n\n<li>El prop\u00f3sito de los enlaces, encabezados o etiquetas del portal puede no ser siempre lo suficientemente descriptivo o consistente para todos los usuarios [requisitos n\u00famero 9.2.4.4 de la UNE-EN 301549:2022].<\/li>\n\n\n\n<li>Existen errores relacionados con los v\u00eddeos, subt\u00edtulos y audiodescripciones y su acceso para todos los usuarios. [requisitos n\u00famero 9.1.2.3 de la UNE-EN 301549:2022]<\/li>\n<\/ul>\n<\/li>\n\n\n\n<li>Carga desproporcionada:<\/li>\n<\/ul>\n\n\n\n<p>No aplica.<\/p>\n\n\n\n<ul class=\"wp-block-list\">\n<li>Contenido no entra dentro del \u00e1mbito de la legislaci\u00f3n aplicable:<\/li>\n<\/ul>\n\n\n\n<p>No aplica.<\/p>\n\n\n\n<div class=\"wp-block-stackable-spacer stk-block-spacer stk--no-padding stk-block stk-97e814e\" data-block-id=\"97e814e\"><style>.stk-97e814e {height:20px !important;}<\/style><\/div>\n\n\n\n<h2 class=\"wp-block-heading has-text-color has-link-color wp-elements-da65ab14872243852513656ea86dd695\" style=\"color:#535353\">Observaciones y datos de contacto<\/h2>\n\n\n\n<h3 class=\"wp-block-heading has-text-color has-link-color wp-elements-21818d50d31ae4860a9931300bb79aaf\" style=\"color:#535353\">Comunicaciones sobre requisitos de accesibilidad<\/h3>\n\n\n\n<p>Puede comunicar incumplimientos en los requisitos de accesibilidad de nuestra p\u00e1gina WEB, dificultad de acceso al contenido, o realizar sugerencias y mejoras, a trav\u00e9s de las siguientes v\u00edas:<\/p>\n\n\n\n<ul class=\"wp-block-list\">\n<li>A trav\u00e9s del&nbsp;formulario de contacto sobre accesibilidad<\/li>\n\n\n\n<li>Contactando telef\u00f3nicamente a trav\u00e9s del n\u00famero 922 31 94 55<\/li>\n<\/ul>\n\n\n\n<p>Las comunicaciones de accesibilidad ser\u00e1n recibidas y tratadas por el Servicio de Tecnolog\u00edas de la Informaci\u00f3n y las Comunicaciones.<\/p>\n\n\n\n<h3 class=\"wp-block-heading has-text-color has-link-color wp-elements-5a444528faa4f78f0c8b47904002c8b9\" style=\"color:#535353\">Solicitudes de informaci\u00f3n accesible y quejas<\/h3>\n\n\n\n<p>A trav\u00e9s del&nbsp;<a href=\"https:\/\/sede.ull.es\/ecivilis-site\/catalog\/showProcedure\/484\" target=\"_blank\" rel=\"noreferrer noopener\" target=\"_blank\" rel=\"noopener\">formulario de solicitudes de informaci\u00f3n accesible y de quejas en materia de quejas de accesibilidad<\/a>&nbsp;puede presentar una queja relativa al cumplimiento de los requisitos que establece el RD 1112\/2018 o presentar una solicitud de Informaci\u00f3n accesible relativa a:<\/p>\n\n\n\n<ul class=\"wp-block-list\">\n<li>Contenidos que est\u00e1n excluidos del \u00e1mbito de aplicaci\u00f3n del RD 1112\/2018 seg\u00fan lo establecido por el art\u00edculo 3, apartado 4&nbsp;<\/li>\n\n\n\n<li>Contenidos que est\u00e1n exentos del cumplimiento de los requisitos de accesibilidad por imponer una carga desproporcionada.<\/li>\n<\/ul>\n\n\n\n<p>Estas solicitudes ser\u00e1n atendidas por el Servicio de Atenci\u00f3n al Ciudadano, que deber\u00e1 responder en el plazo de 20 d\u00edas h\u00e1biles.<\/p>\n\n\n\n<div class=\"wp-block-stackable-spacer stk-block-spacer stk--no-padding stk-block stk-3485c29\" data-block-id=\"3485c29\"><style>.stk-3485c29 {height:20px !important;}<\/style><\/div>\n\n\n\n<h2 class=\"wp-block-heading has-text-color has-link-color wp-elements-2efd9ded2f01a0664bca0a2f284b62b0\" style=\"color:#535353\">Procedimiento de aplicaci\u00f3n<\/h2>\n\n\n\n<p>Puede presentar una reclamaci\u00f3n contra la respuesta a una solicitud de informaci\u00f3n accesible o queja relacionada con la accesibilidad de estos sitios web (art\u00edculo 13 del RD 1112\/2018) cuando:<\/p>\n\n\n\n<ul class=\"wp-block-list\">\n<li>su solicitud o queja hubiera sido desestimada.<\/li>\n\n\n\n<li>no estuviera de acuerdo con la decisi\u00f3n adoptada.<\/li>\n\n\n\n<li>la respuesta no cumpliera los requisitos contemplados en el art\u00edculo 12.5 del Real Decreto 1112\/2018.<\/li>\n\n\n\n<li>hubiera transcurrido el plazo de veinte d\u00edas h\u00e1biles<\/li>\n<\/ul>\n\n\n\n<p>La reclamaci\u00f3n puede presentarse a trav\u00e9s de la Sede Electr\u00f3nica de la AEPD, pinchando en el siguiente&nbsp;<a href=\"https:\/\/sedeagpd.gob.es\/sede-electronica-web\/vistas\/formProcedimientoEntrada\/procedimientoEntradaAmpliado.jsf\" target=\"_blank\" rel=\"noreferrer noopener\" target=\"_blank\" rel=\"noopener\">enlace<\/a>, as\u00ed como utilizando cualquiera de las opciones previstas en la Ley 39\/ 2015, de 1 de octubre, del Procedimiento Administrativo Com\u00fan de las Administraciones P\u00fablicas.<\/p>\n\n\n\n<p>Las reclamaciones ser\u00e1n recibidas y tratadas por la Unidad Responsable de Accesibilidad<\/p>\n\n\n\n<div class=\"wp-block-stackable-spacer stk-block-spacer stk--no-padding stk-block stk-fd4a849\" data-block-id=\"fd4a849\"><style>.stk-fd4a849 {height:20px !important;}<\/style><\/div>\n\n\n\n<h2 class=\"wp-block-heading has-text-color has-link-color wp-elements-88f38d01ade3e560d2ebeb340045e930\" style=\"color:#535353\">Contenido opcional<\/h2>\n\n\n\n<p>La accesibilidad del portal se ha tenido presente de forma integral en el proceso de dise\u00f1o, gesti\u00f3n, mantenimiento y actualizaci\u00f3n de contenidos.<\/p>\n\n\n\n<p>Este sitio web aplica los requisitos de la Norma UNE-EN 301549:2022 considerando las excepciones del&nbsp;<a href=\"https:\/\/www.boe.es\/diario_boe\/txt.php?id=BOE-A-2018-12699\" target=\"_blank\" rel=\"noreferrer noopener\" target=\"_blank\" rel=\"noopener\">RD 1112\/2018<\/a>.<\/p>\n\n\n\n<p>La \u00faltima revisi\u00f3n de accesibilidad se ha realizado en septiembre 2023.<\/p>\n\n\n\n<div class=\"wp-block-stackable-spacer stk-block-spacer stk--no-padding stk-block stk-26e0ed1\" data-block-id=\"26e0ed1\"><style>.stk-26e0ed1 {height:20px !important;}<\/style><\/div>\n\n\n\n<h2 class=\"wp-block-heading has-text-color has-link-color wp-elements-101aed099cee06e0c447aa55774db391\" style=\"color:#535353\">Compatibilidad<\/h2>\n\n\n\n<p>El sitio web:<\/p>\n\n\n\n<ul class=\"wp-block-list\">\n<li>se ha dise\u00f1ado adapt\u00e1ndose a los est\u00e1ndares y normativas vigentes en relaci\u00f3n a la accesibilidad, cumpliendo con los puntos de verificaci\u00f3n de prioridad 2 (AA) definidos en la especificaci\u00f3n de Pautas de Accesibilidad al Contenido en la Web (WCAG 2.1)<\/li>\n\n\n\n<li>est\u00e1 optimizado para las \u00faltimas versiones vigentes de Chrome, Edge, Firefox, Safari y Opera<\/li>\n\n\n\n<li>est\u00e1 dise\u00f1ado para su correcta visualizaci\u00f3n en cualquier resoluci\u00f3n y dispositivo de escritorio, tabletas o m\u00f3viles\u202f(dise\u00f1o\u202fresponsive)<\/li>\n\n\n\n<li>se ha realizado utilizando HTML5 como lenguaje de marcado y hojas de estilo CSS 3 para su dise\u00f1o<\/li>\n<\/ul>\n\n\n\n<p>Adem\u00e1s, se realiza un trabajo continuo de auditor\u00eda y revisi\u00f3n de contenidos para facilitar su interpretaci\u00f3n y mejorar la navegaci\u00f3n por el portal web.<\/p>\n","protected":false},"excerpt":{"rendered":"<p>Accessibilit\u00e9 Page d&#039;accessibilit\u00e9 de l&#039;Universit\u00e9 de La Laguna D\u00e9claration d&#039;accessibilit\u00e9 L&#039;Universit\u00e9 de La Laguna s&#039;est engag\u00e9e \u00e0 rendre son site Web accessible, conform\u00e9ment au d\u00e9cret royal 1112\/2018 du 7 septembre sur l&#039;accessibilit\u00e9 des sites Web et des applications pour appareils mobiles dans le secteur public. \u00c9tat de conformit\u00e9 Ce site Web\u2026<\/p>","protected":false},"author":60,"featured_media":0,"parent":0,"menu_order":0,"comment_status":"closed","ping_status":"closed","template":"templates\/template-frontpage.php","meta":{"footnotes":""},"class_list":["post-14","page","type-page","status-publish","hentry"],"_links":{"self":[{"href":"https:\/\/www.ull.es\/accesibilidad\/fr\/wp-json\/wp\/v2\/pages\/14","targetHints":{"allow":["GET"]}}],"collection":[{"href":"https:\/\/www.ull.es\/accesibilidad\/fr\/wp-json\/wp\/v2\/pages"}],"about":[{"href":"https:\/\/www.ull.es\/accesibilidad\/fr\/wp-json\/wp\/v2\/types\/page"}],"author":[{"embeddable":true,"href":"https:\/\/www.ull.es\/accesibilidad\/fr\/wp-json\/wp\/v2\/users\/60"}],"replies":[{"embeddable":true,"href":"https:\/\/www.ull.es\/accesibilidad\/fr\/wp-json\/wp\/v2\/comments?post=14"}],"version-history":[{"count":58,"href":"https:\/\/www.ull.es\/accesibilidad\/fr\/wp-json\/wp\/v2\/pages\/14\/revisions"}],"predecessor-version":[{"id":107,"href":"https:\/\/www.ull.es\/accesibilidad\/fr\/wp-json\/wp\/v2\/pages\/14\/revisions\/107"}],"wp:attachment":[{"href":"https:\/\/www.ull.es\/accesibilidad\/fr\/wp-json\/wp\/v2\/media?parent=14"}],"curies":[{"name":"wp","href":"https:\/\/api.w.org\/{rel}","templated":true}]}}