{"id":1994,"date":"2018-07-05T13:52:33","date_gmt":"2018-07-05T13:52:33","guid":{"rendered":"https:\/\/www.ull.es\/admision-becas\/?page_id=1994"},"modified":"2025-11-28T08:51:49","modified_gmt":"2025-11-28T08:51:49","slug":"simultaneidad","status":"publish","type":"page","link":"https:\/\/www.ull.es\/admision-becas\/en\/admision-a-titulaciones-oficiales-de-grado\/simultaneidad\/","title":{"rendered":"Simultaneity"},"content":{"rendered":"<div class=\"wp-block-stackable-columns alignfull stk-block-columns stk-block stk-2cbe2d9 stk-block-background stk--has-background-overlay\" data-block-id=\"2cbe2d9\"><style>.stk-2cbe2d9 {background-image:url(https:\/\/www.ull.es\/admision-becas\/wp-content\/uploads\/sites\/8\/2025\/11\/Landing-Acceso_Header.jpg) !important;min-height:600px !important;align-items:center !important;padding-top:0px !important;padding-right:0px !important;padding-bottom:0px !important;padding-left:0px !important;margin-top:-30px !important;margin-bottom:50px !important;display:flex !important;}.stk-2cbe2d9-column{max-width:1300px !important;min-width:auto !important;}@media screen and (max-width: 767px){.stk-2cbe2d9 {min-height:400px !important;}}<\/style><div class=\"stk-row stk-inner-blocks stk-block-content stk-content-align stk-2cbe2d9-column\">\n<div class=\"wp-block-stackable-column stk-block-column stk-column stk-block stk-67d5c45\" data-v=\"4\" data-block-id=\"67d5c45\"><style>@media screen and (max-width: 767px){.stk-67d5c45 {padding-top:10px !important;padding-right:10px !important;padding-bottom:10px !important;padding-left:10px !important;}}<\/style><div class=\"stk-column-wrapper stk-block-column__content stk-container stk-67d5c45-container stk--no-background stk--no-padding\"><div class=\"stk-block-content stk-inner-blocks stk-67d5c45-inner-blocks\">\n<div class=\"wp-block-stackable-heading stk-block-heading stk-block-heading--v2 stk-block stk-c229f24\" id=\"simultaneidad\" data-block-id=\"c229f24\"><style>.stk-c229f24 {margin-bottom:0px !important;}.stk-c229f24 .stk-block-heading__text{font-size:80px !important;color:#ffffff !important;font-weight:700 !important;font-family:\"Montserrat\", Sans-serif !important;}@media screen and (max-width: 1023px){.stk-c229f24 .stk-block-heading__text{font-size:50px !important;}}@media screen and (max-width: 767px){.stk-c229f24 .stk-block-heading__text{font-size:47px !important;}}<\/style><h1 class=\"stk-block-heading__text has-text-color\">Simultaneity<\/h1><\/div>\n<\/div><\/div><\/div>\n<\/div><\/div>\n\n\n\n<div class=\"wp-block-stackable-columns stk-block-columns stk-block stk-8b59b96\" data-block-id=\"8b59b96\"><style>.stk-8b59b96-column{--stk-columns-spacing:0px !important;--stk-column-gap:50px !important;}<\/style><div class=\"stk-row stk-inner-blocks stk-block-content stk-content-align stk-8b59b96-column\">\n<div class=\"wp-block-stackable-column stk-block-column stk-column stk-block stk-dbb7e15\" data-v=\"4\" data-block-id=\"dbb7e15\"><div class=\"stk-column-wrapper stk-block-column__content stk-container stk-dbb7e15-container stk--no-background stk--no-padding\"><div class=\"stk-block-content stk-inner-blocks stk-dbb7e15-inner-blocks\">\n<p data-block-type=\"core\">Students who have begun official Spanish undergraduate studies and have completed the first full year of their studies may apply for simultaneous enrollment at the University of La Laguna with another undergraduate degree. In any case, applications for simultaneous enrollment will be processed when vacancies become available, once the pre-registration and registration processes have been completed.<\/p>\n\n\n\n<p data-block-type=\"core\">Subjects passed through simultaneous studies cannot be used for the recognition of credits for subjects in the degree in which the student began studies before the application for simultaneous studies.<\/p>\n\n\n\n<p data-block-type=\"core\">Only students enrolled full-time in a bachelor&#039;s degree may pursue simultaneous studies. Students enrolled in the second degree program are considered part-time, unless the student specifically requests to do so full-time based on their academic circumstances.<\/p>\n\n\n\n<p data-block-type=\"core\">If the applicant is enrolled at the ULL and wishes to enroll at another university simultaneously, they must provide proof of admission to the other university and pay the file transfer fees for simultaneous enrollment.<\/p>\n\n\n\n<ul class=\"wp-block-list\" data-block-type=\"core\">\n<li data-block-type=\"core\">Application submission deadline:&nbsp;<strong>from September 11 to 17, 2025.<\/strong><\/li>\n\n\n\n<li data-block-type=\"core\">Resolution deadline: before&nbsp;<strong>September 22, 2025<\/strong><strong>.<\/strong><\/li>\n\n\n\n<li data-block-type=\"core\">Deadline for registration:&nbsp;<strong>5 business days from the resolution<\/strong>.<\/li>\n<\/ul>\n\n\n\n<p data-block-type=\"core\"><a href=\"https:\/\/sede.ull.es\/ecivilis-site\/catalog\/showProcedure\/450\" target=\"_blank\" rel=\"noreferrer noopener\">Request for simultaneous studies<\/a>.<\/p>\n\n\n\n<ul class=\"wp-block-list\" data-block-type=\"core\">\n<li data-block-type=\"core\"><a href=\"https:\/\/www.boe.es\/eli\/es\/o\/1984\/09\/28\/(3)\" target=\"_blank\" rel=\"noreferrer noopener\">Order of September 28, 1984 on the system of simultaneous university studies in different centers<\/a>. (BOE No. 242 of October 9, 1984).<\/li>\n\n\n\n<li data-block-type=\"core\"><a href=\"https:\/\/sede.ull.es\/ecivilis-site\/bulletinBoard\/showBulletin\/44831:1\" target=\"_blank\" rel=\"noreferrer noopener\">Regulations for admission and registration for official undergraduate courses at the University of La Laguna<\/a>&nbsp;(BOULL no. 99 of December 17, 2024).\n<ul class=\"wp-block-list\" data-block-type=\"core\">\n<li data-block-type=\"core\"><a href=\"https:\/\/sede.ull.es\/ecivilis-site\/bulletinBoard\/showBulletin\/47203:1\" target=\"_blank\" rel=\"noreferrer noopener\">Partial modification of the Admission and Enrollment Regulations (art. 39)<\/a>&nbsp;(BOULL no. 41 of March 28, 2025).<\/li>\n<\/ul>\n<\/li>\n<\/ul>\n<\/div><\/div><\/div>\n<\/div><\/div>","protected":false},"excerpt":{"rendered":"<p>Simultaneidad El alumnado que tenga iniciados estudios universitarios oficiales espa\u00f1oles de Grado y haya superado el primer curso completo de ellos, podr\u00e1 solicitar la simultaneidad en la Universidad de La Laguna con otro Grado. En todo caso, las solicitudes de simultaneidad proceder\u00e1n cuando haya plazas vacantes una vez finalizados los procesos de preinscripci\u00f3n y matr\u00edcula&#8230;.<\/p>","protected":false},"author":14,"featured_media":0,"parent":3008,"menu_order":0,"comment_status":"closed","ping_status":"closed","template":"templates\/template-frontpage.php","meta":{"footnotes":""},"class_list":["post-1994","page","type-page","status-publish","hentry"],"_links":{"self":[{"href":"https:\/\/www.ull.es\/admision-becas\/en\/wp-json\/wp\/v2\/pages\/1994","targetHints":{"allow":["GET"]}}],"collection":[{"href":"https:\/\/www.ull.es\/admision-becas\/en\/wp-json\/wp\/v2\/pages"}],"about":[{"href":"https:\/\/www.ull.es\/admision-becas\/en\/wp-json\/wp\/v2\/types\/page"}],"author":[{"embeddable":true,"href":"https:\/\/www.ull.es\/admision-becas\/en\/wp-json\/wp\/v2\/users\/14"}],"replies":[{"embeddable":true,"href":"https:\/\/www.ull.es\/admision-becas\/en\/wp-json\/wp\/v2\/comments?post=1994"}],"version-history":[{"count":21,"href":"https:\/\/www.ull.es\/admision-becas\/en\/wp-json\/wp\/v2\/pages\/1994\/revisions"}],"predecessor-version":[{"id":8125,"href":"https:\/\/www.ull.es\/admision-becas\/en\/wp-json\/wp\/v2\/pages\/1994\/revisions\/8125"}],"up":[{"embeddable":true,"href":"https:\/\/www.ull.es\/admision-becas\/en\/wp-json\/wp\/v2\/pages\/3008"}],"wp:attachment":[{"href":"https:\/\/www.ull.es\/admision-becas\/en\/wp-json\/wp\/v2\/media?parent=1994"}],"curies":[{"name":"wp","href":"https:\/\/api.w.org\/{rel}","templated":true}]}}