{"id":606,"date":"2017-06-08T08:04:56","date_gmt":"2017-06-08T08:04:56","guid":{"rendered":"https:\/\/www.ull.es\/admision-becas\/?page_id=606"},"modified":"2026-05-13T06:56:29","modified_gmt":"2026-05-13T06:56:29","slug":"normativa","status":"publish","type":"page","link":"https:\/\/www.ull.es\/admision-becas\/en\/pau\/normativa\/","title":{"rendered":"Regulations"},"content":{"rendered":"<div class=\"wp-block-stackable-columns alignfull stk-block-columns stk-block stk-2cbe2d9 stk-block-background stk--has-background-overlay\" data-block-id=\"2cbe2d9\"><style>.stk-2cbe2d9 {background-image:url(https:\/\/www.ull.es\/admision-becas\/wp-content\/uploads\/sites\/8\/2025\/11\/Landing-PAU_Header.jpg) !important;min-height:600px !important;align-items:center !important;padding-top:0px !important;padding-right:0px !important;padding-bottom:0px !important;padding-left:0px !important;margin-top:-30px !important;margin-bottom:50px !important;display:flex !important;}.stk-2cbe2d9-column{max-width:1300px !important;min-width:auto !important;}@media screen and (max-width: 767px){.stk-2cbe2d9 {min-height:400px !important;}}<\/style><div class=\"stk-row stk-inner-blocks stk-block-content stk-content-align stk-2cbe2d9-column\">\n<div class=\"wp-block-stackable-column stk-block-column stk-column stk-block stk-67d5c45\" data-v=\"4\" data-block-id=\"67d5c45\"><style>@media screen and (min-width: 768px) and (max-width: 1023px){.stk-67d5c45 {flex:var(--stk-flex-grow, 1) 1 calc(60% - var(--stk-column-gap, 0px) * 1 \/ 2 ) !important;}}@media screen and (max-width: 767px){.stk-67d5c45 {padding-top:10px !important;padding-right:10px !important;padding-bottom:10px !important;padding-left:10px !important;}}<\/style><div class=\"stk-column-wrapper stk-block-column__content stk-container stk-67d5c45-container stk--no-background stk--no-padding\"><div class=\"stk-block-content stk-inner-blocks stk-67d5c45-inner-blocks\">\n<div class=\"wp-block-stackable-heading stk-block-heading stk-block-heading--v2 stk-block stk-c229f24\" id=\"normativa-de-la-pau\" data-block-id=\"c229f24\"><style>.stk-c229f24 {margin-bottom:0px !important;}.stk-c229f24 .stk-block-heading__text{font-size:80px !important;color:#ffffff !important;font-weight:700 !important;font-family:\"Montserrat\", Sans-serif !important;}@media screen and (max-width: 1023px){.stk-c229f24 .stk-block-heading__text{font-size:50px !important;}}@media screen and (max-width: 767px){.stk-c229f24 .stk-block-heading__text{font-size:47px !important;}}<\/style><h1 class=\"stk-block-heading__text has-text-color\">University Entrance Exam Regulations<\/h1><\/div>\n<\/div><\/div><\/div>\n\n\n\n<div class=\"wp-block-stackable-column stk-block-column stk-column stk-block stk-a283fdb\" data-v=\"4\" data-block-id=\"a283fdb\"><style>@media screen and (min-width: 768px) and (max-width: 1023px){.stk-a283fdb {flex:var(--stk-flex-grow, 1) 1 calc(40% - var(--stk-column-gap, 0px) * 1 \/ 2 ) !important;}}<\/style><div class=\"stk-column-wrapper stk-block-column__content stk-container stk-a283fdb-container stk--no-background stk--no-padding\"><div class=\"stk-block-content stk-inner-blocks stk-a283fdb-inner-blocks\"><\/div><\/div><\/div>\n<\/div><\/div>\n\n\n\n<div class=\"wp-block-stackable-columns stk-block-columns stk-block stk-8b59b96\" data-block-id=\"8b59b96\"><style>.stk-8b59b96 .stk--block-align-8b59b96{align-items:flex-start !important;}.stk-8b59b96-column{--stk-columns-spacing:0px !important;--stk-column-gap:50px !important;}<\/style><div class=\"stk-row stk-inner-blocks stk--block-align-8b59b96 stk-block-content stk-content-align stk-8b59b96-column\">\n<div class=\"wp-block-stackable-column stk-block-column stk-column stk-block stk-dbb7e15\" data-v=\"4\" data-block-id=\"dbb7e15\"><div class=\"stk-column-wrapper stk-block-column__content stk-container stk-dbb7e15-container stk--no-background stk--no-padding\"><div class=\"stk-block-content stk-inner-blocks stk-dbb7e15-inner-blocks\">\n<div class=\"wp-block-stackable-heading stk-block-heading stk-block-heading--v2 stk-block stk-59718a5\" data-block-id=\"59718a5\"><style>.stk-59718a5 {margin-bottom:20px !important;}.stk-59718a5 .stk-block-heading__text{font-size:35px !important;color:var(--stk-global-color-60833, #5c068c) !important;font-weight:400 !important;}@media screen and (max-width: 1023px){.stk-59718a5 .stk-block-heading__text{font-size:35px !important;}}<\/style><h2 class=\"stk-block-heading__text has-text-color\"><\/h2><\/div>\n\n\n\n<ul class=\"wp-block-list\" data-block-type=\"core\">\n<li data-block-type=\"core\"><a href=\"https:\/\/www.boe.es\/buscar\/act.php?id=BOE-A-2006-7899&amp;p=20131210&amp;tn=1\" target=\"_blank\" rel=\"noreferrer noopener\">Organic Law 2\/2006, of May 3, on Education (BOE May 4, 2006)<\/a>.<\/li>\n\n\n\n<li data-block-type=\"core\"><a href=\"https:\/\/www.boe.es\/buscar\/act.php?id=BOE-A-2020-17264&amp;p=20201230&amp;tn=1\" target=\"_blank\" rel=\"noreferrer noopener\">Organic Law 3\/2020, of December 29, amending Organic Law 2\/2006, of May 3, on Education<\/a>&nbsp;(BOE No. 34, of December 30, 2020).<\/li>\n\n\n\n<li data-block-type=\"core\"><a href=\"https:\/\/www.boe.es\/buscar\/act.php?id=BOE-A-2024-11858\" target=\"_blank\" rel=\"noreferrer noopener\">Royal Decree 534\/2024, of June 11, regulating the requirements for access to official university undergraduate courses, the basic characteristics of the entrance exam, and the basic regulations for admission procedures<\/a>&nbsp;(Official State Gazette no. 142, of June 12, 2024).<\/li>\n\n\n\n<li data-block-type=\"core\"><a href=\"https:\/\/www.boe.es\/diario_boe\/txt.php?id=BOE-A-2026-1857\" target=\"_blank\" rel=\"noreferrer noopener\">Resolution of 20 January 2026, of the Undersecretariat, publishing the joint resolution of 5 January 2026 of the State Secretariat for Education and the State Secretariat for Science, Innovation and Universities, setting the deadlines for holding the university entrance exam in 2026 and publishing the provisional results<\/a> (Official State Gazette No. 23, of January 26, 2026).<\/li>\n\n\n\n<li data-block-type=\"core\"><a href=\"https:\/\/www.gobiernodecanarias.org\/boc\/2026\/077\/1285.html\" target=\"_blank\" rel=\"noreferrer noopener\">Resolution of April 14, 2026 of the Deputy Ministry of Education which dictates for the planning, execution and management, within the scope of the Autonomous Community of the Canary Islands, of the University Access Test, applicable to students who have completed the Baccalaureate, as well as the Higher Level Vocational Training Cycles, Professional Studies of Plastic Arts and Design, and Sports Studies<\/a>.<\/li>\n\n\n\n<li data-block-type=\"core\"><a href=\"https:\/\/sede.ull.es\/ecivilis-site\/bulletinBoard\/showBulletin\/65661:1\" target=\"_blank\" rel=\"noreferrer noopener\">Resolution of the Vice-Rector for Students, approving the rules governing the registration procedure and review of grades for the University Access Test (PAU) for the 2025-2026 academic year<\/a>.<\/li>\n\n\n\n<li data-block-type=\"core\"><a href=\"https:\/\/sede.ull.es\/ecivilis-site\/bulletinBoard\/showBulletin\/11836:1\" target=\"_blank\" rel=\"noreferrer noopener\">Regulation governing the system for appointing persons responsible for coordinating subjects in the entrance exams for the University of La Laguna (approved by the Governing Council on March 16, 2022).<\/a>\n<ul class=\"wp-block-list\" data-block-type=\"core\">\n<li data-block-type=\"core\"><a href=\"https:\/\/sede.ull.es\/ecivilis-site\/bulletinBoard\/showBulletin\/25002:1\" target=\"_blank\" rel=\"noreferrer noopener\">Agreement 5 of section a) of 02-10-2023 of the Governing Council of the University of La Laguna. Approve the specific modification of the regulations for the designation of EBAU subject coordinators to include in the Annex the new subjects for the university entrance exams.<\/a>.<\/li>\n<\/ul>\n<\/li>\n\n\n\n<li data-block-type=\"core\"><a href=\"https:\/\/www.gobiernodecanarias.org\/boc\/2026\/091\/1580.html\" target=\"_blank\" rel=\"noreferrer noopener\">ORDEN de 5 de mayo de 2026, por la que se dictan instrucciones relativas a la exenci\u00f3n del pago del precio p\u00fablico por la realizaci\u00f3n de la Prueba para el Acceso a la Universidad (PAU), para el curso 2025-2026<\/a>.<\/li>\n<\/ul>\n<\/div><\/div><\/div>\n<\/div><\/div>","protected":false},"excerpt":{"rendered":"<p>University Entrance Exam Regulations<\/p>","protected":false},"author":1,"featured_media":0,"parent":567,"menu_order":13,"comment_status":"closed","ping_status":"closed","template":"templates\/template-frontpage.php","meta":{"footnotes":""},"class_list":["post-606","page","type-page","status-publish","hentry"],"_links":{"self":[{"href":"https:\/\/www.ull.es\/admision-becas\/en\/wp-json\/wp\/v2\/pages\/606","targetHints":{"allow":["GET"]}}],"collection":[{"href":"https:\/\/www.ull.es\/admision-becas\/en\/wp-json\/wp\/v2\/pages"}],"about":[{"href":"https:\/\/www.ull.es\/admision-becas\/en\/wp-json\/wp\/v2\/types\/page"}],"author":[{"embeddable":true,"href":"https:\/\/www.ull.es\/admision-becas\/en\/wp-json\/wp\/v2\/users\/1"}],"replies":[{"embeddable":true,"href":"https:\/\/www.ull.es\/admision-becas\/en\/wp-json\/wp\/v2\/comments?post=606"}],"version-history":[{"count":84,"href":"https:\/\/www.ull.es\/admision-becas\/en\/wp-json\/wp\/v2\/pages\/606\/revisions"}],"predecessor-version":[{"id":8894,"href":"https:\/\/www.ull.es\/admision-becas\/en\/wp-json\/wp\/v2\/pages\/606\/revisions\/8894"}],"up":[{"embeddable":true,"href":"https:\/\/www.ull.es\/admision-becas\/en\/wp-json\/wp\/v2\/pages\/567"}],"wp:attachment":[{"href":"https:\/\/www.ull.es\/admision-becas\/en\/wp-json\/wp\/v2\/media?parent=606"}],"curies":[{"name":"wp","href":"https:\/\/api.w.org\/{rel}","templated":true}]}}