{"id":775,"date":"2017-07-04T12:33:06","date_gmt":"2017-07-04T12:33:06","guid":{"rendered":"https:\/\/www.ull.es\/admision-becas\/?page_id=775"},"modified":"2026-04-16T07:39:44","modified_gmt":"2026-04-16T07:39:44","slug":"reclamaciones","status":"publish","type":"page","link":"https:\/\/www.ull.es\/admision-becas\/en\/reclamaciones\/","title":{"rendered":"Claims"},"content":{"rendered":"<div class=\"wp-block-stackable-columns alignfull stk-block-columns stk-block stk-2cbe2d9 stk-block-background stk--has-background-overlay\" data-block-id=\"2cbe2d9\"><style>.stk-2cbe2d9 {background-image:url(https:\/\/www.ull.es\/admision-becas\/wp-content\/uploads\/sites\/8\/2025\/11\/Landing-Acceso_Header.jpg) !important;min-height:600px !important;align-items:center !important;padding-top:0px !important;padding-right:0px !important;padding-bottom:0px !important;padding-left:0px !important;margin-top:-30px !important;margin-bottom:50px !important;display:flex !important;}.stk-2cbe2d9-column{max-width:1300px !important;min-width:auto !important;}@media screen and (max-width: 767px){.stk-2cbe2d9 {min-height:400px !important;}}<\/style><div class=\"stk-row stk-inner-blocks stk-block-content stk-content-align stk-2cbe2d9-column\">\n<div class=\"wp-block-stackable-column stk-block-column stk-column stk-block stk-67d5c45\" data-v=\"4\" data-block-id=\"67d5c45\"><style>@media screen and (max-width: 767px){.stk-67d5c45 {padding-top:10px !important;padding-right:10px !important;padding-bottom:10px !important;padding-left:10px !important;}}<\/style><div class=\"stk-column-wrapper stk-block-column__content stk-container stk-67d5c45-container stk--no-background stk--no-padding\"><div class=\"stk-block-content stk-inner-blocks stk-67d5c45-inner-blocks\">\n<div class=\"wp-block-stackable-heading stk-block-heading stk-block-heading--v2 stk-block stk-c229f24\" id=\"reclamaciones\" data-block-id=\"c229f24\"><style>.stk-c229f24 {margin-bottom:0px !important;}.stk-c229f24 .stk-block-heading__text{font-size:80px !important;color:#ffffff !important;font-weight:700 !important;font-family:\"Montserrat\", Sans-serif !important;}@media screen and (max-width: 1023px){.stk-c229f24 .stk-block-heading__text{font-size:50px !important;}}@media screen and (max-width: 767px){.stk-c229f24 .stk-block-heading__text{font-size:47px !important;}}<\/style><h1 class=\"stk-block-heading__text has-text-color\">Claims<\/h1><\/div>\n<\/div><\/div><\/div>\n<\/div><\/div>\n\n\n<p>In case of disagreement with the provisional grades obtained, students may formalize it electronically.\u00a0\u00a0<strong>claim<\/strong>, addressed to the President of the evaluation committee, requesting a second correction of those exercises in which the correction and grading criteria established by the committee are considered to have been incorrectly applied.<\/p>\n<p><strong>Claim deadline<\/strong>: from 10:00 on March 24th until 12:00 on March 25th, 2026.<\/p>\n<p>The exercises will be reviewed by a different specialist teacher from the one who performed the initial correction. In all cases, the grade will be the arithmetic mean of the scores from both corrections and will be final.<\/p>\n<p class=\"textoNormal\" align=\"justify\">An appeal against the final grade obtained may be filed with the Rector of this University, and must be submitted to the General Registry of the ULL within one month from the day following the publication of the results of the appeal.<\/p>\n<h3>Exam view<\/h3>\n<p>Those who have filed a complaint for a second correction of assignments may request to see the exams they have challenged. The request must be submitted online, specifically indicating the subject or subjects being challenged.<\/p>\n<p>Click this link to request to view the exam (only for the subjects for which you requested a second correction)<\/p>\n<p><strong>Deadline for requesting an examination view<\/strong>: from 10:00 on April 8th until 12:00 on April 10th, 2026.<\/p>\n<p>The exams will be shown by the secretary or the president of the examination board, not by the marking teachers, since this is not a third marking (not provided for in current regulations).<\/p>\n<p>Appointments to see the exam according to the request submitted<\/p>\n\n\n<p data-block-type=\"core\"><\/p>","protected":false},"excerpt":{"rendered":"<p>Reclamaciones En caso de disconformidad con las calificaciones provisionales obtenidas, el alumnado podr\u00e1 formalizar de forma telem\u00e1tica\u00a0\u00a0reclamaci\u00f3n, dirigida al Presidente del tribunal evaluador, solicitando segunda correcci\u00f3n de aquellos ejercicios en que considere aplicados de modo incorrecto los criterios de correcci\u00f3n y calificaci\u00f3n establecidos por el tribunal. Plazo de reclamaci\u00f3n: desde las 10:00 horas del 24&#8230;<\/p>","protected":false},"author":1,"featured_media":0,"parent":0,"menu_order":6,"comment_status":"closed","ping_status":"closed","template":"templates\/template-frontpage.php","meta":{"footnotes":""},"class_list":["post-775","page","type-page","status-publish","hentry"],"_links":{"self":[{"href":"https:\/\/www.ull.es\/admision-becas\/en\/wp-json\/wp\/v2\/pages\/775","targetHints":{"allow":["GET"]}}],"collection":[{"href":"https:\/\/www.ull.es\/admision-becas\/en\/wp-json\/wp\/v2\/pages"}],"about":[{"href":"https:\/\/www.ull.es\/admision-becas\/en\/wp-json\/wp\/v2\/types\/page"}],"author":[{"embeddable":true,"href":"https:\/\/www.ull.es\/admision-becas\/en\/wp-json\/wp\/v2\/users\/1"}],"replies":[{"embeddable":true,"href":"https:\/\/www.ull.es\/admision-becas\/en\/wp-json\/wp\/v2\/comments?post=775"}],"version-history":[{"count":82,"href":"https:\/\/www.ull.es\/admision-becas\/en\/wp-json\/wp\/v2\/pages\/775\/revisions"}],"predecessor-version":[{"id":8848,"href":"https:\/\/www.ull.es\/admision-becas\/en\/wp-json\/wp\/v2\/pages\/775\/revisions\/8848"}],"wp:attachment":[{"href":"https:\/\/www.ull.es\/admision-becas\/en\/wp-json\/wp\/v2\/media?parent=775"}],"curies":[{"name":"wp","href":"https:\/\/api.w.org\/{rel}","templated":true}]}}