{"id":1418,"date":"2018-02-19T09:43:05","date_gmt":"2018-02-19T09:43:05","guid":{"rendered":"https:\/\/www.ull.es\/admision-becas\/?page_id=1418"},"modified":"2025-10-14T15:27:53","modified_gmt":"2025-10-14T15:27:53","slug":"becas-y-ayudas","status":"publish","type":"page","link":"https:\/\/www.ull.es\/admision-becas\/fr\/becas-y-ayudas\/","title":{"rendered":"Bourses et subventions"},"content":{"rendered":"<div class=\"wp-block-stackable-columns alignwide stk-block-columns stk-block stk-b253cc9\" data-block-id=\"b253cc9\"><style>.stk-b253cc9 {margin-top:10px !important;margin-right:5px !important;margin-bottom:20px !important;margin-left:5px !important;}<\/style><div class=\"stk-row stk-inner-blocks stk-block-content stk-content-align stk-b253cc9-column alignwide\">\n<div class=\"wp-block-stackable-column stk-block-column stk-column stk-block stk-6a3f25f\" data-v=\"4\" data-block-id=\"6a3f25f\"><style>.stk-6a3f25f-inner-blocks{align-items:center !important;}@media screen and (max-width: 767px){.stk-6a3f25f-container{min-height:0px !important;}}<\/style><div class=\"stk-column-wrapper stk-block-column__content stk-container stk-6a3f25f-container stk--no-background stk--no-padding\"><div class=\"stk--column-flex stk-block-content stk-inner-blocks stk-6a3f25f-inner-blocks\">\n<div class=\"wp-block-stackable-carousel stk-block-carousel stk--hide-mobile stk--is-slide stk--infinite-scroll stk--arrows-justify-space-between stk--arrows-align-center stk-block stk-8ec9c2b\" data-slides-to-show=\"\" data-block-id=\"8ec9c2b\"><div class=\"stk-block-carousel__content-wrapper\"><div class=\"stk-row stk-inner-blocks stk-block-content stk-block-carousel__slider-wrapper stk-content-align stk-8ec9c2b-column\"><div class=\"stk-block-carousel__slider\" role=\"list\" data-autoplay=\"8000\" data-label-slide-of=\"Slide %%d of %%d\">\n<div class=\"wp-block-stackable-column stk-block-column stk-column stk-block stk-c3e33aa\" data-v=\"4\" data-block-id=\"c3e33aa\"><div class=\"stk-column-wrapper stk-block-column__content stk-container stk-c3e33aa-container stk--no-background stk--no-padding\"><div class=\"stk-block-content stk-inner-blocks stk-c3e33aa-inner-blocks\">\n<div class=\"wp-block-stackable-image stk-block-image stk-block stk-536f719\" data-block-id=\"536f719\"><figure><span class=\"stk-img-wrapper stk-image--shape-stretch\"><img loading=\"lazy\" decoding=\"async\" class=\"stk-img wp-image-7006\" src=\"https:\/\/www.ull.es\/admision-becas\/wp-content\/uploads\/sites\/8\/2025\/05\/HEADERS-WEB_grados-2.jpg\" width=\"1920\" height=\"400\" srcset=\"https:\/\/www.ull.es\/admision-becas\/wp-content\/uploads\/sites\/8\/2025\/05\/HEADERS-WEB_grados-2.jpg 1920w, https:\/\/www.ull.es\/admision-becas\/wp-content\/uploads\/sites\/8\/2025\/05\/HEADERS-WEB_grados-2-300x63.jpg 300w, https:\/\/www.ull.es\/admision-becas\/wp-content\/uploads\/sites\/8\/2025\/05\/HEADERS-WEB_grados-2-1024x213.jpg 1024w, https:\/\/www.ull.es\/admision-becas\/wp-content\/uploads\/sites\/8\/2025\/05\/HEADERS-WEB_grados-2-768x160.jpg 768w, https:\/\/www.ull.es\/admision-becas\/wp-content\/uploads\/sites\/8\/2025\/05\/HEADERS-WEB_grados-2-1536x320.jpg 1536w, https:\/\/www.ull.es\/admision-becas\/wp-content\/uploads\/sites\/8\/2025\/05\/HEADERS-WEB_grados-2-18x4.jpg 18w, https:\/\/www.ull.es\/admision-becas\/wp-content\/uploads\/sites\/8\/2025\/05\/HEADERS-WEB_grados-2-375x78.jpg 375w, https:\/\/www.ull.es\/admision-becas\/wp-content\/uploads\/sites\/8\/2025\/05\/HEADERS-WEB_grados-2-750x156.jpg 750w, https:\/\/www.ull.es\/admision-becas\/wp-content\/uploads\/sites\/8\/2025\/05\/HEADERS-WEB_grados-2-1140x238.jpg 1140w\" sizes=\"auto, (max-width: 1920px) 100vw, 1920px\" \/><\/span><\/figure><\/div>\n<\/div><\/div><\/div>\n\n\n\n<div class=\"wp-block-stackable-column stk-block-column stk-column stk-block stk-e663c63\" data-v=\"4\" data-block-id=\"e663c63\"><div class=\"stk-column-wrapper stk-block-column__content stk-container stk-e663c63-container stk--no-background stk--no-padding\"><div class=\"stk-block-content stk-inner-blocks stk-e663c63-inner-blocks\">\n<div class=\"wp-block-stackable-image stk-block-image stk-block stk-3c83551\" data-block-id=\"3c83551\"><figure><span class=\"stk-img-wrapper stk-image--shape-stretch\"><img loading=\"lazy\" decoding=\"async\" class=\"stk-img wp-image-7010\" src=\"https:\/\/www.ull.es\/admision-becas\/wp-content\/uploads\/sites\/8\/2025\/05\/HEADERS-WEB_grados-1.jpg\" width=\"1920\" height=\"400\" srcset=\"https:\/\/www.ull.es\/admision-becas\/wp-content\/uploads\/sites\/8\/2025\/05\/HEADERS-WEB_grados-1.jpg 1920w, https:\/\/www.ull.es\/admision-becas\/wp-content\/uploads\/sites\/8\/2025\/05\/HEADERS-WEB_grados-1-300x63.jpg 300w, https:\/\/www.ull.es\/admision-becas\/wp-content\/uploads\/sites\/8\/2025\/05\/HEADERS-WEB_grados-1-1024x213.jpg 1024w, https:\/\/www.ull.es\/admision-becas\/wp-content\/uploads\/sites\/8\/2025\/05\/HEADERS-WEB_grados-1-768x160.jpg 768w, https:\/\/www.ull.es\/admision-becas\/wp-content\/uploads\/sites\/8\/2025\/05\/HEADERS-WEB_grados-1-1536x320.jpg 1536w, https:\/\/www.ull.es\/admision-becas\/wp-content\/uploads\/sites\/8\/2025\/05\/HEADERS-WEB_grados-1-18x4.jpg 18w, https:\/\/www.ull.es\/admision-becas\/wp-content\/uploads\/sites\/8\/2025\/05\/HEADERS-WEB_grados-1-375x78.jpg 375w, https:\/\/www.ull.es\/admision-becas\/wp-content\/uploads\/sites\/8\/2025\/05\/HEADERS-WEB_grados-1-750x156.jpg 750w, https:\/\/www.ull.es\/admision-becas\/wp-content\/uploads\/sites\/8\/2025\/05\/HEADERS-WEB_grados-1-1140x238.jpg 1140w\" sizes=\"auto, (max-width: 1920px) 100vw, 1920px\" \/><\/span><\/figure><\/div>\n<\/div><\/div><\/div>\n\n\n\n<div class=\"wp-block-stackable-column stk-block-column stk-column stk-block stk-7ee6f02\" data-v=\"4\" data-block-id=\"7ee6f02\"><style>@media screen and (max-width: 767px){.stk-7ee6f02-container{min-height:0px !important;}}<\/style><div class=\"stk-column-wrapper stk-block-column__content stk-container stk-7ee6f02-container stk--no-background stk--no-padding\"><div class=\"stk-block-content stk-inner-blocks stk-7ee6f02-inner-blocks\">\n<div class=\"wp-block-stackable-image stk-block-image stk-block stk-c75c409\" data-block-id=\"c75c409\"><style>.stk-c75c409 .stk-img-wrapper img{transform:scale(1) !important;}@media screen and (max-width: 767px){.stk-c75c409 .stk-img-wrapper{aspect-ratio:4\/1 !important;}.stk-c75c409 .stk-img-wrapper img{object-position:8% 47% !important;object-fit:cover !important;}}<\/style><figure><span class=\"stk-img-wrapper stk-image--shape-stretch\"><img loading=\"lazy\" decoding=\"async\" class=\"stk-img wp-image-7009\" src=\"https:\/\/www.ull.es\/admision-becas\/wp-content\/uploads\/sites\/8\/2025\/05\/HEADERS-WEB_grados-3.jpg\" width=\"1920\" height=\"400\" srcset=\"https:\/\/www.ull.es\/admision-becas\/wp-content\/uploads\/sites\/8\/2025\/05\/HEADERS-WEB_grados-3.jpg 1920w, https:\/\/www.ull.es\/admision-becas\/wp-content\/uploads\/sites\/8\/2025\/05\/HEADERS-WEB_grados-3-300x63.jpg 300w, https:\/\/www.ull.es\/admision-becas\/wp-content\/uploads\/sites\/8\/2025\/05\/HEADERS-WEB_grados-3-1024x213.jpg 1024w, https:\/\/www.ull.es\/admision-becas\/wp-content\/uploads\/sites\/8\/2025\/05\/HEADERS-WEB_grados-3-768x160.jpg 768w, https:\/\/www.ull.es\/admision-becas\/wp-content\/uploads\/sites\/8\/2025\/05\/HEADERS-WEB_grados-3-1536x320.jpg 1536w, https:\/\/www.ull.es\/admision-becas\/wp-content\/uploads\/sites\/8\/2025\/05\/HEADERS-WEB_grados-3-18x4.jpg 18w, https:\/\/www.ull.es\/admision-becas\/wp-content\/uploads\/sites\/8\/2025\/05\/HEADERS-WEB_grados-3-375x78.jpg 375w, https:\/\/www.ull.es\/admision-becas\/wp-content\/uploads\/sites\/8\/2025\/05\/HEADERS-WEB_grados-3-750x156.jpg 750w, https:\/\/www.ull.es\/admision-becas\/wp-content\/uploads\/sites\/8\/2025\/05\/HEADERS-WEB_grados-3-1140x238.jpg 1140w\" sizes=\"auto, (max-width: 1920px) 100vw, 1920px\" \/><\/span><\/figure><\/div>\n<\/div><\/div><\/div>\n<\/div><div class=\"stk-block-carousel__buttons\"><button class=\"stk-block-carousel__button stk-block-carousel__button__prev\" aria-label=\"Diapositive pr\u00e9c\u00e9dente\"><svg aria-hidden=\"true\" focusable=\"false\" data-prefix=\"fas\" data-icon=\"chevron-left\" class=\"svg-inline--fa fa-chevron-left\" xmlns=\"http:\/\/www.w3.org\/2000\/svg\" viewbox=\"0 0 320 512\" width=\"32\" height=\"32\"><path d=\"M34.52 239.03L228.87 44.69c9.37-9.37 24.57-9.37 33.94 0l22.67 22.67c9.36 9.36 9.37 24.52.04 33.9L131.49 256l154.02 154.75c9.34 9.38 9.32 24.54-.04 33.9l-22.67 22.67c-9.37 9.37-24.57 9.37-33.94 0L34.52 272.97c-9.37-9.37-9.37-24.57 0-33.94z\"><\/path><\/svg><\/button><button class=\"stk-block-carousel__button stk-block-carousel__button__next\" aria-label=\"Diapositive suivante\"><svg aria-hidden=\"true\" focusable=\"false\" data-prefix=\"fas\" data-icon=\"chevron-right\" class=\"svg-inline--fa fa-chevron-right\" xmlns=\"http:\/\/www.w3.org\/2000\/svg\" viewbox=\"0 0 320 512\" width=\"32\" height=\"32\"><path d=\"M285.476 272.971L91.132 467.314c-9.373 9.373-24.569 9.373-33.941 0l-22.667-22.667c-9.357-9.357-9.375-24.522-.04-33.901L188.505 256 34.484 101.255c-9.335-9.379-9.317-24.544.04-33.901l22.667-22.667c9.373-9.373 24.569-9.373 33.941 0L285.475 239.03c9.373 9.372 9.373 24.568.001 33.941z\"><\/path><\/svg><\/button><\/div><\/div><div class=\"stk-block-carousel__dots\" role=\"list\" data-label=\"Slide %%d\"><\/div><\/div><\/div>\n\n\n\n<div class=\"wp-block-stackable-carousel stk-block-carousel stk--hide-desktop stk--hide-tablet stk--is-slide stk--infinite-scroll stk--arrows-justify-space-between stk--arrows-align-center stk-block stk-f5a30ba\" data-slides-to-show=\"\" data-block-id=\"f5a30ba\"><div class=\"stk-block-carousel__content-wrapper\"><div class=\"stk-row stk-inner-blocks stk-block-content stk-block-carousel__slider-wrapper stk-content-align stk-f5a30ba-column\"><div class=\"stk-block-carousel__slider\" role=\"list\" data-autoplay=\"8000\" data-label-slide-of=\"Slide %%d of %%d\">\n<div class=\"wp-block-stackable-column stk-block-column stk-column stk-block stk-7cb53ce\" data-v=\"4\" data-block-id=\"7cb53ce\"><div class=\"stk-column-wrapper stk-block-column__content stk-container stk-7cb53ce-container stk--no-background stk--no-padding\"><div class=\"stk-block-content stk-inner-blocks stk-7cb53ce-inner-blocks\">\n<div class=\"wp-block-stackable-image stk-block-image stk-block stk-1140bd4\" data-block-id=\"1140bd4\"><figure><span class=\"stk-img-wrapper stk-image--shape-stretch\"><img loading=\"lazy\" decoding=\"async\" class=\"stk-img wp-image-7005\" src=\"https:\/\/www.ull.es\/admision-becas\/wp-content\/uploads\/sites\/8\/2025\/05\/HEADERS-WEB_mobile-2-grados.jpg\" width=\"540\" height=\"600\" srcset=\"https:\/\/www.ull.es\/admision-becas\/wp-content\/uploads\/sites\/8\/2025\/05\/HEADERS-WEB_mobile-2-grados.jpg 540w, https:\/\/www.ull.es\/admision-becas\/wp-content\/uploads\/sites\/8\/2025\/05\/HEADERS-WEB_mobile-2-grados-270x300.jpg 270w, https:\/\/www.ull.es\/admision-becas\/wp-content\/uploads\/sites\/8\/2025\/05\/HEADERS-WEB_mobile-2-grados-11x12.jpg 11w, https:\/\/www.ull.es\/admision-becas\/wp-content\/uploads\/sites\/8\/2025\/05\/HEADERS-WEB_mobile-2-grados-375x417.jpg 375w\" sizes=\"auto, (max-width: 540px) 100vw, 540px\" \/><\/span><\/figure><\/div>\n<\/div><\/div><\/div>\n\n\n\n<div class=\"wp-block-stackable-column stk-block-column stk-column stk-block stk-cf007ac\" data-v=\"4\" data-block-id=\"cf007ac\"><div class=\"stk-column-wrapper stk-block-column__content stk-container stk-cf007ac-container stk--no-background stk--no-padding\"><div class=\"stk-block-content stk-inner-blocks stk-cf007ac-inner-blocks\">\n<div class=\"wp-block-stackable-image stk-block-image stk-block stk-de28be9\" data-block-id=\"de28be9\"><figure><span class=\"stk-img-wrapper stk-image--shape-stretch\"><img loading=\"lazy\" decoding=\"async\" class=\"stk-img wp-image-7008\" src=\"https:\/\/www.ull.es\/admision-becas\/wp-content\/uploads\/sites\/8\/2025\/05\/HEADERS-WEB_mobile-1-grados.png\" width=\"540\" height=\"600\" srcset=\"https:\/\/www.ull.es\/admision-becas\/wp-content\/uploads\/sites\/8\/2025\/05\/HEADERS-WEB_mobile-1-grados.png 540w, https:\/\/www.ull.es\/admision-becas\/wp-content\/uploads\/sites\/8\/2025\/05\/HEADERS-WEB_mobile-1-grados-270x300.png 270w, https:\/\/www.ull.es\/admision-becas\/wp-content\/uploads\/sites\/8\/2025\/05\/HEADERS-WEB_mobile-1-grados-11x12.png 11w, https:\/\/www.ull.es\/admision-becas\/wp-content\/uploads\/sites\/8\/2025\/05\/HEADERS-WEB_mobile-1-grados-375x417.png 375w\" sizes=\"auto, (max-width: 540px) 100vw, 540px\" \/><\/span><\/figure><\/div>\n<\/div><\/div><\/div>\n\n\n\n<div class=\"wp-block-stackable-column stk-block-column stk-column stk-block stk-0bad541\" data-v=\"4\" data-block-id=\"0bad541\"><div class=\"stk-column-wrapper stk-block-column__content stk-container stk-0bad541-container stk--no-background stk--no-padding\"><div class=\"stk-block-content stk-inner-blocks stk-0bad541-inner-blocks\">\n<div class=\"wp-block-stackable-image stk-block-image stk-block stk-ebf70a7\" data-block-id=\"ebf70a7\"><figure><span class=\"stk-img-wrapper stk-image--shape-stretch\"><img loading=\"lazy\" decoding=\"async\" class=\"stk-img wp-image-7007\" src=\"https:\/\/www.ull.es\/admision-becas\/wp-content\/uploads\/sites\/8\/2025\/05\/HEADERS-WEB_mobile-3-grados.png\" width=\"540\" height=\"600\" srcset=\"https:\/\/www.ull.es\/admision-becas\/wp-content\/uploads\/sites\/8\/2025\/05\/HEADERS-WEB_mobile-3-grados.png 540w, https:\/\/www.ull.es\/admision-becas\/wp-content\/uploads\/sites\/8\/2025\/05\/HEADERS-WEB_mobile-3-grados-270x300.png 270w, https:\/\/www.ull.es\/admision-becas\/wp-content\/uploads\/sites\/8\/2025\/05\/HEADERS-WEB_mobile-3-grados-11x12.png 11w, https:\/\/www.ull.es\/admision-becas\/wp-content\/uploads\/sites\/8\/2025\/05\/HEADERS-WEB_mobile-3-grados-375x417.png 375w\" sizes=\"auto, (max-width: 540px) 100vw, 540px\" \/><\/span><\/figure><\/div>\n<\/div><\/div><\/div>\n<\/div><div class=\"stk-block-carousel__buttons\"><button class=\"stk-block-carousel__button stk-block-carousel__button__prev\" aria-label=\"Diapositive pr\u00e9c\u00e9dente\"><svg aria-hidden=\"true\" focusable=\"false\" data-prefix=\"fas\" data-icon=\"chevron-left\" class=\"svg-inline--fa fa-chevron-left\" xmlns=\"http:\/\/www.w3.org\/2000\/svg\" viewbox=\"0 0 320 512\" width=\"32\" height=\"32\"><path d=\"M34.52 239.03L228.87 44.69c9.37-9.37 24.57-9.37 33.94 0l22.67 22.67c9.36 9.36 9.37 24.52.04 33.9L131.49 256l154.02 154.75c9.34 9.38 9.32 24.54-.04 33.9l-22.67 22.67c-9.37 9.37-24.57 9.37-33.94 0L34.52 272.97c-9.37-9.37-9.37-24.57 0-33.94z\"><\/path><\/svg><\/button><button class=\"stk-block-carousel__button stk-block-carousel__button__next\" aria-label=\"Diapositive suivante\"><svg aria-hidden=\"true\" focusable=\"false\" data-prefix=\"fas\" data-icon=\"chevron-right\" class=\"svg-inline--fa fa-chevron-right\" xmlns=\"http:\/\/www.w3.org\/2000\/svg\" viewbox=\"0 0 320 512\" width=\"32\" height=\"32\"><path d=\"M285.476 272.971L91.132 467.314c-9.373 9.373-24.569 9.373-33.941 0l-22.667-22.667c-9.357-9.357-9.375-24.522-.04-33.901L188.505 256 34.484 101.255c-9.335-9.379-9.317-24.544.04-33.901l22.667-22.667c9.373-9.373 24.569-9.373 33.941 0L285.475 239.03c9.373 9.372 9.373 24.568.001 33.941z\"><\/path><\/svg><\/button><\/div><\/div><div class=\"stk-block-carousel__dots\" role=\"list\" data-label=\"Slide %%d\"><\/div><\/div><\/div>\n<\/div><\/div><\/div>\n<\/div><\/div>\n\n\n\n<div class=\"wp-block-stackable-columns stk-block-columns stk-block stk-9c17310\" data-block-id=\"9c17310\"><div class=\"stk-row stk-inner-blocks stk-block-content stk-content-align stk-9c17310-column\">\n<div class=\"wp-block-stackable-column stk-block-column stk-column stk-block stk-9855035\" data-v=\"4\" data-block-id=\"9855035\"><style>@media screen and (min-width: 768px){.stk-9855035 {flex:var(--stk-flex-grow, 1) 1 calc(64% - var(--stk-column-gap, 0px) * 1 \/ 2 ) !important;}}<\/style><div class=\"stk-column-wrapper stk-block-column__content stk-container stk-9855035-container stk--no-background stk--no-padding\"><div class=\"stk-block-content stk-inner-blocks stk-9855035-inner-blocks\">\n<h2 class=\"wp-block-heading has-large-font-size\" style=\"font-style:normal;font-weight:400\" data-block-type=\"core\">Bourses et subventions<\/h2>\n\n\n\n<ul class=\"wp-block-list\" data-block-type=\"core\">\n<li data-block-type=\"core\"><a href=\"https:\/\/www.ull.es\/portal\/convocatorias\/categorias\/mec\/\" target=\"_blank\" rel=\"noopener\">Bourses MEC<\/a><\/li>\n\n\n\n<li data-block-type=\"core\"><a href=\"https:\/\/www.ull.es\/portal\/convocatorias\/categorias\/gobierno-de-canarias\/\" target=\"_blank\" rel=\"noreferrer noopener\">Bourses d&#039;\u00e9tudes du gouvernement des \u00eeles Canaries<\/a><\/li>\n\n\n\n<li data-block-type=\"core\"><a href=\"https:\/\/www.ull.es\/portal\/convocatorias\/categorias\/asistenciales\/\" target=\"_blank\" rel=\"noreferrer noopener\">Subventions d&#039;aide ULL<\/a><\/li>\n\n\n\n<li data-block-type=\"core\"><a href=\"https:\/\/www.ull.es\/portal\/convocatorias\/categorias\/becas-y-ayudas\/\" target=\"_blank\" rel=\"noopener\">Aide aux \u00e9tudiants ayant des besoins sp\u00e9cifiques de soutien \u00e9ducatif<\/a><\/li>\n\n\n\n<li data-block-type=\"core\"><a href=\"https:\/\/www.ull.es\/portal\/convocatorias\/categorias\/becas-y-ayudas\/\" target=\"_blank\" rel=\"noreferrer noopener\">Autres bourses et subventions<\/a><\/li>\n\n\n\n<li data-block-type=\"core\"><a href=\"https:\/\/www.ull.es\/portal\/convocatorias\/categorias\/paed\/\" target=\"_blank\" rel=\"noreferrer noopener\">Programme pour les \u00e9l\u00e8ves ayant des besoins sp\u00e9cifiques de soutien \u00e9ducatif (PAED)<\/a><\/li>\n<\/ul>\n<\/div><\/div><\/div>\n\n\n\n<div class=\"wp-block-stackable-column stk-block-column stk-column stk-block stk-4460a22\" data-v=\"4\" data-block-id=\"4460a22\"><style>@media screen and (min-width: 768px){.stk-4460a22 {flex:var(--stk-flex-grow, 1) 1 calc(36% - var(--stk-column-gap, 0px) * 1 \/ 2 ) !important;}}<\/style><div class=\"stk-column-wrapper stk-block-column__content stk-container stk-4460a22-container stk--no-background stk--no-padding\"><div class=\"stk-block-content stk-inner-blocks stk-4460a22-inner-blocks\"><p data-block-type=\"core\">\n<ul class=\"widget-box\">\n<li class='contacto-header'>Coordonn\u00e9es<\/li><li><i class=\"fa fa-map-marker\"><\/i> C\/ Pedro Zerolo, s\/n. B\u00e2timent central. Bo\u00eete postale 456. Code postal 38200. San Crist\u00f3bal de La Laguna. S\/C de Tenerife<\/li><li><i class=\"fa fa-phone\"><\/i> (+34) 922 31 90 06 \/ 07<\/li><li><i class=\"fa fa-envelope\"><\/i>  <a href=\"mailto:becas@ull.es\">becas@ull.es<\/a><\/li><li><i class=\"fa fa-clock-o\"><\/i> De 9h00 \u00e0 14h00 Lun - Ven<\/li><li><i class=\"fa fa-clock-o\"><\/i> Les heures de service public peuvent varier pendant les p\u00e9riodes de candidature aux bourses d&#039;\u00e9tudes en raison de la charge de travail importante. Ces heures peuvent \u00eatre r\u00e9duites.<\/li><li><i class=\"fa fa-list-ul\"><\/i><a href=\"http:\/\/riull.ull.es\/xmlui\/bitstream\/handle\/915\/3869\/CS_becas.pdf\"> Charte de service<\/a><\/li><li><i class=\"fa fa-globe\"><\/i><a href=\"http:\/\/becas.ull.es\/\"> page web<\/a><\/li><li><i class=\"fa fa-calendar\"><\/i><a href=\"http:\/\/citaprevia.ull.es\/index.php?s=becas\"> Rendez-vous<\/a><\/li><li><i class=\"fa fa-pencil-square-o\"><\/i><a href=\"https:\/\/encuestas.ull.es\/index.php?r=survey\/index&sid=715325&lang=es\"> Enqu\u00eate de satisfaction<\/a><\/li><li><i class=\"fa fa-archive\"><\/i><a href=\"https:\/\/sede.ull.es\/ecivilis-site\/catalog\/showProcedure\/484\"> Proc\u00e9dure de r\u00e9clamations, suggestions et compliments<\/a><\/li>\n<\/ul>\n\n<\/p>\n<\/div><\/div><\/div>\n<\/div><\/div>","protected":false},"excerpt":{"rendered":"<p>Bourses et subventions<\/p>","protected":false},"author":1,"featured_media":0,"parent":0,"menu_order":0,"comment_status":"closed","ping_status":"closed","template":"templates\/template-frontpage.php","meta":{"footnotes":""},"class_list":["post-1418","page","type-page","status-publish","hentry"],"_links":{"self":[{"href":"https:\/\/www.ull.es\/admision-becas\/fr\/wp-json\/wp\/v2\/pages\/1418","targetHints":{"allow":["GET"]}}],"collection":[{"href":"https:\/\/www.ull.es\/admision-becas\/fr\/wp-json\/wp\/v2\/pages"}],"about":[{"href":"https:\/\/www.ull.es\/admision-becas\/fr\/wp-json\/wp\/v2\/types\/page"}],"author":[{"embeddable":true,"href":"https:\/\/www.ull.es\/admision-becas\/fr\/wp-json\/wp\/v2\/users\/1"}],"replies":[{"embeddable":true,"href":"https:\/\/www.ull.es\/admision-becas\/fr\/wp-json\/wp\/v2\/comments?post=1418"}],"version-history":[{"count":24,"href":"https:\/\/www.ull.es\/admision-becas\/fr\/wp-json\/wp\/v2\/pages\/1418\/revisions"}],"predecessor-version":[{"id":7493,"href":"https:\/\/www.ull.es\/admision-becas\/fr\/wp-json\/wp\/v2\/pages\/1418\/revisions\/7493"}],"wp:attachment":[{"href":"https:\/\/www.ull.es\/admision-becas\/fr\/wp-json\/wp\/v2\/media?parent=1418"}],"curies":[{"name":"wp","href":"https:\/\/api.w.org\/{rel}","templated":true}]}}