{"id":1447,"date":"2018-02-19T15:06:26","date_gmt":"2018-02-19T15:06:26","guid":{"rendered":"https:\/\/www.ull.es\/admision-becas\/?page_id=1447"},"modified":"2025-12-02T14:03:11","modified_gmt":"2025-12-02T14:03:11","slug":"protocolo-actuacion-ebau-alu-diversidad-funcional-neae","status":"publish","type":"page","link":"https:\/\/www.ull.es\/admision-becas\/fr\/pau\/protocolo-actuacion-ebau-alu-diversidad-funcional-neae\/","title":{"rendered":"Protocole pour l&#039;examen d&#039;entr\u00e9e \u00e0 l&#039;universit\u00e9 (PAU) pour les \u00e9tudiants certifi\u00e9s ayant une diversit\u00e9 fonctionnelle ou des besoins sp\u00e9cifiques de soutien \u00e9ducatif (NEAE)."},"content":{"rendered":"<div class=\"wp-block-stackable-columns alignfull stk-block-columns stk-block stk-2cbe2d9 stk-block-background stk--has-background-overlay\" data-block-id=\"2cbe2d9\"><style>.stk-2cbe2d9 {background-image:url(https:\/\/www.ull.es\/admision-becas\/wp-content\/uploads\/sites\/8\/2025\/11\/Landing-PAU_Header.jpg) !important;min-height:600px !important;align-items:center !important;padding-top:0px !important;padding-right:0px !important;padding-bottom:0px !important;padding-left:0px !important;margin-top:-30px !important;margin-bottom:50px !important;display:flex !important;}.stk-2cbe2d9-column{max-width:1300px !important;min-width:auto !important;}@media screen and (max-width: 767px){.stk-2cbe2d9 {min-height:400px !important;}}<\/style><div class=\"stk-row stk-inner-blocks stk-block-content stk-content-align stk-2cbe2d9-column\">\n<div class=\"wp-block-stackable-column stk-block-column stk-column stk-block stk-67d5c45\" data-v=\"4\" data-block-id=\"67d5c45\"><style>@media screen and (min-width: 768px){.stk-67d5c45 {flex:var(--stk-flex-grow, 1) 1 calc(68.7% - var(--stk-column-gap, 0px) * 1 \/ 2 ) !important;}}@media screen and (min-width: 768px) and (max-width: 1023px){.stk-67d5c45 {flex:var(--stk-flex-grow, 1) 1 calc(60% - var(--stk-column-gap, 0px) * 1 \/ 2 ) !important;}}@media screen and (max-width: 767px){.stk-67d5c45 {padding-top:10px !important;padding-right:10px !important;padding-bottom:10px !important;padding-left:10px !important;}}<\/style><div class=\"stk-column-wrapper stk-block-column__content stk-container stk-67d5c45-container stk--no-background stk--no-padding\"><div class=\"stk-block-content stk-inner-blocks stk-67d5c45-inner-blocks\">\n<div class=\"wp-block-stackable-heading stk-block-heading stk-block-heading--v2 stk-block stk-c229f24\" id=\"alumnado-con-br-necesidades-br-especificas\" data-block-id=\"c229f24\"><style>.stk-c229f24 {margin-bottom:0px !important;}.stk-c229f24 .stk-block-heading__text{font-size:80px !important;color:#ffffff !important;font-weight:700 !important;font-family:\"Montserrat\", Sans-serif !important;}@media screen and (max-width: 1023px){.stk-c229f24 .stk-block-heading__text{font-size:50px !important;}}@media screen and (max-width: 767px){.stk-c229f24 .stk-block-heading__text{font-size:47px !important;}}<\/style><h1 class=\"stk-block-heading__text has-text-color\">\u00c9tudiants avec<br>besoins<br>sp\u00e9cifique<\/h1><\/div>\n<\/div><\/div><\/div>\n\n\n\n<div class=\"wp-block-stackable-column stk-block-column stk-column stk-block stk-a283fdb\" data-v=\"4\" data-block-id=\"a283fdb\"><style>@media screen and (min-width: 768px){.stk-a283fdb {flex:var(--stk-flex-grow, 1) 1 calc(31.299999999999997% - var(--stk-column-gap, 0px) * 1 \/ 2 ) !important;}}@media screen and (min-width: 768px) and (max-width: 1023px){.stk-a283fdb {flex:var(--stk-flex-grow, 1) 1 calc(40% - var(--stk-column-gap, 0px) * 1 \/ 2 ) !important;}}<\/style><div class=\"stk-column-wrapper stk-block-column__content stk-container stk-a283fdb-container stk--no-background stk--no-padding\"><div class=\"stk-block-content stk-inner-blocks stk-a283fdb-inner-blocks\"><\/div><\/div><\/div>\n<\/div><\/div>\n\n\n\n<div class=\"wp-block-stackable-columns stk-block-columns stk-block stk-8b59b96\" data-block-id=\"8b59b96\"><style>.stk-8b59b96 .stk--block-align-8b59b96{align-items:flex-start !important;}.stk-8b59b96-column{--stk-columns-spacing:0px !important;--stk-column-gap:50px !important;}<\/style><div class=\"stk-row stk-inner-blocks stk--block-align-8b59b96 stk-block-content stk-content-align stk-8b59b96-column\">\n<div class=\"wp-block-stackable-column stk-block-column stk-column stk-block stk-dbb7e15\" data-v=\"4\" data-block-id=\"dbb7e15\"><div class=\"stk-column-wrapper stk-block-column__content stk-container stk-dbb7e15-container stk--no-background stk--no-padding\"><div class=\"stk-block-content stk-inner-blocks stk-dbb7e15-inner-blocks\">\n<div class=\"wp-block-stackable-heading stk-block-heading stk-block-heading--v2 stk-block stk-59718a5\" id=\"protocolo-de-actuacion-en-la-pau-para-alumnado-que-acredite-tener-diversidad-funcional-o-necesidades-especificas-de-apoyo-educativo-neae\" data-block-id=\"59718a5\"><style>.stk-59718a5 {margin-bottom:20px !important;}.stk-59718a5 .stk-block-heading__text{font-size:35px !important;color:var(--stk-global-color-60833, #5c068c) !important;font-weight:400 !important;}@media screen and (max-width: 1023px){.stk-59718a5 .stk-block-heading__text{font-size:35px !important;}}<\/style><h1 class=\"stk-block-heading__text has-text-color\">Protocole pour l&#039;examen d&#039;entr\u00e9e \u00e0 l&#039;universit\u00e9 (PAU) pour les \u00e9tudiants certifi\u00e9s ayant une diversit\u00e9 fonctionnelle ou des besoins sp\u00e9cifiques de soutien \u00e9ducatif (NEAE).<\/h1><\/div>\n<\/div><\/div><\/div>\n<\/div><\/div>\n\n\n\n<div class=\"wp-block-stackable-columns alignfull stk-block-columns stk-block stk-81ad3b0 stk-block-background stk--has-background-overlay\" data-block-id=\"81ad3b0\"><style>.stk-81ad3b0 {background-color:#ddd6fc !important;background-image:url(https:\/\/www.ull.es\/wp-content\/uploads\/2025\/11\/Frame_3.png) !important;border-top-left-radius:30px !important;border-top-right-radius:30px !important;border-bottom-right-radius:30px !important;border-bottom-left-radius:30px !important;overflow:hidden !important;margin-top:50px !important;margin-bottom:50px !important;}.stk-81ad3b0:before{background-color:#ddd6fc !important;opacity:0 !important;}.stk-81ad3b0-column{max-width:1300px !important;min-width:auto !important;}<\/style><div class=\"stk-row stk-inner-blocks stk-block-content stk-content-align stk-81ad3b0-column\">\n<div class=\"wp-block-stackable-column stk-block-column stk-column stk-block stk-20be033\" data-v=\"4\" data-block-id=\"20be033\"><style>.stk-20be033 {border-top-left-radius:30px !important;border-top-right-radius:30px !important;border-bottom-right-radius:30px !important;border-bottom-left-radius:30px !important;overflow:hidden !important;padding-top:50px !important;padding-right:50px !important;padding-bottom:50px !important;padding-left:50px !important;margin-top:30px !important;margin-bottom:30px !important;}@media screen and (max-width: 767px){.stk-20be033 {padding-top:20px !important;padding-right:20px !important;padding-bottom:20px !important;padding-left:20px !important;margin-top:15px !important;margin-right:10px !important;margin-bottom:15px !important;margin-left:10px !important;}}<\/style><div class=\"stk-column-wrapper stk-block-column__content stk-container stk-20be033-container stk--no-background stk--no-padding\"><div class=\"stk-block-content stk-inner-blocks stk-20be033-inner-blocks\">\n<div class=\"wp-block-stackable-icon-label stk-block-icon-label stk-block stk-405e850 stk-block-background\" id=\"a-href-https-www-ull-es-links-interes-data-type-page-data-id-15808-span-style-color-var-stk-global-color-92696-eeeeee-class-stk-highlight-acceso-a-las-notas-de-corte-dobles-grados-2025-2026-span-a\" data-block-id=\"405e850\"><style>.stk-405e850 {background-color:#7c30e3 !important;border-top-left-radius:25px !important;border-top-right-radius:25px !important;border-bottom-right-radius:25px !important;border-bottom-left-radius:25px !important;overflow:hidden !important;border-style:solid !important;border-color:#dfdad1 !important;border-top-width:0px !important;border-right-width:0px !important;border-bottom-width:1px !important;border-left-width:0px !important;padding-top:36px !important;padding-right:20px !important;padding-bottom:36px !important;padding-left:25px !important;margin-bottom:24px !important;}.stk-405e850:before{background-color:#7c30e3 !important;}<\/style><div class=\"stk-row stk-inner-blocks stk-block-content\">\n<div class=\"wp-block-stackable-heading stk-block-heading stk-block-heading--v2 stk-block stk-52d5e6f\" id=\"a-href-https-drive-google-com-file-d-1-c-n-jcpn-id-us-c-ogl-5-xk-1-do-9-gv-663-wu-lx-dh-view-usp-sharing-span-style-color-fffffe-class-stk-highlight-acceso-al-protocolo-de-actuacion-span-a\" data-block-id=\"52d5e6f\"><style>.stk-52d5e6f .stk-block-heading__text{color:#000000 !important;font-weight:600 !important;font-family:\"Montserrat\", Sans-serif !important;}@media screen and (max-width: 767px){.stk-52d5e6f .stk-block-heading__text{font-size:15px !important;}}<\/style><h4 class=\"stk-block-heading__text has-text-color\"><a href=\"https:\/\/drive.google.com\/file\/d\/1cNJcpnIdUsCOgl5xk1do9GV663WuLxDh\/view?usp=sharing\" target=\"_blank\" rel=\"noopener\"><span style=\"color: #fffffe;\" class=\"stk-highlight\">Acc\u00e8s au protocole d&#039;action<\/span><\/a><\/h4><\/div>\n\n\n\n<div class=\"wp-block-stackable-icon stk-block-icon has-text-align-left stk-block stk-f721377\" data-block-id=\"f721377\"><style>@media screen and (max-width: 767px){.stk-f721377 .stk--svg-wrapper .stk--inner-svg svg:last-child{height:20px !important;width:20px !important;}}<\/style><a class=\"stk-link\" href=\"https:\/\/drive.google.com\/file\/d\/1a79EwyWLZl-7eU3WWm0MgGMEkv1JsGmO\/view\" target=\"_blank\" rel=\"noopener\"><span class=\"stk--svg-wrapper\"><div class=\"stk--inner-svg\"><svg style=\"height:0;width:0\"><defs><lineargradient id=\"linear-gradient-f721377\" x1=\"0\" x2=\"100%\" y1=\"0\" y2=\"0\"><stop offset=\"0%\" style=\"stop-opacity:1;stop-color:var(--linear-gradient-f-721377-color-1)\"><\/stop><stop offset=\"100%\" style=\"stop-opacity:1;stop-color:var(--linear-gradient-f-721377-color-2)\"><\/stop><\/lineargradient><\/defs><\/svg><svg class=\"ugb-custom-icon\" id=\"Capa_1-91700\" data-name=\"Capa 1\" xmlns=\"http:\/\/www.w3.org\/2000\/svg\" viewbox=\"0 0 36 36\" aria-hidden=\"true\" width=\"32\" height=\"32\">\n  <defs>\n    <style>\n      .cls-1 {\n        fill: #fff;\n      }\n\n      .cls-2 {\n        fill: #782ce8;\n      }\n    <\/style>\n  <\/defs>\n  <circle class=\"cls-1\" cx=\"18\" cy=\"18\" r=\"18\"><\/circle>\n  <polygon class=\"cls-2\" points=\"24.35 23.34 21.01 23.33 21.01 17.26 13.19 25.08 10.92 22.81 18.81 14.92 12.73 14.92 12.73 11.58 24.35 11.58 24.35 23.34\"><\/polygon>\n<\/svg><\/div><\/span><\/a><\/div>\n<\/div><\/div>\n\n\n\n<div class=\"wp-block-stackable-icon-label stk-block-icon-label stk-block stk-78a0b90 stk-block-background\" id=\"a-href-https-www-ull-es-links-interes-data-type-page-data-id-15808-span-style-color-var-stk-global-color-92696-eeeeee-class-stk-highlight-acceso-a-las-notas-de-corte-dobles-grados-2025-2026-span-a\" data-block-id=\"78a0b90\"><style>.stk-78a0b90 {background-color:#7c30e3 !important;border-top-left-radius:25px !important;border-top-right-radius:25px !important;border-bottom-right-radius:25px !important;border-bottom-left-radius:25px !important;overflow:hidden !important;border-color:#dfdad1 !important;border-top-width:0px !important;border-right-width:0px !important;border-bottom-width:1px !important;border-left-width:0px !important;padding-top:36px !important;padding-right:20px !important;padding-bottom:36px !important;padding-left:25px !important;}.stk-78a0b90:before{background-color:#7c30e3 !important;}<\/style><div class=\"stk-row stk-inner-blocks stk-block-content\">\n<div class=\"wp-block-stackable-heading stk-block-heading stk-block-heading--v2 stk-block stk-955c8d7\" id=\"a-href-https-drive-google-com-file-d-13-qq-oo-o-bdzc-lb-euw-2-or-5-echlsx-po-6-l-wc-view-usp-sharing-data-type-page-data-id-15808-span-style-color-fffffe-class-stk-highlight-modelo-de-informe-de-los-orientadores-y-orientadoras-para-el-alumnado-con-neae-version-open-office-span-a\" data-block-id=\"955c8d7\"><style>.stk-955c8d7 .stk-block-heading__text{color:#000000 !important;font-weight:600 !important;font-family:\"Montserrat\", Sans-serif !important;}@media screen and (max-width: 767px){.stk-955c8d7 .stk-block-heading__text{font-size:15px !important;}}<\/style><h4 class=\"stk-block-heading__text has-text-color\"><a href=\"https:\/\/drive.google.com\/file\/d\/13QQOo_OBdzcLbEUW2OR5ECHLSXPo6LWc\/view?usp=sharing\" data-type=\"page\" data-id=\"15808\" target=\"_blank\" rel=\"noopener\"><span style=\"color: #fffffe;\" class=\"stk-highlight\">Mod\u00e8le de rapport pour les conseillers d&#039;orientation pour les \u00e9l\u00e8ves ayant des besoins sp\u00e9ciaux (version Open Office)<\/span><\/a><\/h4><\/div>\n\n\n\n<div class=\"wp-block-stackable-icon stk-block-icon has-text-align-left stk-block stk-e3489df\" data-block-id=\"e3489df\"><style>@media screen and (max-width: 767px){.stk-e3489df .stk--svg-wrapper .stk--inner-svg svg:last-child{height:20px !important;width:20px !important;}}<\/style><span class=\"stk--svg-wrapper\"><div class=\"stk--inner-svg\"><svg style=\"height:0;width:0\"><defs><lineargradient id=\"linear-gradient-e3489df\" x1=\"0\" x2=\"100%\" y1=\"0\" y2=\"0\"><stop offset=\"0%\" style=\"stop-opacity:1;stop-color:var(--linear-gradient-e-3489-df-color-1)\"><\/stop><stop offset=\"100%\" style=\"stop-opacity:1;stop-color:var(--linear-gradient-e-3489-df-color-2)\"><\/stop><\/lineargradient><\/defs><\/svg><svg class=\"ugb-custom-icon\" id=\"Capa_1-55044\" data-name=\"Capa 1\" xmlns=\"http:\/\/www.w3.org\/2000\/svg\" viewbox=\"0 0 36 36\" aria-hidden=\"true\" width=\"32\" height=\"32\">\n  <defs>\n    <style>\n      .cls-1 {\n        fill: #fff;\n      }\n\n      .cls-2 {\n        fill: #782ce8;\n      }\n    <\/style>\n  <\/defs>\n  <circle class=\"cls-1\" cx=\"18\" cy=\"18\" r=\"18\"><\/circle>\n  <polygon class=\"cls-2\" points=\"24.35 23.34 21.01 23.33 21.01 17.26 13.19 25.08 10.92 22.81 18.81 14.92 12.73 14.92 12.73 11.58 24.35 11.58 24.35 23.34\"><\/polygon>\n<\/svg><\/div><\/span><\/div>\n<\/div><\/div>\n\n\n\n<div class=\"wp-block-stackable-icon-label stk-block-icon-label stk-block stk-0272c91 stk-block-background\" id=\"a-href-https-www-ull-es-links-interes-data-type-page-data-id-15808-span-style-color-var-stk-global-color-92696-eeeeee-class-stk-highlight-acceso-a-las-notas-de-corte-dobles-grados-2025-2026-span-a\" data-block-id=\"0272c91\"><style>.stk-0272c91 {background-color:#7c30e3 !important;border-top-left-radius:25px !important;border-top-right-radius:25px !important;border-bottom-right-radius:25px !important;border-bottom-left-radius:25px !important;overflow:hidden !important;border-color:#dfdad1 !important;border-top-width:0px !important;border-right-width:0px !important;border-bottom-width:1px !important;border-left-width:0px !important;padding-top:36px !important;padding-right:20px !important;padding-bottom:36px !important;padding-left:25px !important;}.stk-0272c91:before{background-color:#7c30e3 !important;}<\/style><div class=\"stk-row stk-inner-blocks stk-block-content\">\n<div class=\"wp-block-stackable-heading stk-block-heading stk-block-heading--v2 stk-block stk-bfd60f4\" id=\"a-href-https-drive-google-com-file-d-1-c-v-zm-oowz-9-je-cn-1-g-anv-nk-lx-bt-v-5-pqvyt-view-usp-sharing-data-type-page-data-id-15808-span-style-color-fffffe-class-stk-highlight-modelo-de-informe-de-los-orientadores-y-orientadoras-para-el-alumnado-con-neae-version-pdf-span-a\" data-block-id=\"bfd60f4\"><style>.stk-bfd60f4 .stk-block-heading__text{color:#000000 !important;font-weight:600 !important;font-family:\"Montserrat\", Sans-serif !important;}@media screen and (max-width: 767px){.stk-bfd60f4 .stk-block-heading__text{font-size:15px !important;}}<\/style><h4 class=\"stk-block-heading__text has-text-color\"><a href=\"https:\/\/drive.google.com\/file\/d\/1cVZmOOWZ9JeCN1gANVNkLx-btV5pqvyt\/view?usp=sharing\" data-type=\"page\" data-id=\"15808\" target=\"_blank\" rel=\"noopener\"><span style=\"color: #fffffe;\" class=\"stk-highlight\">Mod\u00e8le de rapport pour les conseillers d&#039;orientation pour les \u00e9l\u00e8ves ayant des besoins sp\u00e9ciaux (version PDF)<\/span><\/a><\/h4><\/div>\n\n\n\n<div class=\"wp-block-stackable-icon stk-block-icon has-text-align-left stk-block stk-cfad1a0\" data-block-id=\"cfad1a0\"><style>@media screen and (max-width: 767px){.stk-cfad1a0 .stk--svg-wrapper .stk--inner-svg svg:last-child{height:20px !important;width:20px !important;}}<\/style><span class=\"stk--svg-wrapper\"><div class=\"stk--inner-svg\"><svg style=\"height:0;width:0\"><defs><lineargradient id=\"linear-gradient-cfad1a0\" x1=\"0\" x2=\"100%\" y1=\"0\" y2=\"0\"><stop offset=\"0%\" style=\"stop-opacity:1;stop-color:var(--linear-gradient-cfad-1-a-0-color-1)\"><\/stop><stop offset=\"100%\" style=\"stop-opacity:1;stop-color:var(--linear-gradient-cfad-1-a-0-color-2)\"><\/stop><\/lineargradient><\/defs><\/svg><svg class=\"ugb-custom-icon\" id=\"Capa_1-34929\" data-name=\"Capa 1\" xmlns=\"http:\/\/www.w3.org\/2000\/svg\" viewbox=\"0 0 36 36\" aria-hidden=\"true\" width=\"32\" height=\"32\">\n  <defs>\n    <style>\n      .cls-1 {\n        fill: #fff;\n      }\n\n      .cls-2 {\n        fill: #782ce8;\n      }\n    <\/style>\n  <\/defs>\n  <circle class=\"cls-1\" cx=\"18\" cy=\"18\" r=\"18\"><\/circle>\n  <polygon class=\"cls-2\" points=\"24.35 23.34 21.01 23.33 21.01 17.26 13.19 25.08 10.92 22.81 18.81 14.92 12.73 14.92 12.73 11.58 24.35 11.58 24.35 23.34\"><\/polygon>\n<\/svg><\/div><\/span><\/div>\n<\/div><\/div>\n\n\n\n<div class=\"wp-block-stackable-icon-label stk-block-icon-label stk-block stk-cd6b3d1 stk-block-background\" id=\"a-href-https-www-ull-es-links-interes-data-type-page-data-id-15808-span-style-color-var-stk-global-color-92696-eeeeee-class-stk-highlight-acceso-a-las-notas-de-corte-dobles-grados-2025-2026-span-a\" data-block-id=\"cd6b3d1\"><style>.stk-cd6b3d1 {background-color:#7c30e3 !important;border-top-left-radius:25px !important;border-top-right-radius:25px !important;border-bottom-right-radius:25px !important;border-bottom-left-radius:25px !important;overflow:hidden !important;border-color:#dfdad1 !important;border-top-width:0px !important;border-right-width:0px !important;border-bottom-width:1px !important;border-left-width:0px !important;padding-top:36px !important;padding-right:20px !important;padding-bottom:36px !important;padding-left:25px !important;}.stk-cd6b3d1:before{background-color:#7c30e3 !important;}<\/style><div class=\"stk-row stk-inner-blocks stk-block-content\">\n<div class=\"wp-block-stackable-heading stk-block-heading stk-block-heading--v2 stk-block stk-6a4910e\" id=\"a-href-https-drive-google-com-file-d-1-zy-rnl-6-hm-2-p-dv-n-8-avn-0-x-eu-jp-9-e-mr-xkq-1-f-view-usp-sharing-data-type-page-data-id-15808-span-style-color-fffffe-class-stk-highlight-modelo-de-consentimiento-informado-version-pdf-span-a\" data-block-id=\"6a4910e\"><style>.stk-6a4910e .stk-block-heading__text{color:#000000 !important;font-weight:600 !important;font-family:\"Montserrat\", Sans-serif !important;}@media screen and (max-width: 767px){.stk-6a4910e .stk-block-heading__text{font-size:15px !important;}}<\/style><h4 class=\"stk-block-heading__text has-text-color\"><a href=\"https:\/\/drive.google.com\/file\/d\/1ZyRnl6Hm2pDvN8AVN0xEUJp9EMrXkq1F\/view?usp=sharing\" data-type=\"page\" data-id=\"15808\" target=\"_blank\" rel=\"noopener\"><span style=\"color: #fffffe;\" class=\"stk-highlight\">Formulaire de consentement \u00e9clair\u00e9 (version PDF)<\/span><\/a><\/h4><\/div>\n\n\n\n<div class=\"wp-block-stackable-icon stk-block-icon has-text-align-left stk-block stk-f416130\" data-block-id=\"f416130\"><style>@media screen and (max-width: 767px){.stk-f416130 .stk--svg-wrapper .stk--inner-svg svg:last-child{height:20px !important;width:20px !important;}}<\/style><span class=\"stk--svg-wrapper\"><div class=\"stk--inner-svg\"><svg style=\"height:0;width:0\"><defs><lineargradient id=\"linear-gradient-f416130\" x1=\"0\" x2=\"100%\" y1=\"0\" y2=\"0\"><stop offset=\"0%\" style=\"stop-opacity:1;stop-color:var(--linear-gradient-f-416130-color-1)\"><\/stop><stop offset=\"100%\" style=\"stop-opacity:1;stop-color:var(--linear-gradient-f-416130-color-2)\"><\/stop><\/lineargradient><\/defs><\/svg><svg class=\"ugb-custom-icon\" id=\"Capa_1-34929\" data-name=\"Capa 1\" xmlns=\"http:\/\/www.w3.org\/2000\/svg\" viewbox=\"0 0 36 36\" aria-hidden=\"true\" width=\"32\" height=\"32\">\n  <defs>\n    <style>\n      .cls-1 {\n        fill: #fff;\n      }\n\n      .cls-2 {\n        fill: #782ce8;\n      }\n    <\/style>\n  <\/defs>\n  <circle class=\"cls-1\" cx=\"18\" cy=\"18\" r=\"18\"><\/circle>\n  <polygon class=\"cls-2\" points=\"24.35 23.34 21.01 23.33 21.01 17.26 13.19 25.08 10.92 22.81 18.81 14.92 12.73 14.92 12.73 11.58 24.35 11.58 24.35 23.34\"><\/polygon>\n<\/svg><\/div><\/span><\/div>\n<\/div><\/div>\n<\/div><\/div><\/div>\n<\/div><\/div>\n\n\n\n<div class=\"wp-block-stackable-columns stk-block-columns stk-block stk-d4974ec\" data-block-id=\"d4974ec\"><style>.stk-d4974ec .stk--block-align-d4974ec{align-items:flex-start !important;}.stk-d4974ec-column{--stk-columns-spacing:0px !important;--stk-column-gap:50px !important;}<\/style><div class=\"stk-row stk-inner-blocks stk--block-align-d4974ec stk-block-content stk-content-align stk-d4974ec-column\">\n<div class=\"wp-block-stackable-column stk-block-column stk-column stk-block stk-3c6c770\" data-v=\"4\" data-block-id=\"3c6c770\"><div class=\"stk-column-wrapper stk-block-column__content stk-container stk-3c6c770-container stk--no-background stk--no-padding\"><div class=\"stk-block-content stk-inner-blocks stk-3c6c770-inner-blocks\">\n<div class=\"wp-block-stackable-text stk-block-text stk-block stk-4bdb0a5\" data-block-id=\"4bdb0a5\"><p class=\"stk-block-text__text\"><strong>AVERTISSEMENT<\/strong>:La dur\u00e9e de l&#039;examen pour les personnes ayant des besoins sp\u00e9cifiques de soutien \u00e9ducatif (NEAE) sera de 2 heures (30 minutes suppl\u00e9mentaires par rapport \u00e0 l&#039;horaire g\u00e9n\u00e9ral)<\/p><\/div>\n\n\n\n<div class=\"wp-block-stackable-heading stk-block-heading stk-block-heading--v2 stk-block stk-b5f881e\" id=\"strong-instrucciones-para-su-cumplimentacion-strong\" data-block-id=\"b5f881e\"><h2 class=\"stk-block-heading__text\"><strong>Instructions pour compl\u00e9ter<\/strong><\/h2><\/div>\n\n\n\n<ol class=\"wp-block-list\" data-block-type=\"core\">\n<li data-block-type=\"core\">Un seul document doit \u00eatre rempli par centre, incluant tous les \u00e9tudiants qui r\u00e9pondent aux exigences \u00e9tablies dans le protocole d&#039;action.<\/li>\n\n\n\n<li data-block-type=\"core\">Dans le cas des b\u00e9n\u00e9ficiaires de type 1 et 2, ils doivent \u00e9galement remplir le formulaire de consentement \u00e9clair\u00e9.<\/li>\n\n\n\n<li data-block-type=\"core\"><strong>Date maximale<\/strong>&nbsp;pour compl\u00e9ter le rapport :<strong>&nbsp;13 mars 2026.<\/strong><\/li>\n\n\n\n<li data-block-type=\"core\">La documentation doit \u00eatre envoy\u00e9e \u00e0 la Direction g\u00e9n\u00e9rale de l&#039;\u00e9ducation, de l&#039;inclusion et de l&#039;innovation via l&#039;adresse \u00e9lectronique suivante : eoepcanarias.educacion@gobiernodecanarias.org<\/li>\n<\/ol>\n<\/div><\/div><\/div>\n<\/div><\/div>","protected":false},"excerpt":{"rendered":"<p>\u00c9tudiants \u00e0 besoins sp\u00e9cifiques. Protocole d&#039;intervention aux examens d&#039;entr\u00e9e \u00e0 l&#039;universit\u00e9 pour les \u00e9tudiants pr\u00e9sentant des troubles fonctionnels ou des besoins \u00e9ducatifs particuliers (BEP). Acc\u00e8s au protocole. Mod\u00e8le de rapport pour les conseillers d&#039;orientation des \u00e9tudiants \u00e0 BEP (version Open Office). Mod\u00e8le de rapport pour les conseillers d&#039;orientation des \u00e9tudiants \u00e0 BEP\u2026<\/p>","protected":false},"author":1,"featured_media":0,"parent":567,"menu_order":0,"comment_status":"closed","ping_status":"closed","template":"templates\/template-frontpage.php","meta":{"footnotes":""},"class_list":["post-1447","page","type-page","status-publish","hentry"],"_links":{"self":[{"href":"https:\/\/www.ull.es\/admision-becas\/fr\/wp-json\/wp\/v2\/pages\/1447","targetHints":{"allow":["GET"]}}],"collection":[{"href":"https:\/\/www.ull.es\/admision-becas\/fr\/wp-json\/wp\/v2\/pages"}],"about":[{"href":"https:\/\/www.ull.es\/admision-becas\/fr\/wp-json\/wp\/v2\/types\/page"}],"author":[{"embeddable":true,"href":"https:\/\/www.ull.es\/admision-becas\/fr\/wp-json\/wp\/v2\/users\/1"}],"replies":[{"embeddable":true,"href":"https:\/\/www.ull.es\/admision-becas\/fr\/wp-json\/wp\/v2\/comments?post=1447"}],"version-history":[{"count":49,"href":"https:\/\/www.ull.es\/admision-becas\/fr\/wp-json\/wp\/v2\/pages\/1447\/revisions"}],"predecessor-version":[{"id":8242,"href":"https:\/\/www.ull.es\/admision-becas\/fr\/wp-json\/wp\/v2\/pages\/1447\/revisions\/8242"}],"up":[{"embeddable":true,"href":"https:\/\/www.ull.es\/admision-becas\/fr\/wp-json\/wp\/v2\/pages\/567"}],"wp:attachment":[{"href":"https:\/\/www.ull.es\/admision-becas\/fr\/wp-json\/wp\/v2\/media?parent=1447"}],"curies":[{"name":"wp","href":"https:\/\/api.w.org\/{rel}","templated":true}]}}