{"id":1765,"date":"2018-04-16T07:35:27","date_gmt":"2018-04-16T07:35:27","guid":{"rendered":"https:\/\/www.ull.es\/admision-becas\/?page_id=1765"},"modified":"2026-03-03T14:06:45","modified_gmt":"2026-03-03T14:06:45","slug":"suplemento-europeo-al-titulo","status":"publish","type":"page","link":"https:\/\/www.ull.es\/admision-becas\/fr\/suplemento-europeo-al-titulo\/","title":{"rendered":"Suppl\u00e9ment au dipl\u00f4me europ\u00e9en"},"content":{"rendered":"<div class=\"wp-block-stackable-columns alignfull stk-block-columns stk-block stk-2cbe2d9 stk-block-background stk--has-background-overlay\" data-block-id=\"2cbe2d9\"><style>.stk-2cbe2d9 {background-image:url(https:\/\/www.ull.es\/admision-becas\/wp-content\/uploads\/sites\/8\/2025\/11\/Landing-Acceso_Header.jpg) !important;min-height:600px !important;align-items:center !important;padding-top:0px !important;padding-right:0px !important;padding-bottom:0px !important;padding-left:0px !important;margin-top:-30px !important;margin-bottom:50px !important;display:flex !important;}.stk-2cbe2d9-column{max-width:1300px !important;min-width:auto !important;}@media screen and (max-width: 767px){.stk-2cbe2d9 {min-height:400px !important;}}<\/style><div class=\"stk-row stk-inner-blocks stk-block-content stk-content-align stk-2cbe2d9-column\">\n<div class=\"wp-block-stackable-column stk-block-column stk-column stk-block stk-67d5c45\" data-v=\"4\" data-block-id=\"67d5c45\"><style>@media screen and (max-width: 767px){.stk-67d5c45 {padding-top:10px !important;padding-right:10px !important;padding-bottom:10px !important;padding-left:10px !important;}}<\/style><div class=\"stk-column-wrapper stk-block-column__content stk-container stk-67d5c45-container stk--no-background stk--no-padding\"><div class=\"stk-block-content stk-inner-blocks stk-67d5c45-inner-blocks\">\n<div class=\"wp-block-stackable-heading stk-block-heading stk-block-heading--v2 stk-block stk-c229f24\" id=\"suplemento-br-europeo-br-al-titulo\" data-block-id=\"c229f24\"><style>.stk-c229f24 {margin-bottom:0px !important;}.stk-c229f24 .stk-block-heading__text{font-size:80px !important;color:#ffffff !important;font-weight:700 !important;font-family:\"Montserrat\", Sans-serif !important;}@media screen and (max-width: 1023px){.stk-c229f24 .stk-block-heading__text{font-size:50px !important;}}@media screen and (max-width: 767px){.stk-c229f24 .stk-block-heading__text{font-size:47px !important;}}<\/style><h1 class=\"stk-block-heading__text has-text-color\">Suppl\u00e9ment <br>europ\u00e9en <br>au titre<\/h1><\/div>\n<\/div><\/div><\/div>\n<\/div><\/div>\n\n\n\n<div class=\"wp-block-stackable-columns stk-block-columns stk-block stk-8b59b96\" data-block-id=\"8b59b96\"><style>.stk-8b59b96-column{--stk-columns-spacing:0px !important;--stk-column-gap:50px !important;}<\/style><div class=\"stk-row stk-inner-blocks stk-block-content stk-content-align stk-8b59b96-column\">\n<div class=\"wp-block-stackable-column stk-block-column stk-column stk-block stk-dbb7e15\" data-v=\"4\" data-block-id=\"dbb7e15\"><div class=\"stk-column-wrapper stk-block-column__content stk-container stk-dbb7e15-container stk--no-background stk--no-padding\"><div class=\"stk-block-content stk-inner-blocks stk-dbb7e15-inner-blocks\">\n<p data-block-type=\"core\">Le suppl\u00e9ment au dipl\u00f4me europ\u00e9en (EDS) est le document bilingue, d\u00e9livr\u00e9 en espagnol et en anglais par l&#039;Universit\u00e9 de La Laguna, qui accompagne le dipl\u00f4me universitaire.&nbsp;<strong>officiel et valable sur tout le territoire national<\/strong>&nbsp;avec des informations unifi\u00e9es, personnalis\u00e9es pour chaque dipl\u00f4m\u00e9 universitaire, sur les \u00e9tudes r\u00e9alis\u00e9es, les r\u00e9sultats obtenus, les comp\u00e9tences professionnelles acquises et le niveau de leur dipl\u00f4me dans le syst\u00e8me national d&#039;enseignement sup\u00e9rieur.<\/p>\n\n\n\n<details class=\"wp-block-stackable-accordion stk-block-accordion stk-inner-blocks stk-block-content stk-block stk-8479735 is-style-plain\" id=\"quien-puede-solicitar-SET\" data-block-id=\"8479735\"><style>.stk-8479735 {padding-bottom:10px !important;margin-bottom:0px !important;}<\/style>\n<summary class=\"wp-block-stackable-column stk-block-column stk-column stk-block stk-8f3cb3c stk--container-small stk-block-accordion__heading\" data-v=\"4\" data-block-id=\"8f3cb3c\"><style>.stk-8f3cb3c {border-style:solid !important;border-top-width:0px !important;border-right-width:0px !important;border-bottom-width:1px !important;border-left-width:0px !important;padding-top:0px !important;padding-right:0px !important;padding-bottom:0px !important;padding-left:0px !important;}.stk-8f3cb3c-container{padding-top:0px !important;padding-right:0px !important;padding-bottom:0px !important;padding-left:0px !important;}<\/style><div class=\"stk-column-wrapper stk-block-column__content stk-container stk-8f3cb3c-container stk--no-background stk--no-padding\"><div class=\"stk-block-content stk-inner-blocks stk-8f3cb3c-inner-blocks\">\n<div class=\"wp-block-stackable-icon-label stk-block-icon-label stk-block stk-e2f66ca\" data-block-id=\"e2f66ca\"><style>.stk-e2f66ca .stk-inner-blocks{gap:40px !important;}@media screen and (max-width: 1023px){.stk-e2f66ca .stk-inner-blocks{gap:40px !important;}}@media screen and (max-width: 767px){.stk-e2f66ca .stk-inner-blocks{gap:40px !important;}}<\/style><div class=\"stk-row stk-inner-blocks stk-block-content\">\n<div class=\"wp-block-stackable-icon stk-block-icon stk-block stk-ee9cd06\" data-block-id=\"ee9cd06\"><style>.stk-ee9cd06 .stk--svg-wrapper .stk--inner-svg svg:last-child{height:24px !important;width:24px !important;}.stk-ee9cd06 .stk--svg-wrapper .stk--inner-svg svg:last-child, .stk-ee9cd06 .stk--svg-wrapper .stk--inner-svg svg:last-child :is(g, path, rect, polygon, ellipse){fill:var(--stk-global-color-60833, #5c068c) !important;}<\/style><span class=\"stk--svg-wrapper stk--has-icon2\"><div class=\"stk--inner-svg\"><svg style=\"height:0;width:0\"><defs><lineargradient id=\"linear-gradient-ee9cd06\" x1=\"0\" x2=\"100%\" y1=\"0\" y2=\"0\"><stop offset=\"0%\" style=\"stop-opacity:1;stop-color:var(--linear-gradient-ee-9-cd-06-color-1)\"><\/stop><stop offset=\"100%\" style=\"stop-opacity:1;stop-color:var(--linear-gradient-ee-9-cd-06-color-2)\"><\/stop><\/lineargradient><\/defs><\/svg><svg xmlns=\"http:\/\/www.w3.org\/2000\/svg\" viewbox=\"0 0 512 512\" aria-hidden=\"true\" width=\"32\" height=\"32\"><path d=\"M256 512A256 256 0 1 0 256 0a256 256 0 1 0 0 512zM169.8 165.3c7.9-22.3 29.1-37.3 52.8-37.3h58.3c34.9 0 63.1 28.3 63.1 63.1c0 22.6-12.1 43.5-31.7 54.8L280 264.4c-.2 13-10.9 23.6-24 23.6c-13.3 0-24-10.7-24-24V250.5c0-8.6 4.6-16.5 12.1-20.8l44.3-25.4c4.7-2.7 7.6-7.7 7.6-13.1c0-8.4-6.8-15.1-15.1-15.1H222.6c-3.4 0-6.4 2.1-7.5 5.3l-.4 1.2c-4.4 12.5-18.2 19-30.6 14.6s-19-18.2-14.6-30.6l.4-1.2zM224 352a32 32 0 1 1 64 0 32 32 0 1 1 -64 0z\" \/><\/svg><\/div><div class=\"stk--inner-svg stk--icon-2\" style=\"display:none\"><svg style=\"height:0;width:0\"><defs><lineargradient id=\"linear-gradient-ee9cd06\" x1=\"0\" x2=\"100%\" y1=\"0\" y2=\"0\"><stop offset=\"0%\" style=\"stop-opacity:1;stop-color:var(--linear-gradient-ee-9-cd-06-color-1)\"><\/stop><stop offset=\"100%\" style=\"stop-opacity:1;stop-color:var(--linear-gradient-ee-9-cd-06-color-2)\"><\/stop><\/lineargradient><\/defs><\/svg><svg xmlns=\"http:\/\/www.w3.org\/2000\/svg\" viewbox=\"0 0 512 512\" aria-hidden=\"true\" width=\"32\" height=\"32\"><path d=\"M464 256A208 208 0 1 0 48 256a208 208 0 1 0 416 0zM0 256a256 256 0 1 1 512 0A256 256 0 1 1 0 256zm169.8-90.7c7.9-22.3 29.1-37.3 52.8-37.3h58.3c34.9 0 63.1 28.3 63.1 63.1c0 22.6-12.1 43.5-31.7 54.8L280 264.4c-.2 13-10.9 23.6-24 23.6c-13.3 0-24-10.7-24-24V250.5c0-8.6 4.6-16.5 12.1-20.8l44.3-25.4c4.7-2.7 7.6-7.7 7.6-13.1c0-8.4-6.8-15.1-15.1-15.1H222.6c-3.4 0-6.4 2.1-7.5 5.3l-.4 1.2c-4.4 12.5-18.2 19-30.6 14.6s-19-18.2-14.6-30.6l.4-1.2zM224 352a32 32 0 1 1 64 0 32 32 0 1 1 -64 0z\" \/><\/svg><\/div><\/span><\/div>\n\n\n\n<div class=\"wp-block-stackable-heading stk-block-heading stk-block-heading--v2 stk-block stk-46bd216\" id=\"quien-puede-solicitar-el-suplemento-europeo-al-titulo\" data-block-id=\"46bd216\"><style>.stk-46bd216 .stk-block-heading__text{color:#000000 !important;font-weight:500 !important;font-family:\"ArgentumSans\", Sans-serif !important;}<\/style><h4 class=\"stk-block-heading__text has-text-color\">Qui peut demander le suppl\u00e9ment au dipl\u00f4me europ\u00e9en ?<\/h4><\/div>\n<\/div><\/div>\n<\/div><\/div><\/summary>\n\n\n\n<div class=\"wp-block-stackable-column stk-block-column stk-column stk-block stk-03f14c7 stk-block-accordion__content\" data-v=\"4\" data-block-id=\"03f14c7\"><style>.stk-03f14c7-container{padding-top:0px !important;padding-right:0px !important;padding-bottom:0px !important;padding-left:0px !important;}<\/style><div class=\"stk-column-wrapper stk-block-column__content stk-container stk-03f14c7-container stk--no-background stk--no-padding\"><div class=\"stk-block-content stk-inner-blocks stk-03f14c7-inner-blocks\">\n<p data-block-type=\"core\">Tous les titulaires de dipl\u00f4mes officiels espagnols qui ont pay\u00e9 les frais d&#039;obtention du dipl\u00f4me apr\u00e8s le 12 septembre 2003 peuvent pr\u00e9senter une demande.<\/p>\n<\/div><\/div><\/div>\n<\/details>\n\n\n\n<details class=\"wp-block-stackable-accordion stk-block-accordion stk-inner-blocks stk-block-content stk-block stk-6b07302 is-style-plain\" id=\"tasa-expedicion-SET\" data-block-id=\"6b07302\"><style>.stk-6b07302 {padding-bottom:10px !important;margin-bottom:0px !important;}<\/style>\n<summary class=\"wp-block-stackable-column stk-block-column stk-column stk-block stk-9964430 stk--container-small stk-block-accordion__heading\" data-v=\"4\" data-block-id=\"9964430\"><style>.stk-9964430 {border-style:solid !important;border-top-width:0px !important;border-right-width:0px !important;border-bottom-width:1px !important;border-left-width:0px !important;padding-top:0px !important;padding-right:0px !important;padding-bottom:0px !important;padding-left:0px !important;}.stk-9964430-container{padding-top:0px !important;padding-right:0px !important;padding-bottom:0px !important;padding-left:0px !important;}<\/style><div class=\"stk-column-wrapper stk-block-column__content stk-container stk-9964430-container stk--no-background stk--no-padding\"><div class=\"stk-block-content stk-inner-blocks stk-9964430-inner-blocks\">\n<div class=\"wp-block-stackable-icon-label stk-block-icon-label stk-block stk-a003cc1\" data-block-id=\"a003cc1\"><style>.stk-a003cc1 .stk-inner-blocks{gap:40px !important;}@media screen and (max-width: 1023px){.stk-a003cc1 .stk-inner-blocks{gap:40px !important;}}@media screen and (max-width: 767px){.stk-a003cc1 .stk-inner-blocks{gap:40px !important;}}<\/style><div class=\"stk-row stk-inner-blocks stk-block-content\">\n<div class=\"wp-block-stackable-icon stk-block-icon stk-block stk-6db2890\" data-block-id=\"6db2890\"><style>.stk-6db2890 .stk--svg-wrapper .stk--inner-svg svg:last-child{height:24px !important;width:24px !important;}.stk-6db2890 .stk--svg-wrapper .stk--inner-svg svg:last-child, .stk-6db2890 .stk--svg-wrapper .stk--inner-svg svg:last-child :is(g, path, rect, polygon, ellipse){fill:var(--stk-global-color-60833, #5c068c) !important;}<\/style><span class=\"stk--svg-wrapper stk--has-icon2\"><div class=\"stk--inner-svg\"><svg style=\"height:0;width:0\"><defs><lineargradient id=\"linear-gradient-6db2890\" x1=\"0\" x2=\"100%\" y1=\"0\" y2=\"0\"><stop offset=\"0%\" style=\"stop-opacity:1;stop-color:var(--linear-gradient-6-db-2890-color-1)\"><\/stop><stop offset=\"100%\" style=\"stop-opacity:1;stop-color:var(--linear-gradient-6-db-2890-color-2)\"><\/stop><\/lineargradient><\/defs><\/svg><svg xmlns=\"http:\/\/www.w3.org\/2000\/svg\" viewbox=\"0 0 640 512\" aria-hidden=\"true\" width=\"32\" height=\"32\"><path d=\"M96 96V320c0 35.3 28.7 64 64 64H576c35.3 0 64-28.7 64-64V96c0-35.3-28.7-64-64-64H160c-35.3 0-64 28.7-64 64zm64 160c35.3 0 64 28.7 64 64H160V256zM224 96c0 35.3-28.7 64-64 64V96h64zM576 256v64H512c0-35.3 28.7-64 64-64zM512 96h64v64c-35.3 0-64-28.7-64-64zM288 208a80 80 0 1 1 160 0 80 80 0 1 1 -160 0zM48 120c0-13.3-10.7-24-24-24S0 106.7 0 120V360c0 66.3 53.7 120 120 120H520c13.3 0 24-10.7 24-24s-10.7-24-24-24H120c-39.8 0-72-32.2-72-72V120z\" \/><\/svg><\/div><div class=\"stk--inner-svg stk--icon-2\" style=\"display:none\"><svg style=\"height:0;width:0\"><defs><lineargradient id=\"linear-gradient-6db2890\" x1=\"0\" x2=\"100%\" y1=\"0\" y2=\"0\"><stop offset=\"0%\" style=\"stop-opacity:1;stop-color:var(--linear-gradient-6-db-2890-color-1)\"><\/stop><stop offset=\"100%\" style=\"stop-opacity:1;stop-color:var(--linear-gradient-6-db-2890-color-2)\"><\/stop><\/lineargradient><\/defs><\/svg><svg xmlns=\"http:\/\/www.w3.org\/2000\/svg\" viewbox=\"0 0 576 512\" aria-hidden=\"true\" width=\"32\" height=\"32\"><path d=\"M64 64C28.7 64 0 92.7 0 128V384c0 35.3 28.7 64 64 64H512c35.3 0 64-28.7 64-64V128c0-35.3-28.7-64-64-64H64zm64 320H64V320c35.3 0 64 28.7 64 64zM64 192V128h64c0 35.3-28.7 64-64 64zM448 384c0-35.3 28.7-64 64-64v64H448zm64-192c-35.3 0-64-28.7-64-64h64v64zM288 160a96 96 0 1 1 0 192 96 96 0 1 1 0-192z\" \/><\/svg><\/div><\/span><\/div>\n\n\n\n<div class=\"wp-block-stackable-heading stk-block-heading stk-block-heading--v2 stk-block stk-9beb1fb\" id=\"cual-es-la-tasa-de-expedicion\" data-block-id=\"9beb1fb\"><style>.stk-9beb1fb .stk-block-heading__text{font-weight:500 !important;font-family:\"ArgentumSans\", Sans-serif !important;}<\/style><h4 class=\"stk-block-heading__text\">Quels sont les frais de livraison\u00a0?<\/h4><\/div>\n<\/div><\/div>\n<\/div><\/div><\/summary>\n\n\n\n<div class=\"wp-block-stackable-column stk-block-column stk-column stk-block stk-24d301b stk-block-accordion__content\" data-v=\"4\" data-block-id=\"24d301b\"><style>.stk-24d301b-container{padding-top:0px !important;padding-right:0px !important;padding-bottom:0px !important;padding-left:0px !important;}<\/style><div class=\"stk-column-wrapper stk-block-column__content stk-container stk-24d301b-container stk--no-background stk--no-padding\"><div class=\"stk-block-content stk-inner-blocks stk-24d301b-inner-blocks\">\n<p data-block-type=\"core\">Le premier num\u00e9ro du Suppl\u00e9ment au dipl\u00f4me europ\u00e9en sera gratuit.<\/p>\n<\/div><\/div><\/div>\n<\/details>\n\n\n\n<details class=\"wp-block-stackable-accordion stk-block-accordion stk-inner-blocks stk-block-content stk-block stk-497e74a is-style-plain\" id=\"donde-solicitar-expedicion-SET\" data-block-id=\"497e74a\"><style>.stk-497e74a {padding-bottom:10px !important;margin-bottom:0px !important;}<\/style>\n<summary class=\"wp-block-stackable-column stk-block-column stk-column stk-block stk-1f31ea3 stk--container-small stk-block-accordion__heading\" data-v=\"4\" data-block-id=\"1f31ea3\"><style>.stk-1f31ea3 {border-style:solid !important;border-top-width:0px !important;border-right-width:0px !important;border-bottom-width:1px !important;border-left-width:0px !important;padding-top:0px !important;padding-right:0px !important;padding-bottom:0px !important;padding-left:0px !important;}.stk-1f31ea3-container{padding-top:0px !important;padding-right:0px !important;padding-bottom:0px !important;padding-left:0px !important;}<\/style><div class=\"stk-column-wrapper stk-block-column__content stk-container stk-1f31ea3-container stk--no-background stk--no-padding\"><div class=\"stk-block-content stk-inner-blocks stk-1f31ea3-inner-blocks\">\n<div class=\"wp-block-stackable-icon-label stk-block-icon-label stk-block stk-a745801\" data-block-id=\"a745801\"><style>.stk-a745801 .stk-inner-blocks{gap:40px !important;}@media screen and (max-width: 1023px){.stk-a745801 .stk-inner-blocks{gap:40px !important;}}@media screen and (max-width: 767px){.stk-a745801 .stk-inner-blocks{gap:40px !important;}}<\/style><div class=\"stk-row stk-inner-blocks stk-block-content\">\n<div class=\"wp-block-stackable-icon stk-block-icon stk-block stk-fb463ca\" data-block-id=\"fb463ca\"><style>.stk-fb463ca .stk--svg-wrapper .stk--inner-svg svg:last-child{height:24px !important;width:24px !important;}.stk-fb463ca .stk--svg-wrapper .stk--inner-svg svg:last-child, .stk-fb463ca .stk--svg-wrapper .stk--inner-svg svg:last-child :is(g, path, rect, polygon, ellipse){fill:var(--stk-global-color-60833, #5c068c) !important;}<\/style><span class=\"stk--svg-wrapper stk--has-icon2\"><div class=\"stk--inner-svg\"><svg style=\"height:0;width:0\"><defs><lineargradient id=\"linear-gradient-fb463ca\" x1=\"0\" x2=\"100%\" y1=\"0\" y2=\"0\"><stop offset=\"0%\" style=\"stop-opacity:1;stop-color:var(--linear-gradient-fb-463-ca-color-1)\"><\/stop><stop offset=\"100%\" style=\"stop-opacity:1;stop-color:var(--linear-gradient-fb-463-ca-color-2)\"><\/stop><\/lineargradient><\/defs><\/svg><svg xmlns=\"http:\/\/www.w3.org\/2000\/svg\" viewbox=\"0 0 384 512\" aria-hidden=\"true\" width=\"32\" height=\"32\"><path d=\"M48 0C21.5 0 0 21.5 0 48V464c0 26.5 21.5 48 48 48h96V432c0-26.5 21.5-48 48-48s48 21.5 48 48v80h96c26.5 0 48-21.5 48-48V48c0-26.5-21.5-48-48-48H48zM64 240c0-8.8 7.2-16 16-16h32c8.8 0 16 7.2 16 16v32c0 8.8-7.2 16-16 16H80c-8.8 0-16-7.2-16-16V240zm112-16h32c8.8 0 16 7.2 16 16v32c0 8.8-7.2 16-16 16H176c-8.8 0-16-7.2-16-16V240c0-8.8 7.2-16 16-16zm80 16c0-8.8 7.2-16 16-16h32c8.8 0 16 7.2 16 16v32c0 8.8-7.2 16-16 16H272c-8.8 0-16-7.2-16-16V240zM80 96h32c8.8 0 16 7.2 16 16v32c0 8.8-7.2 16-16 16H80c-8.8 0-16-7.2-16-16V112c0-8.8 7.2-16 16-16zm80 16c0-8.8 7.2-16 16-16h32c8.8 0 16 7.2 16 16v32c0 8.8-7.2 16-16 16H176c-8.8 0-16-7.2-16-16V112zM272 96h32c8.8 0 16 7.2 16 16v32c0 8.8-7.2 16-16 16H272c-8.8 0-16-7.2-16-16V112c0-8.8 7.2-16 16-16z\" \/><\/svg><\/div><div class=\"stk--inner-svg stk--icon-2\" style=\"display:none\"><svg style=\"height:0;width:0\"><defs><lineargradient id=\"linear-gradient-fb463ca\" x1=\"0\" x2=\"100%\" y1=\"0\" y2=\"0\"><stop offset=\"0%\" style=\"stop-opacity:1;stop-color:var(--linear-gradient-fb-463-ca-color-1)\"><\/stop><stop offset=\"100%\" style=\"stop-opacity:1;stop-color:var(--linear-gradient-fb-463-ca-color-2)\"><\/stop><\/lineargradient><\/defs><\/svg><svg xmlns=\"http:\/\/www.w3.org\/2000\/svg\" viewbox=\"0 0 384 512\" aria-hidden=\"true\" width=\"32\" height=\"32\"><path d=\"M64 48c-8.8 0-16 7.2-16 16V448c0 8.8 7.2 16 16 16h80V400c0-26.5 21.5-48 48-48s48 21.5 48 48v64h80c8.8 0 16-7.2 16-16V64c0-8.8-7.2-16-16-16H64zM0 64C0 28.7 28.7 0 64 0H320c35.3 0 64 28.7 64 64V448c0 35.3-28.7 64-64 64H64c-35.3 0-64-28.7-64-64V64zm88 40c0-8.8 7.2-16 16-16h48c8.8 0 16 7.2 16 16v48c0 8.8-7.2 16-16 16H104c-8.8 0-16-7.2-16-16V104zM232 88h48c8.8 0 16 7.2 16 16v48c0 8.8-7.2 16-16 16H232c-8.8 0-16-7.2-16-16V104c0-8.8 7.2-16 16-16zM88 232c0-8.8 7.2-16 16-16h48c8.8 0 16 7.2 16 16v48c0 8.8-7.2 16-16 16H104c-8.8 0-16-7.2-16-16V232zm144-16h48c8.8 0 16 7.2 16 16v48c0 8.8-7.2 16-16 16H232c-8.8 0-16-7.2-16-16V232c0-8.8 7.2-16 16-16z\" \/><\/svg><\/div><\/span><\/div>\n\n\n\n<div class=\"wp-block-stackable-heading stk-block-heading stk-block-heading--v2 stk-block stk-18de03d\" id=\"donde-se-solicita-la-expedicion\" data-block-id=\"18de03d\"><style>.stk-18de03d .stk-block-heading__text{font-weight:500 !important;font-family:\"ArgentumSans\", Sans-serif !important;}<\/style><h4 class=\"stk-block-heading__text\">O\u00f9 dois-je demander l&#039;exp\u00e9dition\u00a0?<\/h4><\/div>\n<\/div><\/div>\n<\/div><\/div><\/summary>\n\n\n\n<div class=\"wp-block-stackable-column stk-block-column stk-column stk-block stk-57260e0 stk-block-accordion__content\" data-v=\"4\" data-block-id=\"57260e0\"><style>.stk-57260e0-container{padding-top:0px !important;padding-right:0px !important;padding-bottom:0px !important;padding-left:0px !important;}<\/style><div class=\"stk-column-wrapper stk-block-column__content stk-container stk-57260e0-container stk--no-background stk--no-padding\"><div class=\"stk-block-content stk-inner-blocks stk-57260e0-inner-blocks\">\n<p data-block-type=\"core\"><a href=\"https:\/\/sede.ull.es\/ecivilis-site\/catalog\/showProcedure\/425\" target=\"_blank\" rel=\"noreferrer noopener\">Par l&#039;interm\u00e9diaire du si\u00e8ge \u00e9lectronique de l&#039;ULL, dans la proc\u00e9dure pr\u00e9vue \u00e0 cet effet<\/a><\/p>\n<\/div><\/div><\/div>\n<\/details>\n\n\n\n<details class=\"wp-block-stackable-accordion stk-block-accordion stk-inner-blocks stk-block-content stk-block stk-09ca809 is-style-plain\" id=\"plazo-entrega-y-retirada-SET\" data-block-id=\"09ca809\"><style>.stk-09ca809 {padding-bottom:10px !important;margin-bottom:0px !important;}<\/style>\n<summary class=\"wp-block-stackable-column stk-block-column stk-column stk-block stk-fe94078 stk--container-small stk-block-accordion__heading\" data-v=\"4\" data-block-id=\"fe94078\"><style>.stk-fe94078 {border-style:solid !important;border-top-width:0px !important;border-right-width:0px !important;border-bottom-width:1px !important;border-left-width:0px !important;padding-top:0px !important;padding-right:0px !important;padding-bottom:0px !important;padding-left:0px !important;}.stk-fe94078-container{padding-top:0px !important;padding-right:0px !important;padding-bottom:0px !important;padding-left:0px !important;}<\/style><div class=\"stk-column-wrapper stk-block-column__content stk-container stk-fe94078-container stk--no-background stk--no-padding\"><div class=\"stk-block-content stk-inner-blocks stk-fe94078-inner-blocks\">\n<div class=\"wp-block-stackable-icon-label stk-block-icon-label stk-block stk-112259b\" data-block-id=\"112259b\"><style>.stk-112259b .stk-inner-blocks{gap:40px !important;}@media screen and (max-width: 1023px){.stk-112259b .stk-inner-blocks{gap:40px !important;}}@media screen and (max-width: 767px){.stk-112259b .stk-inner-blocks{gap:40px !important;}}<\/style><div class=\"stk-row stk-inner-blocks stk-block-content\">\n<div class=\"wp-block-stackable-icon stk-block-icon stk-block stk-fb1faa4\" data-block-id=\"fb1faa4\"><style>.stk-fb1faa4 .stk--svg-wrapper .stk--inner-svg svg:last-child{height:24px !important;width:24px !important;}.stk-fb1faa4 .stk--svg-wrapper .stk--inner-svg svg:last-child, .stk-fb1faa4 .stk--svg-wrapper .stk--inner-svg svg:last-child :is(g, path, rect, polygon, ellipse){fill:var(--stk-global-color-60833, #5c068c) !important;}<\/style><span class=\"stk--svg-wrapper stk--has-icon2\"><div class=\"stk--inner-svg\"><svg style=\"height:0;width:0\"><defs><lineargradient id=\"linear-gradient-fb1faa4\" x1=\"0\" x2=\"100%\" y1=\"0\" y2=\"0\"><stop offset=\"0%\" style=\"stop-opacity:1;stop-color:var(--linear-gradient-fb-1-faa-4-color-1)\"><\/stop><stop offset=\"100%\" style=\"stop-opacity:1;stop-color:var(--linear-gradient-fb-1-faa-4-color-2)\"><\/stop><\/lineargradient><\/defs><\/svg><svg xmlns=\"http:\/\/www.w3.org\/2000\/svg\" viewbox=\"0 0 448 512\" aria-hidden=\"true\" width=\"32\" height=\"32\"><path d=\"M128 0c17.7 0 32 14.3 32 32V64H288V32c0-17.7 14.3-32 32-32s32 14.3 32 32V64h48c26.5 0 48 21.5 48 48v48H0V112C0 85.5 21.5 64 48 64H96V32c0-17.7 14.3-32 32-32zM0 192H448V464c0 26.5-21.5 48-48 48H48c-26.5 0-48-21.5-48-48V192zM329 305c9.4-9.4 9.4-24.6 0-33.9s-24.6-9.4-33.9 0l-95 95-47-47c-9.4-9.4-24.6-9.4-33.9 0s-9.4 24.6 0 33.9l64 64c9.4 9.4 24.6 9.4 33.9 0L329 305z\" \/><\/svg><\/div><div class=\"stk--inner-svg stk--icon-2\" style=\"display:none\"><svg style=\"height:0;width:0\"><defs><lineargradient id=\"linear-gradient-fb1faa4\" x1=\"0\" x2=\"100%\" y1=\"0\" y2=\"0\"><stop offset=\"0%\" style=\"stop-opacity:1;stop-color:var(--linear-gradient-fb-1-faa-4-color-1)\"><\/stop><stop offset=\"100%\" style=\"stop-opacity:1;stop-color:var(--linear-gradient-fb-1-faa-4-color-2)\"><\/stop><\/lineargradient><\/defs><\/svg><svg xmlns=\"http:\/\/www.w3.org\/2000\/svg\" viewbox=\"0 0 448 512\" aria-hidden=\"true\" width=\"32\" height=\"32\"><path d=\"M128 0c13.3 0 24 10.7 24 24V64H296V24c0-13.3 10.7-24 24-24s24 10.7 24 24V64h40c35.3 0 64 28.7 64 64v16 48V448c0 35.3-28.7 64-64 64H64c-35.3 0-64-28.7-64-64V192 144 128C0 92.7 28.7 64 64 64h40V24c0-13.3 10.7-24 24-24zM400 192H48V448c0 8.8 7.2 16 16 16H384c8.8 0 16-7.2 16-16V192zM329 297L217 409c-9.4 9.4-24.6 9.4-33.9 0l-64-64c-9.4-9.4-9.4-24.6 0-33.9s24.6-9.4 33.9 0l47 47 95-95c9.4-9.4 24.6-9.4 33.9 0s9.4 24.6 0 33.9z\" \/><\/svg><\/div><\/span><\/div>\n\n\n\n<div class=\"wp-block-stackable-heading stk-block-heading stk-block-heading--v2 stk-block stk-574760d\" id=\"plazo-de-entrega-y-lugar-de-retirada\" data-block-id=\"574760d\"><style>.stk-574760d .stk-block-heading__text{font-weight:500 !important;font-family:\"ArgentumSans\", Sans-serif !important;}<\/style><h4 class=\"stk-block-heading__text\">D\u00e9lai de livraison et lieu de retrait<\/h4><\/div>\n<\/div><\/div>\n<\/div><\/div><\/summary>\n\n\n\n<div class=\"wp-block-stackable-column stk-block-column stk-column stk-block stk-6ef7103 stk-block-accordion__content\" data-v=\"4\" data-block-id=\"6ef7103\"><style>.stk-6ef7103-container{padding-top:0px !important;padding-right:0px !important;padding-bottom:0px !important;padding-left:0px !important;}<\/style><div class=\"stk-column-wrapper stk-block-column__content stk-container stk-6ef7103-container stk--no-background stk--no-padding\"><div class=\"stk-block-content stk-inner-blocks stk-6ef7103-inner-blocks\">\n<p data-block-type=\"core\">Il n&#039;y a pas de date limite pour la d\u00e9livrance du SET. \u00c0 titre informatif, vous pouvez le retirer aupr\u00e8s de votre centre dans un d\u00e9lai d&#039;environ trois mois.<\/p>\n<\/div><\/div><\/div>\n<\/details>\n<\/div><\/div><\/div>\n<\/div><\/div>","protected":false},"excerpt":{"rendered":"<p>Suplemento Europeo al T\u00edtulo El Suplemento Europeo al T\u00edtulo (SET) es el documento biling\u00fce, en la Universidad de La Laguna se expide en castellano e ingl\u00e9s, que acompa\u00f1a al t\u00edtulo universitario de car\u00e1cter&nbsp;oficial y validez en todo el territorio nacional&nbsp;con la informaci\u00f3n unificada, personalizada para cada titulado universitario, sobre los estudios cursados, los resultados obtenidos,&#8230;<\/p>","protected":false},"author":14,"featured_media":0,"parent":0,"menu_order":0,"comment_status":"closed","ping_status":"closed","template":"templates\/template-frontpage.php","meta":{"footnotes":""},"class_list":["post-1765","page","type-page","status-publish","hentry"],"_links":{"self":[{"href":"https:\/\/www.ull.es\/admision-becas\/fr\/wp-json\/wp\/v2\/pages\/1765","targetHints":{"allow":["GET"]}}],"collection":[{"href":"https:\/\/www.ull.es\/admision-becas\/fr\/wp-json\/wp\/v2\/pages"}],"about":[{"href":"https:\/\/www.ull.es\/admision-becas\/fr\/wp-json\/wp\/v2\/types\/page"}],"author":[{"embeddable":true,"href":"https:\/\/www.ull.es\/admision-becas\/fr\/wp-json\/wp\/v2\/users\/14"}],"replies":[{"embeddable":true,"href":"https:\/\/www.ull.es\/admision-becas\/fr\/wp-json\/wp\/v2\/comments?post=1765"}],"version-history":[{"count":14,"href":"https:\/\/www.ull.es\/admision-becas\/fr\/wp-json\/wp\/v2\/pages\/1765\/revisions"}],"predecessor-version":[{"id":8774,"href":"https:\/\/www.ull.es\/admision-becas\/fr\/wp-json\/wp\/v2\/pages\/1765\/revisions\/8774"}],"wp:attachment":[{"href":"https:\/\/www.ull.es\/admision-becas\/fr\/wp-json\/wp\/v2\/media?parent=1765"}],"curies":[{"name":"wp","href":"https:\/\/api.w.org\/{rel}","templated":true}]}}