{"id":1994,"date":"2018-07-05T13:52:33","date_gmt":"2018-07-05T13:52:33","guid":{"rendered":"https:\/\/www.ull.es\/admision-becas\/?page_id=1994"},"modified":"2025-11-28T08:51:49","modified_gmt":"2025-11-28T08:51:49","slug":"simultaneidad","status":"publish","type":"page","link":"https:\/\/www.ull.es\/admision-becas\/fr\/admision-a-titulaciones-oficiales-de-grado\/simultaneidad\/","title":{"rendered":"Simultan\u00e9it\u00e9"},"content":{"rendered":"<div class=\"wp-block-stackable-columns alignfull stk-block-columns stk-block stk-2cbe2d9 stk-block-background stk--has-background-overlay\" data-block-id=\"2cbe2d9\"><style>.stk-2cbe2d9 {background-image:url(https:\/\/www.ull.es\/admision-becas\/wp-content\/uploads\/sites\/8\/2025\/11\/Landing-Acceso_Header.jpg) !important;min-height:600px !important;align-items:center !important;padding-top:0px !important;padding-right:0px !important;padding-bottom:0px !important;padding-left:0px !important;margin-top:-30px !important;margin-bottom:50px !important;display:flex !important;}.stk-2cbe2d9-column{max-width:1300px !important;min-width:auto !important;}@media screen and (max-width: 767px){.stk-2cbe2d9 {min-height:400px !important;}}<\/style><div class=\"stk-row stk-inner-blocks stk-block-content stk-content-align stk-2cbe2d9-column\">\n<div class=\"wp-block-stackable-column stk-block-column stk-column stk-block stk-67d5c45\" data-v=\"4\" data-block-id=\"67d5c45\"><style>@media screen and (max-width: 767px){.stk-67d5c45 {padding-top:10px !important;padding-right:10px !important;padding-bottom:10px !important;padding-left:10px !important;}}<\/style><div class=\"stk-column-wrapper stk-block-column__content stk-container stk-67d5c45-container stk--no-background stk--no-padding\"><div class=\"stk-block-content stk-inner-blocks stk-67d5c45-inner-blocks\">\n<div class=\"wp-block-stackable-heading stk-block-heading stk-block-heading--v2 stk-block stk-c229f24\" id=\"simultaneidad\" data-block-id=\"c229f24\"><style>.stk-c229f24 {margin-bottom:0px !important;}.stk-c229f24 .stk-block-heading__text{font-size:80px !important;color:#ffffff !important;font-weight:700 !important;font-family:\"Montserrat\", Sans-serif !important;}@media screen and (max-width: 1023px){.stk-c229f24 .stk-block-heading__text{font-size:50px !important;}}@media screen and (max-width: 767px){.stk-c229f24 .stk-block-heading__text{font-size:47px !important;}}<\/style><h1 class=\"stk-block-heading__text has-text-color\">Simultan\u00e9it\u00e9<\/h1><\/div>\n<\/div><\/div><\/div>\n<\/div><\/div>\n\n\n\n<div class=\"wp-block-stackable-columns stk-block-columns stk-block stk-8b59b96\" data-block-id=\"8b59b96\"><style>.stk-8b59b96-column{--stk-columns-spacing:0px !important;--stk-column-gap:50px !important;}<\/style><div class=\"stk-row stk-inner-blocks stk-block-content stk-content-align stk-8b59b96-column\">\n<div class=\"wp-block-stackable-column stk-block-column stk-column stk-block stk-dbb7e15\" data-v=\"4\" data-block-id=\"dbb7e15\"><div class=\"stk-column-wrapper stk-block-column__content stk-container stk-dbb7e15-container stk--no-background stk--no-padding\"><div class=\"stk-block-content stk-inner-blocks stk-dbb7e15-inner-blocks\">\n<p data-block-type=\"core\">Les \u00e9tudiants ayant d\u00e9but\u00e9 des \u00e9tudes officielles de licence en espagnol et ayant termin\u00e9 leur premi\u00e8re ann\u00e9e compl\u00e8te d&#039;\u00e9tudes peuvent demander une inscription simultan\u00e9e \u00e0 l&#039;Universit\u00e9 de La Laguna avec une autre licence. Dans tous les cas, les demandes d&#039;inscription simultan\u00e9e seront trait\u00e9es d\u00e8s que des places seront disponibles, une fois les proc\u00e9dures de pr\u00e9inscription et d&#039;inscription termin\u00e9es.<\/p>\n\n\n\n<p data-block-type=\"core\">Les mati\u00e8res suivies par des \u00e9tudes simultan\u00e9es ne peuvent pas \u00eatre utilis\u00e9es pour la reconnaissance des cr\u00e9dits des mati\u00e8res du dipl\u00f4me dans lequel l&#039;\u00e9tudiant a commenc\u00e9 ses \u00e9tudes avant la demande d&#039;\u00e9tudes simultan\u00e9es.<\/p>\n\n\n\n<p data-block-type=\"core\">Seuls les \u00e9tudiants inscrits \u00e0 temps plein dans un programme d&#039;\u00e9tudes peuvent poursuivre des \u00e9tudes menant \u00e0 un dipl\u00f4me simultan\u00e9ment. En deuxi\u00e8me ann\u00e9e, le cours serait \u00e0 temps partiel, \u00e0 moins que l&#039;\u00e9l\u00e8ve le demande express\u00e9ment et justifie, en fonction de sa situation scolaire, son besoin de le suivre \u00e9galement \u00e0 temps plein.<\/p>\n\n\n\n<p data-block-type=\"core\">Si le candidat est inscrit \u00e0 l&#039;ULL et souhaite s&#039;inscrire simultan\u00e9ment dans une autre universit\u00e9, il doit fournir une preuve d&#039;admission \u00e0 l&#039;autre universit\u00e9 et payer les frais de transfert de dossier pour l&#039;inscription simultan\u00e9e.<\/p>\n\n\n\n<ul class=\"wp-block-list\" data-block-type=\"core\">\n<li data-block-type=\"core\">Date limite de d\u00e9p\u00f4t des candidatures :&nbsp;<strong>du 11 au 17 septembre 2025.<\/strong><\/li>\n\n\n\n<li data-block-type=\"core\">Date limite de r\u00e9solution : avant&nbsp;<strong>22 septembre 2025<\/strong><strong>.<\/strong><\/li>\n\n\n\n<li data-block-type=\"core\">Date limite d&#039;inscription :&nbsp;<strong>5 jours ouvrables \u00e0 compter de la r\u00e9solution<\/strong>.<\/li>\n<\/ul>\n\n\n\n<p data-block-type=\"core\"><a href=\"https:\/\/sede.ull.es\/ecivilis-site\/catalog\/showProcedure\/450\" target=\"_blank\" rel=\"noreferrer noopener\">Demande d&#039;\u00e9tudes simultan\u00e9es<\/a>.<\/p>\n\n\n\n<ul class=\"wp-block-list\" data-block-type=\"core\">\n<li data-block-type=\"core\"><a href=\"https:\/\/www.boe.es\/eli\/es\/o\/1984\/09\/28\/(3)\" target=\"_blank\" rel=\"noreferrer noopener\">Arr\u00eat\u00e9 du 28 septembre 1984 relatif au r\u00e9gime des \u00e9tudes universitaires simultan\u00e9es dans diff\u00e9rents centres<\/a>. (BOE n\u00b0 242 du 9 octobre 1984).<\/li>\n\n\n\n<li data-block-type=\"core\"><a href=\"https:\/\/sede.ull.es\/ecivilis-site\/bulletinBoard\/showBulletin\/44831:1\" target=\"_blank\" rel=\"noreferrer noopener\">R\u00e8glement d&#039;admission et d&#039;inscription aux cours officiels de premier cycle \u00e0 l&#039;Universit\u00e9 de La Laguna<\/a>&nbsp;(BOULL n\u00b0 99 du 17 d\u00e9cembre 2024).\n<ul class=\"wp-block-list\" data-block-type=\"core\">\n<li data-block-type=\"core\"><a href=\"https:\/\/sede.ull.es\/ecivilis-site\/bulletinBoard\/showBulletin\/47203:1\" target=\"_blank\" rel=\"noreferrer noopener\">Modification partielle du R\u00e8glement d&#039;admission et d&#039;inscription (art. 39)<\/a>&nbsp;(BOULL n\u00b0 41 du 28 mars 2025).<\/li>\n<\/ul>\n<\/li>\n<\/ul>\n<\/div><\/div><\/div>\n<\/div><\/div>","protected":false},"excerpt":{"rendered":"<p>Inscription simultan\u00e9e\u00a0: Les \u00e9tudiants ayant entam\u00e9 un cursus universitaire officiel de premier cycle en Espagne et ayant valid\u00e9 leur premi\u00e8re ann\u00e9e peuvent candidater \u00e0 une autre formation \u00e0 l\u2019Universit\u00e9 de La Laguna. Toutefois, les candidatures \u00e0 l\u2019inscription simultan\u00e9e ne seront accept\u00e9es que sous r\u00e9serve de places disponibles apr\u00e8s la cl\u00f4ture des proc\u00e9dures de pr\u00e9inscription et d\u2019inscription.<\/p>","protected":false},"author":14,"featured_media":0,"parent":3008,"menu_order":0,"comment_status":"closed","ping_status":"closed","template":"templates\/template-frontpage.php","meta":{"footnotes":""},"class_list":["post-1994","page","type-page","status-publish","hentry"],"_links":{"self":[{"href":"https:\/\/www.ull.es\/admision-becas\/fr\/wp-json\/wp\/v2\/pages\/1994","targetHints":{"allow":["GET"]}}],"collection":[{"href":"https:\/\/www.ull.es\/admision-becas\/fr\/wp-json\/wp\/v2\/pages"}],"about":[{"href":"https:\/\/www.ull.es\/admision-becas\/fr\/wp-json\/wp\/v2\/types\/page"}],"author":[{"embeddable":true,"href":"https:\/\/www.ull.es\/admision-becas\/fr\/wp-json\/wp\/v2\/users\/14"}],"replies":[{"embeddable":true,"href":"https:\/\/www.ull.es\/admision-becas\/fr\/wp-json\/wp\/v2\/comments?post=1994"}],"version-history":[{"count":21,"href":"https:\/\/www.ull.es\/admision-becas\/fr\/wp-json\/wp\/v2\/pages\/1994\/revisions"}],"predecessor-version":[{"id":8125,"href":"https:\/\/www.ull.es\/admision-becas\/fr\/wp-json\/wp\/v2\/pages\/1994\/revisions\/8125"}],"up":[{"embeddable":true,"href":"https:\/\/www.ull.es\/admision-becas\/fr\/wp-json\/wp\/v2\/pages\/3008"}],"wp:attachment":[{"href":"https:\/\/www.ull.es\/admision-becas\/fr\/wp-json\/wp\/v2\/media?parent=1994"}],"curies":[{"name":"wp","href":"https:\/\/api.w.org\/{rel}","templated":true}]}}