{"id":3008,"date":"2019-12-09T12:46:27","date_gmt":"2019-12-09T12:46:27","guid":{"rendered":"https:\/\/www.ull.es\/admision-becas\/?page_id=3008"},"modified":"2025-12-16T09:08:09","modified_gmt":"2025-12-16T09:08:09","slug":"admision-a-titulaciones-oficiales-de-grado","status":"publish","type":"page","link":"https:\/\/www.ull.es\/admision-becas\/fr\/admision-a-titulaciones-oficiales-de-grado\/","title":{"rendered":"Admission aux dipl\u00f4mes officiels de licence"},"content":{"rendered":"<div class=\"wp-block-stackable-columns alignfull stk-block-columns stk-block stk-2cbe2d9 stk-block-background stk--has-background-overlay\" data-block-id=\"2cbe2d9\"><style>.stk-2cbe2d9 {background-image:url(https:\/\/www.ull.es\/admision-becas\/wp-content\/uploads\/sites\/8\/2025\/11\/Landing-Acceso_Header.jpg) !important;min-height:600px !important;align-items:center !important;padding-top:0px !important;padding-right:0px !important;padding-bottom:0px !important;padding-left:0px !important;margin-top:-30px !important;margin-bottom:50px !important;display:flex !important;}.stk-2cbe2d9-column{max-width:1300px !important;min-width:auto !important;}@media screen and (max-width: 767px){.stk-2cbe2d9 {min-height:400px !important;}}<\/style><div class=\"stk-row stk-inner-blocks stk-block-content stk-content-align stk-2cbe2d9-column\">\n<div class=\"wp-block-stackable-column stk-block-column stk-column stk-block stk-67d5c45\" data-v=\"4\" data-block-id=\"67d5c45\"><style>@media screen and (max-width: 767px){.stk-67d5c45 {padding-top:10px !important;padding-right:10px !important;padding-bottom:10px !important;padding-left:10px !important;}}<\/style><div class=\"stk-column-wrapper stk-block-column__content stk-container stk-67d5c45-container stk--no-background stk--no-padding\"><div class=\"stk-block-content stk-inner-blocks stk-67d5c45-inner-blocks\">\n<div class=\"wp-block-stackable-heading stk-block-heading stk-block-heading--v2 stk-block stk-c229f24\" id=\"otras-vias-br-de-admision\" data-block-id=\"c229f24\"><style>.stk-c229f24 {margin-bottom:0px !important;}.stk-c229f24 .stk-block-heading__text{font-size:80px !important;color:#ffffff !important;font-weight:700 !important;font-family:\"Montserrat\", Sans-serif !important;}@media screen and (max-width: 1023px){.stk-c229f24 .stk-block-heading__text{font-size:50px !important;}}@media screen and (max-width: 767px){.stk-c229f24 .stk-block-heading__text{font-size:47px !important;}}<\/style><h1 class=\"stk-block-heading__text has-text-color\">D&#039;autres fa\u00e7ons <br>admission<\/h1><\/div>\n<\/div><\/div><\/div>\n<\/div><\/div>\n\n\n\n<div class=\"wp-block-stackable-columns stk-block-columns stk-block stk-8b59b96\" data-block-id=\"8b59b96\"><style>.stk-8b59b96 .stk--block-align-8b59b96{align-items:flex-start !important;}.stk-8b59b96-column{--stk-columns-spacing:0px !important;--stk-column-gap:50px !important;}<\/style><div class=\"stk-row stk-inner-blocks stk--block-align-8b59b96 stk-block-content stk-content-align stk-8b59b96-column\">\n<div class=\"wp-block-stackable-column stk-block-column stk-column stk-block stk-dbb7e15\" data-v=\"4\" data-block-id=\"dbb7e15\"><div class=\"stk-column-wrapper stk-block-column__content stk-container stk-dbb7e15-container stk--no-background stk--no-padding\"><div class=\"stk-block-content stk-inner-blocks stk-dbb7e15-inner-blocks\">\n<div class=\"wp-block-stackable-text stk-block-text stk-block stk-02eb425\" data-block-id=\"02eb425\"><p class=\"stk-block-text__text\">L&#039;admission est la proc\u00e9dure d&#039;attribution des places offertes par l&#039;Universit\u00e9 de La Laguna (ci-apr\u00e8s ULL) pour \u00e9tudier des cours universitaires officiels parmi les personnes qui r\u00e9pondent aux exigences suivantes :&nbsp;<a href=\"https:\/\/www.ull.es\/admision-becas\/que-es-el-acceso\/\" target=\"_blank\" rel=\"noreferrer noopener\">exigences d&#039;acc\u00e8s<\/a>, les ont demand\u00e9s.<\/p><\/div>\n\n\n\n<p data-block-type=\"core\">Outre la proc\u00e9dure d&#039;admission standard (pr\u00e9inscription), l&#039;ULL propose les proc\u00e9dures d&#039;admission suivantes\u00a0:<\/p>\n\n\n\n<ol class=\"wp-block-list\" data-block-type=\"core\">\n<li data-block-type=\"core\"><a href=\"https:\/\/www.ull.es\/admision-becas\/traslado-de-expediente\/\" target=\"_blank\" rel=\"noreferrer noopener\">Changement d&#039;universit\u00e9 et\/ou d&#039;\u00e9tudes universitaires officielles espagnoles (transfert de dossiers)<\/a><\/li>\n\n\n\n<li data-block-type=\"core\"><a href=\"https:\/\/www.ull.es\/admision-becas\/acceso-extranjeros\/convalidacion-estudios-parciales-extranjeros\/\" target=\"_blank\" rel=\"noreferrer noopener\">\u00c9tudes universitaires \u00e0 l&#039;\u00e9tranger (validation partielle des \u00e9tudes \u00e9trang\u00e8res)<\/a><\/li>\n\n\n\n<li data-block-type=\"core\"><a href=\"https:\/\/www.ull.es\/admision-becas\/simultaneidad\/\" target=\"_blank\" rel=\"noreferrer noopener\">\u00c9tudes simultan\u00e9es<\/a><\/li>\n<\/ol>\n<\/div><\/div><\/div>\n<\/div><\/div>","protected":false},"excerpt":{"rendered":"<p>Otras v\u00edas de admisi\u00f3n La admisi\u00f3n es el procedimiento de adjudicaci\u00f3n de las plazas ofertadas por la Universidad de La Laguna (en adelante ULL) para cursar ense\u00f1anzas universitarias oficiales entre aquellas personas, que cumpliendo los&nbsp;requisitos de acceso, las hayan&nbsp; solicitado. Adem\u00e1s del procedimiento ordinario de admisi\u00f3n (preinscripci\u00f3n), en la ULL existen los siguientes procedimientos de&#8230;<\/p>","protected":false},"author":26,"featured_media":0,"parent":0,"menu_order":0,"comment_status":"closed","ping_status":"closed","template":"templates\/template-frontpage.php","meta":{"footnotes":""},"class_list":["post-3008","page","type-page","status-publish","hentry"],"_links":{"self":[{"href":"https:\/\/www.ull.es\/admision-becas\/fr\/wp-json\/wp\/v2\/pages\/3008","targetHints":{"allow":["GET"]}}],"collection":[{"href":"https:\/\/www.ull.es\/admision-becas\/fr\/wp-json\/wp\/v2\/pages"}],"about":[{"href":"https:\/\/www.ull.es\/admision-becas\/fr\/wp-json\/wp\/v2\/types\/page"}],"author":[{"embeddable":true,"href":"https:\/\/www.ull.es\/admision-becas\/fr\/wp-json\/wp\/v2\/users\/26"}],"replies":[{"embeddable":true,"href":"https:\/\/www.ull.es\/admision-becas\/fr\/wp-json\/wp\/v2\/comments?post=3008"}],"version-history":[{"count":24,"href":"https:\/\/www.ull.es\/admision-becas\/fr\/wp-json\/wp\/v2\/pages\/3008\/revisions"}],"predecessor-version":[{"id":8346,"href":"https:\/\/www.ull.es\/admision-becas\/fr\/wp-json\/wp\/v2\/pages\/3008\/revisions\/8346"}],"wp:attachment":[{"href":"https:\/\/www.ull.es\/admision-becas\/fr\/wp-json\/wp\/v2\/media?parent=3008"}],"curies":[{"name":"wp","href":"https:\/\/api.w.org\/{rel}","templated":true}]}}