{"id":574,"date":"2017-06-08T07:13:08","date_gmt":"2017-06-08T07:13:08","guid":{"rendered":"https:\/\/www.ull.es\/admision-becas\/?page_id=574"},"modified":"2025-12-16T09:11:47","modified_gmt":"2025-12-16T09:11:47","slug":"alumnos-procedentes-sistemas-educativos-extranjeros","status":"publish","type":"page","link":"https:\/\/www.ull.es\/admision-becas\/fr\/pau\/alumnos-procedentes-sistemas-educativos-extranjeros\/","title":{"rendered":"\u00c9tudiants issus de syst\u00e8mes \u00e9ducatifs \u00e9trangers"},"content":{"rendered":"<div class=\"wp-block-stackable-columns alignfull stk-block-columns stk-block stk-2cbe2d9 stk-block-background stk--has-background-overlay\" data-block-id=\"2cbe2d9\"><style>.stk-2cbe2d9 {background-image:url(https:\/\/www.ull.es\/admision-becas\/wp-content\/uploads\/sites\/8\/2025\/11\/Landing-PAU_Header.jpg) !important;min-height:600px !important;align-items:center !important;padding-top:0px !important;padding-right:0px !important;padding-bottom:0px !important;padding-left:0px !important;margin-top:-30px !important;margin-bottom:50px !important;display:flex !important;}.stk-2cbe2d9-column{max-width:1300px !important;min-width:auto !important;}@media screen and (max-width: 767px){.stk-2cbe2d9 {min-height:400px !important;}}<\/style><div class=\"stk-row stk-inner-blocks stk-block-content stk-content-align stk-2cbe2d9-column\">\n<div class=\"wp-block-stackable-column stk-block-column stk-column stk-block stk-67d5c45\" data-v=\"4\" data-block-id=\"67d5c45\"><style>@media screen and (min-width: 768px){.stk-67d5c45 {flex:var(--stk-flex-grow, 1) 1 calc(92% - var(--stk-column-gap, 0px) * 1 \/ 2 ) !important;}}@media screen and (min-width: 768px) and (max-width: 1023px){.stk-67d5c45 {flex:var(--stk-flex-grow, 1) 1 calc(60% - var(--stk-column-gap, 0px) * 1 \/ 2 ) !important;}}@media screen and (max-width: 767px){.stk-67d5c45 {padding-top:10px !important;padding-right:10px !important;padding-bottom:10px !important;padding-left:10px !important;}}<\/style><div class=\"stk-column-wrapper stk-block-column__content stk-container stk-67d5c45-container stk--no-background stk--no-padding\"><div class=\"stk-block-content stk-inner-blocks stk-67d5c45-inner-blocks\">\n<div class=\"wp-block-stackable-heading stk-block-heading stk-block-heading--v2 stk-block stk-c229f24\" id=\"alumnos-procedentes-de-sistemas-educativos-extranjeros\" data-block-id=\"c229f24\"><style>.stk-c229f24 {margin-bottom:0px !important;}.stk-c229f24 .stk-block-heading__text{font-size:80px !important;color:#ffffff !important;font-weight:700 !important;font-family:\"Montserrat\", Sans-serif !important;}@media screen and (max-width: 1023px){.stk-c229f24 .stk-block-heading__text{font-size:50px !important;}}@media screen and (max-width: 767px){.stk-c229f24 .stk-block-heading__text{font-size:47px !important;}}<\/style><h1 class=\"stk-block-heading__text has-text-color\">\u00c9tudiants issus de syst\u00e8mes \u00e9ducatifs \u00e9trangers<\/h1><\/div>\n<\/div><\/div><\/div>\n\n\n\n<div class=\"wp-block-stackable-column stk-block-column stk-column stk-block stk-a283fdb\" data-v=\"4\" data-block-id=\"a283fdb\"><style>@media screen and (min-width: 768px){.stk-a283fdb {flex:var(--stk-flex-grow, 1) 1 calc(8% - var(--stk-column-gap, 0px) * 1 \/ 2 ) !important;}}@media screen and (min-width: 768px) and (max-width: 1023px){.stk-a283fdb {flex:var(--stk-flex-grow, 1) 1 calc(40% - var(--stk-column-gap, 0px) * 1 \/ 2 ) !important;}}<\/style><div class=\"stk-column-wrapper stk-block-column__content stk-container stk-a283fdb-container stk--no-background stk--no-padding\"><div class=\"stk-block-content stk-inner-blocks stk-a283fdb-inner-blocks\"><\/div><\/div><\/div>\n<\/div><\/div>\n\n\n\n<div class=\"wp-block-stackable-columns stk-block-columns stk-block stk-8b59b96\" data-block-id=\"8b59b96\"><style>.stk-8b59b96 .stk--block-align-8b59b96{align-items:flex-start !important;}.stk-8b59b96-column{--stk-columns-spacing:0px !important;--stk-column-gap:50px !important;}<\/style><div class=\"stk-row stk-inner-blocks stk--block-align-8b59b96 stk-block-content stk-content-align stk-8b59b96-column\">\n<div class=\"wp-block-stackable-column stk-block-column stk-column stk-block stk-dbb7e15\" data-v=\"4\" data-block-id=\"dbb7e15\"><div class=\"stk-column-wrapper stk-block-column__content stk-container stk-dbb7e15-container stk--no-background stk--no-padding\"><div class=\"stk-block-content stk-inner-blocks stk-dbb7e15-inner-blocks\">\n<div class=\"wp-block-stackable-heading stk-block-heading stk-block-heading--v2 stk-block stk-59718a5\" data-block-id=\"59718a5\"><style>.stk-59718a5 {margin-bottom:20px !important;}.stk-59718a5 .stk-block-heading__text{font-size:35px !important;color:var(--stk-global-color-60833, #5c068c) !important;font-weight:400 !important;}@media screen and (max-width: 1023px){.stk-59718a5 .stk-block-heading__text{font-size:35px !important;}}<\/style><h2 class=\"stk-block-heading__text has-text-color\"><\/h2><\/div>\n\n\n\n<div class=\"wp-block-stackable-text stk-block-text stk-block stk-2eb20a5\" data-block-id=\"2eb20a5\"><p class=\"stk-block-text__text\">Les \u00e9tudiants de&nbsp;<strong>syst\u00e8mes \u00e9ducatifs de l&#039;Union europ\u00e9enne ou des pays ayant conclu un accord de r\u00e9ciprocit\u00e9<\/strong>&nbsp;en la mati\u00e8re (consultation&nbsp;<a href=\"https:\/\/unedasiss.uned.es\/recursos\/archivos\/Anexo_I_reglamento_unedasiss.pdf\" target=\"_blank\" rel=\"noreferrer noopener\">ici<\/a>&nbsp;la liste des pays ayant conclu un accord) doit&nbsp;<strong>\u00eatre en possession de l&#039;accr\u00e9ditation correspondante d\u00e9livr\u00e9e par l&#039;UNED<\/strong>, pouvant suivre la phase optionnelle du PAU dans les universit\u00e9s publiques des \u00eeles Canaries ou le test de comp\u00e9tences sp\u00e9cifiques (PCE) organis\u00e9 par l&#039;UNED elle-m\u00eame.<\/p><\/div>\n\n\n\n<p data-block-type=\"core\">Les \u00e9tudiants de la&nbsp;<strong>autres syst\u00e8mes \u00e9ducatifs \u00e9trangers<\/strong>&nbsp;Ils doivent demander la reconnaissance de leur dipl\u00f4me \u00e9tranger comme baccalaur\u00e9at espagnol ou \u00e9quivalent aupr\u00e8s du minist\u00e8re de l&#039;\u00c9ducation et de la Formation professionnelle, et doivent \u00e9galement obtenir l&#039;accr\u00e9ditation d\u00e9livr\u00e9e par l&#039;UNED.&nbsp;<strong>Ils pourront uniquement passer le test de comp\u00e9tences sp\u00e9cifiques (PCE) organis\u00e9 par l&#039;UNED<\/strong>.<\/p>\n\n\n\n<p data-block-type=\"core\">Dans tous les cas, les \u00e9tudiants qui souhaitent am\u00e9liorer leur niveau peuvent passer le PAU dans les universit\u00e9s publiques des \u00eeles Canaries lors des appels ult\u00e9rieurs, \u00e0 condition d&#039;avoir obtenu au pr\u00e9alable l&#039;accr\u00e9ditation d\u00e9livr\u00e9e par l&#039;UNED, et, dans le cas des \u00e9tudiants provenant de pays n&#039;appartenant pas \u00e0 l&#039;Union europ\u00e9enne ou ayant un accord de r\u00e9ciprocit\u00e9 en la mati\u00e8re, ils doivent \u00e9galement avoir pass\u00e9 le PCE avec un&nbsp;<a href=\"https:\/\/www.ull.es\/admision-becas\/pau\/estructura-la-pau\/\" target=\"_blank\" rel=\"noreferrer noopener\">structure similaire \u00e0 celle du PAU<\/a>.<\/p>\n\n\n\n<p data-block-type=\"core\">Plus d&#039;informations sur la mani\u00e8re d&#039;obtenir<a href=\"https:\/\/unedasiss.uned.es\/home\" target=\"_blank\" rel=\"noreferrer noopener\">&nbsp;Accr\u00e9ditation UNED<\/a>.<\/p>\n\n\n\n<p data-block-type=\"core\">Plus d&#039;informations sur le <a href=\"https:\/\/drive.google.com\/file\/d\/1xl2xrCda6CnbMGxAzdjNSDg39e7lfm7O\/view?usp=sharing\" target=\"_blank\" rel=\"noopener\">proc\u00e9dure d&#039;acc\u00e8s<\/a>.<\/p>\n\n\n\n<p data-block-type=\"core\">Plus d&#039;informations sur le&nbsp;<a href=\"https:\/\/www.ull.es\/admision-becas\/admision-a-titulaciones-oficiales-de-grado\/preinscripcion\/calculo-nota-admision\/#estudios-extranjeros\" target=\"_blank\" rel=\"noreferrer noopener\">calcul de la note d&#039;admission<\/a>.<\/p>\n<\/div><\/div><\/div>\n<\/div><\/div>","protected":false},"excerpt":{"rendered":"<p>\u00c9tudiants issus de syst\u00e8mes \u00e9ducatifs \u00e9trangers\u00a0: Les \u00e9tudiants issus de syst\u00e8mes \u00e9ducatifs de l\u2019Union europ\u00e9enne ou de pays ayant conclu des accords de r\u00e9ciprocit\u00e9 dans ce domaine (voir la liste des pays signataires ici) doivent \u00eatre titulaires de l\u2019accr\u00e9ditation correspondante d\u00e9livr\u00e9e par l\u2019UNED et peuvent passer la phase optionnelle des examens d\u2019entr\u00e9e \u00e0 l\u2019universit\u00e9 (PAU) dans les universit\u00e9s publiques des \u00eeles Canaries ou\u2026<\/p>","protected":false},"author":1,"featured_media":0,"parent":567,"menu_order":8,"comment_status":"closed","ping_status":"closed","template":"templates\/template-frontpage.php","meta":{"footnotes":""},"class_list":["post-574","page","type-page","status-publish","hentry"],"_links":{"self":[{"href":"https:\/\/www.ull.es\/admision-becas\/fr\/wp-json\/wp\/v2\/pages\/574","targetHints":{"allow":["GET"]}}],"collection":[{"href":"https:\/\/www.ull.es\/admision-becas\/fr\/wp-json\/wp\/v2\/pages"}],"about":[{"href":"https:\/\/www.ull.es\/admision-becas\/fr\/wp-json\/wp\/v2\/types\/page"}],"author":[{"embeddable":true,"href":"https:\/\/www.ull.es\/admision-becas\/fr\/wp-json\/wp\/v2\/users\/1"}],"replies":[{"embeddable":true,"href":"https:\/\/www.ull.es\/admision-becas\/fr\/wp-json\/wp\/v2\/comments?post=574"}],"version-history":[{"count":35,"href":"https:\/\/www.ull.es\/admision-becas\/fr\/wp-json\/wp\/v2\/pages\/574\/revisions"}],"predecessor-version":[{"id":8348,"href":"https:\/\/www.ull.es\/admision-becas\/fr\/wp-json\/wp\/v2\/pages\/574\/revisions\/8348"}],"up":[{"embeddable":true,"href":"https:\/\/www.ull.es\/admision-becas\/fr\/wp-json\/wp\/v2\/pages\/567"}],"wp:attachment":[{"href":"https:\/\/www.ull.es\/admision-becas\/fr\/wp-json\/wp\/v2\/media?parent=574"}],"curies":[{"name":"wp","href":"https:\/\/api.w.org\/{rel}","templated":true}]}}