{"id":603,"date":"2017-06-08T07:59:05","date_gmt":"2017-06-08T07:59:05","guid":{"rendered":"https:\/\/www.ull.es\/admision-becas\/?page_id=603"},"modified":"2025-12-02T14:05:45","modified_gmt":"2025-12-02T14:05:45","slug":"tarjetas-de-calificaciones","status":"publish","type":"page","link":"https:\/\/www.ull.es\/admision-becas\/fr\/pau\/tarjetas-de-calificaciones\/","title":{"rendered":"Bulletins scolaires"},"content":{"rendered":"<div class=\"wp-block-stackable-columns alignfull stk-block-columns stk-block stk-2cbe2d9 stk-block-background stk--has-background-overlay\" data-block-id=\"2cbe2d9\"><style>.stk-2cbe2d9 {background-image:url(https:\/\/www.ull.es\/admision-becas\/wp-content\/uploads\/sites\/8\/2025\/11\/Landing-PAU_Header.jpg) !important;min-height:600px !important;align-items:center !important;padding-top:0px !important;padding-right:0px !important;padding-bottom:0px !important;padding-left:0px !important;margin-top:-30px !important;margin-bottom:50px !important;display:flex !important;}.stk-2cbe2d9-column{max-width:1300px !important;min-width:auto !important;}@media screen and (max-width: 767px){.stk-2cbe2d9 {min-height:400px !important;}}<\/style><div class=\"stk-row stk-inner-blocks stk-block-content stk-content-align stk-2cbe2d9-column\">\n<div class=\"wp-block-stackable-column stk-block-column stk-column stk-block stk-67d5c45\" data-v=\"4\" data-block-id=\"67d5c45\"><style>@media screen and (max-width: 767px){.stk-67d5c45 {padding-top:10px !important;padding-right:10px !important;padding-bottom:10px !important;padding-left:10px !important;}}<\/style><div class=\"stk-column-wrapper stk-block-column__content stk-container stk-67d5c45-container stk--no-background stk--no-padding\"><div class=\"stk-block-content stk-inner-blocks stk-67d5c45-inner-blocks\">\n<div class=\"wp-block-stackable-heading stk-block-heading stk-block-heading--v2 stk-block stk-c229f24\" id=\"tarjetas-de-calificaciones\" data-block-id=\"c229f24\"><style>.stk-c229f24 {margin-bottom:0px !important;}.stk-c229f24 .stk-block-heading__text{font-size:80px !important;color:#ffffff !important;font-weight:700 !important;font-family:\"Montserrat\", Sans-serif !important;}@media screen and (max-width: 1023px){.stk-c229f24 .stk-block-heading__text{font-size:50px !important;}}@media screen and (max-width: 767px){.stk-c229f24 .stk-block-heading__text{font-size:47px !important;}}<\/style><h1 class=\"stk-block-heading__text has-text-color\">Bulletins scolaires<\/h1><\/div>\n<\/div><\/div><\/div>\n<\/div><\/div>\n\n\n\n<div class=\"wp-block-stackable-columns stk-block-columns stk-block stk-8b59b96\" data-block-id=\"8b59b96\"><style>.stk-8b59b96 .stk--block-align-8b59b96{align-items:flex-start !important;}.stk-8b59b96-column{--stk-columns-spacing:0px !important;--stk-column-gap:50px !important;}<\/style><div class=\"stk-row stk-inner-blocks stk--block-align-8b59b96 stk-block-content stk-content-align stk-8b59b96-column\">\n<div class=\"wp-block-stackable-column stk-block-column stk-column stk-block stk-dbb7e15\" data-v=\"4\" data-block-id=\"dbb7e15\"><div class=\"stk-column-wrapper stk-block-column__content stk-container stk-dbb7e15-container stk--no-background stk--no-padding\"><div class=\"stk-block-content stk-inner-blocks stk-dbb7e15-inner-blocks\">\n<div class=\"wp-block-stackable-heading stk-block-heading stk-block-heading--v2 stk-block stk-59718a5\" data-block-id=\"59718a5\"><style>.stk-59718a5 {margin-bottom:20px !important;}.stk-59718a5 .stk-block-heading__text{font-size:35px !important;color:var(--stk-global-color-60833, #5c068c) !important;font-weight:400 !important;}@media screen and (max-width: 1023px){.stk-59718a5 .stk-block-heading__text{font-size:35px !important;}}<\/style><h2 class=\"stk-block-heading__text has-text-color\"><\/h2><\/div>\n\n\n\n<p data-block-type=\"core\">\u00c0 partir des appels de juin et juillet 2013, les notes des examens d&#039;entr\u00e9e en licence r\u00e9ussis dans cette Universit\u00e9 peuvent \u00eatre consult\u00e9es et t\u00e9l\u00e9charg\u00e9es via le&nbsp;<a href=\"https:\/\/sede.ull.es\/\" target=\"_blank\" rel=\"noreferrer noopener\">Si\u00e8ge \u00e9lectronique de l&#039;ULL<\/a>.<\/p>\n\n\n\n<p data-block-type=\"core\">Les \u00e9tudiants pourront acc\u00e9der \u00e0 leurs notes \u00e0 tout moment et pourront t\u00e9l\u00e9charger la carte officielle autant de fois que n\u00e9cessaire, via le&nbsp;<a href=\"https:\/\/sede.ull.es\/\" target=\"_blank\" rel=\"noreferrer noopener\">Si\u00e8ge \u00e9lectronique de l&#039;ULL<\/a>, en entrant dans le menu \u00ab Mon dossier citoyen \u00bb, \u00ab Mes documents \u00bb. Toutes les cartes des diff\u00e9rents examens EBAU\/PAU que vous avez pass\u00e9s y appara\u00eetront. Pour t\u00e9l\u00e9charger le document sign\u00e9 \u00e9lectroniquement, cliquez sur le bouton \u00ab\u00a0Afficher\u00a0\u00bb et s\u00e9lectionnez \u00ab\u00a0Document avec validation de signature\u00a0\u00bb.<\/p>\n\n\n\n<p data-block-type=\"core\">L&#039;acc\u00e8s se fera via le nom d&#039;utilisateur et le mot de passe fournis aux \u00e9tudiants lors de leur inscription aux examens d&#039;entr\u00e9e.<\/p>\n\n\n\n<div class=\"wp-block-stackable-spacer stk-block-spacer stk--no-padding stk-block stk-a870262\" data-block-id=\"a870262\"><style>.stk-a870262 {height:26px !important;}<\/style><\/div>\n\n\n\n<div class=\"wp-block-stackable-icon-label stk-block-icon-label stk-block stk-405e850 stk-block-background\" id=\"a-href-https-www-ull-es-links-interes-data-type-page-data-id-15808-span-style-color-var-stk-global-color-92696-eeeeee-class-stk-highlight-acceso-a-las-notas-de-corte-dobles-grados-2025-2026-span-a\" data-block-id=\"405e850\"><style>.stk-405e850 {background-color:#7c30e3 !important;border-top-left-radius:25px !important;border-top-right-radius:25px !important;border-bottom-right-radius:25px !important;border-bottom-left-radius:25px !important;overflow:hidden !important;border-style:solid !important;border-color:#dfdad1 !important;border-top-width:0px !important;border-right-width:0px !important;border-bottom-width:1px !important;border-left-width:0px !important;padding-top:36px !important;padding-right:20px !important;padding-bottom:36px !important;padding-left:25px !important;margin-bottom:24px !important;}.stk-405e850:before{background-color:#7c30e3 !important;}<\/style><div class=\"stk-row stk-inner-blocks stk-block-content\">\n<div class=\"wp-block-stackable-heading stk-block-heading stk-block-heading--v2 stk-block stk-52d5e6f\" id=\"a-href-https-login-ull-es-cas-1-login-target-https-3-a-2-f-2-fsede-ull-es-2-fecivilis-site-2-frecords-2-fmy-records-span-style-color-fffffe-class-stk-highlight-tarjeta-de-calificacion-span-a\" data-block-id=\"52d5e6f\"><style>.stk-52d5e6f .stk-block-heading__text{color:#000000 !important;font-weight:600 !important;font-family:\"Montserrat\", Sans-serif !important;}@media screen and (max-width: 767px){.stk-52d5e6f .stk-block-heading__text{font-size:15px !important;}}<\/style><h4 class=\"stk-block-heading__text has-text-color\"><a href=\"https:\/\/login.ull.es\/cas-1\/login?TARGET=https%3A%2F%2Fsede.ull.es%2Fecivilis-site%2Frecords%2FmyRecords\" target=\"_blank\" rel=\"noopener\"><span style=\"color: #fffffe;\" class=\"stk-highlight\">Tableau de bord<\/span><\/a><\/h4><\/div>\n\n\n\n<div class=\"wp-block-stackable-icon stk-block-icon has-text-align-left stk-block stk-f721377\" data-block-id=\"f721377\"><style>@media screen and (max-width: 767px){.stk-f721377 .stk--svg-wrapper .stk--inner-svg svg:last-child{height:20px !important;width:20px !important;}}<\/style><a class=\"stk-link\" href=\"https:\/\/drive.google.com\/file\/d\/1a79EwyWLZl-7eU3WWm0MgGMEkv1JsGmO\/view\" target=\"_blank\" rel=\"noopener\"><span class=\"stk--svg-wrapper\"><div class=\"stk--inner-svg\"><svg style=\"height:0;width:0\"><defs><lineargradient id=\"linear-gradient-f721377\" x1=\"0\" x2=\"100%\" y1=\"0\" y2=\"0\"><stop offset=\"0%\" style=\"stop-opacity:1;stop-color:var(--linear-gradient-f-721377-color-1)\"><\/stop><stop offset=\"100%\" style=\"stop-opacity:1;stop-color:var(--linear-gradient-f-721377-color-2)\"><\/stop><\/lineargradient><\/defs><\/svg><svg class=\"ugb-custom-icon\" id=\"Capa_1-91700\" data-name=\"Capa 1\" xmlns=\"http:\/\/www.w3.org\/2000\/svg\" viewbox=\"0 0 36 36\" aria-hidden=\"true\" width=\"32\" height=\"32\">\n  <defs>\n    <style>\n      .cls-1 {\n        fill: #fff;\n      }\n\n      .cls-2 {\n        fill: #782ce8;\n      }\n    <\/style>\n  <\/defs>\n  <circle class=\"cls-1\" cx=\"18\" cy=\"18\" r=\"18\"><\/circle>\n  <polygon class=\"cls-2\" points=\"24.35 23.34 21.01 23.33 21.01 17.26 13.19 25.08 10.92 22.81 18.81 14.92 12.73 14.92 12.73 11.58 24.35 11.58 24.35 23.34\"><\/polygon>\n<\/svg><\/div><\/span><\/a><\/div>\n<\/div><\/div>\n\n\n\n<div class=\"wp-block-stackable-spacer stk-block-spacer stk--no-padding stk-block stk-831f6f7\" data-block-id=\"831f6f7\"><style>.stk-831f6f7 {height:26px !important;}<\/style><\/div>\n\n\n\n<div class=\"wp-block-stackable-text stk-block-text stk-block stk-b63c4bf\" data-block-id=\"b63c4bf\"><p class=\"stk-block-text__text\">Demande de r\u00e9sultats d&#039;examens d&#039;entr\u00e9e ant\u00e9rieurs \u00e0 2013<\/p><\/div>\n\n\n\n<p data-block-type=\"core\">Ils doivent d\u00e9poser une demande adress\u00e9e au Bureau des Tests d&#039;Acc\u00e8s par l&#039;interm\u00e9diaire du&nbsp;<a href=\"https:\/\/sede.ull.es\/ecivilis-site\/catalog\/showProcedure\/440\" target=\"_blank\" rel=\"noreferrer noopener\">Si\u00e8ge \u00e9lectronique de l&#039;ULL<\/a>&nbsp; indiquant l&#039;ann\u00e9e et la convocation auxquelles les examens d&#039;entr\u00e9e ont \u00e9t\u00e9 pass\u00e9s.<\/p>\n\n\n\n<p data-block-type=\"core\">Une fois que l&#039;Office aura confirm\u00e9 la d\u00e9livrance du certificat, vous serez inform\u00e9 des modalit\u00e9s de paiement des frais de services administratifs :<\/p>\n\n\n\n<ul class=\"wp-block-list\" data-block-type=\"core\">\n<li data-block-type=\"core\">Ordinaire \u2013 26,24 \u20ac<\/li>\n\n\n\n<li data-block-type=\"core\">Famille nombreuse g\u00e9n\u00e9rale \u2013 13,12 \u20ac<\/li>\n\n\n\n<li data-block-type=\"core\">Famille nombreuse sp\u00e9ciale, handicap reconnu sup\u00e9rieur \u00e0 33%, victimes de violences sexistes et victimes de terrorisme \u2013 Exon\u00e9r\u00e9.<\/li>\n<\/ul>\n\n\n\n<p data-block-type=\"core\">Le montant \u00e0 payer doit \u00eatre d\u00e9pos\u00e9 sur le compte courant de l&#039;Universit\u00e9 de La Laguna (ES10 2100 9169 09 2200127738), dans n&#039;importe quelle succursale de La Caixa, et le re\u00e7u doit \u00eatre pr\u00e9sent\u00e9 au Bureau des Examens d&#039;Entr\u00e9e. Les informations suivantes doivent \u00eatre incluses dans le document d&#039;inscription :<\/p>\n\n\n\n<p data-block-type=\"core\">Concept : Certificat acad\u00e9mique.<\/p>\n\n\n\n<p data-block-type=\"core\">Par remise de : Nom et pr\u00e9nom de l&#039;\u00e9tudiant.<\/p>\n<\/div><\/div><\/div>\n<\/div><\/div>","protected":false},"excerpt":{"rendered":"<p>Relev\u00e9s de notes\u00a0: \u00c0 compter des sessions d\u2019examen de juin et juillet 2013, les notes des examens d\u2019entr\u00e9e \u00e0 l\u2019universit\u00e9 peuvent \u00eatre consult\u00e9es et t\u00e9l\u00e9charg\u00e9es via le portail en ligne de l\u2019ULL. Les \u00e9tudiants peuvent acc\u00e9der \u00e0 leurs notes \u00e0 tout moment et t\u00e9l\u00e9charger leur relev\u00e9 de notes.<\/p>","protected":false},"author":1,"featured_media":0,"parent":567,"menu_order":10,"comment_status":"closed","ping_status":"closed","template":"templates\/template-frontpage.php","meta":{"footnotes":""},"class_list":["post-603","page","type-page","status-publish","hentry"],"_links":{"self":[{"href":"https:\/\/www.ull.es\/admision-becas\/fr\/wp-json\/wp\/v2\/pages\/603","targetHints":{"allow":["GET"]}}],"collection":[{"href":"https:\/\/www.ull.es\/admision-becas\/fr\/wp-json\/wp\/v2\/pages"}],"about":[{"href":"https:\/\/www.ull.es\/admision-becas\/fr\/wp-json\/wp\/v2\/types\/page"}],"author":[{"embeddable":true,"href":"https:\/\/www.ull.es\/admision-becas\/fr\/wp-json\/wp\/v2\/users\/1"}],"replies":[{"embeddable":true,"href":"https:\/\/www.ull.es\/admision-becas\/fr\/wp-json\/wp\/v2\/comments?post=603"}],"version-history":[{"count":31,"href":"https:\/\/www.ull.es\/admision-becas\/fr\/wp-json\/wp\/v2\/pages\/603\/revisions"}],"predecessor-version":[{"id":8245,"href":"https:\/\/www.ull.es\/admision-becas\/fr\/wp-json\/wp\/v2\/pages\/603\/revisions\/8245"}],"up":[{"embeddable":true,"href":"https:\/\/www.ull.es\/admision-becas\/fr\/wp-json\/wp\/v2\/pages\/567"}],"wp:attachment":[{"href":"https:\/\/www.ull.es\/admision-becas\/fr\/wp-json\/wp\/v2\/media?parent=603"}],"curies":[{"name":"wp","href":"https:\/\/api.w.org\/{rel}","templated":true}]}}