{"id":6037,"date":"2025-01-27T08:06:44","date_gmt":"2025-01-27T08:06:44","guid":{"rendered":"https:\/\/www.ull.es\/admision-becas\/?page_id=6037"},"modified":"2026-01-28T09:02:28","modified_gmt":"2026-01-28T09:02:28","slug":"realizar-primera-vez-pau-bachillerato","status":"publish","type":"page","link":"https:\/\/www.ull.es\/admision-becas\/fr\/pau\/mejorar-calificacion\/realizar-primera-vez-pau-bachillerato\/","title":{"rendered":"Passer l&#039;examen d&#039;entr\u00e9e \u00e0 la PAU pour la premi\u00e8re fois"},"content":{"rendered":"<div class=\"wp-block-stackable-columns alignfull stk-block-columns stk-block stk-2cbe2d9 stk-block-background stk--has-background-overlay\" data-block-id=\"2cbe2d9\"><style>.stk-2cbe2d9 {background-image:url(https:\/\/www.ull.es\/admision-becas\/wp-content\/uploads\/sites\/8\/2025\/11\/Landing-PAU_Header.jpg) !important;min-height:600px !important;align-items:center !important;padding-top:0px !important;padding-right:0px !important;padding-bottom:0px !important;padding-left:0px !important;margin-top:-30px !important;margin-bottom:0px !important;display:flex !important;}.stk-2cbe2d9-column{max-width:1300px !important;min-width:auto !important;}@media screen and (max-width: 767px){.stk-2cbe2d9 {min-height:400px !important;}}<\/style><div class=\"stk-row stk-inner-blocks stk-block-content stk-content-align stk-2cbe2d9-column\">\n<div class=\"wp-block-stackable-column stk-block-column stk-column stk-block stk-67d5c45\" data-v=\"4\" data-block-id=\"67d5c45\"><style>@media screen and (max-width: 767px){.stk-67d5c45 {padding-top:10px !important;padding-right:10px !important;padding-bottom:10px !important;padding-left:10px !important;}}<\/style><div class=\"stk-column-wrapper stk-block-column__content stk-container stk-67d5c45-container stk--no-background stk--no-padding\"><div class=\"stk-block-content stk-inner-blocks stk-67d5c45-inner-blocks\">\n<div class=\"wp-block-stackable-heading stk-block-heading stk-block-heading--v2 stk-block stk-c229f24\" id=\"realizar-por-primera-vez-la-prueba-de-acceso-con-bachillerato-superado-en-cursos-anteriores\" data-block-id=\"c229f24\"><style>.stk-c229f24 {margin-bottom:0px !important;}.stk-c229f24 .stk-block-heading__text{font-size:65px !important;color:#ffffff !important;font-weight:700 !important;font-family:\"Montserrat\", Sans-serif !important;}@media screen and (max-width: 1023px){.stk-c229f24 .stk-block-heading__text{font-size:50px !important;}}@media screen and (max-width: 767px){.stk-c229f24 .stk-block-heading__text{font-size:47px !important;}}<\/style><h1 class=\"stk-block-heading__text has-text-color\">Passer l&#039;examen d&#039;entr\u00e9e pour la premi\u00e8re fois avec un dipl\u00f4me d&#039;\u00e9tudes secondaires obtenu les ann\u00e9es pr\u00e9c\u00e9dentes<\/h1><\/div>\n<\/div><\/div><\/div>\n<\/div><\/div>\n\n\n\n<div class=\"wp-block-stackable-columns alignfull stk-block-columns stk-block stk-81ad3b0 stk-block-background stk--has-background-overlay\" data-block-id=\"81ad3b0\"><style>.stk-81ad3b0 {background-color:#ddd6fc !important;background-image:url(https:\/\/www.ull.es\/admision-becas\/wp-content\/uploads\/sites\/8\/2025\/11\/Recursos-landing-PAU_Lineas-degradadas-entera-derecha.png) !important;background-position:center center !important;background-repeat:no-repeat !important;border-top-left-radius:30px !important;border-top-right-radius:30px !important;border-bottom-right-radius:30px !important;border-bottom-left-radius:30px !important;overflow:hidden !important;margin-bottom:35px !important;}.stk-81ad3b0:before{background-color:#ddd6fc !important;opacity:0 !important;}.stk-81ad3b0-column{max-width:1300px !important;min-width:auto !important;}@media screen and (max-width: 767px){.stk-81ad3b0-column{max-width:1500px !important;min-width:auto !important;}}<\/style><div class=\"stk-row stk-inner-blocks stk-block-content stk-content-align stk-81ad3b0-column\">\n<div class=\"wp-block-stackable-column stk-block-column stk-column stk-block stk-20be033 stk-block-background\" data-v=\"4\" data-block-id=\"20be033\"><style>.stk-20be033 {background-color:#ffffff !important;border-top-left-radius:30px !important;border-top-right-radius:30px !important;border-bottom-right-radius:30px !important;border-bottom-left-radius:30px !important;overflow:hidden !important;padding-top:50px !important;padding-right:50px !important;padding-bottom:50px !important;padding-left:50px !important;margin-top:30px !important;margin-bottom:30px !important;}.stk-20be033:before{background-color:#ffffff !important;}@media screen and (max-width: 767px){.stk-20be033 {padding-top:20px !important;padding-right:20px !important;padding-bottom:20px !important;padding-left:20px !important;margin-top:15px !important;margin-right:10px !important;margin-bottom:15px !important;margin-left:10px !important;}}<\/style><div class=\"stk-column-wrapper stk-block-column__content stk-container stk-20be033-container stk--no-background stk--no-padding\"><div class=\"stk-block-content stk-inner-blocks stk-20be033-inner-blocks\">\n<div class=\"wp-block-stackable-heading stk-block-heading stk-block-heading--v2 stk-block stk-9463754\" id=\"strong-importante-el-alumnado-que-haya-realizado-la-pau-en-la-ull-en-la-convocatoria-ordinaria-de-junio-2026-tanto-la-haya-superado-o-no-y-desee-presentarse-en-la-convocatoria-de-julio-2026-no-necesita-presentar-esta-solicitud-debera-dirigirse-a-su-ies-colegio-para-realizar-la-matricula-de-la-pau-strong\" data-block-id=\"9463754\"><style>.stk-9463754 {border-color:var(--stk-global-color-60833, #5c068c) !important;border-top-width:2px !important;border-right-width:2px !important;border-bottom-width:2px !important;border-left-width:2px !important;padding-top:25px !important;padding-right:25px !important;padding-bottom:25px !important;padding-left:25px !important;}.stk-9463754 .stk-block-heading__text{font-size:22px !important;}@media screen and (max-width: 1023px){.stk-9463754 .stk-block-heading__text{font-size:22px !important;}}<\/style><h2 class=\"stk-block-heading__text\"><span style=\"color: #0f0e17\" class=\"stk-highlight\"><strong>IMPORTANT\u00a0: Les \u00e9l\u00e8ves qui passeront les examens d\u2019entr\u00e9e \u00e0 l\u2019Universit\u00e9 de La Laguna (ULL) lors de la session r\u00e9guli\u00e8re de juin\u00a02026, qu\u2019ils aient r\u00e9ussi ou non, et qui souhaitent les repasser lors de la session de juillet\u00a02026, n\u2019ont pas besoin de soumettre cette candidature. Ils doivent contacter leur lyc\u00e9e ou leur \u00e9tablissement d\u2019enseignement sup\u00e9rieur pour s\u2019inscrire aux examens d\u2019entr\u00e9e.<\/strong><\/span><\/h2><\/div>\n<\/div><\/div><\/div>\n<\/div><\/div>\n\n\n\n<div class=\"wp-block-stackable-columns stk-block-columns stk-block stk-8b59b96\" data-block-id=\"8b59b96\"><style>.stk-8b59b96 .stk--block-align-8b59b96{align-items:flex-start !important;}.stk-8b59b96-column{--stk-columns-spacing:0px !important;--stk-column-gap:50px !important;}<\/style><div class=\"stk-row stk-inner-blocks stk--block-align-8b59b96 stk-block-content stk-content-align stk-8b59b96-column\">\n<div class=\"wp-block-stackable-column stk-block-column stk-column stk-block stk-dbb7e15\" data-v=\"4\" data-block-id=\"dbb7e15\"><div class=\"stk-column-wrapper stk-block-column__content stk-container stk-dbb7e15-container stk--no-background stk--no-padding\"><div class=\"stk-block-content stk-inner-blocks stk-dbb7e15-inner-blocks\">\n<p data-block-type=\"core\">Les \u00e9tudiants ayant obtenu le baccalaur\u00e9at, le COU ou l&#039;\u00e9quivalent au cours de l&#039;ann\u00e9e acad\u00e9mique 2024-25 ou avant,<strong>&nbsp;<\/strong>Si vous r\u00e9sidez dans la province de Santa Cruz de Tenerife et que vous n&#039;avez pas encore pass\u00e9 l&#039;examen d&#039;entr\u00e9e \u00e0 l&#039;universit\u00e9, vous devez d&#039;abord soumettre une candidature via le&nbsp;<a href=\"https:\/\/sede.ull.es\/ecivilis-site\/catalog\/showProcedure\/501\" target=\"_blank\" rel=\"noreferrer noopener\">Si\u00e8ge \u00e9lectronique de l&#039;ULL<\/a> demandant votre inscription au test.<\/p>\n\n\n\n<p data-block-type=\"core\"><strong>NOTE<\/strong>Si vous avez pass\u00e9 votre baccalaur\u00e9at dans un centre situ\u00e9 dans une province autre que Santa Cruz de Tenerife, la premi\u00e8re fois que vous passerez le PAU, vous devrez le faire dans la zone territoriale \u00e0 laquelle appartient ce centre \u00e9ducatif.<\/p>\n\n\n\n<details class=\"wp-block-stackable-accordion stk-block-accordion stk-inner-blocks stk-block-content stk-block stk-38e626d is-style-plain\" id=\"documentacion-a-presentar\" data-block-id=\"38e626d\"><style>.stk-38e626d {padding-bottom:10px !important;margin-bottom:0px !important;}<\/style>\n<summary class=\"wp-block-stackable-column stk-block-column stk-column stk-block stk-81f251a stk--container-small stk-block-accordion__heading\" data-v=\"4\" data-block-id=\"81f251a\"><style>.stk-81f251a {border-style:solid !important;border-top-width:0px !important;border-right-width:0px !important;border-bottom-width:1px !important;border-left-width:0px !important;padding-top:0px !important;padding-right:0px !important;padding-bottom:0px !important;padding-left:0px !important;}.stk-81f251a-container{padding-top:0px !important;padding-right:0px !important;padding-bottom:0px !important;padding-left:0px !important;}<\/style><div class=\"stk-column-wrapper stk-block-column__content stk-container stk-81f251a-container stk--no-background stk--no-padding\"><div class=\"stk-block-content stk-inner-blocks stk-81f251a-inner-blocks\">\n<div class=\"wp-block-stackable-icon-label stk-block-icon-label stk-block stk-f44dacf\" data-block-id=\"f44dacf\"><style>.stk-f44dacf .stk-inner-blocks{gap:40px !important;}@media screen and (max-width: 1023px){.stk-f44dacf .stk-inner-blocks{gap:40px !important;}}@media screen and (max-width: 767px){.stk-f44dacf .stk-inner-blocks{gap:40px !important;}}<\/style><div class=\"stk-row stk-inner-blocks stk-block-content\">\n<div class=\"wp-block-stackable-icon stk-block-icon stk-block stk-96640dd\" data-block-id=\"96640dd\"><style>.stk-96640dd .stk--svg-wrapper .stk--inner-svg svg:last-child{height:24px !important;width:24px !important;}.stk-96640dd .stk--svg-wrapper .stk--inner-svg svg:last-child, .stk-96640dd .stk--svg-wrapper .stk--inner-svg svg:last-child :is(g, path, rect, polygon, ellipse){fill:var(--stk-global-color-60833, #5c068c) !important;}<\/style><span class=\"stk--svg-wrapper stk--has-icon2\"><div class=\"stk--inner-svg\"><svg style=\"height:0;width:0\"><defs><lineargradient id=\"linear-gradient-96640dd\" x1=\"0\" x2=\"100%\" y1=\"0\" y2=\"0\"><stop offset=\"0%\" style=\"stop-opacity:1;stop-color:var(--linear-gradient-96640-dd-color-1)\"><\/stop><stop offset=\"100%\" style=\"stop-opacity:1;stop-color:var(--linear-gradient-96640-dd-color-2)\"><\/stop><\/lineargradient><\/defs><\/svg><svg xmlns=\"http:\/\/www.w3.org\/2000\/svg\" viewbox=\"0 0 448 512\" aria-hidden=\"true\" width=\"32\" height=\"32\"><path d=\"M128 0c17.7 0 32 14.3 32 32V64H288V32c0-17.7 14.3-32 32-32s32 14.3 32 32V64h48c26.5 0 48 21.5 48 48v48H0V112C0 85.5 21.5 64 48 64H96V32c0-17.7 14.3-32 32-32zM0 192H448V464c0 26.5-21.5 48-48 48H48c-26.5 0-48-21.5-48-48V192zM329 305c9.4-9.4 9.4-24.6 0-33.9s-24.6-9.4-33.9 0l-95 95-47-47c-9.4-9.4-24.6-9.4-33.9 0s-9.4 24.6 0 33.9l64 64c9.4 9.4 24.6 9.4 33.9 0L329 305z\" \/><\/svg><\/div><div class=\"stk--inner-svg stk--icon-2\" style=\"display:none\"><svg style=\"height:0;width:0\"><defs><lineargradient id=\"linear-gradient-96640dd\" x1=\"0\" x2=\"100%\" y1=\"0\" y2=\"0\"><stop offset=\"0%\" style=\"stop-opacity:1;stop-color:var(--linear-gradient-96640-dd-color-1)\"><\/stop><stop offset=\"100%\" style=\"stop-opacity:1;stop-color:var(--linear-gradient-96640-dd-color-2)\"><\/stop><\/lineargradient><\/defs><\/svg><svg xmlns=\"http:\/\/www.w3.org\/2000\/svg\" viewbox=\"0 0 448 512\" aria-hidden=\"true\" width=\"32\" height=\"32\"><path d=\"M128 0c13.3 0 24 10.7 24 24V64H296V24c0-13.3 10.7-24 24-24s24 10.7 24 24V64h40c35.3 0 64 28.7 64 64v16 48V448c0 35.3-28.7 64-64 64H64c-35.3 0-64-28.7-64-64V192 144 128C0 92.7 28.7 64 64 64h40V24c0-13.3 10.7-24 24-24zM400 192H48V448c0 8.8 7.2 16 16 16H384c8.8 0 16-7.2 16-16V192zM329 297L217 409c-9.4 9.4-24.6 9.4-33.9 0l-64-64c-9.4-9.4-9.4-24.6 0-33.9s24.6-9.4 33.9 0l47 47 95-95c9.4-9.4 24.6-9.4 33.9 0s9.4 24.6 0 33.9z\" \/><\/svg><\/div><\/span><\/div>\n\n\n\n<div class=\"wp-block-stackable-heading stk-block-heading stk-block-heading--v2 stk-block stk-bb38572\" id=\"plazo-de-presentacion-de-solicitudes\" data-block-id=\"bb38572\"><style>.stk-bb38572 .stk-block-heading__text{color:#000000 !important;font-weight:500 !important;font-family:\"ArgentumSans\", Sans-serif !important;}<\/style><h4 class=\"stk-block-heading__text has-text-color\">Date limite de candidature<\/h4><\/div>\n<\/div><\/div>\n<\/div><\/div><\/summary>\n\n\n\n<div class=\"wp-block-stackable-column stk-block-column stk-column stk-block stk-064298d stk-block-accordion__content\" data-v=\"4\" data-block-id=\"064298d\"><style>.stk-064298d-container{padding-top:0px !important;padding-right:0px !important;padding-bottom:0px !important;padding-left:0px !important;}<\/style><div class=\"stk-column-wrapper stk-block-column__content stk-container stk-064298d-container stk--no-background stk--no-padding\"><div class=\"stk-block-content stk-inner-blocks stk-064298d-inner-blocks\">\n<ul class=\"wp-block-list\" data-block-type=\"core\">\n<li data-block-type=\"core\">Appel<em>&nbsp;<\/em><strong>Session ordinaire de juin<\/strong>&nbsp;<strong>de 2026<\/strong>Du 27 avril \u00e0 10h00 au 8 mai 2026 \u00e0 14h00<em>.<\/em><\/li>\n\n\n\n<li data-block-type=\"core\">Demander&nbsp;<strong>juillet 2026 extraordinaire<\/strong>: du 17 juin \u00e0 10h00 au 19 juin 2026 \u00e0 14h00.<\/li>\n<\/ul>\n<\/div><\/div><\/div>\n<\/details>\n\n\n\n<details class=\"wp-block-stackable-accordion stk-block-accordion stk-inner-blocks stk-block-content stk-block stk-6b07302 is-style-plain\" id=\"documentacion-a-presentar\" data-block-id=\"6b07302\"><style>.stk-6b07302 {padding-bottom:10px !important;margin-bottom:0px !important;}<\/style>\n<summary class=\"wp-block-stackable-column stk-block-column stk-column stk-block stk-9964430 stk--container-small stk-block-accordion__heading\" data-v=\"4\" data-block-id=\"9964430\"><style>.stk-9964430 {border-style:solid !important;border-top-width:0px !important;border-right-width:0px !important;border-bottom-width:1px !important;border-left-width:0px !important;padding-top:0px !important;padding-right:0px !important;padding-bottom:0px !important;padding-left:0px !important;}.stk-9964430-container{padding-top:0px !important;padding-right:0px !important;padding-bottom:0px !important;padding-left:0px !important;}<\/style><div class=\"stk-column-wrapper stk-block-column__content stk-container stk-9964430-container stk--no-background stk--no-padding\"><div class=\"stk-block-content stk-inner-blocks stk-9964430-inner-blocks\">\n<div class=\"wp-block-stackable-icon-label stk-block-icon-label stk-block stk-a003cc1\" data-block-id=\"a003cc1\"><style>.stk-a003cc1 .stk-inner-blocks{gap:40px !important;}@media screen and (max-width: 1023px){.stk-a003cc1 .stk-inner-blocks{gap:40px !important;}}@media screen and (max-width: 767px){.stk-a003cc1 .stk-inner-blocks{gap:40px !important;}}<\/style><div class=\"stk-row stk-inner-blocks stk-block-content\">\n<div class=\"wp-block-stackable-icon stk-block-icon stk-block stk-6db2890\" data-block-id=\"6db2890\"><style>.stk-6db2890 .stk--svg-wrapper .stk--inner-svg svg:last-child{height:24px !important;width:24px !important;}.stk-6db2890 .stk--svg-wrapper .stk--inner-svg svg:last-child, .stk-6db2890 .stk--svg-wrapper .stk--inner-svg svg:last-child :is(g, path, rect, polygon, ellipse){fill:var(--stk-global-color-60833, #5c068c) !important;}<\/style><span class=\"stk--svg-wrapper stk--has-icon2\"><div class=\"stk--inner-svg\"><svg style=\"height:0;width:0\"><defs><lineargradient id=\"linear-gradient-6db2890\" x1=\"0\" x2=\"100%\" y1=\"0\" y2=\"0\"><stop offset=\"0%\" style=\"stop-opacity:1;stop-color:var(--linear-gradient-6-db-2890-color-1)\"><\/stop><stop offset=\"100%\" style=\"stop-opacity:1;stop-color:var(--linear-gradient-6-db-2890-color-2)\"><\/stop><\/lineargradient><\/defs><\/svg><svg xmlns=\"http:\/\/www.w3.org\/2000\/svg\" viewbox=\"0 0 384 512\" aria-hidden=\"true\" width=\"32\" height=\"32\"><path d=\"M64 0C28.7 0 0 28.7 0 64V448c0 35.3 28.7 64 64 64H320c35.3 0 64-28.7 64-64V160H256c-17.7 0-32-14.3-32-32V0H64zM256 0V128H384L256 0zM112 256H272c8.8 0 16 7.2 16 16s-7.2 16-16 16H112c-8.8 0-16-7.2-16-16s7.2-16 16-16zm0 64H272c8.8 0 16 7.2 16 16s-7.2 16-16 16H112c-8.8 0-16-7.2-16-16s7.2-16 16-16zm0 64H272c8.8 0 16 7.2 16 16s-7.2 16-16 16H112c-8.8 0-16-7.2-16-16s7.2-16 16-16z\" \/><\/svg><\/div><div class=\"stk--inner-svg stk--icon-2\" style=\"display:none\"><svg style=\"height:0;width:0\"><defs><lineargradient id=\"linear-gradient-6db2890\" x1=\"0\" x2=\"100%\" y1=\"0\" y2=\"0\"><stop offset=\"0%\" style=\"stop-opacity:1;stop-color:var(--linear-gradient-6-db-2890-color-1)\"><\/stop><stop offset=\"100%\" style=\"stop-opacity:1;stop-color:var(--linear-gradient-6-db-2890-color-2)\"><\/stop><\/lineargradient><\/defs><\/svg><svg xmlns=\"http:\/\/www.w3.org\/2000\/svg\" viewbox=\"0 0 384 512\" aria-hidden=\"true\" width=\"32\" height=\"32\"><path d=\"M64 464c-8.8 0-16-7.2-16-16V64c0-8.8 7.2-16 16-16H224v80c0 17.7 14.3 32 32 32h80V448c0 8.8-7.2 16-16 16H64zM64 0C28.7 0 0 28.7 0 64V448c0 35.3 28.7 64 64 64H320c35.3 0 64-28.7 64-64V154.5c0-17-6.7-33.3-18.7-45.3L274.7 18.7C262.7 6.7 246.5 0 229.5 0H64zm56 256c-13.3 0-24 10.7-24 24s10.7 24 24 24H264c13.3 0 24-10.7 24-24s-10.7-24-24-24H120zm0 96c-13.3 0-24 10.7-24 24s10.7 24 24 24H264c13.3 0 24-10.7 24-24s-10.7-24-24-24H120z\" \/><\/svg><\/div><\/span><\/div>\n\n\n\n<div class=\"wp-block-stackable-heading stk-block-heading stk-block-heading--v2 stk-block stk-9beb1fb\" id=\"documentacion-a-presentar\" data-block-id=\"9beb1fb\"><style>.stk-9beb1fb .stk-block-heading__text{color:#0f0e17 !important;font-weight:500 !important;font-family:\"ArgentumSans\", Sans-serif !important;}<\/style><h4 class=\"stk-block-heading__text has-text-color\">Documentation \u00e0 soumettre<\/h4><\/div>\n<\/div><\/div>\n<\/div><\/div><\/summary>\n\n\n\n<div class=\"wp-block-stackable-column stk-block-column stk-column stk-block stk-24d301b stk-block-accordion__content\" data-v=\"4\" data-block-id=\"24d301b\"><style>.stk-24d301b-container{padding-top:0px !important;padding-right:0px !important;padding-bottom:0px !important;padding-left:0px !important;}<\/style><div class=\"stk-column-wrapper stk-block-column__content stk-container stk-24d301b-container stk--no-background stk--no-padding\"><div class=\"stk-block-content stk-inner-blocks stk-24d301b-inner-blocks\">\n<ul class=\"wp-block-list\" data-block-type=\"core\">\n<li data-block-type=\"core\">Les \u00e9tudiants qui ne poss\u00e8dent pas de DNI ou de NIE doivent pr\u00e9senter une copie de leur passeport valide ou d&#039;une carte d&#039;identit\u00e9 \u00e9quivalente.<\/li>\n\n\n\n<li data-block-type=\"core\">Relev\u00e9 de notes du baccalaur\u00e9at indiquant la moyenne des notes.<\/li>\n<\/ul>\n<\/div><\/div><\/div>\n<\/details>\n<\/div><\/div><\/div>\n<\/div><\/div>\n\n\n\n<div class=\"wp-block-stackable-columns alignfull stk-block-columns stk-block stk-aafdc56 stk-block-background stk--has-background-overlay\" data-block-id=\"aafdc56\"><style>.stk-aafdc56 {background-color:#cffeea !important;background-image:url(https:\/\/www.ull.es\/admision-becas\/wp-content\/uploads\/sites\/8\/2025\/11\/Recursos-landing-PAU_Lineas-degradadas-recortada-izquierda.png) !important;border-top-left-radius:30px !important;border-top-right-radius:30px !important;border-bottom-right-radius:30px !important;border-bottom-left-radius:30px !important;overflow:hidden !important;padding-top:24px !important;padding-right:24px !important;padding-bottom:24px !important;padding-left:24px !important;margin-bottom:35px !important;}.stk-aafdc56:before{background-color:#cffeea !important;opacity:0 !important;}.stk-aafdc56-column{max-width:1300px !important;min-width:auto !important;}<\/style><div class=\"stk-row stk-inner-blocks stk-block-content stk-content-align stk-aafdc56-column\">\n<div class=\"wp-block-stackable-column stk-block-column stk-column stk-block stk-4cb7d2a\" data-v=\"4\" data-block-id=\"4cb7d2a\"><style>.stk-4cb7d2a {padding-top:50px !important;padding-right:50px !important;padding-bottom:50px !important;padding-left:50px !important;margin-top:30px !important;margin-bottom:30px !important;}<\/style><div class=\"stk-column-wrapper stk-block-column__content stk-container stk-4cb7d2a-container stk--no-background stk--no-padding\"><div class=\"stk-block-content stk-inner-blocks stk-4cb7d2a-inner-blocks\">\n<p data-block-type=\"core\"><strong>IMPORTANT<\/strong>:&nbsp;<strong>L&#039;estimation de la demande n&#039;implique pas en soi l&#039;inscription au PAU,&nbsp;<\/strong>Par cons\u00e9quent, une fois la demande soumise avec succ\u00e8s via le site Web de l&#039;ULL, l&#039;\u00e9tudiant recevra un e-mail indiquant comment proc\u00e9der au processus d&#039;inscription \u00e0 la PAU.&nbsp;<a href=\"https:\/\/www.ull.es\/admision-becas\/ebau\/matricula\/\" target=\"_blank\" rel=\"noreferrer noopener\">Voir la proc\u00e9dure et le lieu d&#039;inscription au PAU<\/a>.<\/p>\n<\/div><\/div><\/div>\n<\/div><\/div>","protected":false},"excerpt":{"rendered":"<p>Passer l&#039;examen d&#039;entr\u00e9e \u00e0 l&#039;universit\u00e9 pour la premi\u00e8re fois apr\u00e8s avoir obtenu un baccalaur\u00e9at les ann\u00e9es pr\u00e9c\u00e9dentes\u00a0: IMPORTANT\u00a0: Les \u00e9l\u00e8ves ayant pass\u00e9 l&#039;examen d&#039;entr\u00e9e \u00e0 l&#039;universit\u00e9 (PAU) de l&#039;Universit\u00e9 de La Laguna (ULL) lors de la session r\u00e9guli\u00e8re de juin\u00a02026, qu&#039;ils l&#039;aient r\u00e9ussi ou non, et souhaitant le repasser lors de la session de juillet\u00a02026, n&#039;ont pas besoin de soumettre cette candidature. Ils doivent contacter leur lyc\u00e9e\/\u00e9tablissement d&#039;enseignement sup\u00e9rieur pour\u2026<\/p>","protected":false},"author":67,"featured_media":0,"parent":580,"menu_order":0,"comment_status":"closed","ping_status":"closed","template":"templates\/template-frontpage.php","meta":{"footnotes":""},"class_list":["post-6037","page","type-page","status-publish","hentry"],"_links":{"self":[{"href":"https:\/\/www.ull.es\/admision-becas\/fr\/wp-json\/wp\/v2\/pages\/6037","targetHints":{"allow":["GET"]}}],"collection":[{"href":"https:\/\/www.ull.es\/admision-becas\/fr\/wp-json\/wp\/v2\/pages"}],"about":[{"href":"https:\/\/www.ull.es\/admision-becas\/fr\/wp-json\/wp\/v2\/types\/page"}],"author":[{"embeddable":true,"href":"https:\/\/www.ull.es\/admision-becas\/fr\/wp-json\/wp\/v2\/users\/67"}],"replies":[{"embeddable":true,"href":"https:\/\/www.ull.es\/admision-becas\/fr\/wp-json\/wp\/v2\/comments?post=6037"}],"version-history":[{"count":30,"href":"https:\/\/www.ull.es\/admision-becas\/fr\/wp-json\/wp\/v2\/pages\/6037\/revisions"}],"predecessor-version":[{"id":8658,"href":"https:\/\/www.ull.es\/admision-becas\/fr\/wp-json\/wp\/v2\/pages\/6037\/revisions\/8658"}],"up":[{"embeddable":true,"href":"https:\/\/www.ull.es\/admision-becas\/fr\/wp-json\/wp\/v2\/pages\/580"}],"wp:attachment":[{"href":"https:\/\/www.ull.es\/admision-becas\/fr\/wp-json\/wp\/v2\/media?parent=6037"}],"curies":[{"name":"wp","href":"https:\/\/api.w.org\/{rel}","templated":true}]}}