{"id":606,"date":"2017-06-08T08:04:56","date_gmt":"2017-06-08T08:04:56","guid":{"rendered":"https:\/\/www.ull.es\/admision-becas\/?page_id=606"},"modified":"2026-01-26T09:41:26","modified_gmt":"2026-01-26T09:41:26","slug":"normativa","status":"publish","type":"page","link":"https:\/\/www.ull.es\/admision-becas\/fr\/pau\/normativa\/","title":{"rendered":"R\u00e8glements"},"content":{"rendered":"<div class=\"wp-block-stackable-columns alignfull stk-block-columns stk-block stk-2cbe2d9 stk-block-background stk--has-background-overlay\" data-block-id=\"2cbe2d9\"><style>.stk-2cbe2d9 {background-image:url(https:\/\/www.ull.es\/admision-becas\/wp-content\/uploads\/sites\/8\/2025\/11\/Landing-PAU_Header.jpg) !important;min-height:600px !important;align-items:center !important;padding-top:0px !important;padding-right:0px !important;padding-bottom:0px !important;padding-left:0px !important;margin-top:-30px !important;margin-bottom:50px !important;display:flex !important;}.stk-2cbe2d9-column{max-width:1300px !important;min-width:auto !important;}@media screen and (max-width: 767px){.stk-2cbe2d9 {min-height:400px !important;}}<\/style><div class=\"stk-row stk-inner-blocks stk-block-content stk-content-align stk-2cbe2d9-column\">\n<div class=\"wp-block-stackable-column stk-block-column stk-column stk-block stk-67d5c45\" data-v=\"4\" data-block-id=\"67d5c45\"><style>@media screen and (min-width: 768px) and (max-width: 1023px){.stk-67d5c45 {flex:var(--stk-flex-grow, 1) 1 calc(60% - var(--stk-column-gap, 0px) * 1 \/ 2 ) !important;}}@media screen and (max-width: 767px){.stk-67d5c45 {padding-top:10px !important;padding-right:10px !important;padding-bottom:10px !important;padding-left:10px !important;}}<\/style><div class=\"stk-column-wrapper stk-block-column__content stk-container stk-67d5c45-container stk--no-background stk--no-padding\"><div class=\"stk-block-content stk-inner-blocks stk-67d5c45-inner-blocks\">\n<div class=\"wp-block-stackable-heading stk-block-heading stk-block-heading--v2 stk-block stk-c229f24\" id=\"normativa-de-la-pau\" data-block-id=\"c229f24\"><style>.stk-c229f24 {margin-bottom:0px !important;}.stk-c229f24 .stk-block-heading__text{font-size:80px !important;color:#ffffff !important;font-weight:700 !important;font-family:\"Montserrat\", Sans-serif !important;}@media screen and (max-width: 1023px){.stk-c229f24 .stk-block-heading__text{font-size:50px !important;}}@media screen and (max-width: 767px){.stk-c229f24 .stk-block-heading__text{font-size:47px !important;}}<\/style><h1 class=\"stk-block-heading__text has-text-color\">R\u00e8glement des examens d&#039;entr\u00e9e \u00e0 l&#039;universit\u00e9<\/h1><\/div>\n<\/div><\/div><\/div>\n\n\n\n<div class=\"wp-block-stackable-column stk-block-column stk-column stk-block stk-a283fdb\" data-v=\"4\" data-block-id=\"a283fdb\"><style>@media screen and (min-width: 768px) and (max-width: 1023px){.stk-a283fdb {flex:var(--stk-flex-grow, 1) 1 calc(40% - var(--stk-column-gap, 0px) * 1 \/ 2 ) !important;}}<\/style><div class=\"stk-column-wrapper stk-block-column__content stk-container stk-a283fdb-container stk--no-background stk--no-padding\"><div class=\"stk-block-content stk-inner-blocks stk-a283fdb-inner-blocks\"><\/div><\/div><\/div>\n<\/div><\/div>\n\n\n\n<div class=\"wp-block-stackable-columns stk-block-columns stk-block stk-8b59b96\" data-block-id=\"8b59b96\"><style>.stk-8b59b96 .stk--block-align-8b59b96{align-items:flex-start !important;}.stk-8b59b96-column{--stk-columns-spacing:0px !important;--stk-column-gap:50px !important;}<\/style><div class=\"stk-row stk-inner-blocks stk--block-align-8b59b96 stk-block-content stk-content-align stk-8b59b96-column\">\n<div class=\"wp-block-stackable-column stk-block-column stk-column stk-block stk-dbb7e15\" data-v=\"4\" data-block-id=\"dbb7e15\"><div class=\"stk-column-wrapper stk-block-column__content stk-container stk-dbb7e15-container stk--no-background stk--no-padding\"><div class=\"stk-block-content stk-inner-blocks stk-dbb7e15-inner-blocks\">\n<div class=\"wp-block-stackable-heading stk-block-heading stk-block-heading--v2 stk-block stk-59718a5\" data-block-id=\"59718a5\"><style>.stk-59718a5 {margin-bottom:20px !important;}.stk-59718a5 .stk-block-heading__text{font-size:35px !important;color:var(--stk-global-color-60833, #5c068c) !important;font-weight:400 !important;}@media screen and (max-width: 1023px){.stk-59718a5 .stk-block-heading__text{font-size:35px !important;}}<\/style><h2 class=\"stk-block-heading__text has-text-color\"><\/h2><\/div>\n\n\n\n<ul class=\"wp-block-list\" data-block-type=\"core\">\n<li data-block-type=\"core\"><a href=\"https:\/\/www.boe.es\/buscar\/act.php?id=BOE-A-2006-7899&amp;p=20131210&amp;tn=1\" target=\"_blank\" rel=\"noreferrer noopener\">Loi organique 2\/2006, du 3 mai, sur l&#039;\u00e9ducation (BOE 4 mai 2006)<\/a>.<\/li>\n\n\n\n<li data-block-type=\"core\"><a href=\"https:\/\/www.boe.es\/buscar\/act.php?id=BOE-A-2020-17264&amp;p=20201230&amp;tn=1\" target=\"_blank\" rel=\"noreferrer noopener\">Loi organique 3\/2020, du 29 d\u00e9cembre, modifiant la loi organique 2\/2006, du 3 mai, sur l&#039;\u00e9ducation<\/a>&nbsp;(BOE n\u00b0 34, du 30 d\u00e9cembre 2020).<\/li>\n\n\n\n<li data-block-type=\"core\"><a href=\"https:\/\/www.boe.es\/buscar\/act.php?id=BOE-A-2024-11858\" target=\"_blank\" rel=\"noreferrer noopener\">D\u00e9cret royal 534\/2024, du 11 juin, r\u00e9glementant les conditions d&#039;acc\u00e8s aux cours universitaires officiels de premier cycle, les caract\u00e9ristiques de base de l&#039;examen d&#039;entr\u00e9e et les r\u00e8gles de base des proc\u00e9dures d&#039;admission<\/a>\u00a0(Journal officiel de l&#039;\u00c9tat n\u00b0 142 du 12 juin 2024).<\/li>\n\n\n\n<li data-block-type=\"core\"><a href=\"https:\/\/www.boe.es\/diario_boe\/txt.php?id=BOE-A-2026-1857\" target=\"_blank\" rel=\"noreferrer noopener\">R\u00e9solution du 20 janvier 2026 du Sous-secr\u00e9tariat portant publication de la r\u00e9solution conjointe du 5 janvier 2026 du Secr\u00e9tariat d&#039;\u00c9tat \u00e0 l&#039;\u00c9ducation et du Secr\u00e9tariat d&#039;\u00c9tat \u00e0 la Science, \u00e0 l&#039;Innovation et aux Universit\u00e9s, fixant les d\u00e9lais pour la tenue du concours d&#039;entr\u00e9e \u00e0 l&#039;universit\u00e9 en 2026 et la publication des r\u00e9sultats provisoires<\/a> (Journal officiel de l&#039;\u00c9tat n\u00b0 23 du 26 janvier 2026).<\/li>\n\n\n\n<li data-block-type=\"core\">R\u00e9solution du minist\u00e8re d\u00e9l\u00e9gu\u00e9 \u00e0 l&#039;\u00c9ducation donnant des instructions pour la planification, la mise en \u0153uvre et la gestion, au sein de la Communaut\u00e9 autonome des \u00eeles Canaries, du test d&#039;acc\u00e8s \u00e0 l&#039;universit\u00e9, applicable aux \u00e9tudiants ayant achev\u00e9 le baccalaur\u00e9at, ainsi que les cycles de formation professionnelle de niveau sup\u00e9rieur, les \u00e9tudes professionnelles en arts plastiques et design, et les \u00e9tudes sportives pour l&#039;ann\u00e9e acad\u00e9mique 2025-26 (en attente de publication).<\/li>\n\n\n\n<li data-block-type=\"core\">R\u00e9solution du Vice-recteur des \u00e9tudiants de l&#039;Universit\u00e9 de La Laguna, approuvant les Instructions r\u00e9glementaires pour la proc\u00e9dure d&#039;inscription \u00e0 l&#039;\u00e9valuation du baccalaur\u00e9at pour l&#039;examen d&#039;entr\u00e9e \u00e0 l&#039;universit\u00e9 (PAU) pour l&#039;ann\u00e9e acad\u00e9mique 2025-2026 (en attente de publication).<\/li>\n\n\n\n<li data-block-type=\"core\"><a href=\"https:\/\/sede.ull.es\/ecivilis-site\/bulletinBoard\/showBulletin\/11836:1\" target=\"_blank\" rel=\"noreferrer noopener\">R\u00e8glement r\u00e9gissant le syst\u00e8me de nomination des responsables de la coordination des mati\u00e8res aux examens d&#039;entr\u00e9e \u00e0 l&#039;Universit\u00e9 de La Laguna (approuv\u00e9 par le Conseil d&#039;administration le 16 mars 2022).<\/a>\n<ul class=\"wp-block-list\" data-block-type=\"core\">\n<li data-block-type=\"core\"><a href=\"https:\/\/sede.ull.es\/ecivilis-site\/bulletinBoard\/showBulletin\/25002:1\" target=\"_blank\" rel=\"noreferrer noopener\">Accord 5 de la section a) du 02-10-2023 du Conseil d&#039;Administration de l&#039;Universit\u00e9 de La Laguna. Approuver la modification sp\u00e9cifique du r\u00e8glement pour la nomination des coordinateurs de mati\u00e8res de l&#039;EBAU afin d&#039;inclure dans l&#039;annexe les nouvelles mati\u00e8res pour les examens d&#039;entr\u00e9e \u00e0 l&#039;universit\u00e9<\/a>.<\/li>\n<\/ul>\n<\/li>\n<\/ul>\n<\/div><\/div><\/div>\n<\/div><\/div>","protected":false},"excerpt":{"rendered":"<p>R\u00e8glement des examens d&#039;entr\u00e9e \u00e0 l&#039;universit\u00e9<\/p>","protected":false},"author":1,"featured_media":0,"parent":567,"menu_order":13,"comment_status":"closed","ping_status":"closed","template":"templates\/template-frontpage.php","meta":{"footnotes":""},"class_list":["post-606","page","type-page","status-publish","hentry"],"_links":{"self":[{"href":"https:\/\/www.ull.es\/admision-becas\/fr\/wp-json\/wp\/v2\/pages\/606","targetHints":{"allow":["GET"]}}],"collection":[{"href":"https:\/\/www.ull.es\/admision-becas\/fr\/wp-json\/wp\/v2\/pages"}],"about":[{"href":"https:\/\/www.ull.es\/admision-becas\/fr\/wp-json\/wp\/v2\/types\/page"}],"author":[{"embeddable":true,"href":"https:\/\/www.ull.es\/admision-becas\/fr\/wp-json\/wp\/v2\/users\/1"}],"replies":[{"embeddable":true,"href":"https:\/\/www.ull.es\/admision-becas\/fr\/wp-json\/wp\/v2\/comments?post=606"}],"version-history":[{"count":81,"href":"https:\/\/www.ull.es\/admision-becas\/fr\/wp-json\/wp\/v2\/pages\/606\/revisions"}],"predecessor-version":[{"id":8641,"href":"https:\/\/www.ull.es\/admision-becas\/fr\/wp-json\/wp\/v2\/pages\/606\/revisions\/8641"}],"up":[{"embeddable":true,"href":"https:\/\/www.ull.es\/admision-becas\/fr\/wp-json\/wp\/v2\/pages\/567"}],"wp:attachment":[{"href":"https:\/\/www.ull.es\/admision-becas\/fr\/wp-json\/wp\/v2\/media?parent=606"}],"curies":[{"name":"wp","href":"https:\/\/api.w.org\/{rel}","templated":true}]}}