{"id":610,"date":"2017-06-08T08:10:31","date_gmt":"2017-06-08T08:10:31","guid":{"rendered":"https:\/\/www.ull.es\/admision-becas\/?page_id=610"},"modified":"2026-03-10T10:04:10","modified_gmt":"2026-03-10T10:04:10","slug":"tribunal-calificador","status":"publish","type":"page","link":"https:\/\/www.ull.es\/admision-becas\/fr\/pau\/tribunal-calificador\/","title":{"rendered":"Tribunal de qualification"},"content":{"rendered":"<div class=\"wp-block-stackable-columns alignfull stk-block-columns stk-block stk-2cbe2d9 stk-block-background stk--has-background-overlay\" data-block-id=\"2cbe2d9\"><style>.stk-2cbe2d9 {background-image:url(https:\/\/www.ull.es\/admision-becas\/wp-content\/uploads\/sites\/8\/2025\/11\/Landing-PAU_Header.jpg) !important;min-height:600px !important;align-items:center !important;padding-top:0px !important;padding-right:0px !important;padding-bottom:0px !important;padding-left:0px !important;margin-top:-30px !important;margin-bottom:50px !important;display:flex !important;}.stk-2cbe2d9-column{max-width:1300px !important;min-width:auto !important;}@media screen and (max-width: 767px){.stk-2cbe2d9 {min-height:400px !important;}}<\/style><div class=\"stk-row stk-inner-blocks stk-block-content stk-content-align stk-2cbe2d9-column\">\n<div class=\"wp-block-stackable-column stk-block-column stk-column stk-block stk-67d5c45\" data-v=\"4\" data-block-id=\"67d5c45\"><style>@media screen and (max-width: 767px){.stk-67d5c45 {padding-top:10px !important;padding-right:10px !important;padding-bottom:10px !important;padding-left:10px !important;}}<\/style><div class=\"stk-column-wrapper stk-block-column__content stk-container stk-67d5c45-container stk--no-background stk--no-padding\"><div class=\"stk-block-content stk-inner-blocks stk-67d5c45-inner-blocks\">\n<div class=\"wp-block-stackable-heading stk-block-heading stk-block-heading--v2 stk-block stk-c229f24\" id=\"tribunal-calificador\" data-block-id=\"c229f24\"><style>.stk-c229f24 {margin-bottom:0px !important;}.stk-c229f24 .stk-block-heading__text{font-size:80px !important;color:#ffffff !important;font-weight:700 !important;font-family:\"Montserrat\", Sans-serif !important;}@media screen and (max-width: 1023px){.stk-c229f24 .stk-block-heading__text{font-size:50px !important;}}@media screen and (max-width: 767px){.stk-c229f24 .stk-block-heading__text{font-size:47px !important;}}<\/style><h1 class=\"stk-block-heading__text has-text-color\">Tribunal de qualification<\/h1><\/div>\n<\/div><\/div><\/div>\n<\/div><\/div>\n\n\n\n<div class=\"wp-block-stackable-columns stk-block-columns stk-block stk-8b59b96\" data-block-id=\"8b59b96\"><style>.stk-8b59b96 .stk--block-align-8b59b96{align-items:flex-start !important;}.stk-8b59b96-column{--stk-columns-spacing:0px !important;--stk-column-gap:50px !important;}<\/style><div class=\"stk-row stk-inner-blocks stk--block-align-8b59b96 stk-block-content stk-content-align stk-8b59b96-column\">\n<div class=\"wp-block-stackable-column stk-block-column stk-column stk-block stk-dbb7e15\" data-v=\"4\" data-block-id=\"dbb7e15\"><div class=\"stk-column-wrapper stk-block-column__content stk-container stk-dbb7e15-container stk--no-background stk--no-padding\"><div class=\"stk-block-content stk-inner-blocks stk-dbb7e15-inner-blocks\">\n<div class=\"wp-block-stackable-text stk-block-text stk-block stk-bfb3c17\" data-block-id=\"bfb3c17\"><p class=\"stk-block-text__text\"><a href=\"https:\/\/sede.ull.es\/ecivilis-site\/bulletinBoard\/showBulletin\/11836:1\" target=\"_blank\" rel=\"noreferrer noopener\">R\u00e8glement r\u00e9gissant le syst\u00e8me de nomination des personnes charg\u00e9es de coordonner les mati\u00e8res aux examens d&#039;entr\u00e9e \u00e0 l&#039;Universit\u00e9 de La Laguna (approuv\u00e9 par le Conseil d&#039;administration le 16 mars 2022)<\/a><\/p><\/div>\n\n\n\n<div class=\"wp-block-stackable-text stk-block-text stk-block stk-7925ec4\" data-block-id=\"7925ec4\"><p class=\"stk-block-text__text\"><a href=\"https:\/\/sede.ull.es\/ecivilis-site\/bulletinBoard\/showBulletin\/25002:1\" target=\"_blank\" rel=\"noreferrer noopener\">Accord 5 de la section a) du 02-10-2023 du Conseil d&#039;Administration de l&#039;Universit\u00e9 de La Laguna. Approuver la modification sp\u00e9cifique du r\u00e8glement pour la nomination des coordinateurs de mati\u00e8res de l&#039;EBAU afin d&#039;inclure dans l&#039;annexe les nouvelles mati\u00e8res pour les examens d&#039;entr\u00e9e \u00e0 l&#039;universit\u00e9<\/a>.<\/p><\/div>\n\n\n\n<div class=\"wp-block-stackable-text stk-block-text stk-block stk-3c9d474\" data-block-id=\"3c9d474\"><p class=\"stk-block-text__text\"><a href=\"https:\/\/www.gobiernodecanarias.org\/educacion\/web\/bachillerato\/pau\/pau\/examenes-recursos-coordin-materias\/materias-pau\/\" target=\"_blank\" rel=\"noreferrer noopener\">sous-comit\u00e9s th\u00e9matiques de l&#039;Universit\u00e9 de Patel<\/a><\/p><\/div>\n<\/div><\/div><\/div>\n<\/div><\/div>\n\n\n\n<div class=\"wp-block-stackable-columns alignfull stk-block-columns stk-block stk-81ad3b0 stk-block-background stk--has-background-overlay\" data-block-id=\"81ad3b0\"><style>.stk-81ad3b0 {background-color:#ddd6fc !important;background-image:url(https:\/\/www.ull.es\/admision-becas\/wp-content\/uploads\/sites\/8\/2025\/11\/Recursos-landing-PAU_Lineas-degradadas-entera-derecha.png) !important;background-position:center center !important;background-repeat:no-repeat !important;border-top-left-radius:30px !important;border-top-right-radius:30px !important;border-bottom-right-radius:30px !important;border-bottom-left-radius:30px !important;overflow:hidden !important;margin-top:50px !important;margin-bottom:0px !important;}.stk-81ad3b0:before{background-color:#ddd6fc !important;opacity:0 !important;}.stk-81ad3b0-column{max-width:1300px !important;min-width:auto !important;}@media screen and (max-width: 767px){.stk-81ad3b0-column{max-width:1500px !important;min-width:auto !important;}}<\/style><div class=\"stk-row stk-inner-blocks stk-block-content stk-content-align stk-81ad3b0-column\">\n<div class=\"wp-block-stackable-column stk-block-column stk-column stk-block stk-20be033 stk-block-background\" data-v=\"4\" data-block-id=\"20be033\"><style>.stk-20be033 {background-color:#ffffff !important;border-top-left-radius:30px !important;border-top-right-radius:30px !important;border-bottom-right-radius:30px !important;border-bottom-left-radius:30px !important;overflow:hidden !important;padding-top:50px !important;padding-right:50px !important;padding-bottom:50px !important;padding-left:50px !important;margin-top:30px !important;margin-bottom:30px !important;}.stk-20be033:before{background-color:#ffffff !important;}@media screen and (max-width: 767px){.stk-20be033 {padding-top:20px !important;padding-right:20px !important;padding-bottom:20px !important;padding-left:20px !important;margin-top:15px !important;margin-right:10px !important;margin-bottom:15px !important;margin-left:10px !important;}}<\/style><div class=\"stk-column-wrapper stk-block-column__content stk-container stk-20be033-container stk--no-background stk--no-padding\"><div class=\"stk-block-content stk-inner-blocks stk-20be033-inner-blocks\">\n<details class=\"wp-block-stackable-accordion stk-block-accordion stk-inner-blocks stk-block-content stk-block stk-0dd7bef is-style-plain\" id=\"convocatoria-tribunal-pau-2026\" data-block-id=\"0dd7bef\"><style>.stk-0dd7bef {border-style:solid !important;border-color:#dfdad1 !important;border-top-width:0px !important;border-right-width:0px !important;border-bottom-width:1px !important;border-left-width:0px !important;padding-bottom:24px !important;}<\/style>\n<summary class=\"wp-block-stackable-column stk-block-column stk-column stk-block stk-4b272e2 stk--container-small stk-block-accordion__heading\" data-v=\"4\" data-block-id=\"4b272e2\"><div class=\"stk-column-wrapper stk-block-column__content stk-container stk-4b272e2-container stk--no-background stk--no-padding\"><div class=\"stk-block-content stk-inner-blocks stk-4b272e2-inner-blocks\">\n<div class=\"wp-block-stackable-icon-label stk-block-icon-label stk-block stk-12553fd\" data-block-id=\"12553fd\"><div class=\"stk-row stk-inner-blocks stk-block-content\">\n<div class=\"wp-block-stackable-heading stk-block-heading stk-block-heading--v2 stk-block stk-16ba3e8\" id=\"strong-convocatoria-tribunal-pau-2026-strong\" data-block-id=\"16ba3e8\"><style>.stk-16ba3e8 .stk-block-heading__text{color:var(--stk-global-color-60833, #5c068c) !important;font-weight:600 !important;font-family:\"Montserrat\", Sans-serif !important;}@media screen and (max-width: 767px){.stk-16ba3e8 .stk-block-heading__text{font-size:15px !important;line-height:1em !important;}}<\/style><h4 class=\"stk-block-heading__text has-text-color\"><strong>Appel du tribunal PAU 2026<\/strong><\/h4><\/div>\n\n\n\n<div class=\"wp-block-stackable-icon stk-block-icon stk-block stk-42e82dc\" data-block-id=\"42e82dc\"><style>@media screen and (max-width: 767px){.stk-42e82dc .stk--svg-wrapper .stk--inner-svg svg:last-child{height:20px !important;width:20px !important;}}<\/style><span class=\"stk--svg-wrapper stk--has-icon2\"><div class=\"stk--inner-svg\"><svg style=\"height:0;width:0\"><defs><lineargradient id=\"linear-gradient-42e82dc\" x1=\"0\" x2=\"100%\" y1=\"0\" y2=\"0\"><stop offset=\"0%\" style=\"stop-opacity:1;stop-color:var(--linear-gradient-42-e-82-dc-color-1)\"><\/stop><stop offset=\"100%\" style=\"stop-opacity:1;stop-color:var(--linear-gradient-42-e-82-dc-color-2)\"><\/stop><\/lineargradient><\/defs><\/svg><svg class=\"ugb-custom-icon\" viewbox=\"0 0 34 34\" xmlns=\"http:\/\/www.w3.org\/2000\/svg\" aria-hidden=\"true\" width=\"32\" height=\"32\">\n<g clip-path=\"url(#clip0_1_2-14477)\">\n<path d=\"M17 34C26.3888 34 34 26.3888 34 17C34 7.61116 26.3888 0 17 0C7.61116 0 0 7.61116 0 17C0 26.3888 7.61116 34 17 34Z\" fill=\"#8A41E6\" \/>\n<path d=\"M22.71 14.28L17.05 19.95L11.29 14.18L9 16.47L14.76 22.23L15 22.5L16 23.53L17 24.56L25 16.56L22.71 14.28Z\" fill=\"white\" \/>\n<\/g>\n<defs>\n<clippath id=\"clip0_1_2-14477\">\n<rect width=\"34\" height=\"34\" fill=\"white\" \/>\n<\/clippath>\n<\/defs>\n<\/svg><\/div><div class=\"stk--inner-svg stk--icon-2\" style=\"display:none\"><svg style=\"height:0;width:0\"><defs><lineargradient id=\"linear-gradient-42e82dc\" x1=\"0\" x2=\"100%\" y1=\"0\" y2=\"0\"><stop offset=\"0%\" style=\"stop-opacity:1;stop-color:var(--linear-gradient-42-e-82-dc-color-1)\"><\/stop><stop offset=\"100%\" style=\"stop-opacity:1;stop-color:var(--linear-gradient-42-e-82-dc-color-2)\"><\/stop><\/lineargradient><\/defs><\/svg><svg class=\"ugb-custom-icon\" viewbox=\"0 0 34 34\" xmlns=\"http:\/\/www.w3.org\/2000\/svg\" aria-hidden=\"true\" width=\"32\" height=\"32\">\n<g clip-path=\"url(#clip0_1_2-67935)\">\n<path d=\"M17 34C26.3888 34 34 26.3888 34 17C34 7.61116 26.3888 0 17 0C7.61116 0 0 7.61116 0 17C0 26.3888 7.61116 34 17 34Z\" fill=\"#8A41E6\" \/>\n<path d=\"M22.71 14.28L17.05 19.95L11.29 14.18L9 16.47L14.76 22.23L15 22.5L16 23.53L17 24.56L25 16.56L22.71 14.28Z\" fill=\"white\" \/>\n<\/g>\n<defs>\n<clippath id=\"clip0_1_2-67935\">\n<rect width=\"34\" height=\"34\" fill=\"white\" \/>\n<\/clippath>\n<\/defs>\n<\/svg><\/div><\/span><\/div>\n<\/div><\/div>\n<\/div><\/div><\/summary>\n\n\n\n<div class=\"wp-block-stackable-column stk-block-column stk-column stk-block stk-aa22d97 stk-block-accordion__content\" data-v=\"4\" data-block-id=\"aa22d97\"><style>.stk-aa22d97-container{padding-top:0px !important;padding-right:0px !important;padding-bottom:0px !important;padding-left:0px !important;}<\/style><div class=\"stk-column-wrapper stk-block-column__content stk-container stk-aa22d97-container stk--no-background stk--no-padding\"><div class=\"stk-block-content stk-inner-blocks stk-aa22d97-inner-blocks\">\n<ul class=\"wp-block-list\" data-block-type=\"core\">\n<li data-block-type=\"core\"><a href=\"https:\/\/sede.ull.es\/ecivilis-site\/bulletinBoard\/showBulletin\/64021:1\" target=\"_blank\" rel=\"noreferrer noopener\">Appel \u00e0 candidatures 2025-2026<\/a>.<\/li>\n\n\n\n<li data-block-type=\"core\"><a href=\"https:\/\/drive.google.com\/file\/d\/12LwkSDzxjfPoNAaYsxpRE3O94XZ1A-50\/view?usp=sharing\" target=\"_blank\" rel=\"noreferrer noopener\">Programme de proc\u00e9dures<\/a>.<\/li>\n\n\n\n<li data-block-type=\"core\"><a href=\"https:\/\/sede.ull.es\/ecivilis-site\/catalog\/showProcedure\/490\" target=\"_blank\" rel=\"noreferrer noopener\">D\u00e9p\u00f4t des candidatures<\/a> (<strong>Du 9 f\u00e9vrier \u00e0 10h00 au 24 f\u00e9vrier 2026 \u00e0 14h00<\/strong>).<\/li>\n\n\n\n<li data-block-type=\"core\"><a href=\"https:\/\/drive.google.com\/file\/d\/1DVpWTQ7fQaCUMUGIHYpM3iwQJAprV3z_\/view?usp=sharing\" target=\"_blank\" rel=\"noreferrer noopener\">Liste des mati\u00e8res et des domaines de connaissances.<\/a><strong>&nbsp;<\/strong><\/li>\n\n\n\n<li data-block-type=\"core\"><a href=\"https:\/\/drive.google.com\/drive\/folders\/1iR6u9lHhtt3LSP7LCTHNPGpWhnuzumtZ\" target=\"_blank\" rel=\"noopener\">Liste provisoire des demandes accept\u00e9es et rejet\u00e9es<\/a> (27 f\u00e9vrier 2026).<\/li>\n\n\n\n<li data-block-type=\"core\"><a href=\"https:\/\/drive.google.com\/file\/d\/18VuyYvXnZbZJRoY-D72aZi7iW6T6Oggq\/view?usp=sharing\" target=\"_blank\" rel=\"noreferrer noopener\">Liste finale des candidatures accept\u00e9es et rejet\u00e9es<\/a> (10 mars 2026).<\/li>\n\n\n\n<li data-block-type=\"core\">Liste provisoire des personnes s\u00e9lectionn\u00e9es pour faire partie du Tribunal \u2013 Facult\u00e9 de l\u2019ULL (23 avril 2026).<\/li>\n\n\n\n<li data-block-type=\"core\">Liste d\u00e9finitive des personnes s\u00e9lectionn\u00e9es pour faire partie du Tribunal \u2013 Facult\u00e9 de l&#039;ULL (30 avril 2026)<\/li>\n\n\n\n<li data-block-type=\"core\">Tribunal unique de l&#039;UPA \u00e0 Santa Cruz de Tenerife, appel 2025-26.<\/li>\n<\/ul>\n<\/div><\/div><\/div>\n<\/details>\n<\/div><\/div><\/div>\n<\/div><\/div>\n\n\n\n<div class=\"wp-block-stackable-columns alignfull stk-block-columns stk-block stk-9ed4c56 stk-block-background stk--has-background-overlay\" data-block-id=\"9ed4c56\"><style>.stk-9ed4c56 {background-color:#cffeea !important;background-image:url(https:\/\/www.ull.es\/admision-becas\/wp-content\/uploads\/sites\/8\/2025\/11\/Recursos-landing-PAU_Lineas-degradadas-recortada-izquierda-mobile.png) !important;background-position:bottom right !important;background-repeat:no-repeat !important;border-top-left-radius:30px !important;border-top-right-radius:30px !important;border-bottom-right-radius:30px !important;border-bottom-left-radius:30px !important;overflow:hidden !important;margin-bottom:50px !important;}.stk-9ed4c56:before{background-color:#cffeea !important;opacity:0 !important;}.stk-9ed4c56-column{max-width:1300px !important;min-width:auto !important;}@media screen and (max-width: 767px){.stk-9ed4c56-column{max-width:1500px !important;min-width:auto !important;}}<\/style><div class=\"stk-row stk-inner-blocks stk-block-content stk-content-align stk-9ed4c56-column\">\n<div class=\"wp-block-stackable-column stk-block-column stk-column stk-block stk-ad38816 stk-block-background\" data-v=\"4\" data-block-id=\"ad38816\"><style>.stk-ad38816 {background-color:#ffffff !important;border-top-left-radius:30px !important;border-top-right-radius:30px !important;border-bottom-right-radius:30px !important;border-bottom-left-radius:30px !important;overflow:hidden !important;padding-top:50px !important;padding-right:50px !important;padding-bottom:50px !important;padding-left:50px !important;margin-top:30px !important;margin-bottom:30px !important;}.stk-ad38816:before{background-color:#ffffff !important;}@media screen and (max-width: 767px){.stk-ad38816 {padding-top:20px !important;padding-right:20px !important;padding-bottom:20px !important;padding-left:20px !important;margin-top:15px !important;margin-right:10px !important;margin-bottom:15px !important;margin-left:10px !important;}}<\/style><div class=\"stk-column-wrapper stk-block-column__content stk-container stk-ad38816-container stk--no-background stk--no-padding\"><div class=\"stk-block-content stk-inner-blocks stk-ad38816-inner-blocks\">\n<details class=\"wp-block-stackable-accordion stk-block-accordion stk-inner-blocks stk-block-content stk-block stk-986fe02 is-style-plain\" id=\"profesorado-secundaria\" data-block-id=\"986fe02\"><style>.stk-986fe02 {border-style:solid !important;border-color:#dfdad1 !important;border-top-width:0px !important;border-right-width:0px !important;border-bottom-width:1px !important;border-left-width:0px !important;padding-bottom:24px !important;}<\/style>\n<summary class=\"wp-block-stackable-column stk-block-column stk-column stk-block stk-16821eb stk--container-small stk-block-accordion__heading\" data-v=\"4\" data-block-id=\"16821eb\"><div class=\"stk-column-wrapper stk-block-column__content stk-container stk-16821eb-container stk--no-background stk--no-padding\"><div class=\"stk-block-content stk-inner-blocks stk-16821eb-inner-blocks\">\n<div class=\"wp-block-stackable-icon-label stk-block-icon-label stk-block stk-ba707e4\" data-block-id=\"ba707e4\"><div class=\"stk-row stk-inner-blocks stk-block-content\">\n<div class=\"wp-block-stackable-heading stk-block-heading stk-block-heading--v2 stk-block stk-562b5ad\" id=\"profesorado-de-secundaria\" data-block-id=\"562b5ad\"><style>.stk-562b5ad .stk-block-heading__text{color:var(--stk-global-color-60833, #5c068c) !important;font-weight:600 !important;font-family:\"Montserrat\", Sans-serif !important;}@media screen and (max-width: 767px){.stk-562b5ad .stk-block-heading__text{font-size:15px !important;line-height:1em !important;}}<\/style><h4 class=\"stk-block-heading__text has-text-color\">Enseignants du secondaire<\/h4><\/div>\n\n\n\n<div class=\"wp-block-stackable-icon stk-block-icon stk-block stk-030d9f2\" data-block-id=\"030d9f2\"><style>@media screen and (max-width: 767px){.stk-030d9f2 .stk--svg-wrapper .stk--inner-svg svg:last-child{height:20px !important;width:20px !important;}}<\/style><span class=\"stk--svg-wrapper stk--has-icon2\"><div class=\"stk--inner-svg\"><svg style=\"height:0;width:0\"><defs><lineargradient id=\"linear-gradient-030d9f2\" x1=\"0\" x2=\"100%\" y1=\"0\" y2=\"0\"><stop offset=\"0%\" style=\"stop-opacity:1;stop-color:var(--linear-gradient-030-d-9-f-2-color-1)\"><\/stop><stop offset=\"100%\" style=\"stop-opacity:1;stop-color:var(--linear-gradient-030-d-9-f-2-color-2)\"><\/stop><\/lineargradient><\/defs><\/svg><svg class=\"ugb-custom-icon\" viewbox=\"0 0 34 34\" xmlns=\"http:\/\/www.w3.org\/2000\/svg\" aria-hidden=\"true\" width=\"32\" height=\"32\">\n<g clip-path=\"url(#clip0_1_2-14477)\">\n<path d=\"M17 34C26.3888 34 34 26.3888 34 17C34 7.61116 26.3888 0 17 0C7.61116 0 0 7.61116 0 17C0 26.3888 7.61116 34 17 34Z\" fill=\"#8A41E6\" \/>\n<path d=\"M22.71 14.28L17.05 19.95L11.29 14.18L9 16.47L14.76 22.23L15 22.5L16 23.53L17 24.56L25 16.56L22.71 14.28Z\" fill=\"white\" \/>\n<\/g>\n<defs>\n<clippath id=\"clip0_1_2-14477\">\n<rect width=\"34\" height=\"34\" fill=\"white\" \/>\n<\/clippath>\n<\/defs>\n<\/svg><\/div><div class=\"stk--inner-svg stk--icon-2\" style=\"display:none\"><svg style=\"height:0;width:0\"><defs><lineargradient id=\"linear-gradient-030d9f2\" x1=\"0\" x2=\"100%\" y1=\"0\" y2=\"0\"><stop offset=\"0%\" style=\"stop-opacity:1;stop-color:var(--linear-gradient-030-d-9-f-2-color-1)\"><\/stop><stop offset=\"100%\" style=\"stop-opacity:1;stop-color:var(--linear-gradient-030-d-9-f-2-color-2)\"><\/stop><\/lineargradient><\/defs><\/svg><svg class=\"ugb-custom-icon\" viewbox=\"0 0 34 34\" xmlns=\"http:\/\/www.w3.org\/2000\/svg\" aria-hidden=\"true\" width=\"32\" height=\"32\">\n<g clip-path=\"url(#clip0_1_2-67935)\">\n<path d=\"M17 34C26.3888 34 34 26.3888 34 17C34 7.61116 26.3888 0 17 0C7.61116 0 0 7.61116 0 17C0 26.3888 7.61116 34 17 34Z\" fill=\"#8A41E6\" \/>\n<path d=\"M22.71 14.28L17.05 19.95L11.29 14.18L9 16.47L14.76 22.23L15 22.5L16 23.53L17 24.56L25 16.56L22.71 14.28Z\" fill=\"white\" \/>\n<\/g>\n<defs>\n<clippath id=\"clip0_1_2-67935\">\n<rect width=\"34\" height=\"34\" fill=\"white\" \/>\n<\/clippath>\n<\/defs>\n<\/svg><\/div><\/span><\/div>\n<\/div><\/div>\n<\/div><\/div><\/summary>\n\n\n\n<div class=\"wp-block-stackable-column stk-block-column stk-column stk-block stk-1ef8407 stk-block-accordion__content\" data-v=\"4\" data-block-id=\"1ef8407\"><style>.stk-1ef8407-container{padding-top:0px !important;padding-right:0px !important;padding-bottom:0px !important;padding-left:0px !important;}<\/style><div class=\"stk-column-wrapper stk-block-column__content stk-container stk-1ef8407-container stk--no-background stk--no-padding\"><div class=\"stk-block-content stk-inner-blocks stk-1ef8407-inner-blocks\">\n<p data-block-type=\"core\">Les enseignants du secondaire qui participent en tant que&nbsp;<strong>membre du tribunal&nbsp;<\/strong>\u00e9valuateur, ainsi que le personnel enseignant qui participent en tant que membres de&nbsp;<strong>soutien au tribunal<\/strong>&nbsp;l&#039;\u00e9valuateur pendant les jours des examens d&#039;entr\u00e9e, doit soumettre la demande d&#039;inscription \u00e0 des tiers par le biais des moyens suivants&nbsp;<a href=\"https:\/\/sede.ull.es\/ecivilis-site\/catalog\/showProcedure\/483\" target=\"_blank\" rel=\"noreferrer noopener\">lien vers le si\u00e8ge \u00e9lectronique<\/a>, dans les cas suivants :<\/p>\n\n\n\n<p data-block-type=\"core\">a) Si vous n&#039;avez pas re\u00e7u de paiements de l&#039;Universit\u00e9 de La Laguna auparavant, vous devez s\u00e9lectionner \u00ab Inscription \u00bb sur le formulaire.<\/p>\n\n\n\n<p data-block-type=\"core\">b) Si vous avez d\u00e9j\u00e0 re\u00e7u des paiements de l&#039;Universit\u00e9 de La Laguna et que vous avez modifi\u00e9 ou souhaitez modifier le compte bancaire de destination, vous devez s\u00e9lectionner \u00ab Modifier \u00bb sur le formulaire.<\/p>\n\n\n\n<p data-block-type=\"core\"><strong>Documentation requise pour l&#039;enregistrement d&#039;un tiers<\/strong><\/p>\n\n\n\n<ul class=\"wp-block-list\" data-block-type=\"core\">\n<li data-block-type=\"core\">Pi\u00e8ce d&#039;identit\u00e9 du demandeur (DNI, NIE ou \u00e9quivalent).<\/li>\n<\/ul>\n\n\n\n<ul class=\"wp-block-list\" data-block-type=\"core\">\n<li data-block-type=\"core\">Certificat de propri\u00e9t\u00e9 du compte bancaire d\u00e9livr\u00e9 par l&#039;\u00e9tablissement financier.<\/li>\n<\/ul>\n<\/div><\/div><\/div>\n<\/details>\n<\/div><\/div><\/div>\n<\/div><\/div>","protected":false},"excerpt":{"rendered":"<p>R\u00e8glement du jury d\u2019examen r\u00e9gissant le syst\u00e8me de nomination des responsables de la coordination des mati\u00e8res aux examens d\u2019entr\u00e9e \u00e0 l\u2019Universit\u00e9 de La Laguna (approuv\u00e9 par le Conseil d\u2019administration le 16 mars 2022) Accord 5, section a) du 2 octobre 2023 du Conseil d\u2019administration de\u2026<\/p>","protected":false},"author":1,"featured_media":0,"parent":567,"menu_order":0,"comment_status":"closed","ping_status":"closed","template":"templates\/template-frontpage.php","meta":{"footnotes":""},"class_list":["post-610","page","type-page","status-publish","hentry"],"_links":{"self":[{"href":"https:\/\/www.ull.es\/admision-becas\/fr\/wp-json\/wp\/v2\/pages\/610","targetHints":{"allow":["GET"]}}],"collection":[{"href":"https:\/\/www.ull.es\/admision-becas\/fr\/wp-json\/wp\/v2\/pages"}],"about":[{"href":"https:\/\/www.ull.es\/admision-becas\/fr\/wp-json\/wp\/v2\/types\/page"}],"author":[{"embeddable":true,"href":"https:\/\/www.ull.es\/admision-becas\/fr\/wp-json\/wp\/v2\/users\/1"}],"replies":[{"embeddable":true,"href":"https:\/\/www.ull.es\/admision-becas\/fr\/wp-json\/wp\/v2\/comments?post=610"}],"version-history":[{"count":146,"href":"https:\/\/www.ull.es\/admision-becas\/fr\/wp-json\/wp\/v2\/pages\/610\/revisions"}],"predecessor-version":[{"id":8778,"href":"https:\/\/www.ull.es\/admision-becas\/fr\/wp-json\/wp\/v2\/pages\/610\/revisions\/8778"}],"up":[{"embeddable":true,"href":"https:\/\/www.ull.es\/admision-becas\/fr\/wp-json\/wp\/v2\/pages\/567"}],"wp:attachment":[{"href":"https:\/\/www.ull.es\/admision-becas\/fr\/wp-json\/wp\/v2\/media?parent=610"}],"curies":[{"name":"wp","href":"https:\/\/api.w.org\/{rel}","templated":true}]}}