{"id":644,"date":"2017-06-08T11:00:21","date_gmt":"2017-06-08T11:00:21","guid":{"rendered":"https:\/\/www.ull.es\/admision-becas\/?page_id=644"},"modified":"2025-12-19T12:24:06","modified_gmt":"2025-12-19T12:24:06","slug":"metodo-de-calificacion","status":"publish","type":"page","link":"https:\/\/www.ull.es\/admision-becas\/fr\/pau\/metodo-de-calificacion\/","title":{"rendered":"M\u00e9thode de notation"},"content":{"rendered":"<div class=\"wp-block-stackable-columns alignfull stk-block-columns stk-block stk-2cbe2d9 stk-block-background stk--has-background-overlay\" data-block-id=\"2cbe2d9\"><style>.stk-2cbe2d9 {background-image:url(https:\/\/www.ull.es\/admision-becas\/wp-content\/uploads\/sites\/8\/2025\/11\/Landing-PAU_Header.jpg) !important;min-height:600px !important;align-items:center !important;padding-top:0px !important;padding-right:0px !important;padding-bottom:0px !important;padding-left:0px !important;margin-top:-30px !important;margin-bottom:50px !important;display:flex !important;}.stk-2cbe2d9-column{max-width:1300px !important;min-width:auto !important;}@media screen and (max-width: 767px){.stk-2cbe2d9 {min-height:400px !important;}}<\/style><div class=\"stk-row stk-inner-blocks stk-block-content stk-content-align stk-2cbe2d9-column\">\n<div class=\"wp-block-stackable-column stk-block-column stk-column stk-block stk-67d5c45\" data-v=\"4\" data-block-id=\"67d5c45\"><style>@media screen and (max-width: 767px){.stk-67d5c45 {padding-top:10px !important;padding-right:10px !important;padding-bottom:10px !important;padding-left:10px !important;}}<\/style><div class=\"stk-column-wrapper stk-block-column__content stk-container stk-67d5c45-container stk--no-background stk--no-padding\"><div class=\"stk-block-content stk-inner-blocks stk-67d5c45-inner-blocks\">\n<div class=\"wp-block-stackable-heading stk-block-heading stk-block-heading--v2 stk-block stk-c229f24\" id=\"metodo-de-calificacion\" data-block-id=\"c229f24\"><style>.stk-c229f24 {margin-bottom:0px !important;}.stk-c229f24 .stk-block-heading__text{font-size:80px !important;color:#ffffff !important;font-weight:700 !important;font-family:\"Montserrat\", Sans-serif !important;}@media screen and (max-width: 1023px){.stk-c229f24 .stk-block-heading__text{font-size:50px !important;}}@media screen and (max-width: 767px){.stk-c229f24 .stk-block-heading__text{font-size:47px !important;}}<\/style><h1 class=\"stk-block-heading__text has-text-color\">M\u00e9thode de notation<\/h1><\/div>\n<\/div><\/div><\/div>\n<\/div><\/div>\n\n\n\n<div class=\"wp-block-stackable-columns stk-block-columns stk-block stk-8b59b96\" data-block-id=\"8b59b96\"><style>.stk-8b59b96 .stk--block-align-8b59b96{align-items:flex-start !important;}.stk-8b59b96-column{--stk-columns-spacing:0px !important;--stk-column-gap:50px !important;}<\/style><div class=\"stk-row stk-inner-blocks stk--block-align-8b59b96 stk-block-content stk-content-align stk-8b59b96-column\">\n<div class=\"wp-block-stackable-column stk-block-column stk-column stk-block stk-dbb7e15\" data-v=\"4\" data-block-id=\"dbb7e15\"><div class=\"stk-column-wrapper stk-block-column__content stk-container stk-dbb7e15-container stk--no-background stk--no-padding\"><div class=\"stk-block-content stk-inner-blocks stk-dbb7e15-inner-blocks\">\n<div class=\"wp-block-stackable-heading stk-block-heading stk-block-heading--v2 stk-block stk-ee3acd3\" id=\"strong-calificacion-de-la-fase-general-strong\" data-block-id=\"ee3acd3\"><h2 class=\"stk-block-heading__text\"><strong>Qualification de la phase g\u00e9n\u00e9rale<\/strong><\/h2><\/div>\n\n\n\n<p data-block-type=\"core\">Chaque exercice sera not\u00e9 de 0 \u00e0 10 points, avec deux d\u00e9cimales.<\/p>\n\n\n\n<p data-block-type=\"core\">La qualification de la phase g\u00e9n\u00e9rale sera&nbsp;<strong>la moyenne arithm\u00e9tique&nbsp;<\/strong>des notes des quatre exercices exprim\u00e9es num\u00e9riquement de 0 \u00e0 10 points, avec trois d\u00e9cimales, arrondies au milli\u00e8me le plus proche et, en cas d&#039;\u00e9quidistance, au nombre sup\u00e9rieur.<\/p>\n\n\n\n<div class=\"wp-block-stackable-spacer stk-block-spacer stk--no-padding stk-block stk-950e615\" data-block-id=\"950e615\"><style>.stk-950e615 {height:35px !important;}<\/style><\/div>\n\n\n\n<h2 class=\"wp-block-heading\" data-block-type=\"core\"><strong>Qualification de la phase d&#039;option<\/strong><\/h2>\n\n\n\n<p data-block-type=\"core\">Chacune des mati\u00e8res pour lesquelles l&#039;\u00e9tudiant passe l&#039;examen dans cette phase sera not\u00e9e de 0 \u00e0 10 points, avec deux d\u00e9cimales. Cela sera consid\u00e9r\u00e9&nbsp;<strong>le sujet est pass\u00e9&nbsp;<\/strong>lorsqu&#039;une note est obtenue<strong>&nbsp;\u00e9gal ou sup\u00e9rieur \u00e0 5 points<em>.<\/em><\/strong><\/p>\n\n\n\n<div class=\"wp-block-stackable-spacer stk-block-spacer stk--no-padding stk-block stk-994f573\" data-block-id=\"994f573\"><style>.stk-994f573 {height:35px !important;}<\/style><\/div>\n\n\n\n<h2 class=\"wp-block-heading\" data-block-type=\"core\"><strong>R\u00e9ussir l&#039;examen d&#039;entr\u00e9e \u00e0 l&#039;universit\u00e9<\/strong><\/h2>\n\n\n\n<ol class=\"wp-block-list\" data-block-type=\"core\">\n<li data-block-type=\"core\">Un \u00e9tudiant sera consid\u00e9r\u00e9 comme ayant r\u00e9ussi ce test lorsqu&#039;il aura obtenu une note \u00e9gale ou sup\u00e9rieure \u00e0\u00a0<strong>5 points<\/strong>\u00a0en raison de la moyenne pond\u00e9r\u00e9e des\u00a0<strong>60%<\/strong>\u00a0de la note moyenne de\u00a0<strong>Baccalaur\u00e9at,<\/strong> calcul\u00e9 sans tenir compte de la note obtenue en religion,<strong> <\/strong>et le\u00a0<strong>40%<\/strong>\u00a0de la notation de la\u00a0<strong>phase g\u00e9n\u00e9rale,<\/strong>\u00a0\u00e0 condition que vous ayez obtenu un\u00a0<strong>minimum de 4 points<\/strong>\u00a0<strong>dans<\/strong>\u00a0la notation de la\u00a0<strong>phase g\u00e9n\u00e9rale.<\/strong>\u00a0<\/li>\n\n\n\n<li data-block-type=\"core\">Le <strong>note d&#039;admission \u00e0 l&#039;universit\u00e9<\/strong> Elle sera exprim\u00e9e avec trois d\u00e9cimales, arrondie au centi\u00e8me pr\u00e8s et, en cas d&#039;\u00e9quidistance, \u00e0 la d\u00e9cimale sup\u00e9rieure.<\/li>\n\n\n\n<li data-block-type=\"core\">La r\u00e9ussite de la phase g\u00e9n\u00e9rale, ainsi que la note obtenue, seront valables ind\u00e9finiment.<\/li>\n\n\n\n<li data-block-type=\"core\">Les notes des mati\u00e8res soumises \u00e0 pond\u00e9ration selon la&nbsp;<a href=\"https:\/\/www.ull.es\/admision-becas\/ebau\/ponderaciones-las-titulaciones-la-ull\/\" target=\"_blank\" rel=\"noreferrer noopener\">tableau des pouvoirs publi\u00e9<\/a>, sera valable pour le cours qui commence imm\u00e9diatement apr\u00e8s la r\u00e9ussite du test et les deux ann\u00e9es acad\u00e9miques qui suivent celui-ci.<\/li>\n<\/ol>\n\n\n\n<p data-block-type=\"core\"><a href=\"https:\/\/www.ull.es\/admision-becas\/admision-a-titulaciones-oficiales-de-grado\/preinscripcion\/calculo-nota-admision\/\" target=\"_blank\" rel=\"noreferrer noopener\"><strong>Consultez ici les crit\u00e8res de calcul de la note d&#039;admission aux \u00e9tudes universitaires officielles de premier cycle.<\/strong><\/a><\/p>\n<\/div><\/div><\/div>\n<\/div><\/div>","protected":false},"excerpt":{"rendered":"<p>M\u00e9thode de notation\u00a0: Phase g\u00e9n\u00e9rale\u00a0: Chaque exercice sera not\u00e9 de 0 \u00e0 10 points, avec deux d\u00e9cimales. La note de la phase g\u00e9n\u00e9rale sera la moyenne arithm\u00e9tique des notes des quatre exercices, exprim\u00e9e num\u00e9riquement de 0 \u00e0 10 points, avec trois d\u00e9cimales, arrondie au z\u00e9ro le plus proche.<\/p>","protected":false},"author":1,"featured_media":0,"parent":567,"menu_order":0,"comment_status":"closed","ping_status":"closed","template":"templates\/template-frontpage.php","meta":{"footnotes":""},"class_list":["post-644","page","type-page","status-publish","hentry"],"_links":{"self":[{"href":"https:\/\/www.ull.es\/admision-becas\/fr\/wp-json\/wp\/v2\/pages\/644","targetHints":{"allow":["GET"]}}],"collection":[{"href":"https:\/\/www.ull.es\/admision-becas\/fr\/wp-json\/wp\/v2\/pages"}],"about":[{"href":"https:\/\/www.ull.es\/admision-becas\/fr\/wp-json\/wp\/v2\/types\/page"}],"author":[{"embeddable":true,"href":"https:\/\/www.ull.es\/admision-becas\/fr\/wp-json\/wp\/v2\/users\/1"}],"replies":[{"embeddable":true,"href":"https:\/\/www.ull.es\/admision-becas\/fr\/wp-json\/wp\/v2\/comments?post=644"}],"version-history":[{"count":29,"href":"https:\/\/www.ull.es\/admision-becas\/fr\/wp-json\/wp\/v2\/pages\/644\/revisions"}],"predecessor-version":[{"id":8560,"href":"https:\/\/www.ull.es\/admision-becas\/fr\/wp-json\/wp\/v2\/pages\/644\/revisions\/8560"}],"up":[{"embeddable":true,"href":"https:\/\/www.ull.es\/admision-becas\/fr\/wp-json\/wp\/v2\/pages\/567"}],"wp:attachment":[{"href":"https:\/\/www.ull.es\/admision-becas\/fr\/wp-json\/wp\/v2\/media?parent=644"}],"curies":[{"name":"wp","href":"https:\/\/api.w.org\/{rel}","templated":true}]}}