{"id":658,"date":"2017-06-08T11:32:35","date_gmt":"2017-06-08T11:32:35","guid":{"rendered":"https:\/\/www.ull.es\/admision-becas\/?page_id=658"},"modified":"2026-03-10T11:47:46","modified_gmt":"2026-03-10T11:47:46","slug":"alumnado-formacion-profesional","status":"publish","type":"page","link":"https:\/\/www.ull.es\/admision-becas\/fr\/pau\/alumnado-formacion-profesional\/","title":{"rendered":"\u00c9tudiants en formation professionnelle"},"content":{"rendered":"<div class=\"wp-block-stackable-columns alignfull stk-block-columns stk-block stk-2cbe2d9 stk-block-background stk--has-background-overlay\" data-block-id=\"2cbe2d9\"><style>.stk-2cbe2d9 {background-image:url(https:\/\/www.ull.es\/admision-becas\/wp-content\/uploads\/sites\/8\/2025\/11\/Landing-PAU_Header.jpg) !important;min-height:600px !important;align-items:center !important;padding-top:0px !important;padding-right:0px !important;padding-bottom:0px !important;padding-left:0px !important;margin-top:-30px !important;margin-bottom:50px !important;display:flex !important;}.stk-2cbe2d9-column{max-width:1300px !important;min-width:auto !important;}@media screen and (max-width: 767px){.stk-2cbe2d9 {min-height:400px !important;}}<\/style><div class=\"stk-row stk-inner-blocks stk-block-content stk-content-align stk-2cbe2d9-column\">\n<div class=\"wp-block-stackable-column stk-block-column stk-column stk-block stk-67d5c45\" data-v=\"4\" data-block-id=\"67d5c45\"><style>@media screen and (min-width: 768px) and (max-width: 1023px){.stk-67d5c45 {flex:var(--stk-flex-grow, 1) 1 calc(60% - var(--stk-column-gap, 0px) * 1 \/ 2 ) !important;}}@media screen and (max-width: 767px){.stk-67d5c45 {padding-top:10px !important;padding-right:10px !important;padding-bottom:10px !important;padding-left:10px !important;}}<\/style><div class=\"stk-column-wrapper stk-block-column__content stk-container stk-67d5c45-container stk--no-background stk--no-padding\"><div class=\"stk-block-content stk-inner-blocks stk-67d5c45-inner-blocks\">\n<div class=\"wp-block-stackable-heading stk-block-heading stk-block-heading--v2 stk-block stk-c229f24\" id=\"alumnado-fp\" data-block-id=\"c229f24\"><style>.stk-c229f24 {margin-bottom:0px !important;}.stk-c229f24 .stk-block-heading__text{font-size:80px !important;color:#ffffff !important;font-weight:700 !important;font-family:\"Montserrat\", Sans-serif !important;}@media screen and (max-width: 1023px){.stk-c229f24 .stk-block-heading__text{font-size:50px !important;}}@media screen and (max-width: 767px){.stk-c229f24 .stk-block-heading__text{font-size:47px !important;}}<\/style><h1 class=\"stk-block-heading__text has-text-color\">\u00c9tudiants en formation professionnelle<\/h1><\/div>\n<\/div><\/div><\/div>\n\n\n\n<div class=\"wp-block-stackable-column stk-block-column stk-column stk-block stk-a283fdb\" data-v=\"4\" data-block-id=\"a283fdb\"><style>@media screen and (min-width: 768px) and (max-width: 1023px){.stk-a283fdb {flex:var(--stk-flex-grow, 1) 1 calc(40% - var(--stk-column-gap, 0px) * 1 \/ 2 ) !important;}}<\/style><div class=\"stk-column-wrapper stk-block-column__content stk-container stk-a283fdb-container stk--no-background stk--no-padding\"><div class=\"stk-block-content stk-inner-blocks stk-a283fdb-inner-blocks\"><\/div><\/div><\/div>\n<\/div><\/div>\n\n\n\n<div class=\"wp-block-stackable-columns stk-block-columns stk-block stk-8b59b96\" data-block-id=\"8b59b96\"><style>.stk-8b59b96 .stk--block-align-8b59b96{align-items:flex-start !important;}.stk-8b59b96-column{--stk-columns-spacing:0px !important;--stk-column-gap:50px !important;}<\/style><div class=\"stk-row stk-inner-blocks stk--block-align-8b59b96 stk-block-content stk-content-align stk-8b59b96-column\">\n<div class=\"wp-block-stackable-column stk-block-column stk-column stk-block stk-dbb7e15\" data-v=\"4\" data-block-id=\"dbb7e15\"><div class=\"stk-column-wrapper stk-block-column__content stk-container stk-dbb7e15-container stk--no-background stk--no-padding\"><div class=\"stk-block-content stk-inner-blocks stk-dbb7e15-inner-blocks\">\n<div class=\"wp-block-stackable-heading stk-block-heading stk-block-heading--v2 stk-block stk-59718a5\" id=\"acceso-a-la-universidad-desde-los-titulos-de-tecnico-superior-de-formacion-profesional-tecnico-superior-de-artes-plasticas-y-diseno-y-tecnico-deportivo-superior\" data-block-id=\"59718a5\"><style>.stk-59718a5 {margin-bottom:20px !important;}.stk-59718a5 .stk-block-heading__text{font-size:35px !important;color:var(--stk-global-color-60833, #5c068c) !important;font-weight:400 !important;}@media screen and (max-width: 1023px){.stk-59718a5 .stk-block-heading__text{font-size:35px !important;}}<\/style><h2 class=\"stk-block-heading__text has-text-color\">Acc\u00e8s \u00e0 l&#039;universit\u00e9 \u00e0 partir des dipl\u00f4mes de Technicien Sup\u00e9rieur de l&#039;Enseignement Professionnel, de Technicien Sup\u00e9rieur des Arts Plastiques et du Design et de Technicien Sup\u00e9rieur du Sport<\/h2><\/div>\n\n\n\n<div class=\"wp-block-stackable-text stk-block-text stk-block stk-c02ace3\" data-block-id=\"c02ace3\"><p class=\"stk-block-text__text\">Les titulaires des dipl\u00f4mes de Technicien Sup\u00e9rieur de l&#039;Enseignement Professionnel, de Technicien Sup\u00e9rieur en Arts Plastiques et Design, de Technicien Sup\u00e9rieur du Sport ou \u00e9quivalents peuvent \u00eatre admis aux programmes officiels de premier cycle sans avoir \u00e0 passer l&#039;examen d&#039;entr\u00e9e.<\/p><\/div>\n\n\n\n<p data-block-type=\"core\">Toutefois, ces \u00e9tudiants pourront postuler \u00e0 <strong>Phase d&#039;option<\/strong> de l&#039;examen d&#039;entr\u00e9e \u00e0 l&#039;universit\u00e9, pour am\u00e9liorer le&nbsp;<a href=\"https:\/\/www.ull.es\/admision-becas\/calculo-nota-admision\/#formacion-profesional\" target=\"_blank\" rel=\"noreferrer noopener\">note d&#039;admission<\/a>&nbsp;aux cours universitaires officiels de premier cycle.<\/p>\n\n\n\n<p data-block-type=\"core\">Le contenu des th\u00e8mes sur lesquels porteront les exercices de la phase optionnelle sera celui \u00e9tabli pour le programme des mati\u00e8res optionnelles obligatoires de la 2e ann\u00e9e du baccalaur\u00e9at.<\/p>\n\n\n\n<p data-block-type=\"core\">La phase optionnelle pour les \u00e9tudiants titulaires des titres de technicien sup\u00e9rieur en formation professionnelle, de technicien sup\u00e9rieur en arts plastiques et design, ou de technicien sup\u00e9rieur du sport ou \u00e9quivalent, sera adapt\u00e9e aux crit\u00e8res suivants\u00a0:<\/p>\n\n\n\n<ol style=\"list-style-type:lower-alpha\" class=\"wp-block-list\" data-block-type=\"core\">\n<li data-block-type=\"core\">Vous pouvez postuler pour 1, 2, 3 ou 4 mati\u00e8res<strong>.&nbsp;<\/strong>Dans le cas o\u00f9 il est pr\u00e9sent\u00e9 \u00e0 <strong>QUATRE <\/strong>sujets<strong>, n\u00e9cessairement UN <\/strong>Ce doit \u00eatre un <strong>Langue \u00e9trang\u00e8re<\/strong>.<\/li>\n\n\n\n<li data-block-type=\"core\">Vous pouvez passer les examens de langue et litt\u00e9rature espagnoles, d&#039;histoire de l&#039;Espagne et d&#039;histoire de la philosophie.<\/li>\n\n\n\n<li data-block-type=\"core\">Vous pouvez choisir un maximum de deux mati\u00e8res de langue \u00e9trang\u00e8re (allemand, fran\u00e7ais, anglais ou italien).<\/li>\n\n\n\n<li data-block-type=\"core\">Vous pouvez choisir un maximum de deux mati\u00e8res obligatoires (Math\u00e9matiques II, Math\u00e9matiques appliqu\u00e9es aux sciences sociales II, Latin II, Analyse musicale II, Arts du spectacle II, Dessin artistique II ou Sciences g\u00e9n\u00e9rales).<\/li>\n\n\n\n<li data-block-type=\"core\">Les mati\u00e8res admissibles restantes dans cette phase sont les mati\u00e8res \u00e0 option : Biologie, Technique vocale et chorale II, Dessin technique II, Dessin technique appliqu\u00e9 aux arts plastiques et au design, Design, Commerce et conception de mod\u00e8les commerciaux, Physique, Fondements artistiques, G\u00e9ographie, G\u00e9ologie et sciences de l&#039;environnement, Grec II, Histoire de l&#039;art, Histoire de la musique et de la danse, Litt\u00e9rature dramatique, Mouvements culturels et artistiques, Chimie, Techniques d&#039;expression graphique et plastique, Technologie et ing\u00e9nierie II.<\/li>\n<\/ol>\n\n\n\n<h3 class=\"wp-block-heading\" data-block-type=\"core\">Note d&#039;admission aux cours universitaires officiels de premier cycle<\/h3>\n\n\n\n<p data-block-type=\"core\">Pour l&#039;admission aux cours universitaires officiels de premier cycle, la note d&#039;admission correspondante sera utilis\u00e9e pour attribuer les places. Cette note sera calcul\u00e9e selon la formule suivante et exprim\u00e9e avec trois d\u00e9cimales, arrondie au milli\u00e8me le plus proche et, dans le cas d&#039;\u00e9quidistance, \u00e0 la d\u00e9cimale suivante :<\/p>\n\n\n\n<ul class=\"wp-block-list\" data-block-type=\"core\">\n<li data-block-type=\"core\">\n<ul class=\"wp-block-list\" data-block-type=\"core\">\n<li data-block-type=\"core\"><strong>Niveau d&#039;admission = NMC + ax M1 + bx M2<\/strong><\/li>\n\n\n\n<li data-block-type=\"core\"><strong>NMC<\/strong>&nbsp;= Note moyenne du cycle de formation professionnelle<\/li>\n\n\n\n<li data-block-type=\"core\"><strong>M1, M2<\/strong>&nbsp;= Notes d&#039;un maximum de deux mati\u00e8res r\u00e9ussies dans la phase optionnelle qui donnent une meilleure note d&#039;admission.<\/li>\n\n\n\n<li data-block-type=\"core\"><strong>a, b<\/strong>&nbsp;= param\u00e8tres de pond\u00e9ration pour les mati\u00e8res de la phase optionnelle.<\/li>\n<\/ul>\n<\/li>\n<\/ul>\n\n\n\n<p data-block-type=\"core\">La note d&#039;admission comprendra les notes des mati\u00e8res de la phase optionnelle, en tenant compte de la correspondance entre les mati\u00e8res et le dipl\u00f4me auquel on s&#039;inscrit, \u00e0 condition qu&#039;une note minimale de 5 ait \u00e9t\u00e9 obtenue dans cette mati\u00e8re.<a href=\"https:\/\/www.ull.es\/admision-becas\/ebau\/ponderaciones-las-titulaciones-la-ull\/\" target=\"_blank\" rel=\"noreferrer noopener\">&nbsp;Voir les param\u00e8tres de pond\u00e9ration des mati\u00e8res de la phase facultative pour les dipl\u00f4mes ULL<\/a>.<\/p>\n\n\n\n<h3 class=\"wp-block-heading\" data-block-type=\"core\">Inscription \u00e0 l&#039;examen d&#039;entr\u00e9e.<\/h3>\n\n\n\n<h5 class=\"wp-block-heading\" data-block-type=\"core\"><strong>Les \u00e9tudiants qui terminent leurs \u00e9tudes la m\u00eame ann\u00e9e o\u00f9 l&#039;examen d&#039;entr\u00e9e est pass\u00e9.<\/strong><\/h5>\n\n\n\n<p data-block-type=\"core\">Les \u00e9tudiants s&#039;inscriront \u00e0 l&#039;examen d&#039;entr\u00e9e via une demande en ligne fournie par l&#039;\u00e9cole ou l&#039;institut o\u00f9 ils sont inscrits aux cours menant aux qualifications susmentionn\u00e9es, selon le calendrier approuv\u00e9 chaque ann\u00e9e acad\u00e9mique. \u00c0 ces fins, les \u00e9tudiants s&#039;inscriront et s&#039;inscriront au Centre o\u00f9 ils ont termin\u00e9 les \u00e9tudes de Cycle ou de PF correspondantes.&nbsp;<a href=\"https:\/\/www.ull.es\/admision-becas\/ebau\/como-y-cuando-inscribirse\/\" target=\"_blank\" rel=\"noreferrer noopener\">Plus d&#039;informations<\/a>.<\/p>\n\n\n\n<h5 class=\"wp-block-heading\" data-block-type=\"core\"><strong>Les \u00e9tudiants ayant termin\u00e9 leurs \u00e9tudes dans des cours ant\u00e9rieurs \u00e0 celui de l&#039;examen d&#039;entr\u00e9e.<\/strong><\/h5>\n\n\n\n<p data-block-type=\"core\">Ils doivent\u00a0<strong>pr\u00e9c\u00e9demment<\/strong>\u00a0soumettre une demande via le\u00a0<a href=\"https:\/\/sede.ull.es\/ecivilis-site\/catalog\/showProcedure\/502\" target=\"_blank\" rel=\"noreferrer noopener\">si\u00e8ge \u00e9lectronique<\/a>\u00a0de l&#039;ULL demandant l&#039;inscription au test.\u00a0<a href=\"https:\/\/www.ull.es\/admision-becas\/pau\/mejorar-calificacion\/mejora-de-calificacion-pau\/\" target=\"_blank\" rel=\"noreferrer noopener\">Plus d&#039;informations<\/a>\u00a0sur les exigences, les d\u00e9lais et la documentation requise.<\/p>\n\n\n\n<p data-block-type=\"core\"><strong>L&#039;estimation de la demande n&#039;implique pas en soi l&#039;inscription au PAU,&nbsp;<\/strong>Par cons\u00e9quent, une fois la demande soumise avec succ\u00e8s via le site Web de l&#039;ULL, l&#039;\u00e9tudiant recevra un e-mail indiquant comment proc\u00e9der au processus d&#039;inscription \u00e0 la PAU.&nbsp;<a href=\"https:\/\/www.ull.es\/admision-becas\/ebau\/matricula\/\" target=\"_blank\" rel=\"noreferrer noopener\">Voir la proc\u00e9dure et le lieu d&#039;inscription au PAU<\/a>.<\/p>\n<\/div><\/div><\/div>\n<\/div><\/div>","protected":false},"excerpt":{"rendered":"<p>\u00c9tudiants en formation professionnelle acc\u00e9dant \u00e0 l&#039;universit\u00e9 gr\u00e2ce aux qualifications de technicien sup\u00e9rieur en formation professionnelle, de technicien sup\u00e9rieur en arts plastiques et design et de technicien sup\u00e9rieur du sport Les personnes titulaires des qualifications de technicien sup\u00e9rieur en formation professionnelle, de technicien sup\u00e9rieur en arts plastiques et design ou de technicien sup\u00e9rieur du sport ou d&#039;un dipl\u00f4me \u00e9quivalent peuvent \u00eatre admises\u2026<\/p>","protected":false},"author":1,"featured_media":0,"parent":567,"menu_order":0,"comment_status":"closed","ping_status":"closed","template":"templates\/template-frontpage.php","meta":{"footnotes":""},"class_list":["post-658","page","type-page","status-publish","hentry"],"_links":{"self":[{"href":"https:\/\/www.ull.es\/admision-becas\/fr\/wp-json\/wp\/v2\/pages\/658","targetHints":{"allow":["GET"]}}],"collection":[{"href":"https:\/\/www.ull.es\/admision-becas\/fr\/wp-json\/wp\/v2\/pages"}],"about":[{"href":"https:\/\/www.ull.es\/admision-becas\/fr\/wp-json\/wp\/v2\/types\/page"}],"author":[{"embeddable":true,"href":"https:\/\/www.ull.es\/admision-becas\/fr\/wp-json\/wp\/v2\/users\/1"}],"replies":[{"embeddable":true,"href":"https:\/\/www.ull.es\/admision-becas\/fr\/wp-json\/wp\/v2\/comments?post=658"}],"version-history":[{"count":36,"href":"https:\/\/www.ull.es\/admision-becas\/fr\/wp-json\/wp\/v2\/pages\/658\/revisions"}],"predecessor-version":[{"id":8783,"href":"https:\/\/www.ull.es\/admision-becas\/fr\/wp-json\/wp\/v2\/pages\/658\/revisions\/8783"}],"up":[{"embeddable":true,"href":"https:\/\/www.ull.es\/admision-becas\/fr\/wp-json\/wp\/v2\/pages\/567"}],"wp:attachment":[{"href":"https:\/\/www.ull.es\/admision-becas\/fr\/wp-json\/wp\/v2\/media?parent=658"}],"curies":[{"name":"wp","href":"https:\/\/api.w.org\/{rel}","templated":true}]}}