{"id":663,"date":"2017-06-08T11:42:56","date_gmt":"2017-06-08T11:42:56","guid":{"rendered":"https:\/\/www.ull.es\/admision-becas\/?page_id=663"},"modified":"2025-12-16T10:49:56","modified_gmt":"2025-12-16T10:49:56","slug":"ponderaciones-las-titulaciones-la-ull","status":"publish","type":"page","link":"https:\/\/www.ull.es\/admision-becas\/fr\/pau\/ponderaciones-las-titulaciones-la-ull\/","title":{"rendered":"Pond\u00e9rations pour les dipl\u00f4mes ULL"},"content":{"rendered":"<div class=\"wp-block-stackable-columns alignfull stk-block-columns stk-block stk-2cbe2d9 stk-block-background stk--has-background-overlay\" data-block-id=\"2cbe2d9\"><style>.stk-2cbe2d9 {background-image:url(https:\/\/www.ull.es\/admision-becas\/wp-content\/uploads\/sites\/8\/2025\/11\/Landing-PAU_Header.jpg) !important;min-height:600px !important;align-items:center !important;padding-top:0px !important;padding-right:0px !important;padding-bottom:0px !important;padding-left:0px !important;margin-top:-30px !important;margin-bottom:50px !important;display:flex !important;}.stk-2cbe2d9-column{max-width:1300px !important;min-width:auto !important;}@media screen and (max-width: 767px){.stk-2cbe2d9 {min-height:400px !important;}}<\/style><div class=\"stk-row stk-inner-blocks stk-block-content stk-content-align stk-2cbe2d9-column\">\n<div class=\"wp-block-stackable-column stk-block-column stk-column stk-block stk-67d5c45\" data-v=\"4\" data-block-id=\"67d5c45\"><style>@media screen and (max-width: 767px){.stk-67d5c45 {padding-top:10px !important;padding-right:10px !important;padding-bottom:10px !important;padding-left:10px !important;}}<\/style><div class=\"stk-column-wrapper stk-block-column__content stk-container stk-67d5c45-container stk--no-background stk--no-padding\"><div class=\"stk-block-content stk-inner-blocks stk-67d5c45-inner-blocks\">\n<div class=\"wp-block-stackable-heading stk-block-heading stk-block-heading--v2 stk-block stk-c229f24\" id=\"ponderaciones-para-titulaciones-de-la-ull\" data-block-id=\"c229f24\"><style>.stk-c229f24 {margin-bottom:0px !important;}.stk-c229f24 .stk-block-heading__text{font-size:80px !important;color:#ffffff !important;font-weight:700 !important;font-family:\"Montserrat\", Sans-serif !important;}@media screen and (max-width: 1023px){.stk-c229f24 .stk-block-heading__text{font-size:50px !important;}}@media screen and (max-width: 767px){.stk-c229f24 .stk-block-heading__text{font-size:47px !important;}}<\/style><h1 class=\"stk-block-heading__text has-text-color\">Pond\u00e9rations pour les dipl\u00f4mes ULL<\/h1><\/div>\n<\/div><\/div><\/div>\n<\/div><\/div>\n\n\n\n<div class=\"wp-block-stackable-columns stk-block-columns stk-block stk-8b59b96\" data-block-id=\"8b59b96\"><style>.stk-8b59b96 .stk--block-align-8b59b96{align-items:flex-start !important;}.stk-8b59b96-column{--stk-columns-spacing:0px !important;--stk-column-gap:50px !important;}<\/style><div class=\"stk-row stk-inner-blocks stk--block-align-8b59b96 stk-block-content stk-content-align stk-8b59b96-column\">\n<div class=\"wp-block-stackable-column stk-block-column stk-column stk-block stk-dbb7e15\" data-v=\"4\" data-block-id=\"dbb7e15\"><div class=\"stk-column-wrapper stk-block-column__content stk-container stk-dbb7e15-container stk--no-background stk--no-padding\"><div class=\"stk-block-content stk-inner-blocks stk-dbb7e15-inner-blocks\">\n<div class=\"wp-block-stackable-heading stk-block-heading stk-block-heading--v2 stk-block stk-59718a5\" id=\"strong-ponderaciones-de-las-materias-de-la-prueba-de-acceso-strong\" data-block-id=\"59718a5\"><style>.stk-59718a5 {margin-bottom:20px !important;}.stk-59718a5 .stk-block-heading__text{font-size:35px !important;color:var(--stk-global-color-60833, #5c068c) !important;font-weight:400 !important;}@media screen and (max-width: 1023px){.stk-59718a5 .stk-block-heading__text{font-size:35px !important;}}<\/style><h2 class=\"stk-block-heading__text has-text-color\"><strong>Pond\u00e9ration des mati\u00e8res \u00e0 l&#039;examen d&#039;entr\u00e9e<\/strong><\/h2><\/div>\n\n\n\n<div class=\"wp-block-stackable-text stk-block-text stk-block stk-2eb20a5\" data-block-id=\"2eb20a5\"><style>.stk-2eb20a5 {margin-bottom:10px !important;}<\/style><p class=\"stk-block-text__text\"><\/p><\/div>\n\n\n\n<div class=\"wp-block-stackable-text stk-block-text stk-block stk-787b661\" data-block-id=\"787b661\"><p class=\"stk-block-text__text\">Les notes obtenues dans les mati\u00e8res de la phase g\u00e9n\u00e9rale et de la phase optionnelle de l&#039;EBAU\/PAU par les \u00e9tudiants du baccalaur\u00e9at et de la formation professionnelle pourront \u00eatre prises en compte pour l&#039;admission aux dipl\u00f4mes officiels de premier cycle dans les universit\u00e9s publiques des \u00eeles Canaries, en tenant compte de la correspondance entre les mati\u00e8res et le dipl\u00f4me auquel on acc\u00e8de, \u00e0 condition qu&#039;une note minimale de 5 ait \u00e9t\u00e9 obtenue dans ladite mati\u00e8re.<\/p><\/div>\n\n\n\n<p data-block-type=\"core\">Aux fins du calcul de la note d&#039;admission, la note obtenue dans les mati\u00e8res pond\u00e9r\u00e9es lors des proc\u00e9dures d&#039;admission sera valable pour les trois ann\u00e9es acad\u00e9miques suivant leur r\u00e9ussite, qu&#039;elles aient \u00e9t\u00e9 obtenues dans la phase g\u00e9n\u00e9rale ou facultative.<\/p>\n<\/div><\/div><\/div>\n<\/div><\/div>\n\n\n\n<div class=\"wp-block-stackable-columns alignfull stk-block-columns stk-block stk-81ad3b0 stk-block-background stk--has-background-overlay\" data-block-id=\"81ad3b0\"><style>.stk-81ad3b0 {background-color:#ddd6fc !important;background-image:url(https:\/\/www.ull.es\/wp-content\/uploads\/2025\/11\/Frame_3.png) !important;border-top-left-radius:30px !important;border-top-right-radius:30px !important;border-bottom-right-radius:30px !important;border-bottom-left-radius:30px !important;overflow:hidden !important;margin-top:50px !important;margin-bottom:50px !important;}.stk-81ad3b0:before{background-color:#ddd6fc !important;opacity:0 !important;}.stk-81ad3b0-column{max-width:1300px !important;min-width:auto !important;}<\/style><div class=\"stk-row stk-inner-blocks stk-block-content stk-content-align stk-81ad3b0-column\">\n<div class=\"wp-block-stackable-column stk-block-column stk-column stk-block stk-20be033\" data-v=\"4\" data-block-id=\"20be033\"><style>.stk-20be033 {border-top-left-radius:30px !important;border-top-right-radius:30px !important;border-bottom-right-radius:30px !important;border-bottom-left-radius:30px !important;overflow:hidden !important;padding-top:50px !important;padding-right:50px !important;padding-bottom:50px !important;padding-left:50px !important;margin-top:30px !important;margin-bottom:30px !important;}@media screen and (max-width: 767px){.stk-20be033 {padding-top:20px !important;padding-right:20px !important;padding-bottom:20px !important;padding-left:20px !important;margin-top:15px !important;margin-right:10px !important;margin-bottom:15px !important;margin-left:10px !important;}}<\/style><div class=\"stk-column-wrapper stk-block-column__content stk-container stk-20be033-container stk--no-background stk--no-padding\"><div class=\"stk-block-content stk-inner-blocks stk-20be033-inner-blocks\">\n<div class=\"wp-block-stackable-icon-label stk-block-icon-label stk-block stk-405e850 stk-block-background\" id=\"a-href-https-drive-google-com-file-d-1-hb-u-8-y-ey-6-x-eb-ht-od-lv-ldf-7-a-fgudm-nfs-5-p-view-usp-sharing-span-style-color-fffffe-class-stk-highlight-ponderaciones-dobles-grados-de-las-materias-de-bachillerato-lomloe-pau-curso-2025-2026-y-sucesivos-span-a\" data-block-id=\"405e850\"><style>.stk-405e850 {background-color:#7c30e3 !important;border-top-left-radius:25px !important;border-top-right-radius:25px !important;border-bottom-right-radius:25px !important;border-bottom-left-radius:25px !important;overflow:hidden !important;border-style:solid !important;border-color:#dfdad1 !important;border-top-width:0px !important;border-right-width:0px !important;border-bottom-width:1px !important;border-left-width:0px !important;padding-top:36px !important;padding-right:20px !important;padding-bottom:36px !important;padding-left:25px !important;margin-bottom:24px !important;}.stk-405e850:before{background-color:#7c30e3 !important;}<\/style><div class=\"stk-row stk-inner-blocks stk-block-content\">\n<div class=\"wp-block-stackable-heading stk-block-heading stk-block-heading--v2 stk-block stk-52d5e6f\" id=\"a-href-https-drive-google-com-file-d-1-esm-aub-k-5-ll-kml-az-mzs-q-qxx-km-6-f-vpu-8-k-view-usp-sharing-span-style-color-fffffe-class-stk-highlight-ponderaciones-de-las-materias-de-bachillerato-lomloe-pau-curso-2025-2026-y-sucesivos-span-a\" data-block-id=\"52d5e6f\"><style>.stk-52d5e6f .stk-block-heading__text{color:#000000 !important;font-weight:600 !important;font-family:\"Montserrat\", Sans-serif !important;}@media screen and (max-width: 767px){.stk-52d5e6f .stk-block-heading__text{font-size:15px !important;}}<\/style><h4 class=\"stk-block-heading__text has-text-color\"><a href=\"https:\/\/drive.google.com\/file\/d\/1esmAubK5LlKmlAZMzsQQxx_KM6FVpu8K\/view?usp=sharing\" target=\"_blank\" rel=\"noopener\"><span style=\"color: #fffffe;\" class=\"stk-highlight\">Pond\u00e9rations des mati\u00e8res du baccalaur\u00e9at LOMLOE (PAU) pour l&#039;ann\u00e9e acad\u00e9mique 2025-2026 et les ann\u00e9es suivantes<\/span><\/a><\/h4><\/div>\n\n\n\n<div class=\"wp-block-stackable-icon stk-block-icon has-text-align-left stk-block stk-f721377\" data-block-id=\"f721377\"><style>@media screen and (max-width: 767px){.stk-f721377 .stk--svg-wrapper .stk--inner-svg svg:last-child{height:20px !important;width:20px !important;}}<\/style><a class=\"stk-link\" href=\"https:\/\/drive.google.com\/file\/d\/1a79EwyWLZl-7eU3WWm0MgGMEkv1JsGmO\/view\" target=\"_blank\" rel=\"noopener\"><span class=\"stk--svg-wrapper\"><div class=\"stk--inner-svg\"><svg style=\"height:0;width:0\"><defs><lineargradient id=\"linear-gradient-f721377\" x1=\"0\" x2=\"100%\" y1=\"0\" y2=\"0\"><stop offset=\"0%\" style=\"stop-opacity:1;stop-color:var(--linear-gradient-f-721377-color-1)\"><\/stop><stop offset=\"100%\" style=\"stop-opacity:1;stop-color:var(--linear-gradient-f-721377-color-2)\"><\/stop><\/lineargradient><\/defs><\/svg><svg class=\"ugb-custom-icon\" id=\"Capa_1-91700\" data-name=\"Capa 1\" xmlns=\"http:\/\/www.w3.org\/2000\/svg\" viewbox=\"0 0 36 36\" aria-hidden=\"true\" width=\"32\" height=\"32\">\n  <defs>\n    <style>\n      .cls-1 {\n        fill: #fff;\n      }\n\n      .cls-2 {\n        fill: #782ce8;\n      }\n    <\/style>\n  <\/defs>\n  <circle class=\"cls-1\" cx=\"18\" cy=\"18\" r=\"18\"\/>\n  <polygon class=\"cls-2\" points=\"24.35 23.34 21.01 23.33 21.01 17.26 13.19 25.08 10.92 22.81 18.81 14.92 12.73 14.92 12.73 11.58 24.35 11.58 24.35 23.34\"\/>\n<\/svg><\/div><\/span><\/a><\/div>\n<\/div><\/div>\n\n\n\n<div class=\"wp-block-stackable-icon-label stk-block-icon-label stk-block stk-78a0b90 stk-block-background\" id=\"a-href-https-drive-google-com-file-d-1-hb-u-8-y-ey-6-x-eb-ht-od-lv-ldf-7-a-fgudm-nfs-5-p-view-usp-sharing-span-style-color-fffffe-class-stk-highlight-ponderaciones-dobles-grados-de-las-materias-de-bachillerato-lomloe-pau-curso-2025-2026-y-sucesivos-span-a\" data-block-id=\"78a0b90\"><style>.stk-78a0b90 {background-color:#7c30e3 !important;border-top-left-radius:25px !important;border-top-right-radius:25px !important;border-bottom-right-radius:25px !important;border-bottom-left-radius:25px !important;overflow:hidden !important;border-color:#dfdad1 !important;border-top-width:0px !important;border-right-width:0px !important;border-bottom-width:1px !important;border-left-width:0px !important;padding-top:36px !important;padding-right:20px !important;padding-bottom:36px !important;padding-left:25px !important;}.stk-78a0b90:before{background-color:#7c30e3 !important;}<\/style><div class=\"stk-row stk-inner-blocks stk-block-content\">\n<div class=\"wp-block-stackable-heading stk-block-heading stk-block-heading--v2 stk-block stk-955c8d7\" id=\"a-href-https-drive-google-com-file-d-1-hb-u-8-y-ey-6-x-eb-ht-od-lv-ldf-7-a-fgudm-nfs-5-p-view-usp-sharing-span-style-color-fffffe-class-stk-highlight-ponderaciones-dobles-grados-de-las-materias-de-bachillerato-lomloe-pau-curso-2025-2026-y-sucesivos-span-a\" data-block-id=\"955c8d7\"><style>.stk-955c8d7 .stk-block-heading__text{color:#000000 !important;font-weight:600 !important;font-family:\"Montserrat\", Sans-serif !important;}@media screen and (max-width: 767px){.stk-955c8d7 .stk-block-heading__text{font-size:15px !important;}}<\/style><h4 class=\"stk-block-heading__text has-text-color\"><a href=\"https:\/\/drive.google.com\/file\/d\/1hbU8yEy6xEbHTOdLVLdf7aFgudmNfs5P\/view?usp=sharing\" target=\"_blank\" rel=\"noopener\"><span style=\"color: #fffffe;\" class=\"stk-highlight\">Pond\u00e9rations pour les doubles notes des mati\u00e8res du baccalaur\u00e9at LOMLOE (PAU) pour l&#039;ann\u00e9e acad\u00e9mique 2025-2026 et les ann\u00e9es suivantes<\/span><\/a><\/h4><\/div>\n\n\n\n<div class=\"wp-block-stackable-icon stk-block-icon has-text-align-left stk-block stk-e3489df\" data-block-id=\"e3489df\"><style>@media screen and (max-width: 767px){.stk-e3489df .stk--svg-wrapper .stk--inner-svg svg:last-child{height:20px !important;width:20px !important;}}<\/style><span class=\"stk--svg-wrapper\"><div class=\"stk--inner-svg\"><svg style=\"height:0;width:0\"><defs><lineargradient id=\"linear-gradient-e3489df\" x1=\"0\" x2=\"100%\" y1=\"0\" y2=\"0\"><stop offset=\"0%\" style=\"stop-opacity:1;stop-color:var(--linear-gradient-e-3489-df-color-1)\"><\/stop><stop offset=\"100%\" style=\"stop-opacity:1;stop-color:var(--linear-gradient-e-3489-df-color-2)\"><\/stop><\/lineargradient><\/defs><\/svg><svg class=\"ugb-custom-icon\" id=\"Capa_1-55044\" data-name=\"Capa 1\" xmlns=\"http:\/\/www.w3.org\/2000\/svg\" viewbox=\"0 0 36 36\" aria-hidden=\"true\" width=\"32\" height=\"32\">\n  <defs>\n    <style>\n      .cls-1 {\n        fill: #fff;\n      }\n\n      .cls-2 {\n        fill: #782ce8;\n      }\n    <\/style>\n  <\/defs>\n  <circle class=\"cls-1\" cx=\"18\" cy=\"18\" r=\"18\"\/>\n  <polygon class=\"cls-2\" points=\"24.35 23.34 21.01 23.33 21.01 17.26 13.19 25.08 10.92 22.81 18.81 14.92 12.73 14.92 12.73 11.58 24.35 11.58 24.35 23.34\"\/>\n<\/svg><\/div><\/span><\/div>\n<\/div><\/div>\n<\/div><\/div><\/div>\n<\/div><\/div>","protected":false},"excerpt":{"rendered":"<p>Ponderaciones para titulaciones de la ULL Ponderaciones de las materias de la prueba de acceso Las calificaciones que se obtengan en las materias de la fase general y en la fase de opci\u00f3n de la EBAU\/PAU por el alumnado de Bachillerato y de Formaci\u00f3n Profesional, podr\u00e1n ponderar para la admisi\u00f3n en las titulaciones oficiales de&#8230;<\/p>","protected":false},"author":1,"featured_media":0,"parent":567,"menu_order":7,"comment_status":"closed","ping_status":"closed","template":"templates\/template-frontpage.php","meta":{"footnotes":""},"class_list":["post-663","page","type-page","status-publish","hentry"],"_links":{"self":[{"href":"https:\/\/www.ull.es\/admision-becas\/fr\/wp-json\/wp\/v2\/pages\/663","targetHints":{"allow":["GET"]}}],"collection":[{"href":"https:\/\/www.ull.es\/admision-becas\/fr\/wp-json\/wp\/v2\/pages"}],"about":[{"href":"https:\/\/www.ull.es\/admision-becas\/fr\/wp-json\/wp\/v2\/types\/page"}],"author":[{"embeddable":true,"href":"https:\/\/www.ull.es\/admision-becas\/fr\/wp-json\/wp\/v2\/users\/1"}],"replies":[{"embeddable":true,"href":"https:\/\/www.ull.es\/admision-becas\/fr\/wp-json\/wp\/v2\/comments?post=663"}],"version-history":[{"count":77,"href":"https:\/\/www.ull.es\/admision-becas\/fr\/wp-json\/wp\/v2\/pages\/663\/revisions"}],"predecessor-version":[{"id":8362,"href":"https:\/\/www.ull.es\/admision-becas\/fr\/wp-json\/wp\/v2\/pages\/663\/revisions\/8362"}],"up":[{"embeddable":true,"href":"https:\/\/www.ull.es\/admision-becas\/fr\/wp-json\/wp\/v2\/pages\/567"}],"wp:attachment":[{"href":"https:\/\/www.ull.es\/admision-becas\/fr\/wp-json\/wp\/v2\/media?parent=663"}],"curies":[{"name":"wp","href":"https:\/\/api.w.org\/{rel}","templated":true}]}}