{"id":7419,"date":"2025-09-17T09:35:40","date_gmt":"2025-09-17T09:35:40","guid":{"rendered":"https:\/\/www.ull.es\/admision-becas\/?page_id=7419"},"modified":"2025-11-28T10:26:49","modified_gmt":"2025-11-28T10:26:49","slug":"plazas-vacantes","status":"publish","type":"page","link":"https:\/\/www.ull.es\/admision-becas\/fr\/plazas-vacantes\/","title":{"rendered":"Postes vacants"},"content":{"rendered":"<div class=\"wp-block-stackable-columns alignfull stk-block-columns stk-block stk-2cbe2d9 stk-block-background stk--has-background-overlay\" data-block-id=\"2cbe2d9\"><style>.stk-2cbe2d9 {background-image:url(https:\/\/www.ull.es\/admision-becas\/wp-content\/uploads\/sites\/8\/2025\/11\/Landing-Acceso_Header.jpg) !important;min-height:600px !important;align-items:center !important;padding-top:0px !important;padding-right:0px !important;padding-bottom:0px !important;padding-left:0px !important;margin-top:-30px !important;margin-bottom:50px !important;display:flex !important;}.stk-2cbe2d9-column{max-width:1300px !important;min-width:auto !important;}@media screen and (max-width: 767px){.stk-2cbe2d9 {min-height:400px !important;}}<\/style><div class=\"stk-row stk-inner-blocks stk-block-content stk-content-align stk-2cbe2d9-column\">\n<div class=\"wp-block-stackable-column stk-block-column stk-column stk-block stk-67d5c45\" data-v=\"4\" data-block-id=\"67d5c45\"><style>@media screen and (max-width: 767px){.stk-67d5c45 {padding-top:10px !important;padding-right:10px !important;padding-bottom:10px !important;padding-left:10px !important;}}<\/style><div class=\"stk-column-wrapper stk-block-column__content stk-container stk-67d5c45-container stk--no-background stk--no-padding\"><div class=\"stk-block-content stk-inner-blocks stk-67d5c45-inner-blocks\">\n<div class=\"wp-block-stackable-heading stk-block-heading stk-block-heading--v2 stk-block stk-c229f24\" id=\"plazas-vacantes\" data-block-id=\"c229f24\"><style>.stk-c229f24 {margin-bottom:0px !important;}.stk-c229f24 .stk-block-heading__text{font-size:80px !important;color:#ffffff !important;font-weight:700 !important;font-family:\"Montserrat\", Sans-serif !important;}@media screen and (max-width: 1023px){.stk-c229f24 .stk-block-heading__text{font-size:50px !important;}}@media screen and (max-width: 767px){.stk-c229f24 .stk-block-heading__text{font-size:47px !important;}}<\/style><h1 class=\"stk-block-heading__text has-text-color\">Postes vacants<\/h1><\/div>\n<\/div><\/div><\/div>\n<\/div><\/div>\n\n\n\n<div class=\"wp-block-stackable-columns stk-block-columns stk-block stk-90ceac4\" data-block-id=\"90ceac4\"><div class=\"stk-row stk-inner-blocks stk-block-content stk-content-align stk-90ceac4-column\">\n<div class=\"wp-block-stackable-column stk-block-column stk-column stk-block stk-da9b706\" data-v=\"4\" data-block-id=\"da9b706\"><div class=\"stk-column-wrapper stk-block-column__content stk-container stk-da9b706-container stk--no-background stk--no-padding\"><div class=\"stk-block-content stk-inner-blocks stk-da9b706-inner-blocks\">\n<style>\n    .hoverable {\n        transition: transform 0.3s, box-shadow 0.3s;\n        cursor: pointer;\n    }\n\n    .hoverable:hover {\n        transform: scale(1.02);\n        box-shadow: 0 0.5rem 1rem rgba(0, 0, 0, 0.25);\n        \/* Mantiene el color de fondo original *\/\n    }\n<\/style>\n\n<!-- Tabla general con estilo similar -->\n<table\n    class=\"table table-bordered table-striped align-middle text-center shadow-sm rounded overflow-hidden table-hover-effect\"\n    style=\"border-collapse: separate; border-spacing: 0; box-shadow: 0 0.5rem 1rem rgba(0,0,0,0.15); border-radius:2rem; width:100%;\">\n    <tbody>\n        <tr style=\"background-color:#360060; color:#fff;\">\n            <td colspan=\"10\" class=\"hoverable fw-bold\" style=\"width:30%; border-top-left-radius: 1.5rem; border-top-right-radius: 1.5rem; font-weight:bold;\">PLACES VACANTES EN LICENCE SANS LISTE D&#039;ATTENTE ANN\u00c9E UNIVERSITAIRE 2025-2026<\/td>\n        <\/tr>\n        <tr style=\"background-color:#f8f9fa;\">\n            <td class=\"hoverable fw-bold\" style=\"font-weight:bold;\">Dipl\u00f4me en anthropologie sociale et culturelle<\/td>\n            <td class=\"hoverable\">83 places<\/td>\n        <\/tr>\n        <tr style=\"background-color:#f8f9fa;\">\n            <td class=\"hoverable fw-bold\" style=\"font-weight:bold;\">Dipl\u00f4me en architecture technique<\/td>\n            <td class=\"hoverable\">24 places<\/td>\n        <\/tr>\n        <tr style=\"background-color:#f8f9fa;\">\n            <td class=\"hoverable fw-bold\" style=\"font-weight:bold;\">Dipl\u00f4me en conservation et restauration des biens culturels<\/td>\n            <td class=\"hoverable\">4 places<\/td>\n        <\/tr>\n        <tr style=\"background-color:#f8f9fa;\">\n            <td class=\"hoverable fw-bold\" style=\"font-weight:bold;\">Dipl\u00f4me en comptabilit\u00e9 et finance<\/td>\n            <td class=\"hoverable\">45 places<\/td>\n        <\/tr>\n        <tr style=\"background-color:#f8f9fa;\">\n            <td class=\"hoverable fw-bold\" style=\"font-weight:bold;\">Dipl\u00f4me en \u00e9conomie<\/td>\n            <td class=\"hoverable\">19 places<\/td>\n        <\/tr>\n        <tr style=\"background-color:#f8f9fa;\">\n            <td class=\"hoverable fw-bold\" style=\"font-weight:bold;\">Dipl\u00f4me en \u00e9tudes classiques<\/td>\n            <td class=\"hoverable\">9 places<\/td>\n        <\/tr>\n        <tr style=\"background-color:#f8f9fa;\">\n            <td class=\"hoverable fw-bold\" style=\"font-weight:bold;\">Dipl\u00f4me en \u00e9tudes anglaises<\/td>\n            <td class=\"hoverable\">8 places<\/td>\n        <\/tr>\n        <tr style=\"background-color:#f8f9fa;\">\n            <td class=\"hoverable fw-bold\" style=\"font-weight:bold;\">Dipl\u00f4me en \u00e9tudes francophones appliqu\u00e9es<\/td>\n            <td class=\"hoverable\">22 places<\/td>\n        <\/tr>\n        <tr style=\"background-color:#f8f9fa;\">\n            <td class=\"hoverable fw-bold\" style=\"font-weight:bold;\">Dipl\u00f4me en g\u00e9ographie et am\u00e9nagement du territoire<\/td>\n            <td class=\"hoverable\">36 places<\/td>\n        <\/tr>\n        <tr style=\"background-color:#f8f9fa;\">\n            <td class=\"hoverable fw-bold\" style=\"font-weight:bold;\">Dipl\u00f4me en histoire de l&#039;art<\/td>\n            <td class=\"hoverable\">1 place<\/td>\n        <\/tr>\n        <tr style=\"background-color:#f8f9fa;\">\n            <td class=\"hoverable fw-bold\" style=\"font-weight:bold;\">Dipl\u00f4me d&#039;ing\u00e9nieur agricole et rural<\/td>\n            <td class=\"hoverable\">7 places<\/td>\n        <\/tr>\n        <tr style=\"background-color:#f8f9fa;\">\n            <td class=\"hoverable fw-bold\" style=\"font-weight:bold;\">Dipl\u00f4me en sciences nautiques et transport maritime<\/td>\n            <td class=\"hoverable\">20 places<\/td>\n        <\/tr>\n        <tr style=\"background-color:#f8f9fa;\">\n            <td class=\"hoverable fw-bold\" style=\"font-weight:bold;\">Dipl\u00f4me en sociologie<\/td>\n            <td class=\"hoverable\">25 places<\/td>\n        <\/tr>\n        <tr style=\"background-color:#f8f9fa;\">\n            <td class=\"hoverable fw-bold\" style=\"font-weight:bold;\">Dipl\u00f4me en technologies marines<\/td>\n            <td class=\"hoverable\">46 places<\/td>\n        <\/tr>\n        <tr style=\"background-color:#f8f9fa;\">\n            <td class=\"hoverable fw-bold\" style=\"font-weight:bold;\">Dipl\u00f4me en tourisme<\/td>\n            <td class=\"hoverable\">34 places<\/td>\n        <\/tr>\n        <tr style=\"background-color:#f8f9fa;\">\n            <td class=\"hoverable fw-bold\" style=\"font-weight:bold;\">Dipl\u00f4me en tourisme (Adeje)<\/td>\n            <td class=\"hoverable\">36 places<\/td>\n        <\/tr>\n    <\/tbody>\n<\/table>\n\n\n\n<p data-block-type=\"core\"><strong>Postes vacants mis \u00e0 jour au 30\/09\/2025<\/strong><\/p>\n\n\n\n<p data-block-type=\"core\">Dans les licences o\u00f9 il y a des places vacantes et o\u00f9 il n&#039;y a pas de liste d&#039;attente, apr\u00e8s la fin des p\u00e9riodes de pr\u00e9inscription ordinaire et extraordinaire<strong>, les \u00e9tudiants qui r\u00e9pondent aux conditions d&#039;entr\u00e9e \u00e0 l&#039;universit\u00e9,&nbsp;<\/strong>Vous pouvez faire votre demande d&#039;inscription directement au secr\u00e9tariat du centre o\u00f9 le dipl\u00f4me est enseign\u00e9.<\/p>\n\n\n\n<p data-block-type=\"core\">Les \u00e9tudiants doivent prouver au registraire qu\u2019ils r\u00e9pondent aux exigences d\u2019admission \u00e0 l\u2019universit\u00e9.<\/p>\n\n\n\n<p data-block-type=\"core\">Les demandes seront accept\u00e9es&nbsp;<strong>dans l&#039;ordre strict de pr\u00e9sentation des&nbsp;<a href=\"https:\/\/sede.ull.es\/ecivilis-site\/catalog\/showProcedure\/537#formalities-tta-panel\" target=\"_blank\" rel=\"noreferrer noopener\">demande d&#039;inscription<\/a>.<\/strong><\/p>\n\n\n\n<p data-block-type=\"core\">Cette p\u00e9riode d&#039;inscription exceptionnelle sera ouverte \u00e0 partir du&nbsp;<strong>Du 18 septembre au 15 octobre 2025<\/strong>, l&#039;enregistrement doit \u00eatre effectu\u00e9 selon la proc\u00e9dure de&nbsp;<a href=\"https:\/\/sede.ull.es\/ecivilis-site\/catalog\/showProcedure\/229\" target=\"_blank\" rel=\"noreferrer noopener\">demande g\u00e9n\u00e9rale<\/a>&nbsp;du si\u00e8ge \u00e9lectronique adress\u00e9 au Secr\u00e9taire du Centre o\u00f9 le dipl\u00f4me est enseign\u00e9.<\/p>\n<\/div><\/div><\/div>\n<\/div><\/div>","protected":false},"excerpt":{"rendered":"<p>Places disponibles dans les programmes de licence sans liste d&#039;attente, ann\u00e9e universitaire 2025-2026\u00a0: Licence en anthropologie sociale et culturelle (83 places), Licence en architecture technique (24 places), Licence en conservation et restauration du patrimoine culturel (4 places), Licence en comptabilit\u00e9 et finance (45 places), Licence en \u00e9conomie (19 places), Licence en \u00e9tudes classiques (9 places)...<\/p>","protected":false},"author":67,"featured_media":0,"parent":0,"menu_order":0,"comment_status":"closed","ping_status":"closed","template":"templates\/template-frontpage.php","meta":{"footnotes":""},"class_list":["post-7419","page","type-page","status-publish","hentry"],"_links":{"self":[{"href":"https:\/\/www.ull.es\/admision-becas\/fr\/wp-json\/wp\/v2\/pages\/7419","targetHints":{"allow":["GET"]}}],"collection":[{"href":"https:\/\/www.ull.es\/admision-becas\/fr\/wp-json\/wp\/v2\/pages"}],"about":[{"href":"https:\/\/www.ull.es\/admision-becas\/fr\/wp-json\/wp\/v2\/types\/page"}],"author":[{"embeddable":true,"href":"https:\/\/www.ull.es\/admision-becas\/fr\/wp-json\/wp\/v2\/users\/67"}],"replies":[{"embeddable":true,"href":"https:\/\/www.ull.es\/admision-becas\/fr\/wp-json\/wp\/v2\/comments?post=7419"}],"version-history":[{"count":8,"href":"https:\/\/www.ull.es\/admision-becas\/fr\/wp-json\/wp\/v2\/pages\/7419\/revisions"}],"predecessor-version":[{"id":8167,"href":"https:\/\/www.ull.es\/admision-becas\/fr\/wp-json\/wp\/v2\/pages\/7419\/revisions\/8167"}],"wp:attachment":[{"href":"https:\/\/www.ull.es\/admision-becas\/fr\/wp-json\/wp\/v2\/media?parent=7419"}],"curies":[{"name":"wp","href":"https:\/\/api.w.org\/{rel}","templated":true}]}}