{"id":746,"date":"2017-07-03T10:27:32","date_gmt":"2017-07-03T10:27:32","guid":{"rendered":"https:\/\/www.ull.es\/admision-becas\/?page_id=746"},"modified":"2026-04-07T11:36:34","modified_gmt":"2026-04-07T11:36:34","slug":"consulta-notas-mayores-25","status":"publish","type":"page","link":"https:\/\/www.ull.es\/admision-becas\/fr\/consulta-notas-mayores-25\/","title":{"rendered":"Requ\u00eate sur les notes sup\u00e9rieures \u00e0 25"},"content":{"rendered":"<div class=\"wp-block-stackable-columns alignfull stk-block-columns stk-block stk-2cbe2d9 stk-block-background stk--has-background-overlay\" data-block-id=\"2cbe2d9\"><style>.stk-2cbe2d9 {background-image:url(https:\/\/www.ull.es\/admision-becas\/wp-content\/uploads\/sites\/8\/2025\/11\/Landing-Acceso_Header.jpg) !important;min-height:600px !important;align-items:center !important;padding-top:0px !important;padding-right:0px !important;padding-bottom:0px !important;padding-left:0px !important;margin-top:-30px !important;margin-bottom:50px !important;display:flex !important;}.stk-2cbe2d9-column{max-width:1300px !important;min-width:auto !important;}@media screen and (max-width: 767px){.stk-2cbe2d9 {min-height:400px !important;}}<\/style><div class=\"stk-row stk-inner-blocks stk-block-content stk-content-align stk-2cbe2d9-column\">\n<div class=\"wp-block-stackable-column stk-block-column stk-column stk-block stk-67d5c45\" data-v=\"4\" data-block-id=\"67d5c45\"><style>@media screen and (max-width: 767px){.stk-67d5c45 {padding-top:10px !important;padding-right:10px !important;padding-bottom:10px !important;padding-left:10px !important;}}<\/style><div class=\"stk-column-wrapper stk-block-column__content stk-container stk-67d5c45-container stk--no-background stk--no-padding\"><div class=\"stk-block-content stk-inner-blocks stk-67d5c45-inner-blocks\">\n<div class=\"wp-block-stackable-heading stk-block-heading stk-block-heading--v2 stk-block stk-c229f24\" id=\"consulta-br-de-notas\" data-block-id=\"c229f24\"><style>.stk-c229f24 {margin-bottom:0px !important;}.stk-c229f24 .stk-block-heading__text{font-size:80px !important;color:#ffffff !important;font-weight:700 !important;font-family:\"Montserrat\", Sans-serif !important;}@media screen and (max-width: 1023px){.stk-c229f24 .stk-block-heading__text{font-size:50px !important;}}@media screen and (max-width: 767px){.stk-c229f24 .stk-block-heading__text{font-size:47px !important;}}<\/style><h1 class=\"stk-block-heading__text has-text-color\">Consultation <br>de notes <\/h1><\/div>\n<\/div><\/div><\/div>\n<\/div><\/div>\n\n\n\n<div class=\"wp-block-stackable-heading stk-block-heading stk-block-heading--v2 stk-block stk-f6ca765\" id=\"consulta-de-notas-para-mayores-de-25\" data-block-id=\"f6ca765\"><h2 class=\"stk-block-heading__text\">Consultation de notes pour les personnes de plus de 25 ans<\/h2><\/div>\n\n\n\n<div class=\"wp-block-stackable-columns stk-block-columns stk-block stk-915dde2\" data-block-id=\"915dde2\"><style>.stk-915dde2 {margin-bottom:50px !important;}<\/style><div class=\"stk-row stk-inner-blocks stk-block-content stk-content-align stk-915dde2-column\">\n<div class=\"wp-block-stackable-column stk-block-column stk-column stk-block stk-7d9ca1f\" data-v=\"4\" data-block-id=\"7d9ca1f\"><div class=\"stk-column-wrapper stk-block-column__content stk-container stk-7d9ca1f-container stk--no-background stk--no-padding\"><div class=\"stk-block-content stk-inner-blocks stk-7d9ca1f-inner-blocks\">\n<div class=\"wp-block-stackable-text stk-block-text stk-block stk-cbe183c\" data-block-id=\"cbe183c\"><style>.stk-cbe183c {margin-bottom:0px !important;}<\/style><p class=\"stk-block-text__text has-text-align-left\"><strong>Publication des notes provisoires<\/strong>:<strong>&nbsp;<\/strong>\u00e0 partir de 15h00 le 23 mars 2026.<\/p><\/div>\n\n\n\n<p class=\"has-text-align-center\" data-block-type=\"core\"><strong>Consultation des notes provisoires<\/strong><\/p>\n\n\n\n<p data-block-type=\"core\">En cas de d\u00e9saccord avec les notes provisoires obtenues, les \u00e9tudiants peuvent d\u00e9poser une r\u00e9clamation, adress\u00e9e au pr\u00e9sident du jury d&#039;\u00e9valuation, demandant une seconde correction des exercices pour lesquels ils estiment que les crit\u00e8res de correction et de notation \u00e9tablis par le jury ont \u00e9t\u00e9 appliqu\u00e9s incorrectement.<\/p>\n\n\n\n<p class=\"has-text-align-left\" data-block-type=\"core\"><strong>Publication des notes finales :&nbsp;<\/strong>\u00e0 partir de 15h00 le 7 avril 2026.<\/p>\n\n\n\n<p data-block-type=\"core\"><strong><a href=\"https:\/\/www.ull.es\/apps\/accesoconsultanotas\/NotasPAM.aspx\" target=\"_blank\" rel=\"noopener\">Consultation des notes finales<\/a><\/strong><\/p>\n\n\n\n<p data-block-type=\"core\">\u00c0 partir de l&#039;ann\u00e9e acad\u00e9mique 2012-2013, les notes des examens d&#039;entr\u00e9e \u00e0 l&#039;universit\u00e9 pour les personnes de plus de 25 ans pass\u00e9es dans cette universit\u00e9 peuvent \u00eatre consult\u00e9es et t\u00e9l\u00e9charg\u00e9es sur le site Internet de l&#039;universit\u00e9.&nbsp;<a href=\"https:\/\/sede.ull.es\/\" target=\"_blank\" rel=\"noreferrer noopener\">Si\u00e8ge \u00e9lectronique de l&#039;ULL<\/a>.<\/p>\n\n\n\n<p data-block-type=\"core\">L&#039;utilisateur pourra acc\u00e9der \u00e0 ses notes \u00e0 tout moment et pourra t\u00e9l\u00e9charger la carte officielle autant de fois que n\u00e9cessaire via le&nbsp;<a href=\"https:\/\/sede.ull.es\/\" target=\"_blank\" rel=\"noreferrer noopener\">Si\u00e8ge \u00e9lectronique de l&#039;ULL<\/a>, en entrant dans le menu \u00ab Mon site \u00bb, \u00ab Mes documents \u00bb. Vous y retrouverez toutes les cartes des diff\u00e9rents appels auxquels vous avez postul\u00e9. Pour t\u00e9l\u00e9charger le document sign\u00e9 \u00e9lectroniquement, cliquez sur le bouton \u00ab\u00a0Afficher\u00a0\u00bb et s\u00e9lectionnez l&#039;option permettant d&#039;imprimer le \u00ab\u00a0Re\u00e7u avec signature\u00a0\u00bb.<\/p>\n\n\n\n<p data-block-type=\"core\">L&#039;acc\u00e8s se fera via le nom d&#039;utilisateur et le mot de passe fournis aux \u00e9tudiants lors de leur inscription.<\/p>\n\n\n\n<p data-block-type=\"core\">Dans le cas de demandes de notes d&#039;appels ant\u00e9rieurs \u00e0 2013, elles doivent en faire la demande aupr\u00e8s du Bureau des Tests d&#039;Entr\u00e9e de cette Universit\u00e9 par le biais de la proc\u00e9dure pr\u00e9vue dans le&nbsp;<a href=\"https:\/\/sede.ull.es\/ecivilis-site\/catalog\/showProcedure\/440\" target=\"_blank\" rel=\"noreferrer noopener\">si\u00e8ge \u00e9lectronique de l&#039;ULL.<\/a><\/p>\n<\/div><\/div><\/div>\n<\/div><\/div>","protected":false},"excerpt":{"rendered":"<p>Consulta de notas Consulta de notas para mayores de 25 Publicaci\u00f3n de las calificaciones provisionales:&nbsp;a partir de las 15:00 horas del 23 de marzo de 2026. Consulta de notas provisionales En caso de disconformidad con las calificaciones provisionales obtenidas,\u00a0el alumnado podr\u00e1\u00a0formalizar\u00a0reclamaci\u00f3n, dirigida al Presidente del Tribunal evaluador, solicitando segunda correcci\u00f3n de aquellos ejercicios en que&#8230;<\/p>","protected":false},"author":1,"featured_media":0,"parent":0,"menu_order":0,"comment_status":"closed","ping_status":"closed","template":"templates\/template-frontpage.php","meta":{"footnotes":""},"class_list":["post-746","page","type-page","status-publish","hentry"],"_links":{"self":[{"href":"https:\/\/www.ull.es\/admision-becas\/fr\/wp-json\/wp\/v2\/pages\/746","targetHints":{"allow":["GET"]}}],"collection":[{"href":"https:\/\/www.ull.es\/admision-becas\/fr\/wp-json\/wp\/v2\/pages"}],"about":[{"href":"https:\/\/www.ull.es\/admision-becas\/fr\/wp-json\/wp\/v2\/types\/page"}],"author":[{"embeddable":true,"href":"https:\/\/www.ull.es\/admision-becas\/fr\/wp-json\/wp\/v2\/users\/1"}],"replies":[{"embeddable":true,"href":"https:\/\/www.ull.es\/admision-becas\/fr\/wp-json\/wp\/v2\/comments?post=746"}],"version-history":[{"count":74,"href":"https:\/\/www.ull.es\/admision-becas\/fr\/wp-json\/wp\/v2\/pages\/746\/revisions"}],"predecessor-version":[{"id":8825,"href":"https:\/\/www.ull.es\/admision-becas\/fr\/wp-json\/wp\/v2\/pages\/746\/revisions\/8825"}],"wp:attachment":[{"href":"https:\/\/www.ull.es\/admision-becas\/fr\/wp-json\/wp\/v2\/media?parent=746"}],"curies":[{"name":"wp","href":"https:\/\/api.w.org\/{rel}","templated":true}]}}