{"id":775,"date":"2017-07-04T12:33:06","date_gmt":"2017-07-04T12:33:06","guid":{"rendered":"https:\/\/www.ull.es\/admision-becas\/?page_id=775"},"modified":"2026-04-16T07:39:44","modified_gmt":"2026-04-16T07:39:44","slug":"reclamaciones","status":"publish","type":"page","link":"https:\/\/www.ull.es\/admision-becas\/fr\/reclamaciones\/","title":{"rendered":"R\u00e9clamations"},"content":{"rendered":"<div class=\"wp-block-stackable-columns alignfull stk-block-columns stk-block stk-2cbe2d9 stk-block-background stk--has-background-overlay\" data-block-id=\"2cbe2d9\"><style>.stk-2cbe2d9 {background-image:url(https:\/\/www.ull.es\/admision-becas\/wp-content\/uploads\/sites\/8\/2025\/11\/Landing-Acceso_Header.jpg) !important;min-height:600px !important;align-items:center !important;padding-top:0px !important;padding-right:0px !important;padding-bottom:0px !important;padding-left:0px !important;margin-top:-30px !important;margin-bottom:50px !important;display:flex !important;}.stk-2cbe2d9-column{max-width:1300px !important;min-width:auto !important;}@media screen and (max-width: 767px){.stk-2cbe2d9 {min-height:400px !important;}}<\/style><div class=\"stk-row stk-inner-blocks stk-block-content stk-content-align stk-2cbe2d9-column\">\n<div class=\"wp-block-stackable-column stk-block-column stk-column stk-block stk-67d5c45\" data-v=\"4\" data-block-id=\"67d5c45\"><style>@media screen and (max-width: 767px){.stk-67d5c45 {padding-top:10px !important;padding-right:10px !important;padding-bottom:10px !important;padding-left:10px !important;}}<\/style><div class=\"stk-column-wrapper stk-block-column__content stk-container stk-67d5c45-container stk--no-background stk--no-padding\"><div class=\"stk-block-content stk-inner-blocks stk-67d5c45-inner-blocks\">\n<div class=\"wp-block-stackable-heading stk-block-heading stk-block-heading--v2 stk-block stk-c229f24\" id=\"reclamaciones\" data-block-id=\"c229f24\"><style>.stk-c229f24 {margin-bottom:0px !important;}.stk-c229f24 .stk-block-heading__text{font-size:80px !important;color:#ffffff !important;font-weight:700 !important;font-family:\"Montserrat\", Sans-serif !important;}@media screen and (max-width: 1023px){.stk-c229f24 .stk-block-heading__text{font-size:50px !important;}}@media screen and (max-width: 767px){.stk-c229f24 .stk-block-heading__text{font-size:47px !important;}}<\/style><h1 class=\"stk-block-heading__text has-text-color\">R\u00e9clamations<\/h1><\/div>\n<\/div><\/div><\/div>\n<\/div><\/div>\n\n\n<p>En cas de d\u00e9saccord avec les notes provisoires obtenues, les \u00e9tudiants peuvent le formaliser par voie \u00e9lectronique.\u00a0\u00a0<strong>r\u00e9clamer<\/strong>, adress\u00e9e au Pr\u00e9sident du comit\u00e9 d&#039;\u00e9valuation, demandant une deuxi\u00e8me correction des exercices dans lesquels les crit\u00e8res de correction et de notation \u00e9tablis par le comit\u00e9 sont consid\u00e9r\u00e9s comme ayant \u00e9t\u00e9 appliqu\u00e9s de mani\u00e8re incorrecte.<\/p>\n<p><strong>Date limite de r\u00e9clamation<\/strong>: du 24 mars \u00e0 10h00 au 25 mars 2026 \u00e0 12h00.<\/p>\n<p>Les exercices seront revus par un professeur sp\u00e9cialis\u00e9 diff\u00e9rent de celui qui a effectu\u00e9 la premi\u00e8re correction. Dans tous les cas, la note sera la moyenne arithm\u00e9tique des notes des deux corrections et sera d\u00e9finitive.<\/p>\n<p class=\"textoNormal\" align=\"justify\">Un recours contre la note finale obtenue peut \u00eatre d\u00e9pos\u00e9 aupr\u00e8s du Recteur de cette Universit\u00e9 et doit \u00eatre d\u00e9pos\u00e9 au Greffe G\u00e9n\u00e9ral de l&#039;ULL dans un d\u00e9lai d&#039;un mois \u00e0 compter du jour suivant la publication des r\u00e9sultats du recours.<\/p>\n<h3>Vue d&#039;examen<\/h3>\n<p>Les personnes ayant d\u00e9pos\u00e9 une demande de deuxi\u00e8me correction d&#039;exercices peuvent demander \u00e0 voir les examens demand\u00e9s. La demande doit \u00eatre pr\u00e9sent\u00e9e par voie \u00e9lectronique, avec indication expresse de l&#039;objet ou des objets revendiqu\u00e9s.<\/p>\n<p>Cliquez sur ce lien pour demander \u00e0 consulter l&#039;examen (uniquement pour les mati\u00e8res pour lesquelles vous avez demand\u00e9 une deuxi\u00e8me correction)<\/p>\n<p><strong>Date limite pour demander une vue d&#039;examen<\/strong>: du 8 avril \u00e0 10h00 au 10 avril 2026 \u00e0 12h00.<\/p>\n<p>Les \u00e9preuves seront not\u00e9es par le secr\u00e9taire ou le pr\u00e9sident du jury, et non par les professeurs correcteurs, car il ne s&#039;agit pas d&#039;une troisi\u00e8me notation (non pr\u00e9vue par la r\u00e9glementation en vigueur).<\/p>\n<p>Rendez-vous pour voir l&#039;examen selon la demande soumise<\/p>\n\n\n<p data-block-type=\"core\"><\/p>","protected":false},"excerpt":{"rendered":"<p>Reclamaciones En caso de disconformidad con las calificaciones provisionales obtenidas, el alumnado podr\u00e1 formalizar de forma telem\u00e1tica\u00a0\u00a0reclamaci\u00f3n, dirigida al Presidente del tribunal evaluador, solicitando segunda correcci\u00f3n de aquellos ejercicios en que considere aplicados de modo incorrecto los criterios de correcci\u00f3n y calificaci\u00f3n establecidos por el tribunal. Plazo de reclamaci\u00f3n: desde las 10:00 horas del 24&#8230;<\/p>","protected":false},"author":1,"featured_media":0,"parent":0,"menu_order":6,"comment_status":"closed","ping_status":"closed","template":"templates\/template-frontpage.php","meta":{"footnotes":""},"class_list":["post-775","page","type-page","status-publish","hentry"],"_links":{"self":[{"href":"https:\/\/www.ull.es\/admision-becas\/fr\/wp-json\/wp\/v2\/pages\/775","targetHints":{"allow":["GET"]}}],"collection":[{"href":"https:\/\/www.ull.es\/admision-becas\/fr\/wp-json\/wp\/v2\/pages"}],"about":[{"href":"https:\/\/www.ull.es\/admision-becas\/fr\/wp-json\/wp\/v2\/types\/page"}],"author":[{"embeddable":true,"href":"https:\/\/www.ull.es\/admision-becas\/fr\/wp-json\/wp\/v2\/users\/1"}],"replies":[{"embeddable":true,"href":"https:\/\/www.ull.es\/admision-becas\/fr\/wp-json\/wp\/v2\/comments?post=775"}],"version-history":[{"count":82,"href":"https:\/\/www.ull.es\/admision-becas\/fr\/wp-json\/wp\/v2\/pages\/775\/revisions"}],"predecessor-version":[{"id":8848,"href":"https:\/\/www.ull.es\/admision-becas\/fr\/wp-json\/wp\/v2\/pages\/775\/revisions\/8848"}],"wp:attachment":[{"href":"https:\/\/www.ull.es\/admision-becas\/fr\/wp-json\/wp\/v2\/media?parent=775"}],"curies":[{"name":"wp","href":"https:\/\/api.w.org\/{rel}","templated":true}]}}