{"id":802,"date":"2017-07-05T07:34:01","date_gmt":"2017-07-05T07:34:01","guid":{"rendered":"https:\/\/www.ull.es\/admision-becas\/?page_id=802"},"modified":"2025-11-27T09:53:18","modified_gmt":"2025-11-27T09:53:18","slug":"tarjetas-de-calificaciones","status":"publish","type":"page","link":"https:\/\/www.ull.es\/admision-becas\/fr\/acceso-mayores\/acceso-mayores-25\/tarjetas-de-calificaciones\/","title":{"rendered":"Bulletins scolaires"},"content":{"rendered":"<div class=\"wp-block-stackable-columns alignfull stk-block-columns stk-block stk-2cbe2d9 stk-block-background stk--has-background-overlay\" data-block-id=\"2cbe2d9\"><style>.stk-2cbe2d9 {background-image:url(https:\/\/www.ull.es\/admision-becas\/wp-content\/uploads\/sites\/8\/2025\/11\/Landing-Acceso_Header.jpg) !important;min-height:600px !important;align-items:center !important;padding-top:0px !important;padding-right:0px !important;padding-bottom:0px !important;padding-left:0px !important;margin-top:-30px !important;margin-bottom:50px !important;display:flex !important;}.stk-2cbe2d9-column{max-width:1300px !important;min-width:auto !important;}@media screen and (max-width: 767px){.stk-2cbe2d9 {min-height:400px !important;}}<\/style><div class=\"stk-row stk-inner-blocks stk-block-content stk-content-align stk-2cbe2d9-column\">\n<div class=\"wp-block-stackable-column stk-block-column stk-column stk-block stk-67d5c45\" data-v=\"4\" data-block-id=\"67d5c45\"><style>@media screen and (max-width: 767px){.stk-67d5c45 {padding-top:10px !important;padding-right:10px !important;padding-bottom:10px !important;padding-left:10px !important;}}<\/style><div class=\"stk-column-wrapper stk-block-column__content stk-container stk-67d5c45-container stk--no-background stk--no-padding\"><div class=\"stk-block-content stk-inner-blocks stk-67d5c45-inner-blocks\">\n<div class=\"wp-block-stackable-heading stk-block-heading stk-block-heading--v2 stk-block stk-c229f24\" id=\"tarjetas-de-calificaciones\" data-block-id=\"c229f24\"><style>.stk-c229f24 {margin-bottom:0px !important;}.stk-c229f24 .stk-block-heading__text{font-size:80px !important;color:#ffffff !important;font-weight:700 !important;font-family:\"Montserrat\", Sans-serif !important;}@media screen and (max-width: 1023px){.stk-c229f24 .stk-block-heading__text{font-size:50px !important;}}@media screen and (max-width: 767px){.stk-c229f24 .stk-block-heading__text{font-size:47px !important;}}<\/style><h1 class=\"stk-block-heading__text has-text-color\">Bulletins scolaires<\/h1><\/div>\n<\/div><\/div><\/div>\n<\/div><\/div>\n\n\n\n<div class=\"wp-block-stackable-columns stk-block-columns stk-block stk-8b59b96\" data-block-id=\"8b59b96\"><style>.stk-8b59b96 .stk--block-align-8b59b96{align-items:flex-start !important;}.stk-8b59b96-column{--stk-columns-spacing:0px !important;--stk-column-gap:50px !important;}<\/style><div class=\"stk-row stk-inner-blocks stk--block-align-8b59b96 stk-block-content stk-content-align stk-8b59b96-column\">\n<div class=\"wp-block-stackable-column stk-block-column stk-column stk-block stk-dbb7e15\" data-v=\"4\" data-block-id=\"dbb7e15\"><div class=\"stk-column-wrapper stk-block-column__content stk-container stk-dbb7e15-container stk--no-background stk--no-padding\"><div class=\"stk-block-content stk-inner-blocks stk-dbb7e15-inner-blocks\">\n<div class=\"wp-block-stackable-text stk-block-text stk-block stk-a0b2c32\" data-block-id=\"a0b2c32\"><style>.stk-a0b2c32 {margin-bottom:20px !important;}<\/style><p class=\"stk-block-text__text\">\u00c0 partir de l&#039;ann\u00e9e acad\u00e9mique 2012-2013, les notes des examens d&#039;entr\u00e9e \u00e0 l&#039;universit\u00e9 pour les personnes de plus de 25 ans pass\u00e9es dans cette universit\u00e9 peuvent \u00eatre consult\u00e9es et t\u00e9l\u00e9charg\u00e9es sur le site Internet de l&#039;universit\u00e9.&nbsp;<a href=\"https:\/\/sede.ull.es\/\" target=\"_blank\" rel=\"noreferrer noopener\">Si\u00e8ge \u00e9lectronique de l&#039;ULL<\/a>.<\/p><\/div>\n\n\n\n<p data-block-type=\"core\">L&#039;utilisateur pourra acc\u00e9der \u00e0 ses notes \u00e0 tout moment et pourra t\u00e9l\u00e9charger la carte officielle autant de fois que n\u00e9cessaire via le&nbsp;<a href=\"https:\/\/sede.ull.es\/\" target=\"_blank\" rel=\"noreferrer noopener\">Si\u00e8ge \u00e9lectronique de l&#039;ULL<\/a>, en entrant dans le menu \u00ab Mon dossier citoyen \u00bb, \u00ab Mes documents \u00bb. Toutes les cartes des diff\u00e9rents examens EBAU\/PAU que vous avez pass\u00e9s y appara\u00eetront. Pour t\u00e9l\u00e9charger le document sign\u00e9 \u00e9lectroniquement, cliquez sur le bouton \u00ab\u00a0Afficher\u00a0\u00bb et s\u00e9lectionnez \u00ab\u00a0Document avec validation de signature\u00a0\u00bb.<\/p>\n\n\n\n<p data-block-type=\"core\">L&#039;acc\u00e8s se fera via le nom d&#039;utilisateur et le mot de passe fournis aux \u00e9tudiants lors de leur inscription.<\/p>\n\n\n\n<p data-block-type=\"core\">Dans le cas de demandes de notes d&#039;appels ant\u00e9rieurs \u00e0 2013, elles doivent \u00eatre demand\u00e9es au Bureau des Tests d&#039;Entr\u00e9e de cette Universit\u00e9 par le biais de la proc\u00e9dure pr\u00e9vue dans le&nbsp;<a href=\"https:\/\/sede.ull.es\/ecivilis-site\/catalog\/showProcedure\/440\" target=\"_blank\" rel=\"noreferrer noopener\">si\u00e8ge \u00e9lectronique de l&#039;ULL.<\/a><\/p>\n<\/div><\/div><\/div>\n<\/div><\/div>","protected":false},"excerpt":{"rendered":"<p>Bulletins scolaires. \u00c0 partir de l&#039;ann\u00e9e universitaire 2012-2013, les r\u00e9sultats des examens d&#039;entr\u00e9e \u00e0 l&#039;universit\u00e9 pour les plus de 25 ans peuvent \u00eatre consult\u00e9s et t\u00e9l\u00e9charg\u00e9s sur le site web de l&#039;ULL. Les utilisateurs peuvent acc\u00e9der \u00e0 leurs r\u00e9sultats \u00e0 tout moment et\u2026<\/p>","protected":false},"author":1,"featured_media":0,"parent":889,"menu_order":8,"comment_status":"closed","ping_status":"closed","template":"templates\/template-frontpage.php","meta":{"footnotes":""},"class_list":["post-802","page","type-page","status-publish","hentry"],"_links":{"self":[{"href":"https:\/\/www.ull.es\/admision-becas\/fr\/wp-json\/wp\/v2\/pages\/802","targetHints":{"allow":["GET"]}}],"collection":[{"href":"https:\/\/www.ull.es\/admision-becas\/fr\/wp-json\/wp\/v2\/pages"}],"about":[{"href":"https:\/\/www.ull.es\/admision-becas\/fr\/wp-json\/wp\/v2\/types\/page"}],"author":[{"embeddable":true,"href":"https:\/\/www.ull.es\/admision-becas\/fr\/wp-json\/wp\/v2\/users\/1"}],"replies":[{"embeddable":true,"href":"https:\/\/www.ull.es\/admision-becas\/fr\/wp-json\/wp\/v2\/comments?post=802"}],"version-history":[{"count":14,"href":"https:\/\/www.ull.es\/admision-becas\/fr\/wp-json\/wp\/v2\/pages\/802\/revisions"}],"predecessor-version":[{"id":8012,"href":"https:\/\/www.ull.es\/admision-becas\/fr\/wp-json\/wp\/v2\/pages\/802\/revisions\/8012"}],"up":[{"embeddable":true,"href":"https:\/\/www.ull.es\/admision-becas\/fr\/wp-json\/wp\/v2\/pages\/889"}],"wp:attachment":[{"href":"https:\/\/www.ull.es\/admision-becas\/fr\/wp-json\/wp\/v2\/media?parent=802"}],"curies":[{"name":"wp","href":"https:\/\/api.w.org\/{rel}","templated":true}]}}