{"id":829,"date":"2017-07-05T09:02:59","date_gmt":"2017-07-05T09:02:59","guid":{"rendered":"https:\/\/www.ull.es\/admision-becas\/?page_id=829"},"modified":"2026-04-16T07:45:15","modified_gmt":"2026-04-16T07:45:15","slug":"consulta-notas-mayores-45","status":"publish","type":"page","link":"https:\/\/www.ull.es\/admision-becas\/fr\/consulta-notas-mayores-45\/","title":{"rendered":"Requ\u00eate sur les notes sup\u00e9rieures \u00e0 45"},"content":{"rendered":"<div class=\"wp-block-stackable-columns alignfull stk-block-columns stk-block stk-2cbe2d9 stk-block-background stk--has-background-overlay\" data-block-id=\"2cbe2d9\"><style>.stk-2cbe2d9 {background-image:url(https:\/\/www.ull.es\/admision-becas\/wp-content\/uploads\/sites\/8\/2025\/11\/Landing-Acceso_Header.jpg) !important;min-height:600px !important;align-items:center !important;padding-top:0px !important;padding-right:0px !important;padding-bottom:0px !important;padding-left:0px !important;margin-top:-30px !important;margin-bottom:50px !important;display:flex !important;}.stk-2cbe2d9-column{max-width:1300px !important;min-width:auto !important;}@media screen and (max-width: 767px){.stk-2cbe2d9 {min-height:400px !important;}}<\/style><div class=\"stk-row stk-inner-blocks stk-block-content stk-content-align stk-2cbe2d9-column\">\n<div class=\"wp-block-stackable-column stk-block-column stk-column stk-block stk-67d5c45\" data-v=\"4\" data-block-id=\"67d5c45\"><style>@media screen and (max-width: 767px){.stk-67d5c45 {padding-top:10px !important;padding-right:10px !important;padding-bottom:10px !important;padding-left:10px !important;}}<\/style><div class=\"stk-column-wrapper stk-block-column__content stk-container stk-67d5c45-container stk--no-background stk--no-padding\"><div class=\"stk-block-content stk-inner-blocks stk-67d5c45-inner-blocks\">\n<div class=\"wp-block-stackable-heading stk-block-heading stk-block-heading--v2 stk-block stk-c229f24\" id=\"consulta-br-de-notas\" data-block-id=\"c229f24\"><style>.stk-c229f24 {margin-bottom:0px !important;}.stk-c229f24 .stk-block-heading__text{font-size:80px !important;color:#ffffff !important;font-weight:700 !important;font-family:\"Montserrat\", Sans-serif !important;}@media screen and (max-width: 1023px){.stk-c229f24 .stk-block-heading__text{font-size:50px !important;}}@media screen and (max-width: 767px){.stk-c229f24 .stk-block-heading__text{font-size:47px !important;}}<\/style><h1 class=\"stk-block-heading__text has-text-color\">Consultation <br>de notes <\/h1><\/div>\n<\/div><\/div><\/div>\n<\/div><\/div>\n\n\n\n<div class=\"wp-block-stackable-heading stk-block-heading stk-block-heading--v2 stk-block stk-18907f1\" id=\"consulta-de-notas-para-mayores-de-45\" data-block-id=\"18907f1\"><h2 class=\"stk-block-heading__text\">Consultation de notation pour les personnes de plus de 45 ans<\/h2><\/div>\n\n\n\n<div class=\"wp-block-stackable-columns stk-block-columns stk-block stk-915dde2\" data-block-id=\"915dde2\"><style>.stk-915dde2 {margin-bottom:50px !important;}<\/style><div class=\"stk-row stk-inner-blocks stk-block-content stk-content-align stk-915dde2-column\">\n<div class=\"wp-block-stackable-column stk-block-column stk-column stk-block stk-7d9ca1f\" data-v=\"4\" data-block-id=\"7d9ca1f\"><div class=\"stk-column-wrapper stk-block-column__content stk-container stk-7d9ca1f-container stk--no-background stk--no-padding\"><div class=\"stk-block-content stk-inner-blocks stk-7d9ca1f-inner-blocks\">\n<h3 class=\"wp-block-heading\" data-block-type=\"core\">Test g\u00e9n\u00e9ral (premi\u00e8re phase)<\/h3>\n\n\n\n<ul class=\"wp-block-list\" data-block-type=\"core\">\n<li data-block-type=\"core\"><strong>Notes provisoires&nbsp;<\/strong>\u00e0 partir de 15h00 le 23 mars 2026 <strong>.<\/strong><\/li>\n<\/ul>\n\n\n\n<p class=\"has-text-align-left\" data-block-type=\"core\">Consultation des notes provisoires pour la premi\u00e8re phase.<\/p>\n\n\n\n<ul class=\"wp-block-list\" data-block-type=\"core\">\n<li data-block-type=\"core\"><strong>R\u00e9clamations:&nbsp;<\/strong>En cas de d\u00e9saccord avec les notes obtenues lors de cette premi\u00e8re phase, les int\u00e9ress\u00e9s peuvent d\u00e9poser une r\u00e9clamation demandant une deuxi\u00e8me correction des exercices dont ils consid\u00e8rent les notes incorrectes selon les crit\u00e8res \u00e9tablis. Les exercices seront revus par un professeur sp\u00e9cialis\u00e9 diff\u00e9rent de celui qui a effectu\u00e9 la premi\u00e8re correction. Dans tous les cas, la note sera le r\u00e9sultat de la moyenne arithm\u00e9tique des notes des deux corrections.\n<ul class=\"wp-block-list\" data-block-type=\"core\">\n<li data-block-type=\"core\">P\u00e9riode de r\u00e9clamation : du 24 mars \u00e0 10h00 au 25 mars 2026 \u00e0 12h00.<\/li>\n<\/ul>\n<\/li>\n<\/ul>\n\n\n\n<ul class=\"wp-block-list\" data-block-type=\"core\">\n<li data-block-type=\"core\"><strong>Notes finales<\/strong> Phase 1 : \u00e0 partir de 15h00 le 7 avril 2026.<\/li>\n<\/ul>\n\n\n\n<p data-block-type=\"core\">Consultation des notes finales de la premi\u00e8re phase <a href=\"https:\/\/www.ull.es\/apps\/accesoconsultanotas\/NotasPAM.aspx\" target=\"_blank\" rel=\"noopener\"><strong>ici<\/strong>.<\/a><\/p>\n\n\n\n<h3 class=\"wp-block-heading\" data-block-type=\"core\">Entretien personnel (deuxi\u00e8me phase)<\/h3>\n\n\n\n<ul class=\"wp-block-list\" data-block-type=\"core\">\n<li data-block-type=\"core\"><strong>Notes provisoires :&nbsp;<\/strong>Le 10 avril 2026, \u00e0 partir de 12h00.\n<ul class=\"wp-block-list\" data-block-type=\"core\">\n<li data-block-type=\"core\"><a href=\"https:\/\/drive.google.com\/file\/d\/11CNB6Ul7RBEln06tt9sHJraaj8kxUSco\/view?usp=sharing\" data-type=\"link\" data-id=\"https:\/\/drive.google.com\/file\/d\/11CNB6Ul7RBEln06tt9sHJraaj8kxUSco\/view?usp=sharing\" target=\"_blank\" rel=\"noreferrer noopener\">Consultation des notes provisoires des entretiens<\/a><\/li>\n<\/ul>\n<\/li>\n\n\n\n<li data-block-type=\"core\"><strong>R\u00e9clamations:&nbsp;<\/strong>En cas de d\u00e9saccord avec le score obtenu lors de cette deuxi\u00e8me phase du test, l&#039;int\u00e9ress\u00e9 peut d\u00e9poser une r\u00e9clamation aupr\u00e8s du Bureau des Tests d&#039;Entr\u00e9e de l&#039;ULL.\n<ul class=\"wp-block-list\" data-block-type=\"core\">\n<li data-block-type=\"core\">\u00a0P\u00e9riode de r\u00e9clamation : du 13 au 15 avril 2026.<\/li>\n<\/ul>\n<\/li>\n\n\n\n<li data-block-type=\"core\"><strong>Notes finales :&nbsp;<\/strong>Le 17 avril 2026, \u00e0 partir de 15h00.\n<ul class=\"wp-block-list\" data-block-type=\"core\">\n<li data-block-type=\"core\">Vous pouvez obtenir le&nbsp;<strong>bulletin scolaire lors de la v\u00e9rification des notes.&nbsp;<\/strong><\/li>\n\n\n\n<li data-block-type=\"core\">V\u00e9rification des notes finales <strong>(NOUVEAUT\u00c9)<\/strong><\/li>\n<\/ul>\n<\/li>\n<\/ul>\n\n\n\n<p data-block-type=\"core\">Par la suite, l&#039;utilisateur pourra acc\u00e9der \u00e0 ses notes \u00e0 tout moment et t\u00e9l\u00e9charger la carte officielle autant de fois que n\u00e9cessaire via le&nbsp;<a href=\"https:\/\/sede.ull.es\/\" target=\"_blank\" rel=\"noreferrer noopener\">Si\u00e8ge \u00e9lectronique de l&#039;ULL<\/a>&nbsp;(\u00ab Mes d\u00e9marches \u00bb, \u00ab Candidatures d\u00e9pos\u00e9es \u00bb, \u00ab Gestion des cartes d&#039;acc\u00e8s aux tests \u00bb) et doit imprimer le \u00ab justificatif avec signature \u00bb, un document sign\u00e9 \u00e9lectroniquement. L&#039;acc\u00e8s se fera via le nom d&#039;utilisateur et le mot de passe fournis aux \u00e9tudiants lors de leur inscription.<\/p>\n<\/div><\/div><\/div>\n<\/div><\/div>","protected":false},"excerpt":{"rendered":"<p>Consultation des notes\u00a0: Consultation des notes pour les personnes de plus de 45\u00a0ans\u00a0; Test g\u00e9n\u00e9ral (Premi\u00e8re phase)\u00a0; Consultation des notes provisoires pour la premi\u00e8re phase\u00a0; Consultation des notes d\u00e9finitives pour la premi\u00e8re phase (disponible ici)\u00a0; Entretien individuel (Deuxi\u00e8me phase). Par la suite, l\u2019utilisateur peut consulter ses notes \u00e0 tout moment et t\u00e9l\u00e9charger le relev\u00e9 de notes officiel autant de fois que n\u00e9cessaire.<\/p>","protected":false},"author":1,"featured_media":0,"parent":0,"menu_order":0,"comment_status":"closed","ping_status":"closed","template":"templates\/template-frontpage.php","meta":{"footnotes":""},"class_list":["post-829","page","type-page","status-publish","hentry"],"_links":{"self":[{"href":"https:\/\/www.ull.es\/admision-becas\/fr\/wp-json\/wp\/v2\/pages\/829","targetHints":{"allow":["GET"]}}],"collection":[{"href":"https:\/\/www.ull.es\/admision-becas\/fr\/wp-json\/wp\/v2\/pages"}],"about":[{"href":"https:\/\/www.ull.es\/admision-becas\/fr\/wp-json\/wp\/v2\/types\/page"}],"author":[{"embeddable":true,"href":"https:\/\/www.ull.es\/admision-becas\/fr\/wp-json\/wp\/v2\/users\/1"}],"replies":[{"embeddable":true,"href":"https:\/\/www.ull.es\/admision-becas\/fr\/wp-json\/wp\/v2\/comments?post=829"}],"version-history":[{"count":124,"href":"https:\/\/www.ull.es\/admision-becas\/fr\/wp-json\/wp\/v2\/pages\/829\/revisions"}],"predecessor-version":[{"id":8849,"href":"https:\/\/www.ull.es\/admision-becas\/fr\/wp-json\/wp\/v2\/pages\/829\/revisions\/8849"}],"wp:attachment":[{"href":"https:\/\/www.ull.es\/admision-becas\/fr\/wp-json\/wp\/v2\/media?parent=829"}],"curies":[{"name":"wp","href":"https:\/\/api.w.org\/{rel}","templated":true}]}}