{"id":8426,"date":"2025-12-16T14:39:03","date_gmt":"2025-12-16T14:39:03","guid":{"rendered":"https:\/\/www.ull.es\/admision-becas\/?page_id=8426"},"modified":"2025-12-17T13:01:31","modified_gmt":"2025-12-17T13:01:31","slug":"consulta-de-notas-tarjetas-julio","status":"publish","type":"page","link":"https:\/\/www.ull.es\/admision-becas\/fr\/pau\/consulta-de-notas-tarjetas-julio\/","title":{"rendered":"Demande de notes\/cartes de juillet"},"content":{"rendered":"<div class=\"wp-block-stackable-columns alignfull stk-block-columns stk-block stk-2cbe2d9 stk-block-background stk--has-background-overlay\" data-block-id=\"2cbe2d9\"><style>.stk-2cbe2d9 {background-image:url(https:\/\/www.ull.es\/admision-becas\/wp-content\/uploads\/sites\/8\/2025\/11\/Landing-PAU_Header.jpg) !important;min-height:600px !important;align-items:center !important;padding-top:0px !important;padding-right:0px !important;padding-bottom:0px !important;padding-left:0px !important;margin-top:-30px !important;margin-bottom:50px !important;display:flex !important;}.stk-2cbe2d9-column{max-width:1300px !important;min-width:auto !important;}@media screen and (max-width: 767px){.stk-2cbe2d9 {min-height:400px !important;}}<\/style><div class=\"stk-row stk-inner-blocks stk-block-content stk-content-align stk-2cbe2d9-column\">\n<div class=\"wp-block-stackable-column stk-block-column stk-column stk-block stk-67d5c45\" data-v=\"4\" data-block-id=\"67d5c45\"><style>@media screen and (max-width: 767px){.stk-67d5c45 {padding-top:10px !important;padding-right:10px !important;padding-bottom:10px !important;padding-left:10px !important;}}<\/style><div class=\"stk-column-wrapper stk-block-column__content stk-container stk-67d5c45-container stk--no-background stk--no-padding\"><div class=\"stk-block-content stk-inner-blocks stk-67d5c45-inner-blocks\">\n<div class=\"wp-block-stackable-heading stk-block-heading stk-block-heading--v2 stk-block stk-c229f24\" id=\"consulta-de-notas-tarjetas\" data-block-id=\"c229f24\"><style>.stk-c229f24 {margin-bottom:0px !important;}.stk-c229f24 .stk-block-heading__text{font-size:80px !important;color:#ffffff !important;font-weight:700 !important;font-family:\"Montserrat\", Sans-serif !important;}@media screen and (max-width: 1023px){.stk-c229f24 .stk-block-heading__text{font-size:50px !important;}}@media screen and (max-width: 767px){.stk-c229f24 .stk-block-heading__text{font-size:47px !important;}}<\/style><h1 class=\"stk-block-heading__text has-text-color\">Afficher les notes\/cartes<\/h1><\/div>\n<\/div><\/div><\/div>\n<\/div><\/div>\n\n\n\n<div class=\"wp-block-stackable-columns stk-block-columns stk-block stk-8b59b96\" data-block-id=\"8b59b96\"><style>.stk-8b59b96 .stk--block-align-8b59b96{align-items:flex-start !important;}.stk-8b59b96-column{--stk-columns-spacing:0px !important;--stk-column-gap:50px !important;}<\/style><div class=\"stk-row stk-inner-blocks stk--block-align-8b59b96 stk-block-content stk-content-align stk-8b59b96-column\">\n<div class=\"wp-block-stackable-column stk-block-column stk-column stk-block stk-dbb7e15\" data-v=\"4\" data-block-id=\"dbb7e15\"><div class=\"stk-column-wrapper stk-block-column__content stk-container stk-dbb7e15-container stk--no-background stk--no-padding\"><div class=\"stk-block-content stk-inner-blocks stk-dbb7e15-inner-blocks\">\n<div class=\"wp-block-stackable-text stk-block-text stk-block stk-6d71865\" data-block-id=\"6d71865\"><p class=\"stk-block-text__text\">Pour obtenir la fiche de notes des cours pr\u00e9c\u00e9dents, acc\u00e9dez via ce lien&nbsp;<a href=\"https:\/\/www.ull.es\/admision-becas\/ebau\/tarjetas-de-calificaciones\/\" target=\"_blank\" rel=\"noreferrer noopener\">lien<\/a>. Il vous sera demand\u00e9 le nom d&#039;utilisateur (alu010xxx) et le mot de passe que vous avez re\u00e7u apr\u00e8s avoir confirm\u00e9 votre inscription aux examens d&#039;entr\u00e9e.<\/p><\/div>\n<\/div><\/div><\/div>\n<\/div><\/div>\n\n\n\n<div class=\"wp-block-stackable-columns alignfull stk-block-columns stk-block stk-9ed4c56 stk-block-background stk--has-background-overlay\" data-block-id=\"9ed4c56\"><style>.stk-9ed4c56 {background-color:#cffeea !important;background-image:url(https:\/\/www.ull.es\/admision-becas\/wp-content\/uploads\/sites\/8\/2025\/11\/Recursos-landing-PAU_Lineas-degradadas-recortada-izquierda-mobile.png) !important;background-position:bottom right !important;background-repeat:no-repeat !important;border-top-left-radius:30px !important;border-top-right-radius:30px !important;border-bottom-right-radius:30px !important;border-bottom-left-radius:30px !important;overflow:hidden !important;margin-bottom:50px !important;}.stk-9ed4c56:before{background-color:#cffeea !important;opacity:0 !important;}.stk-9ed4c56-column{max-width:1300px !important;min-width:auto !important;}@media screen and (max-width: 767px){.stk-9ed4c56-column{max-width:1500px !important;min-width:auto !important;}}<\/style><div class=\"stk-row stk-inner-blocks stk-block-content stk-content-align stk-9ed4c56-column\">\n<div class=\"wp-block-stackable-column stk-block-column stk-column stk-block stk-ad38816 stk-block-background\" data-v=\"4\" data-block-id=\"ad38816\"><style>.stk-ad38816 {background-color:#ffffff !important;border-top-left-radius:30px !important;border-top-right-radius:30px !important;border-bottom-right-radius:30px !important;border-bottom-left-radius:30px !important;overflow:hidden !important;padding-top:50px !important;padding-right:50px !important;padding-bottom:50px !important;padding-left:50px !important;margin-top:30px !important;margin-bottom:30px !important;}.stk-ad38816:before{background-color:#ffffff !important;}@media screen and (max-width: 767px){.stk-ad38816 {padding-top:20px !important;padding-right:20px !important;padding-bottom:20px !important;padding-left:20px !important;margin-top:15px !important;margin-right:10px !important;margin-bottom:15px !important;margin-left:10px !important;}}<\/style><div class=\"stk-column-wrapper stk-block-column__content stk-container stk-ad38816-container stk--no-background stk--no-padding\"><div class=\"stk-block-content stk-inner-blocks stk-ad38816-inner-blocks\">\n<p data-block-type=\"core\"><strong>IMPORTANT:&nbsp;<\/strong>Vous pouvez t\u00e9l\u00e9charger le bulletin scolaire en m\u00eame temps que vous v\u00e9rifiez vos notes finales (t\u00e9l\u00e9chargez-le avec une preuve de signature).<\/p>\n\n\n\n<ul class=\"wp-block-list\" data-block-type=\"core\">\n<li data-block-type=\"core\"><strong>Publication des notes provisoires :&nbsp;<\/strong>\u00e0 partir de 10h00 le 10 juillet 2026.<\/li>\n<\/ul>\n\n\n\n<p data-block-type=\"core\"><strong>Consultation des notes<\/strong><\/p>\n\n\n\n<p data-block-type=\"core\">Dans le cas o\u00f9 l&#039;\u00e9tudiant choisit de postuler pour&nbsp;<strong>\u00e9valuation de la notation&nbsp;<\/strong>obtenu dans une ou plusieurs mati\u00e8res qui composent l&#039;examen d&#039;entr\u00e9e, vous devez consulter les notes finales aux dates \u00e9tablies.<\/p>\n\n\n\n<ul class=\"wp-block-list\" data-block-type=\"core\">\n<li data-block-type=\"core\"><strong>Publication des notes finales :&nbsp;<\/strong>\u00e0 partir de midi le 17 juillet 2026.<\/li>\n<\/ul>\n\n\n\n<p data-block-type=\"core\"><strong>V\u00e9rifiez les notes et t\u00e9l\u00e9chargez les bulletins finaux<\/strong><\/p>\n\n\n\n<p data-block-type=\"core\">L&#039;\u00e9tudiant qui a demand\u00e9 une r\u00e9vision de la note dans une mati\u00e8re aura le droit de voir l&#039;examen,\u00a0<a href=\"https:\/\/www.ull.es\/admision-becas\/pau\/revision-de-las-calificaciones-julio\/\" target=\"_blank\" rel=\"noreferrer noopener\">\u00e0 la demande<\/a>, dans le d\u00e9lai \u00e9tabli apr\u00e8s la publication des notes finales.<\/p>\n<\/div><\/div><\/div>\n<\/div><\/div>","protected":false},"excerpt":{"rendered":"<p>Consultation des notes\/relev\u00e9s de notes\u00a0: Pour obtenir votre relev\u00e9 de notes des cours pr\u00e9c\u00e9dents, acc\u00e9dez-y via ce lien. Il vous sera demand\u00e9 votre nom d\u2019utilisateur (alu010xxx) et le mot de passe que vous avez re\u00e7us apr\u00e8s la confirmation de votre inscription aux examens d\u2019entr\u00e9e. IMPORTANT\u00a0: Vous pouvez t\u00e9l\u00e9charger votre relev\u00e9 de notes en m\u00eame temps que vous consultez vos notes finales (t\u00e9l\u00e9chargez-le avec\u2026).<\/p>","protected":false},"author":30,"featured_media":0,"parent":567,"menu_order":6,"comment_status":"closed","ping_status":"closed","template":"templates\/template-frontpage.php","meta":{"footnotes":""},"class_list":["post-8426","page","type-page","status-publish","hentry"],"_links":{"self":[{"href":"https:\/\/www.ull.es\/admision-becas\/fr\/wp-json\/wp\/v2\/pages\/8426","targetHints":{"allow":["GET"]}}],"collection":[{"href":"https:\/\/www.ull.es\/admision-becas\/fr\/wp-json\/wp\/v2\/pages"}],"about":[{"href":"https:\/\/www.ull.es\/admision-becas\/fr\/wp-json\/wp\/v2\/types\/page"}],"author":[{"embeddable":true,"href":"https:\/\/www.ull.es\/admision-becas\/fr\/wp-json\/wp\/v2\/users\/30"}],"replies":[{"embeddable":true,"href":"https:\/\/www.ull.es\/admision-becas\/fr\/wp-json\/wp\/v2\/comments?post=8426"}],"version-history":[{"count":4,"href":"https:\/\/www.ull.es\/admision-becas\/fr\/wp-json\/wp\/v2\/pages\/8426\/revisions"}],"predecessor-version":[{"id":8500,"href":"https:\/\/www.ull.es\/admision-becas\/fr\/wp-json\/wp\/v2\/pages\/8426\/revisions\/8500"}],"up":[{"embeddable":true,"href":"https:\/\/www.ull.es\/admision-becas\/fr\/wp-json\/wp\/v2\/pages\/567"}],"wp:attachment":[{"href":"https:\/\/www.ull.es\/admision-becas\/fr\/wp-json\/wp\/v2\/media?parent=8426"}],"curies":[{"name":"wp","href":"https:\/\/api.w.org\/{rel}","templated":true}]}}