{"id":850,"date":"2017-07-05T11:13:23","date_gmt":"2017-07-05T11:13:23","guid":{"rendered":"https:\/\/www.ull.es\/admision-becas\/?page_id=850"},"modified":"2026-01-16T10:42:05","modified_gmt":"2026-01-16T10:42:05","slug":"examenes-convocatorias-anteriores","status":"publish","type":"page","link":"https:\/\/www.ull.es\/admision-becas\/fr\/acceso-mayores\/acceso-mayores-25\/examenes-convocatorias-anteriores\/","title":{"rendered":"Examens des appels pr\u00e9c\u00e9dents"},"content":{"rendered":"<div class=\"wp-block-stackable-columns alignfull stk-block-columns stk-block stk-2cbe2d9 stk-block-background stk--has-background-overlay\" data-block-id=\"2cbe2d9\"><style>.stk-2cbe2d9 {background-image:url(https:\/\/www.ull.es\/admision-becas\/wp-content\/uploads\/sites\/8\/2025\/11\/Landing-Acceso_Header.jpg) !important;min-height:600px !important;align-items:center !important;padding-top:0px !important;padding-right:0px !important;padding-bottom:0px !important;padding-left:0px !important;margin-top:-30px !important;margin-bottom:50px !important;display:flex !important;}.stk-2cbe2d9-column{max-width:1300px !important;min-width:auto !important;}@media screen and (max-width: 767px){.stk-2cbe2d9 {min-height:400px !important;}}<\/style><div class=\"stk-row stk-inner-blocks stk-block-content stk-content-align stk-2cbe2d9-column\">\n<div class=\"wp-block-stackable-column stk-block-column stk-column stk-block stk-67d5c45\" data-v=\"4\" data-block-id=\"67d5c45\"><style>@media screen and (max-width: 767px){.stk-67d5c45 {padding-top:10px !important;padding-right:10px !important;padding-bottom:10px !important;padding-left:10px !important;}}<\/style><div class=\"stk-column-wrapper stk-block-column__content stk-container stk-67d5c45-container stk--no-background stk--no-padding\"><div class=\"stk-block-content stk-inner-blocks stk-67d5c45-inner-blocks\">\n<div class=\"wp-block-stackable-heading stk-block-heading stk-block-heading--v2 stk-block stk-c229f24\" id=\"examenes-de-convocatorias-anteriores\" data-block-id=\"c229f24\"><style>.stk-c229f24 {margin-bottom:0px !important;}.stk-c229f24 .stk-block-heading__text{font-size:80px !important;color:#ffffff !important;font-weight:700 !important;font-family:\"Montserrat\", Sans-serif !important;}@media screen and (max-width: 1023px){.stk-c229f24 .stk-block-heading__text{font-size:50px !important;}}@media screen and (max-width: 767px){.stk-c229f24 .stk-block-heading__text{font-size:47px !important;}}<\/style><h1 class=\"stk-block-heading__text has-text-color\">Examens des appels pr\u00e9c\u00e9dents<\/h1><\/div>\n<\/div><\/div><\/div>\n<\/div><\/div>\n\n\n\n<div class=\"wp-block-stackable-heading stk-block-heading stk-block-heading--v2 stk-block stk-aba04cb\" id=\"examenes-por-asignaturas-de-convocatorias-anteriores\" data-block-id=\"aba04cb\"><h3 class=\"stk-block-heading__text\">R\u00e9sultats des examens par mati\u00e8re des sessions pr\u00e9c\u00e9dentes<\/h3><\/div>\n\n\n\n<div class=\"wp-block-stackable-columns stk-block-columns stk-block stk-8b59b96\" data-block-id=\"8b59b96\"><style>.stk-8b59b96-column{--stk-columns-spacing:0px !important;--stk-column-gap:50px !important;}<\/style><div class=\"stk-row stk-inner-blocks stk-block-content stk-content-align stk-8b59b96-column\">\n<div class=\"wp-block-stackable-column stk-block-column stk-column stk-block stk-dbb7e15\" data-v=\"4\" data-block-id=\"dbb7e15\"><div class=\"stk-column-wrapper stk-block-column__content stk-container stk-dbb7e15-container stk--no-background stk--no-padding\"><div class=\"stk-block-content stk-inner-blocks stk-dbb7e15-inner-blocks\">\n<p data-block-type=\"core\"><\/p>\n\n\n\n<ul class=\"wp-block-list\" data-block-type=\"core\">\n<li data-block-type=\"core\"><a href=\"https:\/\/drive.google.com\/drive\/folders\/0Bxi8Rp1_THQzWDRiMzNicWZ1NGc?resourcekey=0-3NwvuFOEVft6lWb09aiJAw&amp;usp=sharing\" target=\"_blank\" rel=\"noreferrer noopener\">Biologie<\/a><\/li>\n\n\n\n<li data-block-type=\"core\"><a href=\"https:\/\/drive.google.com\/drive\/folders\/0Bxi8Rp1_THQzdkVKZUVMUi1lRW8?resourcekey=0-GkyfHwL--wfLv99DDNlhPQ&amp;usp=sharing\" target=\"_blank\" rel=\"noreferrer noopener\">Commentaire de texte<\/a><\/li>\n\n\n\n<li data-block-type=\"core\"><a href=\"https:\/\/drive.google.com\/drive\/folders\/0Bxi8Rp1_THQzZlNkZTV0ZlRrQ1k?resourcekey=0-qLgXCmdYCnFCbWHuiBFr1g&amp;usp=sharing\" target=\"_blank\" rel=\"noreferrer noopener\">Introduction au droit<\/a><\/li>\n\n\n\n<li data-block-type=\"core\"><a href=\"https:\/\/drive.google.com\/drive\/folders\/0Bxi8Rp1_THQzTTFxZzN1QjRuZHc?resourcekey=0-BQy_be7v9jmYWq91fXqt_Q&amp;usp=sharing\" target=\"_blank\" rel=\"noreferrer noopener\">\u00c9conomie et affaires<\/a><\/li>\n\n\n\n<li data-block-type=\"core\"><a href=\"https:\/\/drive.google.com\/drive\/folders\/0Bxi8Rp1_THQzcVpucTNTS0I1QmM?resourcekey=0-kMndsCMi3eLmFrX6-v6aYg&amp;usp=sharing\" target=\"_blank\" rel=\"noreferrer noopener\">Philosophie<\/a><\/li>\n\n\n\n<li data-block-type=\"core\"><a href=\"https:\/\/drive.google.com\/drive\/folders\/0Bxi8Rp1_THQzd3FrZnVfdDhZTUU?resourcekey=0--wZooAGSzd8A6iffxJZwWQ&amp;usp=sharing\" target=\"_blank\" rel=\"noreferrer noopener\">Physique<\/a><\/li>\n\n\n\n<li data-block-type=\"core\"><a href=\"https:\/\/drive.google.com\/drive\/folders\/0Bxi8Rp1_THQzc1RBQlNoTEVLU0U?resourcekey=0-PUjY4LH_qYrBLf01Dg46WQ&amp;usp=sharing\" target=\"_blank\" rel=\"noreferrer noopener\">Fran\u00e7ais<\/a><\/li>\n\n\n\n<li data-block-type=\"core\"><a href=\"https:\/\/drive.google.com\/drive\/folders\/0Bxi8Rp1_THQzTFRZdnhUWFU0bXM?resourcekey=0-iqW9-DNDwqE5IQv72xk--g&amp;usp=sharing\" target=\"_blank\" rel=\"noreferrer noopener\">Histoire<\/a><\/li>\n\n\n\n<li data-block-type=\"core\"><a href=\"https:\/\/drive.google.com\/drive\/folders\/0Bxi8Rp1_THQzWEtFUEpPRjZSRW8?resourcekey=0-Y4vTcsV0dorf1F-J89hEvg&amp;usp=sharing\" target=\"_blank\" rel=\"noreferrer noopener\">Introduction \u00e0 l&#039;histoire de l&#039;art<\/a><\/li>\n\n\n\n<li data-block-type=\"core\"><a href=\"https:\/\/drive.google.com\/drive\/folders\/0Bxi8Rp1_THQzd05iLUdZWG5MNEE?resourcekey=0-Zc_J6i15q8eqG07Au3pNAQ&amp;usp=sharing\" target=\"_blank\" rel=\"noreferrer noopener\">Anglais<\/a><\/li>\n\n\n\n<li data-block-type=\"core\"><a href=\"https:\/\/drive.google.com\/drive\/folders\/0Bxi8Rp1_THQzSVgyZlhfaUhtdVk?resourcekey=0-Yvpov_FBvUycpKFKyz9Hdw&amp;usp=sharing\" target=\"_blank\" rel=\"noreferrer noopener\">Langue espagnole<\/a><\/li>\n\n\n\n<li data-block-type=\"core\"><a href=\"https:\/\/drive.google.com\/drive\/folders\/0Bxi8Rp1_THQzaXlxVnhla1hHLU0?resourcekey=0-WmByAiKyQ69RcNCDncfEhg&amp;usp=sharing\" target=\"_blank\" rel=\"noreferrer noopener\">Math\u00e9matiques<\/a><\/li>\n\n\n\n<li data-block-type=\"core\"><a href=\"https:\/\/drive.google.com\/drive\/folders\/0Bxi8Rp1_THQzWnQwb19WYTNiS2s?resourcekey=0-pAZvAqJGm6GBwaPWzql1uQ&amp;usp=sharing\" target=\"_blank\" rel=\"noreferrer noopener\">Math\u00e9matiques appliqu\u00e9es aux sciences sociales<\/a><\/li>\n\n\n\n<li data-block-type=\"core\"><a href=\"https:\/\/drive.google.com\/drive\/folders\/0Bxi8Rp1_THQzUVp0T2FLdGQ1WEU?resourcekey=0-543WmeLNLVLvJI6STrYsHQ&amp;usp=sharing\" target=\"_blank\" rel=\"noreferrer noopener\">Chimie<\/a><\/li>\n<\/ul>\n<\/div><\/div><\/div>\n<\/div><\/div>\n\n\n\n<p data-block-type=\"core\"><\/p>","protected":false},"excerpt":{"rendered":"<p>Examens des sessions pr\u00e9c\u00e9dentes Examens par mati\u00e8re des sessions pr\u00e9c\u00e9dentes<\/p>","protected":false},"author":1,"featured_media":0,"parent":889,"menu_order":7,"comment_status":"closed","ping_status":"closed","template":"templates\/template-frontpage.php","meta":{"footnotes":""},"class_list":["post-850","page","type-page","status-publish","hentry"],"_links":{"self":[{"href":"https:\/\/www.ull.es\/admision-becas\/fr\/wp-json\/wp\/v2\/pages\/850","targetHints":{"allow":["GET"]}}],"collection":[{"href":"https:\/\/www.ull.es\/admision-becas\/fr\/wp-json\/wp\/v2\/pages"}],"about":[{"href":"https:\/\/www.ull.es\/admision-becas\/fr\/wp-json\/wp\/v2\/types\/page"}],"author":[{"embeddable":true,"href":"https:\/\/www.ull.es\/admision-becas\/fr\/wp-json\/wp\/v2\/users\/1"}],"replies":[{"embeddable":true,"href":"https:\/\/www.ull.es\/admision-becas\/fr\/wp-json\/wp\/v2\/comments?post=850"}],"version-history":[{"count":51,"href":"https:\/\/www.ull.es\/admision-becas\/fr\/wp-json\/wp\/v2\/pages\/850\/revisions"}],"predecessor-version":[{"id":8609,"href":"https:\/\/www.ull.es\/admision-becas\/fr\/wp-json\/wp\/v2\/pages\/850\/revisions\/8609"}],"up":[{"embeddable":true,"href":"https:\/\/www.ull.es\/admision-becas\/fr\/wp-json\/wp\/v2\/pages\/889"}],"wp:attachment":[{"href":"https:\/\/www.ull.es\/admision-becas\/fr\/wp-json\/wp\/v2\/media?parent=850"}],"curies":[{"name":"wp","href":"https:\/\/api.w.org\/{rel}","templated":true}]}}