{"id":8680,"date":"2026-02-13T10:06:51","date_gmt":"2026-02-13T10:06:51","guid":{"rendered":"https:\/\/www.ull.es\/admision-becas\/?page_id=8680"},"modified":"2026-02-19T11:41:59","modified_gmt":"2026-02-19T11:41:59","slug":"matricula-extraordinaria","status":"publish","type":"page","link":"https:\/\/www.ull.es\/admision-becas\/fr\/matricula-extraordinaria\/","title":{"rendered":"Inscription extraordinaire"},"content":{"rendered":"<div class=\"wp-block-stackable-columns alignfull stk-block-columns stk-block stk-2cbe2d9 stk-block-background stk--has-background-overlay\" data-block-id=\"2cbe2d9\"><style>.stk-2cbe2d9 {background-image:url(https:\/\/www.ull.es\/admision-becas\/wp-content\/uploads\/sites\/8\/2025\/11\/Landing-Matricula_Header.jpg) !important;min-height:600px !important;align-items:center !important;padding-top:0px !important;padding-right:0px !important;padding-bottom:0px !important;padding-left:0px !important;margin-top:-30px !important;margin-bottom:50px !important;display:flex !important;}.stk-2cbe2d9-column{max-width:1300px !important;min-width:auto !important;}@media screen and (max-width: 767px){.stk-2cbe2d9 {min-height:400px !important;}}<\/style><div class=\"stk-row stk-inner-blocks stk-block-content stk-content-align stk-2cbe2d9-column\">\n<div class=\"wp-block-stackable-column stk-block-column stk-column stk-block stk-67d5c45\" data-v=\"4\" data-block-id=\"67d5c45\"><style>@media screen and (max-width: 767px){.stk-67d5c45 {padding-top:10px !important;padding-right:10px !important;padding-bottom:10px !important;padding-left:10px !important;}}<\/style><div class=\"stk-column-wrapper stk-block-column__content stk-container stk-67d5c45-container stk--no-background stk--no-padding\"><div class=\"stk-block-content stk-inner-blocks stk-67d5c45-inner-blocks\">\n<div class=\"wp-block-stackable-heading stk-block-heading stk-block-heading--v2 stk-block stk-c229f24\" id=\"matricula-extraordinaria\" data-block-id=\"c229f24\"><style>.stk-c229f24 {margin-bottom:0px !important;}.stk-c229f24 .stk-block-heading__text{font-size:80px !important;color:#ffffff !important;font-weight:700 !important;font-family:\"Montserrat\", Sans-serif !important;}@media screen and (max-width: 1023px){.stk-c229f24 .stk-block-heading__text{font-size:50px !important;}}@media screen and (max-width: 767px){.stk-c229f24 .stk-block-heading__text{font-size:47px !important;}}<\/style><h1 class=\"stk-block-heading__text has-text-color\">Inscription extraordinaire<\/h1><\/div>\n<\/div><\/div><\/div>\n<\/div><\/div>\n\n\n\n<div class=\"wp-block-stackable-columns stk-block-columns stk-block stk-76d6cef\" data-block-id=\"76d6cef\"><div class=\"stk-row stk-inner-blocks stk-block-content stk-content-align stk-76d6cef-column\">\n<div class=\"wp-block-stackable-column stk-block-column stk-column stk-block stk-1beb178\" data-v=\"4\" data-block-id=\"1beb178\"><div class=\"stk-column-wrapper stk-block-column__content stk-container stk-1beb178-container stk--no-background stk--no-padding\"><div class=\"stk-block-content stk-inner-blocks stk-1beb178-inner-blocks\">\n<p class=\"has-text-align-left\" data-block-type=\"core\">L\u2019inscription extraordinaire est le type d\u2019inscription qui permet aux \u00e9tudiants de suivre diff\u00e9rents cours au sein d\u2019un programme d\u2019\u00e9tudes officiel pour des raisons d\u2019int\u00e9r\u00eat personnel.<\/p>\n\n\n\n<p class=\"has-text-align-left\" data-block-type=\"core\">Pour \u00eatre admissible \u00e0 une inscription extraordinaire, vous devez satisfaire aux conditions d&#039;admission aux \u00e9tudes universitaires officielles de premier cycle.<\/p>\n\n\n\n<p class=\"has-text-align-left\" data-block-type=\"core\">Seul un maximum de 30 cr\u00e9dits par plan d&#039;\u00e9tudes peuvent \u00eatre suivis dans cette modalit\u00e9.<\/p>\n\n\n\n<p class=\"has-text-align-left\" data-block-type=\"core\">L&#039;enregistrement extraordinaire ne sera pas accord\u00e9 dans&nbsp;<strong>les dipl\u00f4mes de licence officiels dans lesquels l&#039;\u00e9tudiant a formalis\u00e9 une inscription ordinaire au cours de la m\u00eame ann\u00e9e universitaire<\/strong>, ni dans les mati\u00e8res dans lesquelles l&#039;\u00e9tudiant avait pr\u00e9alablement formalis\u00e9 une inscription ordinaire.<\/p>\n\n\n\n<p class=\"has-text-align-left\" data-block-type=\"core\">Les inscriptions extraordinaires seront autoris\u00e9es par les d\u00e9canatats et les directeurs d&#039;\u00e9cole, qui traiteront les demandes en fonction des disponibilit\u00e9s dans les mati\u00e8res demand\u00e9es.<\/p>\n\n\n\n<p class=\"has-text-align-left\" data-block-type=\"core\">Les mati\u00e8res r\u00e9ussies par inscription extraordinaire ne peuvent pas \u00eatre utilis\u00e9es pour la reconnaissance de cr\u00e9dits dans un dipl\u00f4me autre que celui auquel appartiennent les mati\u00e8res.<\/p>\n\n\n\n<p class=\"has-text-align-left\" data-block-type=\"core\">Les \u00e9tudiants auront droit \u00e0 une certification acad\u00e9mique pour les mati\u00e8res r\u00e9ussies.<\/p>\n\n\n\n<div class=\"wp-block-stackable-heading stk-block-heading stk-block-heading--v2 stk-block stk-b9208ee\" id=\"plazo-de-solicitud-y-resolucion\" data-block-id=\"b9208ee\"><style>.stk-b9208ee .stk-block-heading__text{font-size:40px !important;color:#8a41e6 !important;font-weight:700 !important;}@media screen and (max-width: 1023px){.stk-b9208ee .stk-block-heading__text{font-size:40px !important;}}<\/style><h2 class=\"stk-block-heading__text has-text-color\">Date limite de candidature et de r\u00e9solution<\/h2><\/div>\n\n\n\n<p data-block-type=\"core\">Pour finaliser l&#039;inscription extraordinaire, les \u00e9tudiants doivent soumettre leur candidature via&nbsp;<a href=\"https:\/\/sede.ull.es\/ecivilis-site\/catalog\/showProcedure\/448\" target=\"_blank\" rel=\"noreferrer noopener\">si\u00e8ge \u00e9lectronique<\/a>&nbsp;de la&nbsp;<strong>10-16 septembre 2025<\/strong>&nbsp;ou de la<strong>&nbsp;9-11 f\u00e9vrier 2026<\/strong>&nbsp;une demande, adress\u00e9e au responsable du centre o\u00f9 sont enseign\u00e9es les mati\u00e8res que vous comptez suivre, accompagn\u00e9e d&#039;une documentation prouvant que vous remplissez les conditions d&#039;acc\u00e8s.<\/p>\n\n\n\n<p data-block-type=\"core\">Les demandes d&#039;inscription extraordinaire seront accord\u00e9es si, une fois la p\u00e9riode d&#039;inscription termin\u00e9e, il y a des places vacantes dans les mati\u00e8res demand\u00e9es.<\/p>\n\n\n\n<p data-block-type=\"core\">Le centre doit notifier la d\u00e9cision \u00e0 l&#039;int\u00e9ress\u00e9 via le site \u00e9lectronique avant :<\/p>\n\n\n\n<p data-block-type=\"core\">Appel ordinaire :&nbsp;<strong>23 septembre 2025<\/strong>.<\/p>\n\n\n\n<p data-block-type=\"core\">Appel extraordinaire :&nbsp;<strong>19 f\u00e9vrier 2026<\/strong>.<\/p>\n\n\n\n<p data-block-type=\"core\">Les \u00e9tudiants admis auront&nbsp;<strong>cinq jours ouvrables \u00e0 compter de la notification de la r\u00e9solution<\/strong>&nbsp;s&#039;inscrire.<\/p>\n<\/div><\/div><\/div>\n<\/div><\/div>","protected":false},"excerpt":{"rendered":"<p>Inscription hors programme. L&#039;inscription hors programme est une option permettant aux \u00e9tudiants de suivre des cours suppl\u00e9mentaires au sein d&#039;un programme de licence officiel pour des raisons d&#039;int\u00e9r\u00eat personnel. Pour y avoir acc\u00e8s, les \u00e9tudiants doivent satisfaire aux exigences d&#039;admission aux \u00e9tudes universitaires de premier cycle. Le nombre d&#039;inscriptions hors programme est limit\u00e9 \u00e0 un maximum de\u2026<\/p>","protected":false},"author":67,"featured_media":0,"parent":0,"menu_order":0,"comment_status":"closed","ping_status":"closed","template":"templates\/template-frontpage.php","meta":{"footnotes":""},"class_list":["post-8680","page","type-page","status-publish","hentry"],"_links":{"self":[{"href":"https:\/\/www.ull.es\/admision-becas\/fr\/wp-json\/wp\/v2\/pages\/8680","targetHints":{"allow":["GET"]}}],"collection":[{"href":"https:\/\/www.ull.es\/admision-becas\/fr\/wp-json\/wp\/v2\/pages"}],"about":[{"href":"https:\/\/www.ull.es\/admision-becas\/fr\/wp-json\/wp\/v2\/types\/page"}],"author":[{"embeddable":true,"href":"https:\/\/www.ull.es\/admision-becas\/fr\/wp-json\/wp\/v2\/users\/67"}],"replies":[{"embeddable":true,"href":"https:\/\/www.ull.es\/admision-becas\/fr\/wp-json\/wp\/v2\/comments?post=8680"}],"version-history":[{"count":2,"href":"https:\/\/www.ull.es\/admision-becas\/fr\/wp-json\/wp\/v2\/pages\/8680\/revisions"}],"predecessor-version":[{"id":8726,"href":"https:\/\/www.ull.es\/admision-becas\/fr\/wp-json\/wp\/v2\/pages\/8680\/revisions\/8726"}],"wp:attachment":[{"href":"https:\/\/www.ull.es\/admision-becas\/fr\/wp-json\/wp\/v2\/media?parent=8680"}],"curies":[{"name":"wp","href":"https:\/\/api.w.org\/{rel}","templated":true}]}}