{"id":8709,"date":"2026-02-18T15:54:44","date_gmt":"2026-02-18T15:54:44","guid":{"rendered":"https:\/\/www.ull.es\/admision-becas\/?page_id=8709"},"modified":"2026-03-26T13:37:13","modified_gmt":"2026-03-26T13:37:13","slug":"procedimientos-en-sede","status":"publish","type":"page","link":"https:\/\/www.ull.es\/admision-becas\/fr\/procedimientos-en-sede\/","title":{"rendered":"Proc\u00e9dures sur la plateforme \u00e9lectronique"},"content":{"rendered":"<div class=\"wp-block-stackable-columns alignfull stk-block-columns stk-block stk-2cbe2d9 stk-block-background stk--has-background-overlay\" data-block-id=\"2cbe2d9\"><style>.stk-2cbe2d9 {background-image:url(https:\/\/www.ull.es\/admision-becas\/wp-content\/uploads\/sites\/8\/2025\/11\/Landing-Matricula_Header.jpg) !important;min-height:600px !important;align-items:center !important;padding-top:0px !important;padding-right:0px !important;padding-bottom:0px !important;padding-left:0px !important;margin-top:-30px !important;margin-bottom:50px !important;display:flex !important;}.stk-2cbe2d9-column{max-width:1300px !important;min-width:auto !important;}@media screen and (max-width: 767px){.stk-2cbe2d9 {min-height:400px !important;}}<\/style><div class=\"stk-row stk-inner-blocks stk-block-content stk-content-align stk-2cbe2d9-column\">\n<div class=\"wp-block-stackable-column stk-block-column stk-column stk-block stk-67d5c45\" data-v=\"4\" data-block-id=\"67d5c45\"><style>@media screen and (max-width: 767px){.stk-67d5c45 {padding-top:10px !important;padding-right:10px !important;padding-bottom:10px !important;padding-left:10px !important;}}<\/style><div class=\"stk-column-wrapper stk-block-column__content stk-container stk-67d5c45-container stk--no-background stk--no-padding\"><div class=\"stk-block-content stk-inner-blocks stk-67d5c45-inner-blocks\">\n<div class=\"wp-block-stackable-heading stk-block-heading stk-block-heading--v2 stk-block stk-c229f24\" id=\"procedimientos-en-br-sede-electronica\" data-block-id=\"c229f24\"><style>.stk-c229f24 {margin-bottom:0px !important;}.stk-c229f24 .stk-block-heading__text{font-size:80px !important;color:#ffffff !important;font-weight:700 !important;font-family:\"Montserrat\", Sans-serif !important;}@media screen and (max-width: 1023px){.stk-c229f24 .stk-block-heading__text{font-size:50px !important;}}@media screen and (max-width: 767px){.stk-c229f24 .stk-block-heading__text{font-size:47px !important;}}<\/style><h1 class=\"stk-block-heading__text has-text-color\">Proc\u00e9dures dans <br>si\u00e8ge \u00e9lectronique<\/h1><\/div>\n<\/div><\/div><\/div>\n<\/div><\/div>\n\n\n\n<div class=\"wp-block-stackable-heading stk-block-heading stk-block-heading--v2 stk-block stk-a989572\" data-block-id=\"a989572\"><h2 class=\"stk-block-heading__text\"><\/h2><\/div>\n\n\n\n<div class=\"wp-block-stackable-columns stk-block-columns stk-block stk-76d6cef\" data-block-id=\"76d6cef\"><div class=\"stk-row stk-inner-blocks stk-block-content stk-content-align stk-76d6cef-column\">\n<div class=\"wp-block-stackable-column stk-block-column stk-column stk-block stk-1beb178\" data-v=\"4\" data-block-id=\"1beb178\"><div class=\"stk-column-wrapper stk-block-column__content stk-container stk-1beb178-container stk--no-background stk--no-padding\"><div class=\"stk-block-content stk-inner-blocks stk-1beb178-inner-blocks\">\n<ul class=\"wp-block-list\" data-block-type=\"core\">\n<li data-block-type=\"core\"><a href=\"https:\/\/sede.ull.es\/ecivilis-site\/catalog\/showProcedure\/508\" target=\"_blank\" rel=\"noopener\">Demande de reconnaissance des cr\u00e9dits obtenus dans le cadre d&#039;\u00e9tudes de premier cycle officielles \u00e0 l&#039;Universit\u00e9 de La Laguna<\/a><\/li>\n\n\n\n<li data-block-type=\"core\"><a href=\"https:\/\/sede.ull.es\/ecivilis-site\/catalog\/showProcedure\/722\" target=\"_blank\" rel=\"noopener\">Demande de reconnaissance des cr\u00e9dits dans les programmes de ma\u00eetrise officiels de l&#039;Universit\u00e9 de La Laguna<\/a><\/li>\n\n\n\n<li data-block-type=\"core\"><a href=\"https:\/\/sede.ull.es\/ecivilis-site\/catalog\/showProcedure\/427\" target=\"_blank\" rel=\"noopener\">Demande de reconnaissance des cr\u00e9dits pour la participation \u00e0 des activit\u00e9s universitaires dans le cadre d&#039;\u00e9tudes de premier cycle officielles \u00e0 l&#039;Universit\u00e9 de La Laguna<\/a><\/li>\n\n\n\n<li data-block-type=\"core\"><a href=\"https:\/\/sede.ull.es\/ecivilis-site\/catalog\/showProcedure\/509\" data-type=\"link\" data-id=\"https:\/\/sede.ull.es\/ecivilis-site\/catalog\/showProcedure\/509\" target=\"_blank\" rel=\"noopener\">Demande d&#039;adaptation du programme d&#039;\u00e9tudes au dipl\u00f4me<\/a><\/li>\n\n\n\n<li data-block-type=\"core\"><a href=\"https:\/\/sede.ull.es\/ecivilis-site\/catalog\/showProcedure\/281\" target=\"_blank\" rel=\"noreferrer noopener\">Pr\u00e9sentation du projet de fin d&#039;\u00e9tudes<\/a><\/li>\n\n\n\n<li data-block-type=\"core\"><a href=\"https:\/\/sede.ull.es\/ecivilis-site\/catalog\/showProcedure\/257\" target=\"_blank\" rel=\"noreferrer noopener\">Pr\u00e9sentation du m\u00e9moire de ma\u00eetrise universitaire<\/a><\/li>\n\n\n\n<li data-block-type=\"core\"><a href=\"https:\/\/sede.ull.es\/ecivilis-site\/catalog\/showProcedure\/374\" target=\"_blank\" rel=\"noreferrer noopener\">Demande d&#039;\u00e9valuation compensatoire du curriculum<\/a><\/li>\n<\/ul>\n<\/div><\/div><\/div>\n<\/div><\/div>","protected":false},"excerpt":{"rendered":"<p>Proc\u00e9dures sur la plateforme \u00e9lectronique<\/p>","protected":false},"author":67,"featured_media":0,"parent":0,"menu_order":0,"comment_status":"closed","ping_status":"closed","template":"templates\/template-frontpage.php","meta":{"footnotes":""},"class_list":["post-8709","page","type-page","status-publish","hentry"],"_links":{"self":[{"href":"https:\/\/www.ull.es\/admision-becas\/fr\/wp-json\/wp\/v2\/pages\/8709","targetHints":{"allow":["GET"]}}],"collection":[{"href":"https:\/\/www.ull.es\/admision-becas\/fr\/wp-json\/wp\/v2\/pages"}],"about":[{"href":"https:\/\/www.ull.es\/admision-becas\/fr\/wp-json\/wp\/v2\/types\/page"}],"author":[{"embeddable":true,"href":"https:\/\/www.ull.es\/admision-becas\/fr\/wp-json\/wp\/v2\/users\/67"}],"replies":[{"embeddable":true,"href":"https:\/\/www.ull.es\/admision-becas\/fr\/wp-json\/wp\/v2\/comments?post=8709"}],"version-history":[{"count":5,"href":"https:\/\/www.ull.es\/admision-becas\/fr\/wp-json\/wp\/v2\/pages\/8709\/revisions"}],"predecessor-version":[{"id":8811,"href":"https:\/\/www.ull.es\/admision-becas\/fr\/wp-json\/wp\/v2\/pages\/8709\/revisions\/8811"}],"wp:attachment":[{"href":"https:\/\/www.ull.es\/admision-becas\/fr\/wp-json\/wp\/v2\/media?parent=8709"}],"curies":[{"name":"wp","href":"https:\/\/api.w.org\/{rel}","templated":true}]}}