{"id":965,"date":"2017-07-10T09:08:44","date_gmt":"2017-07-10T09:08:44","guid":{"rendered":"https:\/\/www.ull.es\/admision-becas\/?page_id=965"},"modified":"2025-12-16T10:02:59","modified_gmt":"2025-12-16T10:02:59","slug":"acceso-extranjeros","status":"publish","type":"page","link":"https:\/\/www.ull.es\/admision-becas\/fr\/acceso-extranjeros\/","title":{"rendered":"Acc\u00e8s pour les \u00e9trangers"},"content":{"rendered":"<div class=\"wp-block-stackable-columns alignfull stk-block-columns stk-block stk-2cbe2d9 stk-block-background stk--has-background-overlay\" data-block-id=\"2cbe2d9\"><style>.stk-2cbe2d9 {background-image:url(https:\/\/www.ull.es\/admision-becas\/wp-content\/uploads\/sites\/8\/2025\/11\/Landing-Acceso_Header.jpg) !important;min-height:600px !important;align-items:center !important;padding-top:0px !important;padding-right:0px !important;padding-bottom:0px !important;padding-left:0px !important;margin-top:-30px !important;margin-bottom:50px !important;display:flex !important;}.stk-2cbe2d9-column{max-width:1300px !important;min-width:auto !important;}@media screen and (max-width: 767px){.stk-2cbe2d9 {min-height:400px !important;}}<\/style><div class=\"stk-row stk-inner-blocks stk-block-content stk-content-align stk-2cbe2d9-column\">\n<div class=\"wp-block-stackable-column stk-block-column stk-column stk-block stk-67d5c45\" data-v=\"4\" data-block-id=\"67d5c45\"><style>@media screen and (max-width: 767px){.stk-67d5c45 {padding-top:10px !important;padding-right:10px !important;padding-bottom:10px !important;padding-left:10px !important;}}<\/style><div class=\"stk-column-wrapper stk-block-column__content stk-container stk-67d5c45-container stk--no-background stk--no-padding\"><div class=\"stk-block-content stk-inner-blocks stk-67d5c45-inner-blocks\">\n<div class=\"wp-block-stackable-heading stk-block-heading stk-block-heading--v2 stk-block stk-c229f24\" id=\"acceso-desde-sistemas-educativos-extranjeros\" data-block-id=\"c229f24\"><style>.stk-c229f24 {margin-bottom:0px !important;}.stk-c229f24 .stk-block-heading__text{font-size:80px !important;color:#ffffff !important;font-weight:700 !important;font-family:\"Montserrat\", Sans-serif !important;}@media screen and (max-width: 1023px){.stk-c229f24 .stk-block-heading__text{font-size:50px !important;}}@media screen and (max-width: 767px){.stk-c229f24 .stk-block-heading__text{font-size:47px !important;}}<\/style><h1 class=\"stk-block-heading__text has-text-color\">Acc\u00e8s aux syst\u00e8mes \u00e9ducatifs \u00e9trangers <\/h1><\/div>\n<\/div><\/div><\/div>\n<\/div><\/div>\n\n\n\n<div class=\"wp-block-stackable-columns stk-block-columns stk-block stk-8b59b96\" data-block-id=\"8b59b96\"><div class=\"stk-row stk-inner-blocks stk-block-content stk-content-align stk-8b59b96-column\">\n<div class=\"wp-block-stackable-column stk-block-column stk-column stk-block stk-dbb7e15\" data-v=\"4\" data-block-id=\"dbb7e15\"><style>@media screen and (min-width: 768px){.stk-dbb7e15 {flex:var(--stk-flex-grow, 1) 1 66.7% !important;}}<\/style><div class=\"stk-column-wrapper stk-block-column__content stk-container stk-dbb7e15-container stk--no-background stk--no-padding\"><div class=\"stk-block-content stk-inner-blocks stk-dbb7e15-inner-blocks\">\n<div class=\"wp-block-stackable-text stk-block-text stk-block stk-1b1f80b\" data-block-id=\"1b1f80b\"><style>.stk-1b1f80b {margin-bottom:0px !important;}<\/style><p class=\"stk-block-text__text\">L&#039;acc\u00e8s est l&#039;ensemble des conditions n\u00e9cessaires pour poursuivre des \u00e9tudes universitaires officielles. Son accomplissement est pr\u00e9alable \u00e0 la demande d&#039;une place (admission) \u00e0 l&#039;Universit\u00e9.<\/p><\/div>\n\n\n\n<p data-block-type=\"core\">Les \u00e9tudiants issus de syst\u00e8mes \u00e9ducatifs \u00e9trangers peuvent acc\u00e9der aux qualifications officielles de l&#039;ULL par les canaux suivants :<\/p>\n\n\n\n<ul class=\"wp-block-list\" data-block-type=\"core\">\n<li data-block-type=\"core\">Acc\u00e8s aux dipl\u00f4mes de premier cycle pour&nbsp;<a href=\"https:\/\/www.ull.es\/admision-becas\/ebau\/alumnos-procedentes-sistemas-educativos-extranjeros\/\" target=\"_blank\" rel=\"noreferrer noopener\">\u00c9tudiants sans \u00e9tudes universitaires commenc\u00e9es : examen d&#039;entr\u00e9e<\/a><\/li>\n\n\n\n<li data-block-type=\"core\">Acc\u00e8s aux dipl\u00f4mes de premier cycle pour&nbsp;<a href=\"https:\/\/www.ull.es\/admision-becas\/acceso-extranjeros\/convalidacion-estudios-parciales-extranjeros\/\" target=\"_blank\" rel=\"noreferrer noopener\">\u00c9tudiants ayant d\u00e9but\u00e9 des \u00e9tudes universitaires : Validation des \u00e9tudes partielles \u00e0 l&#039;\u00e9tranger<\/a><\/li>\n\n\n\n<li data-block-type=\"core\"><a href=\"https:\/\/www.ull.es\/masteres\/titulados-en-el-extranjero\/\" target=\"_blank\" rel=\"noreferrer noopener\">Acc\u00e8s aux masters pour les dipl\u00f4m\u00e9s \u00e0 l&#039;\u00e9tranger<\/a><\/li>\n\n\n\n<li data-block-type=\"core\"><a href=\"https:\/\/www.ull.es\/doctorados\/titulados-en-el-extranjero\/\" target=\"_blank\" rel=\"noreferrer noopener\">Acc\u00e8s au doctorat pour les dipl\u00f4m\u00e9s \u00e9trangers<\/a><\/li>\n<\/ul>\n<\/div><\/div><\/div>\n\n\n\n<div class=\"wp-block-stackable-column stk-block-column stk-column stk-block stk-53ec762\" data-v=\"4\" data-block-id=\"53ec762\"><style>.stk-53ec762-inner-blocks{row-gap:10px !important;}@media screen and (min-width: 768px){.stk-53ec762 {flex:var(--stk-flex-grow, 1) 1 33.3% !important;}}<\/style><div class=\"stk-column-wrapper stk-block-column__content stk-container stk-53ec762-container stk--no-background stk--no-padding\"><div class=\"stk-block-content stk-inner-blocks stk-53ec762-inner-blocks\">\n<div class=\"wp-block-stackable-button-group stk-block-button-group stk-block stk-6109c77\" data-block-id=\"6109c77\"><style>.stk-6109c77 .stk-button-group{flex-direction:column !important;align-items:flex-start !important;}.stk-6109c77 .stk-block{flex-basis:auto !important;}.stk-6109c77 {margin-bottom:0px !important;}.stk-6109c77 .stk-inner-blocks{row-gap:10px !important;}<\/style><div class=\"stk-row stk-inner-blocks has-text-align-left stk-block-content stk-button-group\">\n<div class=\"wp-block-stackable-button stk-block-button has-text-align-left stk-block stk-f358ed2\" data-block-id=\"f358ed2\"><style>.stk-f358ed2 , .stk-f358ed2 .stk-button{width:100% !important;}.stk-f358ed2 {flex:1 0 var(--stk-button-group-flex-wrap, 0) !important;}.stk-f358ed2 .stk-button{background:#733fce !important;border-top-left-radius:15px !important;border-top-right-radius:15px !important;border-bottom-right-radius:15px !important;border-bottom-left-radius:15px !important;}.stk-f358ed2 .stk-button__inner-text{font-size:22px !important;line-height:28px !important;font-family:\"ArgentumSans\", Sans-serif !important;}@media screen and (max-width: 1023px){.stk-f358ed2 .stk-button__inner-text{font-size:22px !important;}}<\/style><a class=\"stk-link stk-button stk--hover-effect-darken\" href=\"https:\/\/www.ull.es\/estudios-docencia\/grados\" target=\"_blank\" rel=\"noopener\"><span class=\"stk-button__inner-text\">Dipl\u00f4mes et <br>double dipl\u00f4me<\/span><\/a><\/div>\n\n\n\n<div class=\"wp-block-stackable-button stk-block-button has-text-align-left stk-block stk-e7bda95\" data-block-id=\"e7bda95\"><style>.stk-e7bda95 , .stk-e7bda95 .stk-button{width:100% !important;}.stk-e7bda95 {flex:1 0 var(--stk-button-group-flex-wrap, 0) !important;}.stk-e7bda95 .stk-button{background:#733fce !important;border-top-left-radius:15px !important;border-top-right-radius:15px !important;border-bottom-right-radius:15px !important;border-bottom-left-radius:15px !important;}.stk-e7bda95 .stk-button__inner-text{font-size:22px !important;line-height:28px !important;font-family:\"ArgentumSans\", Sans-serif !important;}@media screen and (max-width: 1023px){.stk-e7bda95 .stk-button__inner-text{font-size:22px !important;}}<\/style><a class=\"stk-link stk-button stk--hover-effect-darken\" href=\"https:\/\/www.ull.es\/masteres\" target=\"_blank\" rel=\"noopener\"><span class=\"stk-button__inner-text\">Ma\u00eetres<\/span><\/a><\/div>\n\n\n\n<div class=\"wp-block-stackable-button stk-block-button has-text-align-left stk-block stk-6befffa\" data-block-id=\"6befffa\"><style>.stk-6befffa , .stk-6befffa .stk-button{width:100% !important;}.stk-6befffa {flex:1 0 var(--stk-button-group-flex-wrap, 0) !important;}.stk-6befffa .stk-button{background:#733fce !important;border-top-left-radius:15px !important;border-top-right-radius:15px !important;border-bottom-right-radius:15px !important;border-bottom-left-radius:15px !important;}.stk-6befffa .stk-button__inner-text{font-size:22px !important;line-height:28px !important;font-family:\"ArgentumSans\", Sans-serif !important;}@media screen and (max-width: 1023px){.stk-6befffa .stk-button__inner-text{font-size:22px !important;}}<\/style><a class=\"stk-link stk-button stk--hover-effect-darken\" href=\"https:\/\/www.ull.es\/doctorados\" target=\"_blank\" rel=\"noopener\"><span class=\"stk-button__inner-text\">Doctorat<\/span><\/a><\/div>\n<\/div><\/div>\n\n\n\n<div class=\"wp-block-stackable-spacer stk-block-spacer stk--no-padding stk-block stk-2ad917a\" data-block-id=\"2ad917a\"><style>.stk-2ad917a {height:15px !important;}<\/style><\/div>\n\n\n\n<ul class=\"widget-box\" style=\"margin: 0px !important;padding: 0px !important\">\n \t<li class=\"contacto-header\">Coordonn\u00e9es<\/li>\n \t<li><i class=\"fa fa-map-marker\"><\/i> C\/ Pedro Zerolo, s\/n. B\u00e2timent central. Bo\u00eete postale 456. Code postal 38200. San Crist\u00f3bal de La Laguna. S\/C de Tenerife<\/li>\n \t<li><i class=\"fa fa-phone\"><\/i> (+34) 900 43 25 26<\/li>\n \t<li><i class=\"fa fa-address-book-o\"><\/i><a href=\"https:\/\/www.ull.es\/directorio\/search\/?busqueda=gestion-servicios-generales\" target=\"_blank\" rel=\"noopener noreferrer\"> Annuaire<\/a><\/li>\n \t<li><i class=\"fa fa-envelope\"><\/i><a href=\"mailto:sioinfo@ull.es\" target=\"_blank\" rel=\"noopener\"> sioinfo@ull.es<\/a><\/li>\n \t<li><i class=\"fa fa-clock-o\"><\/i> 09:00 \u00e0 14:00 h. Lun \u2013 Ven<\/li>\n \t<li><i class=\"fa fa-archive\"><\/i><a href=\"https:\/\/sede.ull.es\/ecivilis-site\/catalog\/showProcedure\/484\" target=\"_blank\" rel=\"noopener\"> Proc\u00e9dure de r\u00e9clamations, suggestions et compliments<\/a><\/li>\n \t<li style=\"font-size: 13px;color: #fff;background: #1bd741 url('https:\/\/www.ull.es\/estudios-docencia\/wp-content\/plugins\/ull-json-shortcodes\/include\/templates\/es\/..\/..\/..\/assets\/images\/whatsapp.png') 4px 50% no-repeat;padding: 6px !important;padding-left: 32px !important;margin-left: 10px !important;margin-bottom: 10px !important;background-size: 24px 24px\"><a style=\"color: #fff !important\" href=\"https:\/\/api.whatsapp.com\/send?phone=34692622633\" target=\"_blank\" rel=\"noopener noreferrer\">(+34) 692 62 26 33<\/a><\/li>\n \t<li style=\"font-size: 13px;color: #fff;background: #61a8de url('https:\/\/www.ull.es\/estudios-docencia\/wp-content\/plugins\/ull-json-shortcodes\/include\/templates\/es\/..\/..\/..\/assets\/images\/telegram.png') 4px 4px no-repeat;padding: 6px !important;padding-left: 32px !important;margin-left: 10px !important;margin-bottom: 20px !important;background-size: 24px 24px\"><a style=\"color: #fff !important\" href=\"https:\/\/t.me\/SIOINFOULL\" target=\"_blank\" rel=\"noopener noreferrer\">(+34) 692 62 26 33<\/a><\/li>\n<\/ul>\n<\/div><\/div><\/div>\n<\/div><\/div>","protected":false},"excerpt":{"rendered":"<p>Acc\u00e8s depuis les syst\u00e8mes \u00e9ducatifs \u00e9trangers\u00a0: L\u2019acc\u00e8s d\u00e9signe l\u2019ensemble des conditions requises pour entreprendre des \u00e9tudes universitaires officielles. Ces conditions doivent \u00eatre remplies avant de d\u00e9poser une demande d\u2019admission \u00e0 l\u2019Universit\u00e9. Les \u00e9tudiants issus de syst\u00e8mes \u00e9ducatifs \u00e9trangers peuvent acc\u00e9der aux dipl\u00f4mes officiels de l\u2019ULL par les voies suivantes\u00a0: Licences\u2026<\/p>","protected":false},"author":1,"featured_media":0,"parent":0,"menu_order":0,"comment_status":"closed","ping_status":"closed","template":"templates\/template-frontpage.php","meta":{"footnotes":""},"class_list":["post-965","page","type-page","status-publish","hentry"],"_links":{"self":[{"href":"https:\/\/www.ull.es\/admision-becas\/fr\/wp-json\/wp\/v2\/pages\/965","targetHints":{"allow":["GET"]}}],"collection":[{"href":"https:\/\/www.ull.es\/admision-becas\/fr\/wp-json\/wp\/v2\/pages"}],"about":[{"href":"https:\/\/www.ull.es\/admision-becas\/fr\/wp-json\/wp\/v2\/types\/page"}],"author":[{"embeddable":true,"href":"https:\/\/www.ull.es\/admision-becas\/fr\/wp-json\/wp\/v2\/users\/1"}],"replies":[{"embeddable":true,"href":"https:\/\/www.ull.es\/admision-becas\/fr\/wp-json\/wp\/v2\/comments?post=965"}],"version-history":[{"count":60,"href":"https:\/\/www.ull.es\/admision-becas\/fr\/wp-json\/wp\/v2\/pages\/965\/revisions"}],"predecessor-version":[{"id":8355,"href":"https:\/\/www.ull.es\/admision-becas\/fr\/wp-json\/wp\/v2\/pages\/965\/revisions\/8355"}],"wp:attachment":[{"href":"https:\/\/www.ull.es\/admision-becas\/fr\/wp-json\/wp\/v2\/media?parent=965"}],"curies":[{"name":"wp","href":"https:\/\/api.w.org\/{rel}","templated":true}]}}