{"id":1428,"date":"2018-02-19T11:19:35","date_gmt":"2018-02-19T11:19:35","guid":{"rendered":"https:\/\/www.ull.es\/admision-becas\/?page_id=1428"},"modified":"2025-12-16T11:02:07","modified_gmt":"2025-12-16T11:02:07","slug":"como-y-cuando-inscribirse","status":"publish","type":"page","link":"https:\/\/www.ull.es\/admision-becas\/pau\/como-y-cuando-inscribirse\/","title":{"rendered":"C\u00f3mo y cu\u00e1ndo inscribirse"},"content":{"rendered":"\n<div class=\"wp-block-stackable-columns alignfull stk-block-columns stk-block stk-2cbe2d9 stk-block-background stk--has-background-overlay\" data-block-id=\"2cbe2d9\"><style>.stk-2cbe2d9 {background-image:url(https:\/\/www.ull.es\/admision-becas\/wp-content\/uploads\/sites\/8\/2025\/11\/Landing-PAU_Header.jpg) !important;min-height:600px !important;align-items:center !important;padding-top:0px !important;padding-right:0px !important;padding-bottom:0px !important;padding-left:0px !important;margin-top:-30px !important;margin-bottom:0px !important;display:flex !important;}.stk-2cbe2d9-column{max-width:1300px !important;min-width:auto !important;}@media screen and (max-width: 767px){.stk-2cbe2d9 {min-height:400px !important;}}<\/style><div class=\"stk-row stk-inner-blocks stk-block-content stk-content-align stk-2cbe2d9-column\">\n<div class=\"wp-block-stackable-column stk-block-column stk-column stk-block stk-67d5c45\" data-v=\"4\" data-block-id=\"67d5c45\"><style>@media screen and (max-width: 767px){.stk-67d5c45 {padding-top:10px !important;padding-right:10px !important;padding-bottom:10px !important;padding-left:10px !important;}}<\/style><div class=\"stk-column-wrapper stk-block-column__content stk-container stk-67d5c45-container stk--no-background stk--no-padding\"><div class=\"stk-block-content stk-inner-blocks stk-67d5c45-inner-blocks\">\n<div class=\"wp-block-stackable-heading stk-block-heading stk-block-heading--v2 stk-block stk-c229f24\" id=\"como-y-cuando-inscribirse\" data-block-id=\"c229f24\"><style>.stk-c229f24 {margin-bottom:0px !important;}.stk-c229f24 .stk-block-heading__text{font-size:80px !important;color:#ffffff !important;font-weight:700 !important;font-family:\"Montserrat\", Sans-serif !important;}@media screen and (max-width: 1023px){.stk-c229f24 .stk-block-heading__text{font-size:50px !important;}}@media screen and (max-width: 767px){.stk-c229f24 .stk-block-heading__text{font-size:47px !important;}}<\/style><h1 class=\"stk-block-heading__text has-text-color\">C\u00f3mo y cu\u00e1ndo inscribirse<\/h1><\/div>\n<\/div><\/div><\/div>\n<\/div><\/div>\n\n\n\n<div class=\"wp-block-stackable-columns alignfull stk-block-columns stk-block stk-81ad3b0 stk-block-background stk--has-background-overlay\" data-block-id=\"81ad3b0\"><style>.stk-81ad3b0 {background-color:#ddd6fc !important;background-image:url(https:\/\/www.ull.es\/admision-becas\/wp-content\/uploads\/sites\/8\/2025\/11\/Recursos-landing-PAU_Lineas-degradadas-entera-derecha.png) !important;background-position:center center !important;background-repeat:no-repeat !important;border-top-left-radius:30px !important;border-top-right-radius:30px !important;border-bottom-right-radius:30px !important;border-bottom-left-radius:30px !important;overflow:hidden !important;margin-bottom:0px !important;}.stk-81ad3b0:before{background-color:#ddd6fc !important;opacity:0 !important;}.stk-81ad3b0-column{max-width:1300px !important;min-width:auto !important;}@media screen and (max-width: 767px){.stk-81ad3b0-column{max-width:1500px !important;min-width:auto !important;}}<\/style><div class=\"stk-row stk-inner-blocks stk-block-content stk-content-align stk-81ad3b0-column\">\n<div class=\"wp-block-stackable-column stk-block-column stk-column stk-block stk-20be033 stk-block-background\" data-v=\"4\" data-block-id=\"20be033\"><style>.stk-20be033 {background-color:#ffffff !important;border-top-left-radius:30px !important;border-top-right-radius:30px !important;border-bottom-right-radius:30px !important;border-bottom-left-radius:30px !important;overflow:hidden !important;padding-top:50px !important;padding-right:50px !important;padding-bottom:50px !important;padding-left:50px !important;margin-top:30px !important;margin-bottom:30px !important;}.stk-20be033:before{background-color:#ffffff !important;}@media screen and (max-width: 767px){.stk-20be033 {padding-top:20px !important;padding-right:20px !important;padding-bottom:20px !important;padding-left:20px !important;margin-top:15px !important;margin-right:10px !important;margin-bottom:15px !important;margin-left:10px !important;}}<\/style><div class=\"stk-column-wrapper stk-block-column__content stk-container stk-20be033-container stk--no-background stk--no-padding\"><div class=\"stk-block-content stk-inner-blocks stk-20be033-inner-blocks\">\n<details class=\"wp-block-stackable-accordion stk-block-accordion stk-inner-blocks stk-block-content stk-block stk-0dd7bef is-style-plain\" id=\"alumnado-que-realiza-prueba-mismo-a\u00f1o\" data-block-id=\"0dd7bef\"><style>.stk-0dd7bef {border-style:solid !important;border-color:#dfdad1 !important;border-top-width:0px !important;border-right-width:0px !important;border-bottom-width:1px !important;border-left-width:0px !important;padding-bottom:24px !important;}<\/style>\n<summary class=\"wp-block-stackable-column stk-block-column stk-column stk-block stk-4b272e2 stk--container-small stk-block-accordion__heading\" data-v=\"4\" data-block-id=\"4b272e2\"><div class=\"stk-column-wrapper stk-block-column__content stk-container stk-4b272e2-container stk--no-background stk--no-padding\"><div class=\"stk-block-content stk-inner-blocks stk-4b272e2-inner-blocks\">\n<div class=\"wp-block-stackable-icon-label stk-block-icon-label stk-block stk-12553fd\" data-block-id=\"12553fd\"><div class=\"stk-row stk-inner-blocks stk-block-content\">\n<div class=\"wp-block-stackable-heading stk-block-heading stk-block-heading--v2 stk-block stk-16ba3e8\" id=\"strong-alumnado-que-finaliza-sus-estudios-en-el-mismo-ano-que-se-realiza-la-prueba-de-acceso-strong\" data-block-id=\"16ba3e8\"><style>.stk-16ba3e8 .stk-block-heading__text{color:var(--stk-global-color-60833, #5c068c) !important;font-weight:600 !important;font-family:\"Montserrat\", Sans-serif !important;}@media screen and (max-width: 767px){.stk-16ba3e8 .stk-block-heading__text{font-size:15px !important;line-height:1em !important;}}<\/style><h4 class=\"stk-block-heading__text has-text-color\"><strong>Alumnado que finaliza sus estudios en el mismo a\u00f1o que se realiza la prueba de acceso<\/strong><\/h4><\/div>\n\n\n\n<div class=\"wp-block-stackable-icon stk-block-icon stk-block stk-42e82dc\" data-block-id=\"42e82dc\"><style>@media screen and (max-width: 767px){.stk-42e82dc .stk--svg-wrapper .stk--inner-svg svg:last-child{height:20px !important;width:20px !important;}}<\/style><span class=\"stk--svg-wrapper stk--has-icon2\"><div class=\"stk--inner-svg\"><svg style=\"height:0;width:0\"><defs><linearGradient id=\"linear-gradient-42e82dc\" x1=\"0\" x2=\"100%\" y1=\"0\" y2=\"0\"><stop offset=\"0%\" style=\"stop-opacity:1;stop-color:var(--linear-gradient-42-e-82-dc-color-1)\"><\/stop><stop offset=\"100%\" style=\"stop-opacity:1;stop-color:var(--linear-gradient-42-e-82-dc-color-2)\"><\/stop><\/linearGradient><\/defs><\/svg><svg class=\"ugb-custom-icon\" viewBox=\"0 0 34 34\" fill=\"none\" xmlns=\"http:\/\/www.w3.org\/2000\/svg\" aria-hidden=\"true\" width=\"32\" height=\"32\">\n<g clip-path=\"url(#clip0_1_2-14477)\">\n<path d=\"M17 34C26.3888 34 34 26.3888 34 17C34 7.61116 26.3888 0 17 0C7.61116 0 0 7.61116 0 17C0 26.3888 7.61116 34 17 34Z\" fill=\"#8A41E6\"\/>\n<path d=\"M22.71 14.28L17.05 19.95L11.29 14.18L9 16.47L14.76 22.23L15 22.5L16 23.53L17 24.56L25 16.56L22.71 14.28Z\" fill=\"white\"\/>\n<\/g>\n<defs>\n<clipPath id=\"clip0_1_2-14477\">\n<rect width=\"34\" height=\"34\" fill=\"white\"\/>\n<\/clipPath>\n<\/defs>\n<\/svg><\/div><div class=\"stk--inner-svg stk--icon-2\" style=\"display:none\"><svg style=\"height:0;width:0\"><defs><linearGradient id=\"linear-gradient-42e82dc\" x1=\"0\" x2=\"100%\" y1=\"0\" y2=\"0\"><stop offset=\"0%\" style=\"stop-opacity:1;stop-color:var(--linear-gradient-42-e-82-dc-color-1)\"><\/stop><stop offset=\"100%\" style=\"stop-opacity:1;stop-color:var(--linear-gradient-42-e-82-dc-color-2)\"><\/stop><\/linearGradient><\/defs><\/svg><svg class=\"ugb-custom-icon\" viewBox=\"0 0 34 34\" fill=\"none\" xmlns=\"http:\/\/www.w3.org\/2000\/svg\" aria-hidden=\"true\" width=\"32\" height=\"32\">\n<g clip-path=\"url(#clip0_1_2-67935)\">\n<path d=\"M17 34C26.3888 34 34 26.3888 34 17C34 7.61116 26.3888 0 17 0C7.61116 0 0 7.61116 0 17C0 26.3888 7.61116 34 17 34Z\" fill=\"#8A41E6\"\/>\n<path d=\"M22.71 14.28L17.05 19.95L11.29 14.18L9 16.47L14.76 22.23L15 22.5L16 23.53L17 24.56L25 16.56L22.71 14.28Z\" fill=\"white\"\/>\n<\/g>\n<defs>\n<clipPath id=\"clip0_1_2-67935\">\n<rect width=\"34\" height=\"34\" fill=\"white\"\/>\n<\/clipPath>\n<\/defs>\n<\/svg><\/div><\/span><\/div>\n<\/div><\/div>\n<\/div><\/div><\/summary>\n\n\n\n<div class=\"wp-block-stackable-column stk-block-column stk-column stk-block stk-aa22d97 stk-block-accordion__content\" data-v=\"4\" data-block-id=\"aa22d97\"><style>.stk-aa22d97-container{padding-top:0px !important;padding-right:0px !important;padding-bottom:0px !important;padding-left:0px !important;}<\/style><div class=\"stk-column-wrapper stk-block-column__content stk-container stk-aa22d97-container stk--no-background stk--no-padding\"><div class=\"stk-block-content stk-inner-blocks stk-aa22d97-inner-blocks\">\n<p data-block-type=\"core\">La&nbsp;<a href=\"https:\/\/www.ull.es\/admision-becas\/ebau\/matricula\/\" target=\"_blank\" rel=\"noreferrer noopener\" target=\"_blank\" rel=\"noopener\">matr\u00edcula<\/a>&nbsp;de la PAU se realizar\u00e1 a trav\u00e9s de una aplicaci\u00f3n telem\u00e1tica que se te facilitar\u00e1 a trav\u00e9s del centro o instituto donde cursas 2\u00ba de bachillerato o tus estudios de FP, de acuerdo al calendario que se aprueba cada curso acad\u00e9mico. Consulta en tu instituto o centro escolar las fechas de matr\u00edcula.<\/p>\n\n\n\n<p data-block-type=\"core\">El alumnado que supere la PAU en la convocatoria de junio y desee presentarse a la de julio, deber\u00e1 dirigirse a su IES\/Colegio para realizar la matr\u00edcula de la PAU en el plazo correspondiente.<\/p>\n<\/div><\/div><\/div>\n<\/details>\n<\/div><\/div><\/div>\n<\/div><\/div>\n\n\n\n<div class=\"wp-block-stackable-columns alignfull stk-block-columns stk-block stk-9ed4c56 stk-block-background stk--has-background-overlay\" data-block-id=\"9ed4c56\"><style>.stk-9ed4c56 {background-color:#cffeea !important;background-image:url(https:\/\/www.ull.es\/admision-becas\/wp-content\/uploads\/sites\/8\/2025\/11\/Recursos-landing-PAU_Lineas-degradadas-recortada-izquierda-mobile.png) !important;background-position:bottom right !important;background-repeat:no-repeat !important;border-top-left-radius:30px !important;border-top-right-radius:30px !important;border-bottom-right-radius:30px !important;border-bottom-left-radius:30px !important;overflow:hidden !important;margin-bottom:-80px !important;}.stk-9ed4c56:before{background-color:#cffeea !important;opacity:0 !important;}.stk-9ed4c56-column{max-width:1300px !important;min-width:auto !important;}@media screen and (max-width: 767px){.stk-9ed4c56-column{max-width:1500px !important;min-width:auto !important;}}<\/style><div class=\"stk-row stk-inner-blocks stk-block-content stk-content-align stk-9ed4c56-column\">\n<div class=\"wp-block-stackable-column stk-block-column stk-column stk-block stk-ad38816 stk-block-background\" data-v=\"4\" data-block-id=\"ad38816\"><style>.stk-ad38816 {background-color:#ffffff !important;border-top-left-radius:30px !important;border-top-right-radius:30px !important;border-bottom-right-radius:30px !important;border-bottom-left-radius:30px !important;overflow:hidden !important;padding-top:50px !important;padding-right:50px !important;padding-bottom:50px !important;padding-left:50px !important;margin-top:30px !important;margin-bottom:30px !important;}.stk-ad38816:before{background-color:#ffffff !important;}@media screen and (max-width: 767px){.stk-ad38816 {padding-top:20px !important;padding-right:20px !important;padding-bottom:20px !important;padding-left:20px !important;margin-top:15px !important;margin-right:10px !important;margin-bottom:15px !important;margin-left:10px !important;}}<\/style><div class=\"stk-column-wrapper stk-block-column__content stk-container stk-ad38816-container stk--no-background stk--no-padding\"><div class=\"stk-block-content stk-inner-blocks stk-ad38816-inner-blocks\">\n<details class=\"wp-block-stackable-accordion stk-block-accordion stk-inner-blocks stk-block-content stk-block stk-986fe02 is-style-plain\" id=\"alumnado-que-finalizo-sus-estudios-en-cursos-anteriores\" data-block-id=\"986fe02\"><style>.stk-986fe02 {border-style:solid !important;border-color:#dfdad1 !important;border-top-width:0px !important;border-right-width:0px !important;border-bottom-width:1px !important;border-left-width:0px !important;padding-bottom:24px !important;}<\/style>\n<summary class=\"wp-block-stackable-column stk-block-column stk-column stk-block stk-16821eb stk--container-small stk-block-accordion__heading\" data-v=\"4\" data-block-id=\"16821eb\"><div class=\"stk-column-wrapper stk-block-column__content stk-container stk-16821eb-container stk--no-background stk--no-padding\"><div class=\"stk-block-content stk-inner-blocks stk-16821eb-inner-blocks\">\n<div class=\"wp-block-stackable-icon-label stk-block-icon-label stk-block stk-ba707e4\" data-block-id=\"ba707e4\"><div class=\"stk-row stk-inner-blocks stk-block-content\">\n<div class=\"wp-block-stackable-heading stk-block-heading stk-block-heading--v2 stk-block stk-562b5ad\" id=\"strong-alumnado-que-finalizo-sus-estudios-en-cursos-anteriores-al-que-realiza-la-prueba-de-acceso-strong\" data-block-id=\"562b5ad\"><style>.stk-562b5ad .stk-block-heading__text{color:var(--stk-global-color-60833, #5c068c) !important;font-weight:600 !important;font-family:\"Montserrat\", Sans-serif !important;}@media screen and (max-width: 767px){.stk-562b5ad .stk-block-heading__text{font-size:15px !important;line-height:1em !important;}}<\/style><h4 class=\"stk-block-heading__text has-text-color\"><strong>Alumnado que finaliz\u00f3 sus estudios en cursos anteriores al que realiza la prueba de acceso<\/strong><\/h4><\/div>\n\n\n\n<div class=\"wp-block-stackable-icon stk-block-icon stk-block stk-030d9f2\" data-block-id=\"030d9f2\"><style>@media screen and (max-width: 767px){.stk-030d9f2 .stk--svg-wrapper .stk--inner-svg svg:last-child{height:20px !important;width:20px !important;}}<\/style><span class=\"stk--svg-wrapper stk--has-icon2\"><div class=\"stk--inner-svg\"><svg style=\"height:0;width:0\"><defs><linearGradient id=\"linear-gradient-030d9f2\" x1=\"0\" x2=\"100%\" y1=\"0\" y2=\"0\"><stop offset=\"0%\" style=\"stop-opacity:1;stop-color:var(--linear-gradient-030-d-9-f-2-color-1)\"><\/stop><stop offset=\"100%\" style=\"stop-opacity:1;stop-color:var(--linear-gradient-030-d-9-f-2-color-2)\"><\/stop><\/linearGradient><\/defs><\/svg><svg class=\"ugb-custom-icon\" viewBox=\"0 0 34 34\" fill=\"none\" xmlns=\"http:\/\/www.w3.org\/2000\/svg\" aria-hidden=\"true\" width=\"32\" height=\"32\">\n<g clip-path=\"url(#clip0_1_2-14477)\">\n<path d=\"M17 34C26.3888 34 34 26.3888 34 17C34 7.61116 26.3888 0 17 0C7.61116 0 0 7.61116 0 17C0 26.3888 7.61116 34 17 34Z\" fill=\"#8A41E6\"\/>\n<path d=\"M22.71 14.28L17.05 19.95L11.29 14.18L9 16.47L14.76 22.23L15 22.5L16 23.53L17 24.56L25 16.56L22.71 14.28Z\" fill=\"white\"\/>\n<\/g>\n<defs>\n<clipPath id=\"clip0_1_2-14477\">\n<rect width=\"34\" height=\"34\" fill=\"white\"\/>\n<\/clipPath>\n<\/defs>\n<\/svg><\/div><div class=\"stk--inner-svg stk--icon-2\" style=\"display:none\"><svg style=\"height:0;width:0\"><defs><linearGradient id=\"linear-gradient-030d9f2\" x1=\"0\" x2=\"100%\" y1=\"0\" y2=\"0\"><stop offset=\"0%\" style=\"stop-opacity:1;stop-color:var(--linear-gradient-030-d-9-f-2-color-1)\"><\/stop><stop offset=\"100%\" style=\"stop-opacity:1;stop-color:var(--linear-gradient-030-d-9-f-2-color-2)\"><\/stop><\/linearGradient><\/defs><\/svg><svg class=\"ugb-custom-icon\" viewBox=\"0 0 34 34\" fill=\"none\" xmlns=\"http:\/\/www.w3.org\/2000\/svg\" aria-hidden=\"true\" width=\"32\" height=\"32\">\n<g clip-path=\"url(#clip0_1_2-67935)\">\n<path d=\"M17 34C26.3888 34 34 26.3888 34 17C34 7.61116 26.3888 0 17 0C7.61116 0 0 7.61116 0 17C0 26.3888 7.61116 34 17 34Z\" fill=\"#8A41E6\"\/>\n<path d=\"M22.71 14.28L17.05 19.95L11.29 14.18L9 16.47L14.76 22.23L15 22.5L16 23.53L17 24.56L25 16.56L22.71 14.28Z\" fill=\"white\"\/>\n<\/g>\n<defs>\n<clipPath id=\"clip0_1_2-67935\">\n<rect width=\"34\" height=\"34\" fill=\"white\"\/>\n<\/clipPath>\n<\/defs>\n<\/svg><\/div><\/span><\/div>\n<\/div><\/div>\n<\/div><\/div><\/summary>\n\n\n\n<div class=\"wp-block-stackable-column stk-block-column stk-column stk-block stk-1ef8407 stk-block-accordion__content\" data-v=\"4\" data-block-id=\"1ef8407\"><style>.stk-1ef8407-container{padding-top:0px !important;padding-right:0px !important;padding-bottom:0px !important;padding-left:0px !important;}<\/style><div class=\"stk-column-wrapper stk-block-column__content stk-container stk-1ef8407-container stk--no-background stk--no-padding\"><div class=\"stk-block-content stk-inner-blocks stk-1ef8407-inner-blocks\">\n<p data-block-type=\"core\">El alumnado que se encuentra en alguno de los siguientes casos,&nbsp;deber\u00e1 solicitar la inscripci\u00f3n con car\u00e1cter previo a trav\u00e9s de las sede electr\u00f3nica de la Universidad:<\/p>\n\n\n\n<ul class=\"wp-block-list\" data-block-type=\"core\">\n<li data-block-type=\"core\"><a href=\"https:\/\/www.ull.es\/admision-becas\/pau\/mejorar-calificacion\/mejora-de-calificacion-pau\/\" target=\"_blank\" rel=\"noreferrer noopener\" target=\"_blank\" rel=\"noopener\">Alumnado que&nbsp;<strong>super\u00f3&nbsp;la prueba de acceso a la universidad<\/strong> (PAU\/EBAU\/Selectividad) en el curso 2024-2025 o anteriores en la Universidad de La Laguna o en cualquier otra del territorio nacional; aquel que&nbsp;haya superado un Ciclo Formativo de Grado Superior en el curso 2024-2025 o anteriores y<strong>&nbsp;<\/strong>alumnado de&nbsp;ense\u00f1anzas extranjeras&nbsp;realizadas en Estados miembros de la Uni\u00f3n Europea,&nbsp; o con convenio de reciprocidad en la materia,&nbsp;que haya obtenido la acreditaci\u00f3n expedida por la UNED,<strong>&nbsp;<\/strong>y deseen repetir la prueba de acceso con el objeto de&nbsp;mejorar su calificaci\u00f3n<\/a>.<\/li>\n\n\n\n<li data-block-type=\"core\"><a href=\"https:\/\/www.ull.es\/admision-becas\/pau\/mejorar-calificacion\/repetir-pau-no-superada\/\" target=\"_blank\" rel=\"noreferrer noopener\" target=\"_blank\" rel=\"noopener\">Alumnado que,&nbsp;habi\u00e9ndose presentado&nbsp;prueba de acceso a la universidad (PAU\/EBAU\/Selectividad)&nbsp;en el curso 2024-2025 o anteriores y<strong> no la haya superado<\/strong>&nbsp;en ninguna universidad espa\u00f1ola y quiera volver a presentarse a la prueba de acceso<\/a>.<\/li>\n\n\n\n<li data-block-type=\"core\"><a href=\"https:\/\/www.ull.es\/admision-becas\/pau\/mejorar-calificacion\/realizar-primera-vez-pau-bachillerato\/\" target=\"_blank\" rel=\"noreferrer noopener\" target=\"_blank\" rel=\"noopener\">Alumnado que&nbsp;habiendo superado el Bachillerato, COU o equivalente en el curso 2024-25 o anteriores, en la provincia de Santa Cruz de Tenerife,&nbsp;<strong>no hubiera realizado con anterioridad la prueba de acceso a la universidad<\/strong><\/a>.<a href=\"https:\/\/www.ull.es\/admision-becas\/pau\/mejorar-calificacion\/realizar-primera-vez-pau-bachillerato\/\" target=\"_blank\" rel=\"noreferrer noopener\" target=\"_blank\" rel=\"noopener\">de Santa Cruz de Tenerife,&nbsp;no hubiera realizado con anterioridad la prueba de acceso a la universidad<\/a>.<\/li>\n<\/ul>\n<\/div><\/div><\/div>\n<\/details>\n<\/div><\/div><\/div>\n<\/div><\/div>\n","protected":false},"excerpt":{"rendered":"<p>C\u00f3mo y cu\u00e1ndo inscribirse Alumnado que finaliza sus estudios en el mismo a\u00f1o que se realiza la prueba de acceso La&nbsp;matr\u00edcula&nbsp;de la PAU se realizar\u00e1 a trav\u00e9s de una aplicaci\u00f3n telem\u00e1tica que se te facilitar\u00e1 a trav\u00e9s del centro o instituto donde cursas 2\u00ba de bachillerato o tus estudios de FP, de acuerdo al calendario&#8230;<\/p>\n","protected":false},"author":1,"featured_media":0,"parent":567,"menu_order":2,"comment_status":"closed","ping_status":"closed","template":"templates\/template-frontpage.php","meta":{"footnotes":""},"class_list":["post-1428","page","type-page","status-publish","hentry"],"_links":{"self":[{"href":"https:\/\/www.ull.es\/admision-becas\/wp-json\/wp\/v2\/pages\/1428","targetHints":{"allow":["GET"]}}],"collection":[{"href":"https:\/\/www.ull.es\/admision-becas\/wp-json\/wp\/v2\/pages"}],"about":[{"href":"https:\/\/www.ull.es\/admision-becas\/wp-json\/wp\/v2\/types\/page"}],"author":[{"embeddable":true,"href":"https:\/\/www.ull.es\/admision-becas\/wp-json\/wp\/v2\/users\/1"}],"replies":[{"embeddable":true,"href":"https:\/\/www.ull.es\/admision-becas\/wp-json\/wp\/v2\/comments?post=1428"}],"version-history":[{"count":31,"href":"https:\/\/www.ull.es\/admision-becas\/wp-json\/wp\/v2\/pages\/1428\/revisions"}],"predecessor-version":[{"id":8372,"href":"https:\/\/www.ull.es\/admision-becas\/wp-json\/wp\/v2\/pages\/1428\/revisions\/8372"}],"up":[{"embeddable":true,"href":"https:\/\/www.ull.es\/admision-becas\/wp-json\/wp\/v2\/pages\/567"}],"wp:attachment":[{"href":"https:\/\/www.ull.es\/admision-becas\/wp-json\/wp\/v2\/media?parent=1428"}],"curies":[{"name":"wp","href":"https:\/\/api.w.org\/{rel}","templated":true}]}}