{"id":1452,"date":"2018-02-19T15:11:31","date_gmt":"2018-02-19T15:11:31","guid":{"rendered":"https:\/\/www.ull.es\/admision-becas\/?page_id=1452"},"modified":"2025-12-16T10:43:18","modified_gmt":"2025-12-16T10:43:18","slug":"notas-de-corte","status":"publish","type":"page","link":"https:\/\/www.ull.es\/admision-becas\/pau\/notas-de-corte\/","title":{"rendered":"Notas de corte"},"content":{"rendered":"\n<div class=\"wp-block-stackable-columns alignfull stk-block-columns stk-block stk-2cbe2d9 stk-block-background stk--has-background-overlay\" data-block-id=\"2cbe2d9\"><style>.stk-2cbe2d9 {background-image:url(https:\/\/www.ull.es\/admision-becas\/wp-content\/uploads\/sites\/8\/2025\/11\/Landing-PAU_Header.jpg) !important;min-height:600px !important;align-items:center !important;padding-top:0px !important;padding-right:0px !important;padding-bottom:0px !important;padding-left:0px !important;margin-top:-30px !important;margin-bottom:50px !important;display:flex !important;}.stk-2cbe2d9-column{max-width:1300px !important;min-width:auto !important;}@media screen and (max-width: 767px){.stk-2cbe2d9 {min-height:400px !important;}}<\/style><div class=\"stk-row stk-inner-blocks stk-block-content stk-content-align stk-2cbe2d9-column\">\n<div class=\"wp-block-stackable-column stk-block-column stk-column stk-block stk-67d5c45\" data-v=\"4\" data-block-id=\"67d5c45\"><style>@media screen and (min-width: 768px){.stk-67d5c45 {flex:var(--stk-flex-grow, 1) 1 calc(61.6% - var(--stk-column-gap, 0px) * 1 \/ 2 ) !important;}}@media screen and (min-width: 768px) and (max-width: 1023px){.stk-67d5c45 {flex:var(--stk-flex-grow, 1) 1 calc(60% - var(--stk-column-gap, 0px) * 1 \/ 2 ) !important;}}@media screen and (max-width: 767px){.stk-67d5c45 {padding-top:10px !important;padding-right:10px !important;padding-bottom:10px !important;padding-left:10px !important;}}<\/style><div class=\"stk-column-wrapper stk-block-column__content stk-container stk-67d5c45-container stk--no-background stk--no-padding\"><div class=\"stk-block-content stk-inner-blocks stk-67d5c45-inner-blocks\">\n<div class=\"wp-block-stackable-heading stk-block-heading stk-block-heading--v2 stk-block stk-c229f24\" id=\"notas-de-corte-br-orientativas\" data-block-id=\"c229f24\"><style>.stk-c229f24 {margin-bottom:0px !important;}.stk-c229f24 .stk-block-heading__text{font-size:80px !important;color:#ffffff !important;font-weight:700 !important;font-family:\"Montserrat\", Sans-serif !important;}@media screen and (max-width: 1023px){.stk-c229f24 .stk-block-heading__text{font-size:50px !important;}}@media screen and (max-width: 767px){.stk-c229f24 .stk-block-heading__text{font-size:47px !important;}}<\/style><h1 class=\"stk-block-heading__text has-text-color\">Notas de corte<br>orientativas<\/h1><\/div>\n<\/div><\/div><\/div>\n\n\n\n<div class=\"wp-block-stackable-column stk-block-column stk-column stk-block stk-a283fdb\" data-v=\"4\" data-block-id=\"a283fdb\"><style>@media screen and (min-width: 768px){.stk-a283fdb {flex:var(--stk-flex-grow, 1) 1 calc(38.4% - var(--stk-column-gap, 0px) * 1 \/ 2 ) !important;}}@media screen and (min-width: 768px) and (max-width: 1023px){.stk-a283fdb {flex:var(--stk-flex-grow, 1) 1 calc(40% - var(--stk-column-gap, 0px) * 1 \/ 2 ) !important;}}<\/style><div class=\"stk-column-wrapper stk-block-column__content stk-container stk-a283fdb-container stk--no-background stk--no-padding\"><div class=\"stk-block-content stk-inner-blocks stk-a283fdb-inner-blocks\"><\/div><\/div><\/div>\n<\/div><\/div>\n\n\n\n<div class=\"wp-block-stackable-columns stk-block-columns stk-block stk-8b59b96\" data-block-id=\"8b59b96\"><style>.stk-8b59b96 .stk--block-align-8b59b96{align-items:flex-start !important;}.stk-8b59b96-column{--stk-columns-spacing:0px !important;--stk-column-gap:50px !important;}<\/style><div class=\"stk-row stk-inner-blocks stk--block-align-8b59b96 stk-block-content stk-content-align stk-8b59b96-column\">\n<div class=\"wp-block-stackable-column stk-block-column stk-column stk-block stk-dbb7e15\" data-v=\"4\" data-block-id=\"dbb7e15\"><div class=\"stk-column-wrapper stk-block-column__content stk-container stk-dbb7e15-container stk--no-background stk--no-padding\"><div class=\"stk-block-content stk-inner-blocks stk-dbb7e15-inner-blocks\">\n<div class=\"wp-block-stackable-text stk-block-text stk-block stk-ee3acd3\" data-block-id=\"ee3acd3\"><p class=\"stk-block-text__text\">La nota de corte no es un requisito que te pida la universidad para obtener plaza en uno de sus grados o dobles grados. La nota de corte es la\u00a0<strong>nota de admisi\u00f3n del \u00faltimo estudiante<\/strong>\u00a0que accedi\u00f3 en el curso correspondiente a los estudios de grado en funci\u00f3n del\u00a0cupo por el que solicita plaza\u00a0(general, personas con discapacidad, deportistas de alto nivel o alto rendimiento, persona tituladas universitarias, mayores 25, 40 o 45 a\u00f1os), a fecha\u00a030 de septiembre de 2025. Por lo tanto, la nota de corte es solo\u00a0<strong>orientativa\u00a0<\/strong>para el acceso a la ULL en el curso correspondiente.<\/p><\/div>\n\n\n\n<p data-block-type=\"core\">La obtenci\u00f3n de una nota de admisi\u00f3n superior a la de corte en cada cupo en futuros a\u00f1os, no garantiza la obtenci\u00f3n de plaza al grado al que se desee acceder en el curso 2026-27 o posteriores, pues la nota de corte de cada a\u00f1o es&nbsp;<strong>nueva<\/strong>&nbsp;y&nbsp;<strong>diferente<\/strong>&nbsp;a la del a\u00f1o anterior, como resultado de relacionar las tres siguientes variables:<\/p>\n\n\n\n<ul class=\"wp-block-list\" data-block-type=\"core\">\n<li data-block-type=\"core\">Total de plazas ofertadas en cada grado o doble grado.<\/li>\n\n\n\n<li data-block-type=\"core\">N\u00famero de estudiantes que solicitan ser admitidos en dicho grado o doble grado, que var\u00eda de un curso a otro.<\/li>\n\n\n\n<li data-block-type=\"core\">Nota de admisi\u00f3n que logre el alumnado cada a\u00f1o seg\u00fan el cupo por el que solicita plaza (la nota tambi\u00e9n var\u00eda de un a\u00f1o a otro, normalmente al alza).&nbsp;<a href=\"https:\/\/www.ull.es\/admision-becas\/admision-a-titulaciones-oficiales-de-grado\/preinscripcion\/calculo-nota-admision\/\" target=\"_blank\" rel=\"noreferrer noopener\" target=\"_blank\" rel=\"noopener\">M\u00e1s informaci\u00f3n sobre el c\u00e1lculo de la nota de admisi\u00f3n<\/a>.<\/li>\n<\/ul>\n<\/div><\/div><\/div>\n<\/div><\/div>\n\n\n\n<div class=\"wp-block-stackable-columns alignfull stk-block-columns stk-block stk-81ad3b0 stk-block-background stk--has-background-overlay\" data-block-id=\"81ad3b0\"><style>.stk-81ad3b0 {background-color:#ddd6fc !important;background-image:url(https:\/\/www.ull.es\/wp-content\/uploads\/2025\/11\/Frame_3.png) !important;border-top-left-radius:30px !important;border-top-right-radius:30px !important;border-bottom-right-radius:30px !important;border-bottom-left-radius:30px !important;overflow:hidden !important;margin-top:50px !important;margin-bottom:50px !important;}.stk-81ad3b0:before{background-color:#ddd6fc !important;opacity:0 !important;}.stk-81ad3b0-column{max-width:1300px !important;min-width:auto !important;}<\/style><div class=\"stk-row stk-inner-blocks stk-block-content stk-content-align stk-81ad3b0-column\">\n<div class=\"wp-block-stackable-column stk-block-column stk-column stk-block stk-20be033\" data-v=\"4\" data-block-id=\"20be033\"><style>.stk-20be033 {border-top-left-radius:30px !important;border-top-right-radius:30px !important;border-bottom-right-radius:30px !important;border-bottom-left-radius:30px !important;overflow:hidden !important;padding-top:50px !important;padding-right:50px !important;padding-bottom:50px !important;padding-left:50px !important;margin-top:30px !important;margin-bottom:30px !important;}@media screen and (max-width: 767px){.stk-20be033 {padding-top:20px !important;padding-right:20px !important;padding-bottom:20px !important;padding-left:20px !important;margin-top:15px !important;margin-right:10px !important;margin-bottom:15px !important;margin-left:10px !important;}}<\/style><div class=\"stk-column-wrapper stk-block-column__content stk-container stk-20be033-container stk--no-background stk--no-padding\"><div class=\"stk-block-content stk-inner-blocks stk-20be033-inner-blocks\">\n<div class=\"wp-block-stackable-icon-label stk-block-icon-label stk-block stk-405e850 stk-block-background\" id=\"a-href-https-www-ull-es-links-interes-data-type-page-data-id-15808-span-style-color-var-stk-global-color-92696-eeeeee-class-stk-highlight-acceso-a-las-notas-de-corte-dobles-grados-2025-2026-span-a\" data-block-id=\"405e850\"><style>.stk-405e850 {background-color:#7c30e3 !important;border-top-left-radius:25px !important;border-top-right-radius:25px !important;border-bottom-right-radius:25px !important;border-bottom-left-radius:25px !important;overflow:hidden !important;border-style:solid !important;border-color:#dfdad1 !important;border-top-width:0px !important;border-right-width:0px !important;border-bottom-width:1px !important;border-left-width:0px !important;padding-top:36px !important;padding-right:20px !important;padding-bottom:36px !important;padding-left:25px !important;margin-bottom:24px !important;}.stk-405e850:before{background-color:#7c30e3 !important;}<\/style><div class=\"stk-row stk-inner-blocks stk-block-content\">\n<div class=\"wp-block-stackable-heading stk-block-heading stk-block-heading--v2 stk-block stk-52d5e6f\" id=\"a-href-https-drive-google-com-file-d-1-r-hp-ns-ljeq-8-s-8-hzo-5-il-x-de-fzq-rk-6-asnj-view-usp-sharing-span-style-color-fffffe-class-stk-highlight-acceso-a-las-notas-de-corte-grados-2025-2026-strong-cupo-general-strong-bachillerato-con-ebau-pau-formacion-profesional-grado-superior-o-con-acreditacion-de-la-uned-span-a\" data-block-id=\"52d5e6f\"><style>.stk-52d5e6f .stk-block-heading__text{color:#000000 !important;font-weight:600 !important;font-family:\"Montserrat\", Sans-serif !important;}@media screen and (max-width: 767px){.stk-52d5e6f .stk-block-heading__text{font-size:15px !important;}}<\/style><h4 class=\"stk-block-heading__text has-text-color\"><a href=\"https:\/\/drive.google.com\/file\/d\/1rHpNsLJEQ-8s8Hzo5IlXDeFzqRK6ASNJ\/view?usp=sharing\" target=\"_blank\" rel=\"noopener\"><span style=\"color: #fffffe;\" class=\"stk-highlight\">Acceso a las notas de corte Grados 2025-2026 <strong>cupo general<\/strong> (Bachillerato con EBAU\/PAU, Formaci\u00f3n Profesional Grado Superior o con acreditaci\u00f3n de la UNED)<\/span><\/a><\/h4><\/div>\n\n\n\n<div class=\"wp-block-stackable-icon stk-block-icon has-text-align-left stk-block stk-f721377\" data-block-id=\"f721377\"><style>@media screen and (max-width: 767px){.stk-f721377 .stk--svg-wrapper .stk--inner-svg svg:last-child{height:20px !important;width:20px !important;}}<\/style><a class=\"stk-link\" href=\"https:\/\/drive.google.com\/file\/d\/1a79EwyWLZl-7eU3WWm0MgGMEkv1JsGmO\/view\" target=\"_blank\" rel=\"noopener\"><span class=\"stk--svg-wrapper\"><div class=\"stk--inner-svg\"><svg style=\"height:0;width:0\"><defs><linearGradient id=\"linear-gradient-f721377\" x1=\"0\" x2=\"100%\" y1=\"0\" y2=\"0\"><stop offset=\"0%\" style=\"stop-opacity:1;stop-color:var(--linear-gradient-f-721377-color-1)\"><\/stop><stop offset=\"100%\" style=\"stop-opacity:1;stop-color:var(--linear-gradient-f-721377-color-2)\"><\/stop><\/linearGradient><\/defs><\/svg><svg class=\"ugb-custom-icon\" id=\"Capa_1-91700\" data-name=\"Capa 1\" xmlns=\"http:\/\/www.w3.org\/2000\/svg\" viewBox=\"0 0 36 36\" aria-hidden=\"true\" width=\"32\" height=\"32\">\n  <defs>\n    <style>\n      .cls-1 {\n        fill: #fff;\n      }\n\n      .cls-2 {\n        fill: #782ce8;\n      }\n    <\/style>\n  <\/defs>\n  <circle class=\"cls-1\" cx=\"18\" cy=\"18\" r=\"18\"\/>\n  <polygon class=\"cls-2\" points=\"24.35 23.34 21.01 23.33 21.01 17.26 13.19 25.08 10.92 22.81 18.81 14.92 12.73 14.92 12.73 11.58 24.35 11.58 24.35 23.34\"\/>\n<\/svg><\/div><\/span><\/a><\/div>\n<\/div><\/div>\n\n\n\n<div class=\"wp-block-stackable-icon-label stk-block-icon-label stk-block stk-78a0b90 stk-block-background\" id=\"a-href-https-www-ull-es-links-interes-data-type-page-data-id-15808-span-style-color-var-stk-global-color-92696-eeeeee-class-stk-highlight-acceso-a-las-notas-de-corte-dobles-grados-2025-2026-span-a\" data-block-id=\"78a0b90\"><style>.stk-78a0b90 {background-color:#7c30e3 !important;border-top-left-radius:25px !important;border-top-right-radius:25px !important;border-bottom-right-radius:25px !important;border-bottom-left-radius:25px !important;overflow:hidden !important;border-color:#dfdad1 !important;border-top-width:0px !important;border-right-width:0px !important;border-bottom-width:1px !important;border-left-width:0px !important;padding-top:36px !important;padding-right:20px !important;padding-bottom:36px !important;padding-left:25px !important;}.stk-78a0b90:before{background-color:#7c30e3 !important;}<\/style><div class=\"stk-row stk-inner-blocks stk-block-content\">\n<div class=\"wp-block-stackable-heading stk-block-heading stk-block-heading--v2 stk-block stk-955c8d7\" id=\"a-href-https-drive-google-com-file-d-1-f-s-2-gt-uewok-0-apqyc-qmgfn-o-7-t-yqq-r-bi-view-usp-sharing-data-type-page-data-id-15808-span-style-color-fffffe-class-stk-highlight-acceso-a-las-notas-de-corte-grados-2025-2026-strong-resto-de-cupos-strong-personas-con-discapacidad-deportistas-de-alto-nivel-o-alto-rendimiento-personas-tituladas-universitarias-mayores-25-40-o-45-anos-span-a\" data-block-id=\"955c8d7\"><style>.stk-955c8d7 .stk-block-heading__text{color:#000000 !important;font-weight:600 !important;font-family:\"Montserrat\", Sans-serif !important;}@media screen and (max-width: 767px){.stk-955c8d7 .stk-block-heading__text{font-size:15px !important;}}<\/style><h4 class=\"stk-block-heading__text has-text-color\"><a href=\"https:\/\/drive.google.com\/file\/d\/1f-s2gtUewok0APQYCQmgfnO7tYqqR-bi\/view?usp=sharing\" data-type=\"page\" data-id=\"15808\" target=\"_blank\" rel=\"noopener\"><span style=\"color: #fffffe;\" class=\"stk-highlight\">Acceso a las notas de corte Grados 2025-2026 <strong>resto de cupos<\/strong> (personas con discapacidad, deportistas de alto nivel o alto rendimiento, personas tituladas universitarias, mayores 25, 40 o 45 a\u00f1os)<\/span><\/a><\/h4><\/div>\n\n\n\n<div class=\"wp-block-stackable-icon stk-block-icon has-text-align-left stk-block stk-e3489df\" data-block-id=\"e3489df\"><style>@media screen and (max-width: 767px){.stk-e3489df .stk--svg-wrapper .stk--inner-svg svg:last-child{height:20px !important;width:20px !important;}}<\/style><span class=\"stk--svg-wrapper\"><div class=\"stk--inner-svg\"><svg style=\"height:0;width:0\"><defs><linearGradient id=\"linear-gradient-e3489df\" x1=\"0\" x2=\"100%\" y1=\"0\" y2=\"0\"><stop offset=\"0%\" style=\"stop-opacity:1;stop-color:var(--linear-gradient-e-3489-df-color-1)\"><\/stop><stop offset=\"100%\" style=\"stop-opacity:1;stop-color:var(--linear-gradient-e-3489-df-color-2)\"><\/stop><\/linearGradient><\/defs><\/svg><svg class=\"ugb-custom-icon\" id=\"Capa_1-55044\" data-name=\"Capa 1\" xmlns=\"http:\/\/www.w3.org\/2000\/svg\" viewBox=\"0 0 36 36\" aria-hidden=\"true\" width=\"32\" height=\"32\">\n  <defs>\n    <style>\n      .cls-1 {\n        fill: #fff;\n      }\n\n      .cls-2 {\n        fill: #782ce8;\n      }\n    <\/style>\n  <\/defs>\n  <circle class=\"cls-1\" cx=\"18\" cy=\"18\" r=\"18\"\/>\n  <polygon class=\"cls-2\" points=\"24.35 23.34 21.01 23.33 21.01 17.26 13.19 25.08 10.92 22.81 18.81 14.92 12.73 14.92 12.73 11.58 24.35 11.58 24.35 23.34\"\/>\n<\/svg><\/div><\/span><\/div>\n<\/div><\/div>\n\n\n\n<div class=\"wp-block-stackable-icon-label stk-block-icon-label stk-block stk-0272c91 stk-block-background\" id=\"a-href-https-www-ull-es-links-interes-data-type-page-data-id-15808-span-style-color-var-stk-global-color-92696-eeeeee-class-stk-highlight-acceso-a-las-notas-de-corte-dobles-grados-2025-2026-span-a\" data-block-id=\"0272c91\"><style>.stk-0272c91 {background-color:#7c30e3 !important;border-top-left-radius:25px !important;border-top-right-radius:25px !important;border-bottom-right-radius:25px !important;border-bottom-left-radius:25px !important;overflow:hidden !important;border-color:#dfdad1 !important;border-top-width:0px !important;border-right-width:0px !important;border-bottom-width:1px !important;border-left-width:0px !important;padding-top:36px !important;padding-right:20px !important;padding-bottom:36px !important;padding-left:25px !important;}.stk-0272c91:before{background-color:#7c30e3 !important;}<\/style><div class=\"stk-row stk-inner-blocks stk-block-content\">\n<div class=\"wp-block-stackable-heading stk-block-heading stk-block-heading--v2 stk-block stk-bfd60f4\" id=\"a-href-https-drive-google-com-file-d-15-ew-4-w-ct-u-esv-zcf-zl-uhy-exep-1-su-6-nr-da-view-usp-sharing-data-type-page-data-id-15808-span-style-color-fffffe-class-stk-highlight-acceso-a-las-notas-de-corte-dobles-grados-2025-2026-span-a\" data-block-id=\"bfd60f4\"><style>.stk-bfd60f4 .stk-block-heading__text{color:#000000 !important;font-weight:600 !important;font-family:\"Montserrat\", Sans-serif !important;}@media screen and (max-width: 767px){.stk-bfd60f4 .stk-block-heading__text{font-size:15px !important;}}<\/style><h4 class=\"stk-block-heading__text has-text-color\"><a href=\"https:\/\/drive.google.com\/file\/d\/15EW4WCtUEsvZcfZlUhy-Exep1SU6NrDa\/view?usp=sharing\" data-type=\"page\" data-id=\"15808\" target=\"_blank\" rel=\"noopener\"><span style=\"color: #fffffe;\" class=\"stk-highlight\">Acceso a las notas de corte Dobles Grados 2025-2026<\/span><\/a><\/h4><\/div>\n\n\n\n<div class=\"wp-block-stackable-icon stk-block-icon has-text-align-left stk-block stk-cfad1a0\" data-block-id=\"cfad1a0\"><style>@media screen and (max-width: 767px){.stk-cfad1a0 .stk--svg-wrapper .stk--inner-svg svg:last-child{height:20px !important;width:20px !important;}}<\/style><span class=\"stk--svg-wrapper\"><div class=\"stk--inner-svg\"><svg style=\"height:0;width:0\"><defs><linearGradient id=\"linear-gradient-cfad1a0\" x1=\"0\" x2=\"100%\" y1=\"0\" y2=\"0\"><stop offset=\"0%\" style=\"stop-opacity:1;stop-color:var(--linear-gradient-cfad-1-a-0-color-1)\"><\/stop><stop offset=\"100%\" style=\"stop-opacity:1;stop-color:var(--linear-gradient-cfad-1-a-0-color-2)\"><\/stop><\/linearGradient><\/defs><\/svg><svg class=\"ugb-custom-icon\" id=\"Capa_1-34929\" data-name=\"Capa 1\" xmlns=\"http:\/\/www.w3.org\/2000\/svg\" viewBox=\"0 0 36 36\" aria-hidden=\"true\" width=\"32\" height=\"32\">\n  <defs>\n    <style>\n      .cls-1 {\n        fill: #fff;\n      }\n\n      .cls-2 {\n        fill: #782ce8;\n      }\n    <\/style>\n  <\/defs>\n  <circle class=\"cls-1\" cx=\"18\" cy=\"18\" r=\"18\"\/>\n  <polygon class=\"cls-2\" points=\"24.35 23.34 21.01 23.33 21.01 17.26 13.19 25.08 10.92 22.81 18.81 14.92 12.73 14.92 12.73 11.58 24.35 11.58 24.35 23.34\"\/>\n<\/svg><\/div><\/span><\/div>\n<\/div><\/div>\n<\/div><\/div><\/div>\n<\/div><\/div>\n","protected":false},"excerpt":{"rendered":"<p>Notas de corteorientativas La nota de corte no es un requisito que te pida la universidad para obtener plaza en uno de sus grados o dobles grados. La nota de corte es la\u00a0nota de admisi\u00f3n del \u00faltimo estudiante\u00a0que accedi\u00f3 en el curso correspondiente a los estudios de grado en funci\u00f3n del\u00a0cupo por el que solicita&#8230;<\/p>\n","protected":false},"author":1,"featured_media":0,"parent":567,"menu_order":0,"comment_status":"closed","ping_status":"closed","template":"templates\/template-frontpage.php","meta":{"footnotes":""},"class_list":["post-1452","page","type-page","status-publish","hentry"],"_links":{"self":[{"href":"https:\/\/www.ull.es\/admision-becas\/wp-json\/wp\/v2\/pages\/1452","targetHints":{"allow":["GET"]}}],"collection":[{"href":"https:\/\/www.ull.es\/admision-becas\/wp-json\/wp\/v2\/pages"}],"about":[{"href":"https:\/\/www.ull.es\/admision-becas\/wp-json\/wp\/v2\/types\/page"}],"author":[{"embeddable":true,"href":"https:\/\/www.ull.es\/admision-becas\/wp-json\/wp\/v2\/users\/1"}],"replies":[{"embeddable":true,"href":"https:\/\/www.ull.es\/admision-becas\/wp-json\/wp\/v2\/comments?post=1452"}],"version-history":[{"count":51,"href":"https:\/\/www.ull.es\/admision-becas\/wp-json\/wp\/v2\/pages\/1452\/revisions"}],"predecessor-version":[{"id":8361,"href":"https:\/\/www.ull.es\/admision-becas\/wp-json\/wp\/v2\/pages\/1452\/revisions\/8361"}],"up":[{"embeddable":true,"href":"https:\/\/www.ull.es\/admision-becas\/wp-json\/wp\/v2\/pages\/567"}],"wp:attachment":[{"href":"https:\/\/www.ull.es\/admision-becas\/wp-json\/wp\/v2\/media?parent=1452"}],"curies":[{"name":"wp","href":"https:\/\/api.w.org\/{rel}","templated":true}]}}