{"id":1465,"date":"2018-02-20T10:44:02","date_gmt":"2018-02-20T10:44:02","guid":{"rendered":"https:\/\/www.ull.es\/admision-becas\/?page_id=1465"},"modified":"2025-11-28T12:16:47","modified_gmt":"2025-11-28T12:16:47","slug":"que-es-el-acceso","status":"publish","type":"page","link":"https:\/\/www.ull.es\/admision-becas\/que-es-el-acceso\/","title":{"rendered":"\u00bfQu\u00e9 es el acceso?"},"content":{"rendered":"\n<div class=\"wp-block-stackable-columns alignfull stk-block-columns stk-block stk-2cbe2d9 stk-block-background stk--has-background-overlay\" data-block-id=\"2cbe2d9\"><style>.stk-2cbe2d9 {background-image:url(https:\/\/www.ull.es\/admision-becas\/wp-content\/uploads\/sites\/8\/2025\/11\/Landing-Acceso_Header.jpg) !important;min-height:600px !important;align-items:center !important;padding-top:0px !important;padding-right:0px !important;padding-bottom:0px !important;padding-left:0px !important;margin-top:-30px !important;margin-bottom:50px !important;display:flex !important;}.stk-2cbe2d9-column{max-width:1300px !important;min-width:auto !important;}@media screen and (max-width: 767px){.stk-2cbe2d9 {min-height:400px !important;}}<\/style><div class=\"stk-row stk-inner-blocks stk-block-content stk-content-align stk-2cbe2d9-column\">\n<div class=\"wp-block-stackable-column stk-block-column stk-column stk-block stk-67d5c45\" data-v=\"4\" data-block-id=\"67d5c45\"><style>@media screen and (max-width: 767px){.stk-67d5c45 {padding-top:10px !important;padding-right:10px !important;padding-bottom:10px !important;padding-left:10px !important;}}<\/style><div class=\"stk-column-wrapper stk-block-column__content stk-container stk-67d5c45-container stk--no-background stk--no-padding\"><div class=\"stk-block-content stk-inner-blocks stk-67d5c45-inner-blocks\">\n<div class=\"wp-block-stackable-heading stk-block-heading stk-block-heading--v2 stk-block stk-c229f24\" id=\"que-es-el-acceso\" data-block-id=\"c229f24\"><style>.stk-c229f24 {margin-bottom:0px !important;}.stk-c229f24 .stk-block-heading__text{font-size:80px !important;color:#ffffff !important;font-weight:700 !important;font-family:\"Montserrat\", Sans-serif !important;}@media screen and (max-width: 1023px){.stk-c229f24 .stk-block-heading__text{font-size:50px !important;}}@media screen and (max-width: 767px){.stk-c229f24 .stk-block-heading__text{font-size:47px !important;}}<\/style><h1 class=\"stk-block-heading__text has-text-color\">\u00bfQu\u00e9 es el acceso?<\/h1><\/div>\n<\/div><\/div><\/div>\n<\/div><\/div>\n\n\n\n<div class=\"wp-block-stackable-columns stk-block-columns stk-block stk-8b59b96\" data-block-id=\"8b59b96\"><div class=\"stk-row stk-inner-blocks stk-block-content stk-content-align stk-8b59b96-column\">\n<div class=\"wp-block-stackable-column stk-block-column stk-column stk-block stk-dbb7e15\" data-v=\"4\" data-block-id=\"dbb7e15\"><style>@media screen and (min-width: 768px){.stk-dbb7e15 {flex:var(--stk-flex-grow, 1) 1 66.7% !important;}}<\/style><div class=\"stk-column-wrapper stk-block-column__content stk-container stk-dbb7e15-container stk--no-background stk--no-padding\"><div class=\"stk-block-content stk-inner-blocks stk-dbb7e15-inner-blocks\">\n<div class=\"wp-block-stackable-text stk-block-text stk-block stk-1b1f80b\" data-block-id=\"1b1f80b\"><style>.stk-1b1f80b {margin-bottom:0px !important;}<\/style><p class=\"stk-block-text__text\">El acceso es el conjunto de requisitos necesarios para cursar las ense\u00f1anzas oficiales universitarias. Su cumplimiento es previo a la solicitud de plaza (admisi\u00f3n) a la Universidad.<\/p><\/div>\n\n\n\n<p data-block-type=\"core\">Podr\u00e1n acceder a los estudios universitarios oficiales de grado en la ULL quienes re\u00fanan alguno de los siguientes requisitos:<\/p>\n\n\n\n<ul class=\"wp-block-list\" data-block-type=\"core\">\n<li data-block-type=\"core\">Estudiantes en posesi\u00f3n del T\u00edtulo de Bachiller del Sistema Educativo Espa\u00f1ol o equivalente que han superado las pruebas de acceso a la universidad (PAU\/EBAU).<\/li>\n\n\n\n<li data-block-type=\"core\">Estudiantes en posesi\u00f3n de T\u00edtulo de Bachillerato Europeo o Bachillerato Internacional.<\/li>\n\n\n\n<li data-block-type=\"core\">Estudiantes en posesi\u00f3n del T\u00edtulo de Bachiller procedentes la Uni\u00f3n Europea o de otros estados con los que se haya suscrito acuerdos de reciprocidad, sujetos a determinadas condiciones.<\/li>\n\n\n\n<li data-block-type=\"core\">Estudiantes en posesi\u00f3n de t\u00edtulos homologados de Bachiller obtenidos en sistemas educativos extranjeros no incluidos en los anteriores.<\/li>\n\n\n\n<li data-block-type=\"core\">Estudiantes que est\u00e9n en posesi\u00f3n de un t\u00edtulo de T\u00e9cnico Superior de Formaci\u00f3n Profesional, T\u00e9cnico Superior de Artes Pl\u00e1sticas y Dise\u00f1o o de T\u00e9cnico Deportivo Superior o equivalente.<\/li>\n\n\n\n<li data-block-type=\"core\">Personas que hayan superado las pruebas de mayores de 25, 40 o 45 a\u00f1os.<\/li>\n\n\n\n<li data-block-type=\"core\">Estudiantes en posesi\u00f3n de t\u00edtulos universitarios oficiales espa\u00f1oles<\/li>\n\n\n\n<li data-block-type=\"core\">Estudiantes que hayan cursado estudios universitarios parciales extranjeros o espa\u00f1oles, o que habiendo finalizado los estudios universitarios extranjeros no hayan obtenido su homologaci\u00f3n en Espa\u00f1a y deseen continuar estudios en una universidad espa\u00f1ola. En este supuesto, ser\u00e1 requisito indispensable que la ULL le reconozca al menos 30 cr\u00e9ditos ECTS.<\/li>\n\n\n\n<li data-block-type=\"core\">Estudiantes que estuvieran en condiciones de acceder a la universidad seg\u00fan ordenaciones del Sistema Educativo Espa\u00f1ol anteriores a la Ley Org\u00e1nica 8\/2013 (LOMCE)<\/li>\n<\/ul>\n\n\n\n<p data-block-type=\"core\">El alumnado que cumpla alguno de los requisitos anteriores puede solicitar plaza en los grados de la ULL mediante el&nbsp;<a href=\"https:\/\/www.ull.es\/admision-becas\/admision-a-titulaciones-oficiales-de-grado\/\" target=\"_blank\" rel=\"noreferrer noopener\" target=\"_blank\" rel=\"noopener\">procedimiento de la admisi\u00f3n.<\/a><\/p>\n<\/div><\/div><\/div>\n\n\n\n<div class=\"wp-block-stackable-column stk-block-column stk-column stk-block stk-53ec762\" data-v=\"4\" data-block-id=\"53ec762\"><style>.stk-53ec762-inner-blocks{row-gap:10px !important;}@media screen and (min-width: 768px){.stk-53ec762 {flex:var(--stk-flex-grow, 1) 1 33.3% !important;}}<\/style><div class=\"stk-column-wrapper stk-block-column__content stk-container stk-53ec762-container stk--no-background stk--no-padding\"><div class=\"stk-block-content stk-inner-blocks stk-53ec762-inner-blocks\">\n<div class=\"wp-block-stackable-button-group stk-block-button-group stk-block stk-6109c77\" data-block-id=\"6109c77\"><style>.stk-6109c77 .stk-button-group{flex-direction:column !important;align-items:flex-start !important;}.stk-6109c77 .stk-block{flex-basis:auto !important;}.stk-6109c77 {margin-bottom:0px !important;}.stk-6109c77 .stk-inner-blocks{row-gap:10px !important;}<\/style><div class=\"stk-row stk-inner-blocks has-text-align-left stk-block-content stk-button-group\">\n<div class=\"wp-block-stackable-button stk-block-button has-text-align-left stk-block stk-602a897\" data-block-id=\"602a897\"><style>.stk-602a897 , .stk-602a897 .stk-button{width:100% !important;}.stk-602a897 {flex:1 0 var(--stk-button-group-flex-wrap, 0) !important;}.stk-602a897 .stk-button{background:#3f045f !important;border-top-left-radius:15px !important;border-top-right-radius:15px !important;border-bottom-right-radius:15px !important;border-bottom-left-radius:15px !important;}.stk-602a897 .stk-button .stk--inner-svg svg:last-child{margin-inline-start:100px !important;}.stk-602a897 .stk-button__inner-text{font-size:22px !important;line-height:28px !important;font-family:\"ArgentumSans\", Sans-serif !important;}@media screen and (max-width: 1023px){.stk-602a897 .stk-button__inner-text{font-size:22px !important;}}<\/style><a class=\"stk-link stk-button stk--hover-effect-darken\" href=\"https:\/\/www.ull.es\/admision-becas\/pau\/\" target=\"_blank\" rel=\"noopener\"><span class=\"stk-button__inner-text\">Todo sobre la PAU<\/span><\/a><\/div>\n<\/div><\/div>\n\n\n\n<div class=\"wp-block-stackable-spacer stk-block-spacer stk--no-padding stk-block stk-be23cec\" data-block-id=\"be23cec\"><style>.stk-be23cec {height:0px !important;}<\/style><\/div>\n\n\n\n<div class=\"wp-block-stackable-button-group stk-block-button-group stk-block stk-e471a63\" data-block-id=\"e471a63\"><style>.stk-e471a63 .stk-button-group{flex-direction:column !important;align-items:flex-start !important;}.stk-e471a63 .stk-block{flex-basis:auto !important;}.stk-e471a63 {margin-bottom:0px !important;}.stk-e471a63 .stk-inner-blocks{row-gap:10px !important;}<\/style><div class=\"stk-row stk-inner-blocks has-text-align-left stk-block-content stk-button-group\">\n<div class=\"wp-block-stackable-button stk-block-button has-text-align-left stk-block stk-b3abdf6\" data-block-id=\"b3abdf6\"><style>.stk-b3abdf6 , .stk-b3abdf6 .stk-button{width:100% !important;}.stk-b3abdf6 {flex:1 0 var(--stk-button-group-flex-wrap, 0) !important;}.stk-b3abdf6 .stk-button{background:#733fce !important;border-top-left-radius:15px !important;border-top-right-radius:15px !important;border-bottom-right-radius:15px !important;border-bottom-left-radius:15px !important;}.stk-b3abdf6 .stk-button__inner-text{font-size:22px !important;line-height:28px !important;font-family:\"ArgentumSans\", Sans-serif !important;}@media screen and (max-width: 1023px){.stk-b3abdf6 .stk-button__inner-text{font-size:22px !important;}}<\/style><a class=\"stk-link stk-button stk--hover-effect-darken\" href=\"https:\/\/www.ull.es\/estudios-docencia\/grados\" target=\"_blank\" rel=\"noopener\"><span class=\"stk-button__inner-text\">Grados y <br>dobles grados<\/span><\/a><\/div>\n<\/div><\/div>\n\n\n\n<div class=\"wp-block-stackable-spacer stk-block-spacer stk--no-padding stk-block stk-b1adc84\" data-block-id=\"b1adc84\"><style>.stk-b1adc84 {height:20px !important;}<\/style><\/div>\n\n\n\n<ul class=\"widget-box\" style=\"margin: 0px !important;padding: 0px !important\">\n \t<li class=\"contacto-header\">Informaci\u00f3n de contacto<\/li>\n \t<li><i class=\"fa fa-map-marker\"><\/i> C\/ Pedro Zerolo, s\/n. Edificio Central. Apartado 456. C\u00f3digo postal 38200. San Crist\u00f3bal de La Laguna. S\/C de Tenerife<\/li>\n \t<li><i class=\"fa fa-phone\"><\/i> (+34) 900 43 25 26<\/li>\n \t<li><i class=\"fa fa-address-book-o\"><\/i><a href=\"https:\/\/www.ull.es\/directorio\/search\/?busqueda=gestion-servicios-generales\" target=\"_blank\" rel=\"noopener noreferrer\" target=\"_blank\" rel=\"noopener\"> Directorio<\/a><\/li>\n \t<li><i class=\"fa fa-envelope\"><\/i><a href=\"mailto:sioinfo@ull.es\" target=\"_blank\" rel=\"noopener\"> sioinfo@ull.es<\/a><\/li>\n \t<li><i class=\"fa fa-clock-o\"><\/i> 09:00 a 14:00 h. L &#8211; V<\/li>\n \t<li><i class=\"fa fa-archive\"><\/i><a href=\"https:\/\/sede.ull.es\/ecivilis-site\/catalog\/showProcedure\/484\" target=\"_blank\" rel=\"noopener\"> Procedimiento para quejas, sugerencias y felicitaciones<\/a><\/li>\n \t<li style=\"font-size: 13px;color: #fff;background: #1bd741 url('https:\/\/www.ull.es\/estudios-docencia\/wp-content\/plugins\/ull-json-shortcodes\/include\/templates\/es\/..\/..\/..\/assets\/images\/whatsapp.png') 4px 50% no-repeat;padding: 6px !important;padding-left: 32px !important;margin-left: 10px !important;margin-bottom: 10px !important;background-size: 24px 24px\"><a style=\"color: #fff !important\" href=\"https:\/\/api.whatsapp.com\/send?phone=34692622633\" target=\"_blank\" rel=\"noopener noreferrer\" target=\"_blank\" rel=\"noopener\">(+34) 692 62 26 33<\/a><\/li>\n \t<li style=\"font-size: 13px;color: #fff;background: #61a8de url('https:\/\/www.ull.es\/estudios-docencia\/wp-content\/plugins\/ull-json-shortcodes\/include\/templates\/es\/..\/..\/..\/assets\/images\/telegram.png') 4px 4px no-repeat;padding: 6px !important;padding-left: 32px !important;margin-left: 10px !important;margin-bottom: 20px !important;background-size: 24px 24px\"><a style=\"color: #fff !important\" href=\"https:\/\/t.me\/SIOINFOULL\" target=\"_blank\" rel=\"noopener noreferrer\" target=\"_blank\" rel=\"noopener\">(+34) 692 62 26 33<\/a><\/li>\n<\/ul>\n<\/div><\/div><\/div>\n<\/div><\/div>\n","protected":false},"excerpt":{"rendered":"<p>\u00bfQu\u00e9 es el acceso? El acceso es el conjunto de requisitos necesarios para cursar las ense\u00f1anzas oficiales universitarias. Su cumplimiento es previo a la solicitud de plaza (admisi\u00f3n) a la Universidad. Podr\u00e1n acceder a los estudios universitarios oficiales de grado en la ULL quienes re\u00fanan alguno de los siguientes requisitos: El alumnado que cumpla alguno&#8230;<\/p>\n","protected":false},"author":1,"featured_media":0,"parent":0,"menu_order":0,"comment_status":"closed","ping_status":"closed","template":"templates\/template-frontpage.php","meta":{"footnotes":""},"class_list":["post-1465","page","type-page","status-publish","hentry"],"_links":{"self":[{"href":"https:\/\/www.ull.es\/admision-becas\/wp-json\/wp\/v2\/pages\/1465","targetHints":{"allow":["GET"]}}],"collection":[{"href":"https:\/\/www.ull.es\/admision-becas\/wp-json\/wp\/v2\/pages"}],"about":[{"href":"https:\/\/www.ull.es\/admision-becas\/wp-json\/wp\/v2\/types\/page"}],"author":[{"embeddable":true,"href":"https:\/\/www.ull.es\/admision-becas\/wp-json\/wp\/v2\/users\/1"}],"replies":[{"embeddable":true,"href":"https:\/\/www.ull.es\/admision-becas\/wp-json\/wp\/v2\/comments?post=1465"}],"version-history":[{"count":36,"href":"https:\/\/www.ull.es\/admision-becas\/wp-json\/wp\/v2\/pages\/1465\/revisions"}],"predecessor-version":[{"id":8217,"href":"https:\/\/www.ull.es\/admision-becas\/wp-json\/wp\/v2\/pages\/1465\/revisions\/8217"}],"wp:attachment":[{"href":"https:\/\/www.ull.es\/admision-becas\/wp-json\/wp\/v2\/media?parent=1465"}],"curies":[{"name":"wp","href":"https:\/\/api.w.org\/{rel}","templated":true}]}}