{"id":1767,"date":"2018-04-16T07:37:46","date_gmt":"2018-04-16T07:37:46","guid":{"rendered":"https:\/\/www.ull.es\/admision-becas\/?page_id=1767"},"modified":"2025-11-26T16:11:03","modified_gmt":"2025-11-26T16:11:03","slug":"legalizacion-de-documentos","status":"publish","type":"page","link":"https:\/\/www.ull.es\/admision-becas\/legalizacion-de-documentos\/","title":{"rendered":"Legalizaci\u00f3n de documentos"},"content":{"rendered":"\n<div class=\"wp-block-stackable-columns alignfull stk-block-columns stk-block stk-2cbe2d9 stk-block-background stk--has-background-overlay\" data-block-id=\"2cbe2d9\"><style>.stk-2cbe2d9 {background-image:url(https:\/\/www.ull.es\/admision-becas\/wp-content\/uploads\/sites\/8\/2025\/11\/Landing-Acceso_Header.jpg) !important;min-height:600px !important;align-items:center !important;padding-top:0px !important;padding-right:0px !important;padding-bottom:0px !important;padding-left:0px !important;margin-top:-30px !important;margin-bottom:50px !important;display:flex !important;}.stk-2cbe2d9-column{max-width:1300px !important;min-width:auto !important;}@media screen and (max-width: 767px){.stk-2cbe2d9 {min-height:400px !important;}}<\/style><div class=\"stk-row stk-inner-blocks stk-block-content stk-content-align stk-2cbe2d9-column\">\n<div class=\"wp-block-stackable-column stk-block-column stk-column stk-block stk-67d5c45\" data-v=\"4\" data-block-id=\"67d5c45\"><style>@media screen and (max-width: 767px){.stk-67d5c45 {padding-top:10px !important;padding-right:10px !important;padding-bottom:10px !important;padding-left:10px !important;}}<\/style><div class=\"stk-column-wrapper stk-block-column__content stk-container stk-67d5c45-container stk--no-background stk--no-padding\"><div class=\"stk-block-content stk-inner-blocks stk-67d5c45-inner-blocks\">\n<div class=\"wp-block-stackable-heading stk-block-heading stk-block-heading--v2 stk-block stk-c229f24\" id=\"legalizacion-de-br-documentos\" data-block-id=\"c229f24\"><style>.stk-c229f24 {margin-bottom:0px !important;}.stk-c229f24 .stk-block-heading__text{font-size:80px !important;color:#ffffff !important;font-weight:700 !important;font-family:\"Montserrat\", Sans-serif !important;}@media screen and (max-width: 1023px){.stk-c229f24 .stk-block-heading__text{font-size:50px !important;}}@media screen and (max-width: 767px){.stk-c229f24 .stk-block-heading__text{font-size:47px !important;}}<\/style><h1 class=\"stk-block-heading__text has-text-color\">Legalizaci\u00f3n de<br>documentos<\/h1><\/div>\n<\/div><\/div><\/div>\n<\/div><\/div>\n\n\n\n<div class=\"wp-block-stackable-columns stk-block-columns stk-block stk-8b59b96\" data-block-id=\"8b59b96\"><style>.stk-8b59b96-column{--stk-columns-spacing:0px !important;--stk-column-gap:50px !important;}<\/style><div class=\"stk-row stk-inner-blocks stk-block-content stk-content-align stk-8b59b96-column\">\n<div class=\"wp-block-stackable-column stk-block-column stk-column stk-block stk-dbb7e15\" data-v=\"4\" data-block-id=\"dbb7e15\"><div class=\"stk-column-wrapper stk-block-column__content stk-container stk-dbb7e15-container stk--no-background stk--no-padding\"><div class=\"stk-block-content stk-inner-blocks stk-dbb7e15-inner-blocks\">\n<p data-block-type=\"core\">Si vas a estudiar o acceder al mercado laboral fuera de Espa\u00f1a, te aconsejamos legalizar y apostillar los documentos oficiales que vayas a utilizar en el extranjero (t\u00edtulos, certificados,\u2026).<\/p>\n\n\n\n<p data-block-type=\"core\">La legalizaci\u00f3n de documentos acad\u00e9micos universitarios oficiales originales que han de surtir efectos en el extranjero, es un proceso convenido con car\u00e1cter internacional, que requiere previamente el reconocimiento de firmas por parte de las correspondientes Autoridades espa\u00f1olas.&nbsp;<\/p>\n\n\n\n<p data-block-type=\"core\">Es el tr\u00e1mite previo al proceso de legalizaci\u00f3n por parte del Ministerio de Asuntos Exteriores, Uni\u00f3n Europea&nbsp;y Cooperaci\u00f3n, y, en su caso, del Ministerio de Justicia para los siguientes tipos de documentos acad\u00e9micos:&nbsp;<\/p>\n\n\n\n<ul class=\"wp-block-list\" data-block-type=\"core\">\n<li data-block-type=\"core\">T\u00edtulos universitarios de car\u00e1cter oficial y con validez en todo el territorio nacional, expedidos por las Rectoras y los Rectores de las Universidades.&nbsp;<\/li>\n\n\n\n<li data-block-type=\"core\">T\u00edtulos de educaci\u00f3n superior y de postgrado, expedidos por el Ministerio de Educaci\u00f3n.<\/li>\n\n\n\n<li data-block-type=\"core\">Certificaciones acad\u00e9micas oficiales de estudios conducentes a la obtenci\u00f3n de los t\u00edtulos mencionados en los anteriores apartados.<\/li>\n\n\n\n<li data-block-type=\"core\">Certificaciones expedidas en el Ministerio de Educaci\u00f3n acreditativas del cumplimiento de las condiciones de titulaci\u00f3n exigidas por Directivas del Consejo de las Comunidades Europeas<\/li>\n<\/ul>\n\n\n\n<div class=\"wp-block-stackable-heading stk-block-heading stk-block-heading--v2 stk-block stk-ee52473\" id=\"modalidades\" data-block-id=\"ee52473\"><h2 class=\"stk-block-heading__text\">Modalidades<\/h2><\/div>\n\n\n\n<ul class=\"wp-block-list\" data-block-type=\"core\">\n<li data-block-type=\"core\"><strong>De car\u00e1cter oficial&nbsp;(t\u00edtulos y certificados&nbsp;de estudios universitarios oficiales):<\/strong>&nbsp;ser\u00e1n objeto del reconocimiento de firmas a trav\u00e9s del Ministerio de Ciencia, Innoivaci\u00f3n y Universidades.<\/li>\n\n\n\n<li data-block-type=\"core\"><strong>De car\u00e1cter no oficial (t\u00edtulos, certificados o diplomas de t\u00edtulos propios y certificaciones de las pruebas de acceso a la universidad)<\/strong>:&nbsp;se legalizar\u00e1n por v\u00eda notarial<\/li>\n<\/ul>\n\n\n\n<p data-block-type=\"core\">Para m\u00e1s informaci\u00f3n pincha&nbsp;<a href=\"https:\/\/www.universidades.gob.es\/reconocimiento-de-firmas-previo-a-la-legalizacion-de-documentos-academicos-universitarios-oficiales-que-han-de-surtir-efectos-en-el-extranjero\/\" target=\"_blank\" rel=\"noreferrer noopener\" target=\"_blank\" rel=\"noopener\">aqu\u00ed<\/a>.<\/p>\n\n\n\n<p data-block-type=\"core\">Para realizar estos tr\u00e1mites en Canarias, puedes acudir a:<\/p>\n\n\n\n<details class=\"wp-block-stackable-accordion stk-block-accordion stk-inner-blocks stk-block-content stk-block stk-8479735 is-style-plain\" id=\"gerencia-territorial-justicia-canarias\" data-block-id=\"8479735\"><style>.stk-8479735 {padding-bottom:10px !important;margin-bottom:0px !important;}<\/style>\n<summary class=\"wp-block-stackable-column stk-block-column stk-column stk-block stk-8f3cb3c stk--container-small stk-block-accordion__heading\" data-v=\"4\" data-block-id=\"8f3cb3c\"><style>.stk-8f3cb3c {border-style:solid !important;border-top-width:0px !important;border-right-width:0px !important;border-bottom-width:1px !important;border-left-width:0px !important;padding-top:0px !important;padding-right:0px !important;padding-bottom:0px !important;padding-left:0px !important;}.stk-8f3cb3c-container{padding-top:0px !important;padding-right:0px !important;padding-bottom:0px !important;padding-left:0px !important;}<\/style><div class=\"stk-column-wrapper stk-block-column__content stk-container stk-8f3cb3c-container stk--no-background stk--no-padding\"><div class=\"stk-block-content stk-inner-blocks stk-8f3cb3c-inner-blocks\">\n<div class=\"wp-block-stackable-icon-label stk-block-icon-label stk-block stk-e2f66ca\" data-block-id=\"e2f66ca\"><style>.stk-e2f66ca .stk-inner-blocks{gap:40px !important;}@media screen and (max-width: 1023px){.stk-e2f66ca .stk-inner-blocks{gap:40px !important;}}@media screen and (max-width: 767px){.stk-e2f66ca .stk-inner-blocks{gap:40px !important;}}<\/style><div class=\"stk-row stk-inner-blocks stk-block-content\">\n<div class=\"wp-block-stackable-icon stk-block-icon stk-block stk-ee9cd06\" data-block-id=\"ee9cd06\"><style>.stk-ee9cd06 .stk--svg-wrapper .stk--inner-svg svg:last-child{height:24px !important;width:24px !important;}.stk-ee9cd06 .stk--svg-wrapper .stk--inner-svg svg:last-child, .stk-ee9cd06 .stk--svg-wrapper .stk--inner-svg svg:last-child :is(g, path, rect, polygon, ellipse){fill:var(--stk-global-color-60833, #5c068c) !important;}<\/style><span class=\"stk--svg-wrapper stk--has-icon2\"><div class=\"stk--inner-svg\"><svg style=\"height:0;width:0\"><defs><linearGradient id=\"linear-gradient-ee9cd06\" x1=\"0\" x2=\"100%\" y1=\"0\" y2=\"0\"><stop offset=\"0%\" style=\"stop-opacity:1;stop-color:var(--linear-gradient-ee-9-cd-06-color-1)\"><\/stop><stop offset=\"100%\" style=\"stop-opacity:1;stop-color:var(--linear-gradient-ee-9-cd-06-color-2)\"><\/stop><\/linearGradient><\/defs><\/svg><svg xmlns=\"http:\/\/www.w3.org\/2000\/svg\" viewBox=\"0 0 640 512\" aria-hidden=\"true\" width=\"32\" height=\"32\"><path d=\"M144 0a80 80 0 1 1 0 160A80 80 0 1 1 144 0zM512 0a80 80 0 1 1 0 160A80 80 0 1 1 512 0zM0 298.7C0 239.8 47.8 192 106.7 192h42.7c15.9 0 31 3.5 44.6 9.7c-1.3 7.2-1.9 14.7-1.9 22.3c0 38.2 16.8 72.5 43.3 96c-.2 0-.4 0-.7 0H21.3C9.6 320 0 310.4 0 298.7zM405.3 320c-.2 0-.4 0-.7 0c26.6-23.5 43.3-57.8 43.3-96c0-7.6-.7-15-1.9-22.3c13.6-6.3 28.7-9.7 44.6-9.7h42.7C592.2 192 640 239.8 640 298.7c0 11.8-9.6 21.3-21.3 21.3H405.3zM224 224a96 96 0 1 1 192 0 96 96 0 1 1 -192 0zM128 485.3C128 411.7 187.7 352 261.3 352H378.7C452.3 352 512 411.7 512 485.3c0 14.7-11.9 26.7-26.7 26.7H154.7c-14.7 0-26.7-11.9-26.7-26.7z\"><\/path><\/svg><\/div><div class=\"stk--inner-svg stk--icon-2\" style=\"display:none\"><svg style=\"height:0;width:0\"><defs><linearGradient id=\"linear-gradient-ee9cd06\" x1=\"0\" x2=\"100%\" y1=\"0\" y2=\"0\"><stop offset=\"0%\" style=\"stop-opacity:1;stop-color:var(--linear-gradient-ee-9-cd-06-color-1)\"><\/stop><stop offset=\"100%\" style=\"stop-opacity:1;stop-color:var(--linear-gradient-ee-9-cd-06-color-2)\"><\/stop><\/linearGradient><\/defs><\/svg><svg xmlns=\"http:\/\/www.w3.org\/2000\/svg\" viewBox=\"0 0 640 512\" aria-hidden=\"true\" width=\"32\" height=\"32\"><path d=\"M48 48h88c13.3 0 24-10.7 24-24s-10.7-24-24-24H32C14.3 0 0 14.3 0 32V136c0 13.3 10.7 24 24 24s24-10.7 24-24V48zM175.8 224a48 48 0 1 0 0-96 48 48 0 1 0 0 96zm-26.5 32C119.9 256 96 279.9 96 309.3c0 14.7 11.9 26.7 26.7 26.7h56.1c8-34.1 32.8-61.7 65.2-73.6c-7.5-4.1-16.2-6.4-25.3-6.4H149.3zm368 80c14.7 0 26.7-11.9 26.7-26.7c0-29.5-23.9-53.3-53.3-53.3H421.3c-9.2 0-17.8 2.3-25.3 6.4c32.4 11.9 57.2 39.5 65.2 73.6h56.1zm-89.4 0c-8.6-24.3-29.9-42.6-55.9-47c-3.9-.7-7.9-1-12-1H280c-4.1 0-8.1 .3-12 1c-26 4.4-47.3 22.7-55.9 47c-2.7 7.5-4.1 15.6-4.1 24c0 13.3 10.7 24 24 24H408c13.3 0 24-10.7 24-24c0-8.4-1.4-16.5-4.1-24zM464 224a48 48 0 1 0 0-96 48 48 0 1 0 0 96zm-80-32a64 64 0 1 0 -128 0 64 64 0 1 0 128 0zM504 48h88v88c0 13.3 10.7 24 24 24s24-10.7 24-24V32c0-17.7-14.3-32-32-32H504c-13.3 0-24 10.7-24 24s10.7 24 24 24zM48 464V376c0-13.3-10.7-24-24-24s-24 10.7-24 24V480c0 17.7 14.3 32 32 32H136c13.3 0 24-10.7 24-24s-10.7-24-24-24H48zm456 0c-13.3 0-24 10.7-24 24s10.7 24 24 24H608c17.7 0 32-14.3 32-32V376c0-13.3-10.7-24-24-24s-24 10.7-24 24v88H504z\"><\/path><\/svg><\/div><\/span><\/div>\n\n\n\n<div class=\"wp-block-stackable-heading stk-block-heading stk-block-heading--v2 stk-block stk-46bd216\" id=\"gerencia-territorial-de-justicia-de-canarias\" data-block-id=\"46bd216\"><style>.stk-46bd216 .stk-block-heading__text{color:#000000 !important;font-weight:500 !important;font-family:\"ArgentumSans\", Sans-serif !important;}<\/style><h4 class=\"stk-block-heading__text has-text-color\">Gerencia Territorial de Justicia de Canarias<\/h4><\/div>\n<\/div><\/div>\n<\/div><\/div><\/summary>\n\n\n\n<div class=\"wp-block-stackable-column stk-block-column stk-column stk-block stk-03f14c7 stk-block-accordion__content\" data-v=\"4\" data-block-id=\"03f14c7\"><style>.stk-03f14c7-container{padding-top:0px !important;padding-right:0px !important;padding-bottom:0px !important;padding-left:0px !important;}<\/style><div class=\"stk-column-wrapper stk-block-column__content stk-container stk-03f14c7-container stk--no-background stk--no-padding\"><div class=\"stk-block-content stk-inner-blocks stk-03f14c7-inner-blocks\">\n<div class=\"wp-block-stackable-columns stk-block-columns stk-block stk-17059ec\" data-block-id=\"17059ec\"><div class=\"stk-row stk-inner-blocks stk-block-content stk-content-align stk-17059ec-column\">\n<div class=\"wp-block-stackable-column stk-block-column stk-column stk-block stk-8a28226\" data-v=\"4\" data-block-id=\"8a28226\"><div class=\"stk-column-wrapper stk-block-column__content stk-container stk-8a28226-container stk--no-background stk--no-padding\"><div class=\"stk-block-content stk-inner-blocks stk-8a28226-inner-blocks\">\n<ul class=\"widget-box\" style=\"border:none  !important;\">\n    <li class=\"contacto-header\">Gerencia Territorial de Santa Cruz de Tenerife<\/li>\n        <li><i class=\"fa fa-map-marker\"><\/i>C\/ San Antonio, n\u00ba 24, 38001 \u2013 Santa Cruz de Tenerife.<\/li>\n        <li><i class=\"fa fa-phone\"><\/i> 922 291 634<\/li>\n        <li><i class=\"fa fa-envelope\"><\/i>  <a href=\"mailto:gerencia.tenerife@mju.es\" target=\"_blank\" rel=\"noopener\">gerencia.tenerife@mju.es<\/a><\/li>\n        <li><i class=\"fa fa-clock-o\"><\/i>Horario de Atenci\u00f3n al Ciudadano: Lunes a viernes de 9:00 h. a 14:00 h. S\u00f3lo se atender\u00e1 mediante Cita Previa. Puede consultar los tr\u00e1mites que se pueden realizar en la Gerencia y las fechas disponibles de atenci\u00f3n en la p\u00e1gina de solicitud de CITA PREVIA del Ministerio de Justicia.<\/li>\n    <\/li>\n<\/ul>\n<\/div><\/div><\/div>\n\n\n\n<div class=\"wp-block-stackable-column stk-block-column stk-column stk-block stk-93edfee\" data-v=\"4\" data-block-id=\"93edfee\"><div class=\"stk-column-wrapper stk-block-column__content stk-container stk-93edfee-container stk--no-background stk--no-padding\"><div class=\"stk-block-content stk-inner-blocks stk-93edfee-inner-blocks\">\n<ul class=\"widget-box\" style=\"border:none  !important;\">\n    <li class=\"contacto-header\">Gerencia Territorial de Las Palmas<\/li>\n        <li><i class=\"fa fa-map-marker\"><\/i>C\/ Reyes Cat\u00f3licos, n\u00ba 47 bajo, 35001 \u2013 Las Palmas de Gran Canaria.<\/li>\n        <li><i class=\"fa fa-phone\"><\/i>928 332 604<\/li>\n        <li><i class=\"fa fa-envelope\"><\/i>  <a href=\"mailto:gerencia.laspalmas@mju.es\" target=\"_blank\" rel=\"noopener\">gerencia.laspalmas@mju.es<\/a><\/li>\n        <li><i class=\"fa fa-clock-o\"><\/i>Horario de Atenci\u00f3n al Ciudadano: Lunes a viernes de 9:00 h. a 14:00 h. S\u00f3lo se atender\u00e1 mediante Cita Previa. Puede consultar los tr\u00e1mites que se pueden realizar en la Gerencia y las fechas disponibles de atenci\u00f3n en la p\u00e1gina de solicitud de CITA PREVIA del Ministerio de Justicia.<\/li>\n    <\/li>\n<\/ul>\n<\/div><\/div><\/div>\n<\/div><\/div>\n<\/div><\/div><\/div>\n<\/details>\n\n\n\n<details class=\"wp-block-stackable-accordion stk-block-accordion stk-inner-blocks stk-block-content stk-block stk-6b07302 is-style-plain\" id=\"tasa-reexpedicion-titulo\" data-block-id=\"6b07302\"><style>.stk-6b07302 {padding-bottom:10px !important;margin-bottom:0px !important;}<\/style>\n<summary class=\"wp-block-stackable-column stk-block-column stk-column stk-block stk-9964430 stk--container-small stk-block-accordion__heading\" data-v=\"4\" data-block-id=\"9964430\"><style>.stk-9964430 {border-style:solid !important;border-top-width:0px !important;border-right-width:0px !important;border-bottom-width:1px !important;border-left-width:0px !important;padding-top:0px !important;padding-right:0px !important;padding-bottom:0px !important;padding-left:0px !important;}.stk-9964430-container{padding-top:0px !important;padding-right:0px !important;padding-bottom:0px !important;padding-left:0px !important;}<\/style><div class=\"stk-column-wrapper stk-block-column__content stk-container stk-9964430-container stk--no-background stk--no-padding\"><div class=\"stk-block-content stk-inner-blocks stk-9964430-inner-blocks\">\n<div class=\"wp-block-stackable-icon-label stk-block-icon-label stk-block stk-a003cc1\" data-block-id=\"a003cc1\"><style>.stk-a003cc1 .stk-inner-blocks{gap:40px !important;}@media screen and (max-width: 1023px){.stk-a003cc1 .stk-inner-blocks{gap:40px !important;}}@media screen and (max-width: 767px){.stk-a003cc1 .stk-inner-blocks{gap:40px !important;}}<\/style><div class=\"stk-row stk-inner-blocks stk-block-content\">\n<div class=\"wp-block-stackable-icon stk-block-icon stk-block stk-6db2890\" data-block-id=\"6db2890\"><style>.stk-6db2890 .stk--svg-wrapper .stk--inner-svg svg:last-child{height:24px !important;width:24px !important;}.stk-6db2890 .stk--svg-wrapper .stk--inner-svg svg:last-child, .stk-6db2890 .stk--svg-wrapper .stk--inner-svg svg:last-child :is(g, path, rect, polygon, ellipse){fill:var(--stk-global-color-60833, #5c068c) !important;}<\/style><span class=\"stk--svg-wrapper stk--has-icon2\"><div class=\"stk--inner-svg\"><svg style=\"height:0;width:0\"><defs><linearGradient id=\"linear-gradient-6db2890\" x1=\"0\" x2=\"100%\" y1=\"0\" y2=\"0\"><stop offset=\"0%\" style=\"stop-opacity:1;stop-color:var(--linear-gradient-6-db-2890-color-1)\"><\/stop><stop offset=\"100%\" style=\"stop-opacity:1;stop-color:var(--linear-gradient-6-db-2890-color-2)\"><\/stop><\/linearGradient><\/defs><\/svg><svg xmlns=\"http:\/\/www.w3.org\/2000\/svg\" viewBox=\"0 0 512 512\" aria-hidden=\"true\" width=\"32\" height=\"32\"><path d=\"M453.3 19.3l39.4 39.4c25 25 25 65.5 0 90.5l-52.1 52.1 0 0-1-1 0 0-16-16-96-96-17-17 52.1-52.1c25-25 65.5-25 90.5 0zM241 114.9c-9.4-9.4-24.6-9.4-33.9 0L105 217c-9.4 9.4-24.6 9.4-33.9 0s-9.4-24.6 0-33.9L173.1 81c28.1-28.1 73.7-28.1 101.8 0L288 94.1l17 17 96 96 16 16 1 1-17 17L229.5 412.5c-48 48-109.2 80.8-175.8 94.1l-25 5c-7.9 1.6-16-.9-21.7-6.6s-8.1-13.8-6.6-21.7l5-25c13.3-66.6 46.1-127.8 94.1-175.8L254.1 128 241 114.9z\"><\/path><\/svg><\/div><div class=\"stk--inner-svg stk--icon-2\" style=\"display:none\"><svg style=\"height:0;width:0\"><defs><linearGradient id=\"linear-gradient-6db2890\" x1=\"0\" x2=\"100%\" y1=\"0\" y2=\"0\"><stop offset=\"0%\" style=\"stop-opacity:1;stop-color:var(--linear-gradient-6-db-2890-color-1)\"><\/stop><stop offset=\"100%\" style=\"stop-opacity:1;stop-color:var(--linear-gradient-6-db-2890-color-2)\"><\/stop><\/linearGradient><\/defs><\/svg><svg xmlns=\"http:\/\/www.w3.org\/2000\/svg\" viewBox=\"0 0 576 512\" aria-hidden=\"true\" width=\"32\" height=\"32\"><path d=\"M0 64C0 28.7 28.7 0 64 0H224V128c0 17.7 14.3 32 32 32H384V299.6l-94.7 94.7c-8.2 8.2-14 18.5-16.8 29.7l-15 60.1c-2.3 9.4-1.8 19 1.4 27.8H64c-35.3 0-64-28.7-64-64V64zm384 64H256V0L384 128zM549.8 235.7l14.4 14.4c15.6 15.6 15.6 40.9 0 56.6l-29.4 29.4-71-71 29.4-29.4c15.6-15.6 40.9-15.6 56.6 0zM311.9 417L441.1 287.8l71 71L382.9 487.9c-4.1 4.1-9.2 7-14.9 8.4l-60.1 15c-5.5 1.4-11.2-.2-15.2-4.2s-5.6-9.7-4.2-15.2l15-60.1c1.4-5.6 4.3-10.8 8.4-14.9z\"><\/path><\/svg><\/div><\/span><\/div>\n\n\n\n<div class=\"wp-block-stackable-heading stk-block-heading stk-block-heading--v2 stk-block stk-9beb1fb\" id=\"notarias\" data-block-id=\"9beb1fb\"><style>.stk-9beb1fb .stk-block-heading__text{font-weight:500 !important;font-family:\"ArgentumSans\", Sans-serif !important;}<\/style><h4 class=\"stk-block-heading__text\">Notar\u00edas<\/h4><\/div>\n<\/div><\/div>\n<\/div><\/div><\/summary>\n\n\n\n<div class=\"wp-block-stackable-column stk-block-column stk-column stk-block stk-24d301b stk-block-accordion__content\" data-v=\"4\" data-block-id=\"24d301b\"><style>.stk-24d301b-container{padding-top:0px !important;padding-right:0px !important;padding-bottom:0px !important;padding-left:0px !important;}<\/style><div class=\"stk-column-wrapper stk-block-column__content stk-container stk-24d301b-container stk--no-background stk--no-padding\"><div class=\"stk-block-content stk-inner-blocks stk-24d301b-inner-blocks\">\n<ul class=\"widget-box\" style=\"border:none !important;\">\n    <li class=\"contacto-header\">Ar\u00e1nzazu Aznar Ondo\u00f1o<\/li>\n        <li><i class=\"fa fa-map-marker\"><\/i>C\/ La Palma, n\u00ba 22, \u00c1tico, esq. C\/ Valent\u00edn Sanz, 38002 Santa Cruz de Tenerife<\/li>\n        <li><i class=\"fa fa-phone\"><\/i>922 283477 \u2013 922 227616<\/li>\n    <\/li>\n<\/ul>\n<\/div><\/div><\/div>\n<\/details>\n<\/div><\/div><\/div>\n<\/div><\/div>\n","protected":false},"excerpt":{"rendered":"<p>Legalizaci\u00f3n dedocumentos Si vas a estudiar o acceder al mercado laboral fuera de Espa\u00f1a, te aconsejamos legalizar y apostillar los documentos oficiales que vayas a utilizar en el extranjero (t\u00edtulos, certificados,\u2026). La legalizaci\u00f3n de documentos acad\u00e9micos universitarios oficiales originales que han de surtir efectos en el extranjero, es un proceso convenido con car\u00e1cter internacional, que&#8230;<\/p>\n","protected":false},"author":14,"featured_media":0,"parent":0,"menu_order":0,"comment_status":"closed","ping_status":"closed","template":"templates\/template-frontpage.php","meta":{"footnotes":""},"class_list":["post-1767","page","type-page","status-publish","hentry"],"_links":{"self":[{"href":"https:\/\/www.ull.es\/admision-becas\/wp-json\/wp\/v2\/pages\/1767","targetHints":{"allow":["GET"]}}],"collection":[{"href":"https:\/\/www.ull.es\/admision-becas\/wp-json\/wp\/v2\/pages"}],"about":[{"href":"https:\/\/www.ull.es\/admision-becas\/wp-json\/wp\/v2\/types\/page"}],"author":[{"embeddable":true,"href":"https:\/\/www.ull.es\/admision-becas\/wp-json\/wp\/v2\/users\/14"}],"replies":[{"embeddable":true,"href":"https:\/\/www.ull.es\/admision-becas\/wp-json\/wp\/v2\/comments?post=1767"}],"version-history":[{"count":21,"href":"https:\/\/www.ull.es\/admision-becas\/wp-json\/wp\/v2\/pages\/1767\/revisions"}],"predecessor-version":[{"id":7943,"href":"https:\/\/www.ull.es\/admision-becas\/wp-json\/wp\/v2\/pages\/1767\/revisions\/7943"}],"wp:attachment":[{"href":"https:\/\/www.ull.es\/admision-becas\/wp-json\/wp\/v2\/media?parent=1767"}],"curies":[{"name":"wp","href":"https:\/\/api.w.org\/{rel}","templated":true}]}}