{"id":1994,"date":"2018-07-05T13:52:33","date_gmt":"2018-07-05T13:52:33","guid":{"rendered":"https:\/\/www.ull.es\/admision-becas\/?page_id=1994"},"modified":"2025-11-28T08:51:49","modified_gmt":"2025-11-28T08:51:49","slug":"simultaneidad","status":"publish","type":"page","link":"https:\/\/www.ull.es\/admision-becas\/admision-a-titulaciones-oficiales-de-grado\/simultaneidad\/","title":{"rendered":"Simultaneidad"},"content":{"rendered":"\n<div class=\"wp-block-stackable-columns alignfull stk-block-columns stk-block stk-2cbe2d9 stk-block-background stk--has-background-overlay\" data-block-id=\"2cbe2d9\"><style>.stk-2cbe2d9 {background-image:url(https:\/\/www.ull.es\/admision-becas\/wp-content\/uploads\/sites\/8\/2025\/11\/Landing-Acceso_Header.jpg) !important;min-height:600px !important;align-items:center !important;padding-top:0px !important;padding-right:0px !important;padding-bottom:0px !important;padding-left:0px !important;margin-top:-30px !important;margin-bottom:50px !important;display:flex !important;}.stk-2cbe2d9-column{max-width:1300px !important;min-width:auto !important;}@media screen and (max-width: 767px){.stk-2cbe2d9 {min-height:400px !important;}}<\/style><div class=\"stk-row stk-inner-blocks stk-block-content stk-content-align stk-2cbe2d9-column\">\n<div class=\"wp-block-stackable-column stk-block-column stk-column stk-block stk-67d5c45\" data-v=\"4\" data-block-id=\"67d5c45\"><style>@media screen and (max-width: 767px){.stk-67d5c45 {padding-top:10px !important;padding-right:10px !important;padding-bottom:10px !important;padding-left:10px !important;}}<\/style><div class=\"stk-column-wrapper stk-block-column__content stk-container stk-67d5c45-container stk--no-background stk--no-padding\"><div class=\"stk-block-content stk-inner-blocks stk-67d5c45-inner-blocks\">\n<div class=\"wp-block-stackable-heading stk-block-heading stk-block-heading--v2 stk-block stk-c229f24\" id=\"simultaneidad\" data-block-id=\"c229f24\"><style>.stk-c229f24 {margin-bottom:0px !important;}.stk-c229f24 .stk-block-heading__text{font-size:80px !important;color:#ffffff !important;font-weight:700 !important;font-family:\"Montserrat\", Sans-serif !important;}@media screen and (max-width: 1023px){.stk-c229f24 .stk-block-heading__text{font-size:50px !important;}}@media screen and (max-width: 767px){.stk-c229f24 .stk-block-heading__text{font-size:47px !important;}}<\/style><h1 class=\"stk-block-heading__text has-text-color\">Simultaneidad<\/h1><\/div>\n<\/div><\/div><\/div>\n<\/div><\/div>\n\n\n\n<div class=\"wp-block-stackable-columns stk-block-columns stk-block stk-8b59b96\" data-block-id=\"8b59b96\"><style>.stk-8b59b96-column{--stk-columns-spacing:0px !important;--stk-column-gap:50px !important;}<\/style><div class=\"stk-row stk-inner-blocks stk-block-content stk-content-align stk-8b59b96-column\">\n<div class=\"wp-block-stackable-column stk-block-column stk-column stk-block stk-dbb7e15\" data-v=\"4\" data-block-id=\"dbb7e15\"><div class=\"stk-column-wrapper stk-block-column__content stk-container stk-dbb7e15-container stk--no-background stk--no-padding\"><div class=\"stk-block-content stk-inner-blocks stk-dbb7e15-inner-blocks\">\n<p data-block-type=\"core\">El alumnado que tenga iniciados estudios universitarios oficiales espa\u00f1oles de Grado y haya superado el primer curso completo de ellos, podr\u00e1 solicitar la simultaneidad en la Universidad de La Laguna con otro Grado. En todo caso, las solicitudes de simultaneidad proceder\u00e1n cuando haya plazas vacantes una vez finalizados los procesos de preinscripci\u00f3n y matr\u00edcula.<\/p>\n\n\n\n<p data-block-type=\"core\">Las asignaturas superadas por simultaneidad de estudios no podr\u00e1n ser utilizadas para el reconocimiento de cr\u00e9ditos de asignaturas de la titulaci\u00f3n en que el o la estudiante haya iniciado estudios antes de la solicitud de la simultaneidad.<\/p>\n\n\n\n<p data-block-type=\"core\">S\u00f3lo podr\u00e1 simultanear estudios de grados el alumnado que se encuentre matriculado en un grado en r\u00e9gimen de dedicaci\u00f3n a tiempo completo. En el segundo grado se encontrar\u00eda en r\u00e9gimen de dedicaci\u00f3n a tiempo parcial, salvo solicitud expresa del o la estudiante que, atendiendo a sus circunstancias acad\u00e9micas, justifique su necesidad de realizarla tambi\u00e9n a tiempo completo.<\/p>\n\n\n\n<p data-block-type=\"core\">Si la persona que solicita plaza est\u00e1 matriculada en la ULL y desea simultanear en otra universidad deber\u00e1 acreditar la admisi\u00f3n en la otra universidad y abonar las tasas de traslado de expediente por simultaneidad.<\/p>\n\n\n\n<ul class=\"wp-block-list\" data-block-type=\"core\">\n<li data-block-type=\"core\">Plazo de presentaci\u00f3n de solicitudes:&nbsp;<strong>del 11 al 17 de septiembre de 2025.<\/strong><\/li>\n\n\n\n<li data-block-type=\"core\">Fecha l\u00edmite de resoluci\u00f3n: antes del&nbsp;<strong>22 de septiembre de 2025<\/strong><strong>.<\/strong><\/li>\n\n\n\n<li data-block-type=\"core\">Plazo para la formalizaci\u00f3n de la matr\u00edcula:&nbsp;<strong>5 d\u00edas h\u00e1biles desde la resoluci\u00f3n<\/strong>.<\/li>\n<\/ul>\n\n\n\n<p data-block-type=\"core\"><a href=\"https:\/\/sede.ull.es\/ecivilis-site\/catalog\/showProcedure\/450\" target=\"_blank\" rel=\"noreferrer noopener\" target=\"_blank\" rel=\"noopener\">Solicitud de simultaneidad de estudios<\/a>.<\/p>\n\n\n\n<ul class=\"wp-block-list\" data-block-type=\"core\">\n<li data-block-type=\"core\"><a href=\"https:\/\/www.boe.es\/eli\/es\/o\/1984\/09\/28\/(3)\" target=\"_blank\" rel=\"noreferrer noopener\" target=\"_blank\" rel=\"noopener\">Orden de 28 de septiembre de 1984 sobre r\u00e9gimen de simultaneidad de estudios universitarios en distintos Centros<\/a>. (BOE n\u00ba 242 de 9 de octubre de 1984).<\/li>\n\n\n\n<li data-block-type=\"core\"><a href=\"https:\/\/sede.ull.es\/ecivilis-site\/bulletinBoard\/showBulletin\/44831:1\" target=\"_blank\" rel=\"noreferrer noopener\" target=\"_blank\" rel=\"noopener\">Reglamento de admisi\u00f3n y matr\u00edcula de las ense\u00f1anzas oficiales de grado de la Universidad de la Laguna<\/a>&nbsp;(BOULL n\u00ba 99 de 17 de dicembre de 2024).\n<ul class=\"wp-block-list\" data-block-type=\"core\">\n<li data-block-type=\"core\"><a href=\"https:\/\/sede.ull.es\/ecivilis-site\/bulletinBoard\/showBulletin\/47203:1\" target=\"_blank\" rel=\"noreferrer noopener\" target=\"_blank\" rel=\"noopener\">Modificaci\u00f3n parcial del Reglamento de admisi\u00f3n y matr\u00edcula (art. 39)<\/a>&nbsp;(BOULL n\u00ba 41 de 28 de marzo de 2025).<\/li>\n<\/ul>\n<\/li>\n<\/ul>\n<\/div><\/div><\/div>\n<\/div><\/div>\n","protected":false},"excerpt":{"rendered":"<p>Simultaneidad El alumnado que tenga iniciados estudios universitarios oficiales espa\u00f1oles de Grado y haya superado el primer curso completo de ellos, podr\u00e1 solicitar la simultaneidad en la Universidad de La Laguna con otro Grado. En todo caso, las solicitudes de simultaneidad proceder\u00e1n cuando haya plazas vacantes una vez finalizados los procesos de preinscripci\u00f3n y matr\u00edcula&#8230;.<\/p>\n","protected":false},"author":14,"featured_media":0,"parent":3008,"menu_order":0,"comment_status":"closed","ping_status":"closed","template":"templates\/template-frontpage.php","meta":{"footnotes":""},"class_list":["post-1994","page","type-page","status-publish","hentry"],"_links":{"self":[{"href":"https:\/\/www.ull.es\/admision-becas\/wp-json\/wp\/v2\/pages\/1994","targetHints":{"allow":["GET"]}}],"collection":[{"href":"https:\/\/www.ull.es\/admision-becas\/wp-json\/wp\/v2\/pages"}],"about":[{"href":"https:\/\/www.ull.es\/admision-becas\/wp-json\/wp\/v2\/types\/page"}],"author":[{"embeddable":true,"href":"https:\/\/www.ull.es\/admision-becas\/wp-json\/wp\/v2\/users\/14"}],"replies":[{"embeddable":true,"href":"https:\/\/www.ull.es\/admision-becas\/wp-json\/wp\/v2\/comments?post=1994"}],"version-history":[{"count":21,"href":"https:\/\/www.ull.es\/admision-becas\/wp-json\/wp\/v2\/pages\/1994\/revisions"}],"predecessor-version":[{"id":8125,"href":"https:\/\/www.ull.es\/admision-becas\/wp-json\/wp\/v2\/pages\/1994\/revisions\/8125"}],"up":[{"embeddable":true,"href":"https:\/\/www.ull.es\/admision-becas\/wp-json\/wp\/v2\/pages\/3008"}],"wp:attachment":[{"href":"https:\/\/www.ull.es\/admision-becas\/wp-json\/wp\/v2\/media?parent=1994"}],"curies":[{"name":"wp","href":"https:\/\/api.w.org\/{rel}","templated":true}]}}