{"id":3335,"date":"2020-05-26T12:42:08","date_gmt":"2020-05-26T12:42:08","guid":{"rendered":"https:\/\/www.ull.es\/admision-becas\/?page_id=3335"},"modified":"2025-11-27T13:35:22","modified_gmt":"2025-11-27T13:35:22","slug":"consulta-de-aulas-y-sedes-pruebas-de-acceso-para-mayores","status":"publish","type":"page","link":"https:\/\/www.ull.es\/admision-becas\/consulta-de-aulas-y-sedes-pruebas-de-acceso-para-mayores\/","title":{"rendered":"Consulta de aulas y sedes pruebas de acceso para mayores"},"content":{"rendered":"\n<div class=\"wp-block-stackable-columns alignfull stk-block-columns stk-block stk-2cbe2d9 stk-block-background stk--has-background-overlay\" data-block-id=\"2cbe2d9\"><style>.stk-2cbe2d9 {background-image:url(https:\/\/www.ull.es\/admision-becas\/wp-content\/uploads\/sites\/8\/2025\/11\/Landing-Acceso_Header.jpg) !important;min-height:600px !important;align-items:center !important;padding-top:0px !important;padding-right:0px !important;padding-bottom:0px !important;padding-left:0px !important;margin-top:-30px !important;margin-bottom:50px !important;display:flex !important;}.stk-2cbe2d9-column{max-width:1300px !important;min-width:auto !important;}@media screen and (max-width: 767px){.stk-2cbe2d9 {min-height:400px !important;}}<\/style><div class=\"stk-row stk-inner-blocks stk-block-content stk-content-align stk-2cbe2d9-column\">\n<div class=\"wp-block-stackable-column stk-block-column stk-column stk-block stk-67d5c45\" data-v=\"4\" data-block-id=\"67d5c45\"><style>@media screen and (max-width: 767px){.stk-67d5c45 {padding-top:10px !important;padding-right:10px !important;padding-bottom:10px !important;padding-left:10px !important;}}<\/style><div class=\"stk-column-wrapper stk-block-column__content stk-container stk-67d5c45-container stk--no-background stk--no-padding\"><div class=\"stk-block-content stk-inner-blocks stk-67d5c45-inner-blocks\">\n<div class=\"wp-block-stackable-heading stk-block-heading stk-block-heading--v2 stk-block stk-c229f24\" id=\"consulta-de-br-aulas-y-sedes\" data-block-id=\"c229f24\"><style>.stk-c229f24 {margin-bottom:0px !important;}.stk-c229f24 .stk-block-heading__text{font-size:80px !important;color:#ffffff !important;font-weight:700 !important;font-family:\"Montserrat\", Sans-serif !important;}@media screen and (max-width: 1023px){.stk-c229f24 .stk-block-heading__text{font-size:50px !important;}}@media screen and (max-width: 767px){.stk-c229f24 .stk-block-heading__text{font-size:47px !important;}}<\/style><h1 class=\"stk-block-heading__text has-text-color\">Consulta de <br>aulas y sedes <\/h1><\/div>\n<\/div><\/div><\/div>\n<\/div><\/div>\n\n\n\n<div class=\"wp-block-stackable-heading stk-block-heading stk-block-heading--v2 stk-block stk-cf7950d\" id=\"consulta-de-aulas-y-sedes-para-las-pruebas-de-acceso-para-mayores\" data-block-id=\"cf7950d\"><h2 class=\"stk-block-heading__text\">Consulta de aulas y sedes para las pruebas de acceso para mayores<\/h2><\/div>\n\n\n\n<div class=\"wp-block-stackable-columns stk-block-columns stk-block stk-915dde2\" data-block-id=\"915dde2\"><style>.stk-915dde2 {margin-bottom:50px !important;}<\/style><div class=\"stk-row stk-inner-blocks stk-block-content stk-content-align stk-915dde2-column\">\n<div class=\"wp-block-stackable-column stk-block-column stk-column stk-block stk-7d9ca1f\" data-v=\"4\" data-block-id=\"7d9ca1f\"><div class=\"stk-column-wrapper stk-block-column__content stk-container stk-7d9ca1f-container stk--no-background stk--no-padding\"><div class=\"stk-block-content stk-inner-blocks stk-7d9ca1f-inner-blocks\">\n<div class=\"wp-block-stackable-text stk-block-text stk-block stk-cbe183c\" data-block-id=\"cbe183c\"><style>.stk-cbe183c {margin-bottom:0px !important;}<\/style><p class=\"stk-block-text__text\">La consulta de aulas para la PAM25\/45 estar\u00e1 disponible en el siguiente enlace con una antelaci\u00f3n m\u00ednima de 24 horas antes del comienzo de las&nbsp; pruebas.<\/p><\/div>\n\n\n\n<p data-block-type=\"core\"><strong><a href=\"http:\/\/www.ull.es\/apps\/accesoconsultaaulas\" target=\"_blank\" rel=\"noreferrer noopener\" target=\"_blank\" rel=\"noopener\">Consulta de aulas<\/a><\/strong><\/p>\n\n\n\n<p data-block-type=\"core\">La consulta se realizar\u00e1 con el \u00abusuario\u00bb (alu) y \u00abclave de acceso\u00bb (contrase\u00f1a) que recibiste tras la confirmaci\u00f3n de la matr\u00edcula de la PAM 25\/45.<\/p>\n\n\n\n<p data-block-type=\"core\">Si no los recuerdas, puedes solicitarlos en&nbsp;<a href=\"http:\/\/usuarios.ull.es\/reenvio\" target=\"_blank\" rel=\"noreferrer noopener\" target=\"_blank\" rel=\"noopener\">usuarios<\/a><\/p>\n\n\n\n<p data-block-type=\"core\">Recuerda que el alu y contrase\u00f1a son los que usar\u00e1s para acceder al resto de consultas y aplicaciones de la Universidad de La Laguna.<\/p>\n\n\n\n<h3 class=\"wp-block-heading\" data-block-type=\"core\">Lugar de celebraci\u00f3n de los ex\u00e1menes<\/h3>\n\n\n\n<p data-block-type=\"core\">Las pruebas se celebrar\u00e1n en el Aulario General C\u00e9sar Manrique del Campus Guajara (GU.1E).<\/p>\n\n\n\n<p data-block-type=\"core\">Consulta aqu\u00ed el&nbsp;<a href=\"https:\/\/drive.google.com\/file\/d\/1T0EWCRQJXRTpBEMszNyCmINWf6DRODNP\/view?usp=sharing\" target=\"_blank\" rel=\"noreferrer noopener\" target=\"_blank\" rel=\"noopener\">horario<\/a>.<\/p>\n<\/div><\/div><\/div>\n<\/div><\/div>\n","protected":false},"excerpt":{"rendered":"<p>Consulta de aulas y sedes Consulta de aulas y sedes para las pruebas de acceso para mayores La consulta de aulas para la PAM25\/45 estar\u00e1 disponible en el siguiente enlace con una antelaci\u00f3n m\u00ednima de 24 horas antes del comienzo de las&nbsp; pruebas. Consulta de aulas La consulta se realizar\u00e1 con el \u00abusuario\u00bb (alu) y&#8230;<\/p>\n","protected":false},"author":26,"featured_media":0,"parent":0,"menu_order":0,"comment_status":"closed","ping_status":"closed","template":"templates\/template-frontpage.php","meta":{"footnotes":""},"class_list":["post-3335","page","type-page","status-publish","hentry"],"_links":{"self":[{"href":"https:\/\/www.ull.es\/admision-becas\/wp-json\/wp\/v2\/pages\/3335","targetHints":{"allow":["GET"]}}],"collection":[{"href":"https:\/\/www.ull.es\/admision-becas\/wp-json\/wp\/v2\/pages"}],"about":[{"href":"https:\/\/www.ull.es\/admision-becas\/wp-json\/wp\/v2\/types\/page"}],"author":[{"embeddable":true,"href":"https:\/\/www.ull.es\/admision-becas\/wp-json\/wp\/v2\/users\/26"}],"replies":[{"embeddable":true,"href":"https:\/\/www.ull.es\/admision-becas\/wp-json\/wp\/v2\/comments?post=3335"}],"version-history":[{"count":17,"href":"https:\/\/www.ull.es\/admision-becas\/wp-json\/wp\/v2\/pages\/3335\/revisions"}],"predecessor-version":[{"id":8087,"href":"https:\/\/www.ull.es\/admision-becas\/wp-json\/wp\/v2\/pages\/3335\/revisions\/8087"}],"wp:attachment":[{"href":"https:\/\/www.ull.es\/admision-becas\/wp-json\/wp\/v2\/media?parent=3335"}],"curies":[{"name":"wp","href":"https:\/\/api.w.org\/{rel}","templated":true}]}}