{"id":4312,"date":"2021-12-28T09:32:16","date_gmt":"2021-12-28T09:32:16","guid":{"rendered":"https:\/\/www.ull.es\/admision-becas\/?page_id=4312"},"modified":"2026-01-28T09:01:29","modified_gmt":"2026-01-28T09:01:29","slug":"repetir-pau-no-superada","status":"publish","type":"page","link":"https:\/\/www.ull.es\/admision-becas\/pau\/mejorar-calificacion\/repetir-pau-no-superada\/","title":{"rendered":"Repetir la prueba de acceso a la universidad cuando no haya sido superada con anterioridad"},"content":{"rendered":"\n<div class=\"wp-block-stackable-columns alignfull stk-block-columns stk-block stk-2cbe2d9 stk-block-background stk--has-background-overlay\" data-block-id=\"2cbe2d9\"><style>.stk-2cbe2d9 {background-image:url(https:\/\/www.ull.es\/admision-becas\/wp-content\/uploads\/sites\/8\/2025\/11\/Landing-PAU_Header.jpg) !important;min-height:600px !important;align-items:center !important;padding-top:0px !important;padding-right:0px !important;padding-bottom:0px !important;padding-left:0px !important;margin-top:-30px !important;margin-bottom:0px !important;display:flex !important;}.stk-2cbe2d9-column{max-width:1300px !important;min-width:auto !important;}@media screen and (max-width: 767px){.stk-2cbe2d9 {min-height:400px !important;}}<\/style><div class=\"stk-row stk-inner-blocks stk-block-content stk-content-align stk-2cbe2d9-column\">\n<div class=\"wp-block-stackable-column stk-block-column stk-column stk-block stk-67d5c45\" data-v=\"4\" data-block-id=\"67d5c45\"><style>@media screen and (max-width: 767px){.stk-67d5c45 {padding-top:10px !important;padding-right:10px !important;padding-bottom:10px !important;padding-left:10px !important;}}<\/style><div class=\"stk-column-wrapper stk-block-column__content stk-container stk-67d5c45-container stk--no-background stk--no-padding\"><div class=\"stk-block-content stk-inner-blocks stk-67d5c45-inner-blocks\">\n<div class=\"wp-block-stackable-heading stk-block-heading stk-block-heading--v2 stk-block stk-c229f24\" id=\"repetir-la-pau-no-superada-en-cursos-anteriores\" data-block-id=\"c229f24\"><style>.stk-c229f24 {margin-bottom:0px !important;}.stk-c229f24 .stk-block-heading__text{font-size:65px !important;color:#ffffff !important;font-weight:700 !important;font-family:\"Montserrat\", Sans-serif !important;}@media screen and (max-width: 1023px){.stk-c229f24 .stk-block-heading__text{font-size:50px !important;}}@media screen and (max-width: 767px){.stk-c229f24 .stk-block-heading__text{font-size:47px !important;}}<\/style><h1 class=\"stk-block-heading__text has-text-color\">Repetir la PAU no superada en cursos anteriores<\/h1><\/div>\n<\/div><\/div><\/div>\n<\/div><\/div>\n\n\n\n<div class=\"wp-block-stackable-columns alignfull stk-block-columns stk-block stk-81ad3b0 stk-block-background stk--has-background-overlay\" data-block-id=\"81ad3b0\"><style>.stk-81ad3b0 {background-color:#ddd6fc !important;background-image:url(https:\/\/www.ull.es\/admision-becas\/wp-content\/uploads\/sites\/8\/2025\/11\/Recursos-landing-PAU_Lineas-degradadas-entera-derecha.png) !important;background-position:center center !important;background-repeat:no-repeat !important;border-top-left-radius:30px !important;border-top-right-radius:30px !important;border-bottom-right-radius:30px !important;border-bottom-left-radius:30px !important;overflow:hidden !important;margin-bottom:35px !important;}.stk-81ad3b0:before{background-color:#ddd6fc !important;opacity:0 !important;}.stk-81ad3b0-column{max-width:1300px !important;min-width:auto !important;}@media screen and (max-width: 767px){.stk-81ad3b0-column{max-width:1500px !important;min-width:auto !important;}}<\/style><div class=\"stk-row stk-inner-blocks stk-block-content stk-content-align stk-81ad3b0-column\">\n<div class=\"wp-block-stackable-column stk-block-column stk-column stk-block stk-20be033 stk-block-background\" data-v=\"4\" data-block-id=\"20be033\"><style>.stk-20be033 {background-color:#ffffff !important;border-top-left-radius:30px !important;border-top-right-radius:30px !important;border-bottom-right-radius:30px !important;border-bottom-left-radius:30px !important;overflow:hidden !important;padding-top:50px !important;padding-right:50px !important;padding-bottom:50px !important;padding-left:50px !important;margin-top:30px !important;margin-bottom:30px !important;}.stk-20be033:before{background-color:#ffffff !important;}@media screen and (max-width: 767px){.stk-20be033 {padding-top:20px !important;padding-right:20px !important;padding-bottom:20px !important;padding-left:20px !important;margin-top:15px !important;margin-right:10px !important;margin-bottom:15px !important;margin-left:10px !important;}}<\/style><div class=\"stk-column-wrapper stk-block-column__content stk-container stk-20be033-container stk--no-background stk--no-padding\"><div class=\"stk-block-content stk-inner-blocks stk-20be033-inner-blocks\">\n<div class=\"wp-block-stackable-text stk-block-text stk-block stk-2eb20a5\" data-block-id=\"2eb20a5\"><style>.stk-2eb20a5 {border-color:var(--stk-global-color-60833, #5c068c) !important;border-top-width:2px !important;border-right-width:2px !important;border-bottom-width:2px !important;border-left-width:2px !important;padding-top:25px !important;padding-right:25px !important;padding-bottom:25px !important;padding-left:25px !important;}.stk-2eb20a5 .stk-block-text__text{font-size:22px !important;}@media screen and (max-width: 1023px){.stk-2eb20a5 .stk-block-text__text{font-size:22px !important;}}<\/style><p class=\"stk-block-text__text\"><strong>IMPORTANTE:\u00a0El alumnado que realice la PAU en la ULL en la convocatoria ordinaria de junio-2026, tanto la haya superado o no, y desee presentarse en la convocatoria de julio-2026, no necesita presentar esta solicitud. Deber\u00e1 dirigirse a su IES\/Colegio para realizar la matr\u00edcula de la <strong>PAU<\/strong>.<\/strong><\/p><\/div>\n<\/div><\/div><\/div>\n<\/div><\/div>\n\n\n\n<div class=\"wp-block-stackable-columns stk-block-columns stk-block stk-8b59b96\" data-block-id=\"8b59b96\"><style>.stk-8b59b96 .stk--block-align-8b59b96{align-items:flex-start !important;}.stk-8b59b96-column{--stk-columns-spacing:0px !important;--stk-column-gap:50px !important;}<\/style><div class=\"stk-row stk-inner-blocks stk--block-align-8b59b96 stk-block-content stk-content-align stk-8b59b96-column\">\n<div class=\"wp-block-stackable-column stk-block-column stk-column stk-block stk-dbb7e15\" data-v=\"4\" data-block-id=\"dbb7e15\"><div class=\"stk-column-wrapper stk-block-column__content stk-container stk-dbb7e15-container stk--no-background stk--no-padding\"><div class=\"stk-block-content stk-inner-blocks stk-dbb7e15-inner-blocks\">\n<p data-block-type=\"core\">Aquel alumnado&nbsp;de Bachillerato que habi\u00e9ndose presentado a la prueba de acceso en el curso 2024-25 o anteriores, y <strong>no la haya superado<\/strong>&nbsp;en ninguna universidad espa\u00f1ola, y quiera volver a presentarse a la prueba de acceso, deber\u00e1&nbsp;previamente&nbsp;presentar una solicitud a trav\u00e9s de la&nbsp;<a href=\"https:\/\/sede.ull.es\/ecivilis-site\/catalog\/showProcedure\/503\" target=\"_blank\" rel=\"noreferrer noopener\" target=\"_blank\" rel=\"noopener\">sede electr\u00f3nica&nbsp;de la ULL<\/a>&nbsp;solicitando su inscripci\u00f3n en la prueba.<\/p>\n\n\n\n<details class=\"wp-block-stackable-accordion stk-block-accordion stk-inner-blocks stk-block-content stk-block stk-38e626d is-style-plain\" id=\"plazo-presentacion-solicitudes\" data-block-id=\"38e626d\"><style>.stk-38e626d {padding-bottom:10px !important;margin-bottom:0px !important;}<\/style>\n<summary class=\"wp-block-stackable-column stk-block-column stk-column stk-block stk-81f251a stk--container-small stk-block-accordion__heading\" data-v=\"4\" data-block-id=\"81f251a\"><style>.stk-81f251a {border-style:solid !important;border-top-width:0px !important;border-right-width:0px !important;border-bottom-width:1px !important;border-left-width:0px !important;padding-top:0px !important;padding-right:0px !important;padding-bottom:0px !important;padding-left:0px !important;}.stk-81f251a-container{padding-top:0px !important;padding-right:0px !important;padding-bottom:0px !important;padding-left:0px !important;}<\/style><div class=\"stk-column-wrapper stk-block-column__content stk-container stk-81f251a-container stk--no-background stk--no-padding\"><div class=\"stk-block-content stk-inner-blocks stk-81f251a-inner-blocks\">\n<div class=\"wp-block-stackable-icon-label stk-block-icon-label stk-block stk-f44dacf\" data-block-id=\"f44dacf\"><style>.stk-f44dacf .stk-inner-blocks{gap:40px !important;}@media screen and (max-width: 1023px){.stk-f44dacf .stk-inner-blocks{gap:40px !important;}}@media screen and (max-width: 767px){.stk-f44dacf .stk-inner-blocks{gap:40px !important;}}<\/style><div class=\"stk-row stk-inner-blocks stk-block-content\">\n<div class=\"wp-block-stackable-icon stk-block-icon stk-block stk-96640dd\" data-block-id=\"96640dd\"><style>.stk-96640dd .stk--svg-wrapper .stk--inner-svg svg:last-child{height:24px !important;width:24px !important;}.stk-96640dd .stk--svg-wrapper .stk--inner-svg svg:last-child, .stk-96640dd .stk--svg-wrapper .stk--inner-svg svg:last-child :is(g, path, rect, polygon, ellipse){fill:var(--stk-global-color-60833, #5c068c) !important;}<\/style><span class=\"stk--svg-wrapper stk--has-icon2\"><div class=\"stk--inner-svg\"><svg style=\"height:0;width:0\"><defs><linearGradient id=\"linear-gradient-96640dd\" x1=\"0\" x2=\"100%\" y1=\"0\" y2=\"0\"><stop offset=\"0%\" style=\"stop-opacity:1;stop-color:var(--linear-gradient-96640-dd-color-1)\"><\/stop><stop offset=\"100%\" style=\"stop-opacity:1;stop-color:var(--linear-gradient-96640-dd-color-2)\"><\/stop><\/linearGradient><\/defs><\/svg><svg xmlns=\"http:\/\/www.w3.org\/2000\/svg\" viewBox=\"0 0 448 512\" aria-hidden=\"true\" width=\"32\" height=\"32\"><path d=\"M128 0c17.7 0 32 14.3 32 32V64H288V32c0-17.7 14.3-32 32-32s32 14.3 32 32V64h48c26.5 0 48 21.5 48 48v48H0V112C0 85.5 21.5 64 48 64H96V32c0-17.7 14.3-32 32-32zM0 192H448V464c0 26.5-21.5 48-48 48H48c-26.5 0-48-21.5-48-48V192zM329 305c9.4-9.4 9.4-24.6 0-33.9s-24.6-9.4-33.9 0l-95 95-47-47c-9.4-9.4-24.6-9.4-33.9 0s-9.4 24.6 0 33.9l64 64c9.4 9.4 24.6 9.4 33.9 0L329 305z\" \/><\/svg><\/div><div class=\"stk--inner-svg stk--icon-2\" style=\"display:none\"><svg style=\"height:0;width:0\"><defs><linearGradient id=\"linear-gradient-96640dd\" x1=\"0\" x2=\"100%\" y1=\"0\" y2=\"0\"><stop offset=\"0%\" style=\"stop-opacity:1;stop-color:var(--linear-gradient-96640-dd-color-1)\"><\/stop><stop offset=\"100%\" style=\"stop-opacity:1;stop-color:var(--linear-gradient-96640-dd-color-2)\"><\/stop><\/linearGradient><\/defs><\/svg><svg xmlns=\"http:\/\/www.w3.org\/2000\/svg\" viewBox=\"0 0 448 512\" aria-hidden=\"true\" width=\"32\" height=\"32\"><path d=\"M128 0c13.3 0 24 10.7 24 24V64H296V24c0-13.3 10.7-24 24-24s24 10.7 24 24V64h40c35.3 0 64 28.7 64 64v16 48V448c0 35.3-28.7 64-64 64H64c-35.3 0-64-28.7-64-64V192 144 128C0 92.7 28.7 64 64 64h40V24c0-13.3 10.7-24 24-24zM400 192H48V448c0 8.8 7.2 16 16 16H384c8.8 0 16-7.2 16-16V192zM329 297L217 409c-9.4 9.4-24.6 9.4-33.9 0l-64-64c-9.4-9.4-9.4-24.6 0-33.9s24.6-9.4 33.9 0l47 47 95-95c9.4-9.4 24.6-9.4 33.9 0s9.4 24.6 0 33.9z\" \/><\/svg><\/div><\/span><\/div>\n\n\n\n<div class=\"wp-block-stackable-heading stk-block-heading stk-block-heading--v2 stk-block stk-bb38572\" id=\"plazo-de-presentacion-de-solicitudes\" data-block-id=\"bb38572\"><style>.stk-bb38572 .stk-block-heading__text{color:#000000 !important;font-weight:500 !important;font-family:\"ArgentumSans\", Sans-serif !important;}<\/style><h4 class=\"stk-block-heading__text has-text-color\">Plazo de presentaci\u00f3n de solicitudes<\/h4><\/div>\n<\/div><\/div>\n<\/div><\/div><\/summary>\n\n\n\n<div class=\"wp-block-stackable-column stk-block-column stk-column stk-block stk-064298d stk-block-accordion__content\" data-v=\"4\" data-block-id=\"064298d\"><style>.stk-064298d-container{padding-top:0px !important;padding-right:0px !important;padding-bottom:0px !important;padding-left:0px !important;}<\/style><div class=\"stk-column-wrapper stk-block-column__content stk-container stk-064298d-container stk--no-background stk--no-padding\"><div class=\"stk-block-content stk-inner-blocks stk-064298d-inner-blocks\">\n<ul class=\"wp-block-list\" data-block-type=\"core\">\n<li data-block-type=\"core\">Convocatoria<em>&nbsp;<strong>ordinaria de junio<\/strong><\/em>&nbsp;<strong>de 2026<\/strong>: desde las 10:00 horas del 27 de abril y hasta las 14:00 horas del 8 de mayo de 202<em>6.<\/em><\/li>\n\n\n\n<li data-block-type=\"core\">Convocatoria de&nbsp;<em><strong>extraordinaria&nbsp;julio<\/strong><\/em><strong>&nbsp;de 2026<\/strong>: desde las 10:00 horas del 17 de junio y hasta las 14:00 horas del 19 de junio de 2026.<\/li>\n<\/ul>\n<\/div><\/div><\/div>\n<\/details>\n\n\n\n<details class=\"wp-block-stackable-accordion stk-block-accordion stk-inner-blocks stk-block-content stk-block stk-6b07302 is-style-plain\" id=\"documentacion-a-presentar\" data-block-id=\"6b07302\"><style>.stk-6b07302 {padding-bottom:10px !important;margin-bottom:0px !important;}<\/style>\n<summary class=\"wp-block-stackable-column stk-block-column stk-column stk-block stk-9964430 stk--container-small stk-block-accordion__heading\" data-v=\"4\" data-block-id=\"9964430\"><style>.stk-9964430 {border-style:solid !important;border-top-width:0px !important;border-right-width:0px !important;border-bottom-width:1px !important;border-left-width:0px !important;padding-top:0px !important;padding-right:0px !important;padding-bottom:0px !important;padding-left:0px !important;}.stk-9964430-container{padding-top:0px !important;padding-right:0px !important;padding-bottom:0px !important;padding-left:0px !important;}<\/style><div class=\"stk-column-wrapper stk-block-column__content stk-container stk-9964430-container stk--no-background stk--no-padding\"><div class=\"stk-block-content stk-inner-blocks stk-9964430-inner-blocks\">\n<div class=\"wp-block-stackable-icon-label stk-block-icon-label stk-block stk-a003cc1\" data-block-id=\"a003cc1\"><style>.stk-a003cc1 .stk-inner-blocks{gap:40px !important;}@media screen and (max-width: 1023px){.stk-a003cc1 .stk-inner-blocks{gap:40px !important;}}@media screen and (max-width: 767px){.stk-a003cc1 .stk-inner-blocks{gap:40px !important;}}<\/style><div class=\"stk-row stk-inner-blocks stk-block-content\">\n<div class=\"wp-block-stackable-icon stk-block-icon stk-block stk-6db2890\" data-block-id=\"6db2890\"><style>.stk-6db2890 .stk--svg-wrapper .stk--inner-svg svg:last-child{height:24px !important;width:24px !important;}.stk-6db2890 .stk--svg-wrapper .stk--inner-svg svg:last-child, .stk-6db2890 .stk--svg-wrapper .stk--inner-svg svg:last-child :is(g, path, rect, polygon, ellipse){fill:var(--stk-global-color-60833, #5c068c) !important;}<\/style><span class=\"stk--svg-wrapper stk--has-icon2\"><div class=\"stk--inner-svg\"><svg style=\"height:0;width:0\"><defs><linearGradient id=\"linear-gradient-6db2890\" x1=\"0\" x2=\"100%\" y1=\"0\" y2=\"0\"><stop offset=\"0%\" style=\"stop-opacity:1;stop-color:var(--linear-gradient-6-db-2890-color-1)\"><\/stop><stop offset=\"100%\" style=\"stop-opacity:1;stop-color:var(--linear-gradient-6-db-2890-color-2)\"><\/stop><\/linearGradient><\/defs><\/svg><svg xmlns=\"http:\/\/www.w3.org\/2000\/svg\" viewBox=\"0 0 384 512\" aria-hidden=\"true\" width=\"32\" height=\"32\"><path d=\"M64 0C28.7 0 0 28.7 0 64V448c0 35.3 28.7 64 64 64H320c35.3 0 64-28.7 64-64V160H256c-17.7 0-32-14.3-32-32V0H64zM256 0V128H384L256 0zM112 256H272c8.8 0 16 7.2 16 16s-7.2 16-16 16H112c-8.8 0-16-7.2-16-16s7.2-16 16-16zm0 64H272c8.8 0 16 7.2 16 16s-7.2 16-16 16H112c-8.8 0-16-7.2-16-16s7.2-16 16-16zm0 64H272c8.8 0 16 7.2 16 16s-7.2 16-16 16H112c-8.8 0-16-7.2-16-16s7.2-16 16-16z\" \/><\/svg><\/div><div class=\"stk--inner-svg stk--icon-2\" style=\"display:none\"><svg style=\"height:0;width:0\"><defs><linearGradient id=\"linear-gradient-6db2890\" x1=\"0\" x2=\"100%\" y1=\"0\" y2=\"0\"><stop offset=\"0%\" style=\"stop-opacity:1;stop-color:var(--linear-gradient-6-db-2890-color-1)\"><\/stop><stop offset=\"100%\" style=\"stop-opacity:1;stop-color:var(--linear-gradient-6-db-2890-color-2)\"><\/stop><\/linearGradient><\/defs><\/svg><svg xmlns=\"http:\/\/www.w3.org\/2000\/svg\" viewBox=\"0 0 384 512\" aria-hidden=\"true\" width=\"32\" height=\"32\"><path d=\"M64 464c-8.8 0-16-7.2-16-16V64c0-8.8 7.2-16 16-16H224v80c0 17.7 14.3 32 32 32h80V448c0 8.8-7.2 16-16 16H64zM64 0C28.7 0 0 28.7 0 64V448c0 35.3 28.7 64 64 64H320c35.3 0 64-28.7 64-64V154.5c0-17-6.7-33.3-18.7-45.3L274.7 18.7C262.7 6.7 246.5 0 229.5 0H64zm56 256c-13.3 0-24 10.7-24 24s10.7 24 24 24H264c13.3 0 24-10.7 24-24s-10.7-24-24-24H120zm0 96c-13.3 0-24 10.7-24 24s10.7 24 24 24H264c13.3 0 24-10.7 24-24s-10.7-24-24-24H120z\" \/><\/svg><\/div><\/span><\/div>\n\n\n\n<div class=\"wp-block-stackable-heading stk-block-heading stk-block-heading--v2 stk-block stk-9beb1fb\" id=\"documentacion-a-presentar\" data-block-id=\"9beb1fb\"><style>.stk-9beb1fb .stk-block-heading__text{color:#0f0e17 !important;font-weight:500 !important;font-family:\"ArgentumSans\", Sans-serif !important;}<\/style><h4 class=\"stk-block-heading__text has-text-color\">Documentaci\u00f3n a presentar<\/h4><\/div>\n<\/div><\/div>\n<\/div><\/div><\/summary>\n\n\n\n<div class=\"wp-block-stackable-column stk-block-column stk-column stk-block stk-24d301b stk-block-accordion__content\" data-v=\"4\" data-block-id=\"24d301b\"><style>.stk-24d301b-container{padding-top:0px !important;padding-right:0px !important;padding-bottom:0px !important;padding-left:0px !important;}<\/style><div class=\"stk-column-wrapper stk-block-column__content stk-container stk-24d301b-container stk--no-background stk--no-padding\"><div class=\"stk-block-content stk-inner-blocks stk-24d301b-inner-blocks\">\n<p data-block-type=\"core\">El alumnado que no est\u00e9 en posesi\u00f3n de DNI o NIE, deber\u00e1 presentar copia de su pasaporte o tarjeta de identidad equivalente v\u00e1lidamente emitido.<\/p>\n\n\n\n<p data-block-type=\"core\">En el caso de alumnado de otra universidad:<\/p>\n\n\n\n<ul class=\"wp-block-list\" data-block-type=\"core\">\n<li data-block-type=\"core\">Certificado de calificaciones del Bachillerato en el que figure la nota media, o en su defecto la tarjeta de calificaciones de la prueba de acceso a la universidad.<\/li>\n\n\n\n<li data-block-type=\"core\">Certificado de empadronamiento y el documento de asignaci\u00f3n de instituto. Deber\u00e1&nbsp; solicitar&nbsp; la asignaci\u00f3n de instituto en Inspecci\u00f3n de Ense\u00f1anzas Medias, a trav\u00e9s del Registro General Electr\u00f3nico del Gobierno de Canarias:&nbsp;<a href=\"https:\/\/sede.gobiernodecanarias.org\/sede\/rge\" target=\"_blank\" rel=\"noreferrer noopener\" target=\"_blank\" rel=\"noopener\">https:\/\/sede.gobiernodecanarias.org\/sede\/rge<\/a>.&nbsp; En dicha solicitud deber\u00e1 indicar:\n<ul class=\"wp-block-list\" data-block-type=\"core\">\n<li data-block-type=\"core\">Nombre y apellidos.<\/li>\n\n\n\n<li data-block-type=\"core\">Direcci\u00f3n.<\/li>\n\n\n\n<li data-block-type=\"core\">Tel\u00e9fono y correo electr\u00f3nico.<\/li>\n\n\n\n<li data-block-type=\"core\">Adjuntar copia del D.N.I.<\/li>\n\n\n\n<li data-block-type=\"core\">Adjuntar copia de la certificaci\u00f3n acad\u00e9mica de Bachillerato o credencial de EBAU\/PAU realizada anteriormente.<\/li>\n<\/ul>\n<\/li>\n<\/ul>\n\n\n\n<p data-block-type=\"core\"><strong>IMPORTANTE<\/strong>:&nbsp;<strong>La estimaci\u00f3n de la solicitud no implica por s\u00ed misma la matr\u00edcula en la&nbsp;PAU,&nbsp;<\/strong>por lo que una vez presentada correctamente la solicitud a trav\u00e9s de la sede electr\u00f3nica de la ULL el estudiante recibir\u00e1&nbsp;un correo electr\u00f3nico en el que se le indicar\u00e1 la forma de proceder para realizar la matr\u00edcula de la EBAU.&nbsp;<a href=\"https:\/\/www.ull.es\/admision-becas\/ebau\/matricula\/\" target=\"_blank\" rel=\"noreferrer noopener\" target=\"_blank\" rel=\"noopener\">Ver procedimiento y lugar de matr\u00edcula para la PAU<\/a>.<\/p>\n<\/div><\/div><\/div>\n<\/details>\n<\/div><\/div><\/div>\n<\/div><\/div>\n","protected":false},"excerpt":{"rendered":"<p>Repetir la PAU no superada en cursos anteriores IMPORTANTE:\u00a0El alumnado que realice la PAU en la ULL en la convocatoria ordinaria de junio-2026, tanto la haya superado o no, y desee presentarse en la convocatoria de julio-2026, no necesita presentar esta solicitud. Deber\u00e1 dirigirse a su IES\/Colegio para realizar la matr\u00edcula de la PAU. Aquel&#8230;<\/p>\n","protected":false},"author":26,"featured_media":0,"parent":580,"menu_order":0,"comment_status":"closed","ping_status":"closed","template":"templates\/template-frontpage.php","meta":{"footnotes":""},"class_list":["post-4312","page","type-page","status-publish","hentry"],"_links":{"self":[{"href":"https:\/\/www.ull.es\/admision-becas\/wp-json\/wp\/v2\/pages\/4312","targetHints":{"allow":["GET"]}}],"collection":[{"href":"https:\/\/www.ull.es\/admision-becas\/wp-json\/wp\/v2\/pages"}],"about":[{"href":"https:\/\/www.ull.es\/admision-becas\/wp-json\/wp\/v2\/types\/page"}],"author":[{"embeddable":true,"href":"https:\/\/www.ull.es\/admision-becas\/wp-json\/wp\/v2\/users\/26"}],"replies":[{"embeddable":true,"href":"https:\/\/www.ull.es\/admision-becas\/wp-json\/wp\/v2\/comments?post=4312"}],"version-history":[{"count":38,"href":"https:\/\/www.ull.es\/admision-becas\/wp-json\/wp\/v2\/pages\/4312\/revisions"}],"predecessor-version":[{"id":8657,"href":"https:\/\/www.ull.es\/admision-becas\/wp-json\/wp\/v2\/pages\/4312\/revisions\/8657"}],"up":[{"embeddable":true,"href":"https:\/\/www.ull.es\/admision-becas\/wp-json\/wp\/v2\/pages\/580"}],"wp:attachment":[{"href":"https:\/\/www.ull.es\/admision-becas\/wp-json\/wp\/v2\/media?parent=4312"}],"curies":[{"name":"wp","href":"https:\/\/api.w.org\/{rel}","templated":true}]}}