{"id":574,"date":"2017-06-08T07:13:08","date_gmt":"2017-06-08T07:13:08","guid":{"rendered":"https:\/\/www.ull.es\/admision-becas\/?page_id=574"},"modified":"2025-12-16T09:11:47","modified_gmt":"2025-12-16T09:11:47","slug":"alumnos-procedentes-sistemas-educativos-extranjeros","status":"publish","type":"page","link":"https:\/\/www.ull.es\/admision-becas\/pau\/alumnos-procedentes-sistemas-educativos-extranjeros\/","title":{"rendered":"Alumnos procedentes de sistemas educativos extranjeros"},"content":{"rendered":"\n<div class=\"wp-block-stackable-columns alignfull stk-block-columns stk-block stk-2cbe2d9 stk-block-background stk--has-background-overlay\" data-block-id=\"2cbe2d9\"><style>.stk-2cbe2d9 {background-image:url(https:\/\/www.ull.es\/admision-becas\/wp-content\/uploads\/sites\/8\/2025\/11\/Landing-PAU_Header.jpg) !important;min-height:600px !important;align-items:center !important;padding-top:0px !important;padding-right:0px !important;padding-bottom:0px !important;padding-left:0px !important;margin-top:-30px !important;margin-bottom:50px !important;display:flex !important;}.stk-2cbe2d9-column{max-width:1300px !important;min-width:auto !important;}@media screen and (max-width: 767px){.stk-2cbe2d9 {min-height:400px !important;}}<\/style><div class=\"stk-row stk-inner-blocks stk-block-content stk-content-align stk-2cbe2d9-column\">\n<div class=\"wp-block-stackable-column stk-block-column stk-column stk-block stk-67d5c45\" data-v=\"4\" data-block-id=\"67d5c45\"><style>@media screen and (min-width: 768px){.stk-67d5c45 {flex:var(--stk-flex-grow, 1) 1 calc(92% - var(--stk-column-gap, 0px) * 1 \/ 2 ) !important;}}@media screen and (min-width: 768px) and (max-width: 1023px){.stk-67d5c45 {flex:var(--stk-flex-grow, 1) 1 calc(60% - var(--stk-column-gap, 0px) * 1 \/ 2 ) !important;}}@media screen and (max-width: 767px){.stk-67d5c45 {padding-top:10px !important;padding-right:10px !important;padding-bottom:10px !important;padding-left:10px !important;}}<\/style><div class=\"stk-column-wrapper stk-block-column__content stk-container stk-67d5c45-container stk--no-background stk--no-padding\"><div class=\"stk-block-content stk-inner-blocks stk-67d5c45-inner-blocks\">\n<div class=\"wp-block-stackable-heading stk-block-heading stk-block-heading--v2 stk-block stk-c229f24\" id=\"alumnos-procedentes-de-sistemas-educativos-extranjeros\" data-block-id=\"c229f24\"><style>.stk-c229f24 {margin-bottom:0px !important;}.stk-c229f24 .stk-block-heading__text{font-size:80px !important;color:#ffffff !important;font-weight:700 !important;font-family:\"Montserrat\", Sans-serif !important;}@media screen and (max-width: 1023px){.stk-c229f24 .stk-block-heading__text{font-size:50px !important;}}@media screen and (max-width: 767px){.stk-c229f24 .stk-block-heading__text{font-size:47px !important;}}<\/style><h1 class=\"stk-block-heading__text has-text-color\">Alumnos procedentes de sistemas educativos extranjeros<\/h1><\/div>\n<\/div><\/div><\/div>\n\n\n\n<div class=\"wp-block-stackable-column stk-block-column stk-column stk-block stk-a283fdb\" data-v=\"4\" data-block-id=\"a283fdb\"><style>@media screen and (min-width: 768px){.stk-a283fdb {flex:var(--stk-flex-grow, 1) 1 calc(8% - var(--stk-column-gap, 0px) * 1 \/ 2 ) !important;}}@media screen and (min-width: 768px) and (max-width: 1023px){.stk-a283fdb {flex:var(--stk-flex-grow, 1) 1 calc(40% - var(--stk-column-gap, 0px) * 1 \/ 2 ) !important;}}<\/style><div class=\"stk-column-wrapper stk-block-column__content stk-container stk-a283fdb-container stk--no-background stk--no-padding\"><div class=\"stk-block-content stk-inner-blocks stk-a283fdb-inner-blocks\"><\/div><\/div><\/div>\n<\/div><\/div>\n\n\n\n<div class=\"wp-block-stackable-columns stk-block-columns stk-block stk-8b59b96\" data-block-id=\"8b59b96\"><style>.stk-8b59b96 .stk--block-align-8b59b96{align-items:flex-start !important;}.stk-8b59b96-column{--stk-columns-spacing:0px !important;--stk-column-gap:50px !important;}<\/style><div class=\"stk-row stk-inner-blocks stk--block-align-8b59b96 stk-block-content stk-content-align stk-8b59b96-column\">\n<div class=\"wp-block-stackable-column stk-block-column stk-column stk-block stk-dbb7e15\" data-v=\"4\" data-block-id=\"dbb7e15\"><div class=\"stk-column-wrapper stk-block-column__content stk-container stk-dbb7e15-container stk--no-background stk--no-padding\"><div class=\"stk-block-content stk-inner-blocks stk-dbb7e15-inner-blocks\">\n<div class=\"wp-block-stackable-heading stk-block-heading stk-block-heading--v2 stk-block stk-59718a5\" data-block-id=\"59718a5\"><style>.stk-59718a5 {margin-bottom:20px !important;}.stk-59718a5 .stk-block-heading__text{font-size:35px !important;color:var(--stk-global-color-60833, #5c068c) !important;font-weight:400 !important;}@media screen and (max-width: 1023px){.stk-59718a5 .stk-block-heading__text{font-size:35px !important;}}<\/style><h2 class=\"stk-block-heading__text has-text-color\"><\/h2><\/div>\n\n\n\n<div class=\"wp-block-stackable-text stk-block-text stk-block stk-2eb20a5\" data-block-id=\"2eb20a5\"><p class=\"stk-block-text__text\">Los estudiantes de&nbsp;<strong>sistemas educativos de la Uni\u00f3n Europea o de pa\u00edses con convenio de reciprocidad<\/strong>&nbsp;en la materia (consulta&nbsp;<a href=\"https:\/\/unedasiss.uned.es\/recursos\/archivos\/Anexo_I_reglamento_unedasiss.pdf\" target=\"_blank\" rel=\"noreferrer noopener\" target=\"_blank\" rel=\"noopener\">aqu\u00ed<\/a>&nbsp;la relaci\u00f3n de paises con convenio)&nbsp;deber\u00e1n&nbsp;<strong>estar en posesi\u00f3n de la acreditaci\u00f3n correspondiente expedida por la UNED<\/strong>, pudi\u00e9ndose presentar a la fase de opci\u00f3n de la PAU en las universidades p\u00fablicas canarias o a la prueba de competencias espec\u00edficas (PCE) que organiza la propia UNED.<\/p><\/div>\n\n\n\n<p data-block-type=\"core\">Los estudiantes procedentes del&nbsp;<strong>resto de sistemas educativos extranjeros<\/strong>&nbsp;deber\u00e1n solicitar la homologaci\u00f3n de su t\u00edtulo extranjero al t\u00edtulo de Bachiller espa\u00f1ol o equivalente ante el Ministerio de Educaci\u00f3n y Formaci\u00f3n Profesional, debiendo asimismo obtener la acreditaci\u00f3n expedida por la UNED.&nbsp;<strong>Solo podr\u00e1n&nbsp;presentarse a la prueba de competencias espec\u00edficas (PCE) que organiza la UNED<\/strong>.<\/p>\n\n\n\n<p data-block-type=\"core\">En cualquier caso, el alumnado que desee mejorar su calificaci\u00f3n podr\u00e1 presentarse a la PAU en las universidades p\u00fablicas canarias en convocatorias posteriores, siempre que previamente haya obtenido la acreditaci\u00f3n expedida por la UNED, y, en el caso de alumnado de pa\u00edses no pertenecientes a la Uni\u00f3n Europea o con convenio de reciprocidad&nbsp; en la materia, adem\u00e1s deber\u00e1 haber realizado las PCE con una&nbsp;<a href=\"https:\/\/www.ull.es\/admision-becas\/pau\/estructura-la-pau\/\" target=\"_blank\" rel=\"noreferrer noopener\" target=\"_blank\" rel=\"noopener\">estructura similar a la PAU<\/a>.<\/p>\n\n\n\n<p data-block-type=\"core\">M\u00e1s informaci\u00f3n sobre c\u00f3mo obtener la<a href=\"https:\/\/unedasiss.uned.es\/home\" target=\"_blank\" rel=\"noreferrer noopener\" target=\"_blank\" rel=\"noopener\">&nbsp;acreditaci\u00f3n de la UNED<\/a>.<\/p>\n\n\n\n<p data-block-type=\"core\">M\u00e1s informaci\u00f3n sobre el <a href=\"https:\/\/drive.google.com\/file\/d\/1xl2xrCda6CnbMGxAzdjNSDg39e7lfm7O\/view?usp=sharing\" target=\"_blank\" rel=\"noopener\">procedimiento de acceso<\/a>.<\/p>\n\n\n\n<p data-block-type=\"core\">M\u00e1s informaci\u00f3n sobre el&nbsp;<a href=\"https:\/\/www.ull.es\/admision-becas\/admision-a-titulaciones-oficiales-de-grado\/preinscripcion\/calculo-nota-admision\/#estudios-extranjeros\" target=\"_blank\" rel=\"noreferrer noopener\" target=\"_blank\" rel=\"noopener\">c\u00e1lculo de la nota de admisi\u00f3n<\/a>.<\/p>\n<\/div><\/div><\/div>\n<\/div><\/div>\n","protected":false},"excerpt":{"rendered":"<p>Alumnos procedentes de sistemas educativos extranjeros Los estudiantes de&nbsp;sistemas educativos de la Uni\u00f3n Europea o de pa\u00edses con convenio de reciprocidad&nbsp;en la materia (consulta&nbsp;aqu\u00ed&nbsp;la relaci\u00f3n de paises con convenio)&nbsp;deber\u00e1n&nbsp;estar en posesi\u00f3n de la acreditaci\u00f3n correspondiente expedida por la UNED, pudi\u00e9ndose presentar a la fase de opci\u00f3n de la PAU en las universidades p\u00fablicas canarias o&#8230;<\/p>\n","protected":false},"author":1,"featured_media":0,"parent":567,"menu_order":8,"comment_status":"closed","ping_status":"closed","template":"templates\/template-frontpage.php","meta":{"footnotes":""},"class_list":["post-574","page","type-page","status-publish","hentry"],"_links":{"self":[{"href":"https:\/\/www.ull.es\/admision-becas\/wp-json\/wp\/v2\/pages\/574","targetHints":{"allow":["GET"]}}],"collection":[{"href":"https:\/\/www.ull.es\/admision-becas\/wp-json\/wp\/v2\/pages"}],"about":[{"href":"https:\/\/www.ull.es\/admision-becas\/wp-json\/wp\/v2\/types\/page"}],"author":[{"embeddable":true,"href":"https:\/\/www.ull.es\/admision-becas\/wp-json\/wp\/v2\/users\/1"}],"replies":[{"embeddable":true,"href":"https:\/\/www.ull.es\/admision-becas\/wp-json\/wp\/v2\/comments?post=574"}],"version-history":[{"count":35,"href":"https:\/\/www.ull.es\/admision-becas\/wp-json\/wp\/v2\/pages\/574\/revisions"}],"predecessor-version":[{"id":8348,"href":"https:\/\/www.ull.es\/admision-becas\/wp-json\/wp\/v2\/pages\/574\/revisions\/8348"}],"up":[{"embeddable":true,"href":"https:\/\/www.ull.es\/admision-becas\/wp-json\/wp\/v2\/pages\/567"}],"wp:attachment":[{"href":"https:\/\/www.ull.es\/admision-becas\/wp-json\/wp\/v2\/media?parent=574"}],"curies":[{"name":"wp","href":"https:\/\/api.w.org\/{rel}","templated":true}]}}