{"id":606,"date":"2017-06-08T08:04:56","date_gmt":"2017-06-08T08:04:56","guid":{"rendered":"https:\/\/www.ull.es\/admision-becas\/?page_id=606"},"modified":"2026-01-26T09:41:26","modified_gmt":"2026-01-26T09:41:26","slug":"normativa","status":"publish","type":"page","link":"https:\/\/www.ull.es\/admision-becas\/pau\/normativa\/","title":{"rendered":"Normativa"},"content":{"rendered":"\n<div class=\"wp-block-stackable-columns alignfull stk-block-columns stk-block stk-2cbe2d9 stk-block-background stk--has-background-overlay\" data-block-id=\"2cbe2d9\"><style>.stk-2cbe2d9 {background-image:url(https:\/\/www.ull.es\/admision-becas\/wp-content\/uploads\/sites\/8\/2025\/11\/Landing-PAU_Header.jpg) !important;min-height:600px !important;align-items:center !important;padding-top:0px !important;padding-right:0px !important;padding-bottom:0px !important;padding-left:0px !important;margin-top:-30px !important;margin-bottom:50px !important;display:flex !important;}.stk-2cbe2d9-column{max-width:1300px !important;min-width:auto !important;}@media screen and (max-width: 767px){.stk-2cbe2d9 {min-height:400px !important;}}<\/style><div class=\"stk-row stk-inner-blocks stk-block-content stk-content-align stk-2cbe2d9-column\">\n<div class=\"wp-block-stackable-column stk-block-column stk-column stk-block stk-67d5c45\" data-v=\"4\" data-block-id=\"67d5c45\"><style>@media screen and (min-width: 768px) and (max-width: 1023px){.stk-67d5c45 {flex:var(--stk-flex-grow, 1) 1 calc(60% - var(--stk-column-gap, 0px) * 1 \/ 2 ) !important;}}@media screen and (max-width: 767px){.stk-67d5c45 {padding-top:10px !important;padding-right:10px !important;padding-bottom:10px !important;padding-left:10px !important;}}<\/style><div class=\"stk-column-wrapper stk-block-column__content stk-container stk-67d5c45-container stk--no-background stk--no-padding\"><div class=\"stk-block-content stk-inner-blocks stk-67d5c45-inner-blocks\">\n<div class=\"wp-block-stackable-heading stk-block-heading stk-block-heading--v2 stk-block stk-c229f24\" id=\"normativa-de-la-pau\" data-block-id=\"c229f24\"><style>.stk-c229f24 {margin-bottom:0px !important;}.stk-c229f24 .stk-block-heading__text{font-size:80px !important;color:#ffffff !important;font-weight:700 !important;font-family:\"Montserrat\", Sans-serif !important;}@media screen and (max-width: 1023px){.stk-c229f24 .stk-block-heading__text{font-size:50px !important;}}@media screen and (max-width: 767px){.stk-c229f24 .stk-block-heading__text{font-size:47px !important;}}<\/style><h1 class=\"stk-block-heading__text has-text-color\">Normativa de la PAU<\/h1><\/div>\n<\/div><\/div><\/div>\n\n\n\n<div class=\"wp-block-stackable-column stk-block-column stk-column stk-block stk-a283fdb\" data-v=\"4\" data-block-id=\"a283fdb\"><style>@media screen and (min-width: 768px) and (max-width: 1023px){.stk-a283fdb {flex:var(--stk-flex-grow, 1) 1 calc(40% - var(--stk-column-gap, 0px) * 1 \/ 2 ) !important;}}<\/style><div class=\"stk-column-wrapper stk-block-column__content stk-container stk-a283fdb-container stk--no-background stk--no-padding\"><div class=\"stk-block-content stk-inner-blocks stk-a283fdb-inner-blocks\"><\/div><\/div><\/div>\n<\/div><\/div>\n\n\n\n<div class=\"wp-block-stackable-columns stk-block-columns stk-block stk-8b59b96\" data-block-id=\"8b59b96\"><style>.stk-8b59b96 .stk--block-align-8b59b96{align-items:flex-start !important;}.stk-8b59b96-column{--stk-columns-spacing:0px !important;--stk-column-gap:50px !important;}<\/style><div class=\"stk-row stk-inner-blocks stk--block-align-8b59b96 stk-block-content stk-content-align stk-8b59b96-column\">\n<div class=\"wp-block-stackable-column stk-block-column stk-column stk-block stk-dbb7e15\" data-v=\"4\" data-block-id=\"dbb7e15\"><div class=\"stk-column-wrapper stk-block-column__content stk-container stk-dbb7e15-container stk--no-background stk--no-padding\"><div class=\"stk-block-content stk-inner-blocks stk-dbb7e15-inner-blocks\">\n<div class=\"wp-block-stackable-heading stk-block-heading stk-block-heading--v2 stk-block stk-59718a5\" data-block-id=\"59718a5\"><style>.stk-59718a5 {margin-bottom:20px !important;}.stk-59718a5 .stk-block-heading__text{font-size:35px !important;color:var(--stk-global-color-60833, #5c068c) !important;font-weight:400 !important;}@media screen and (max-width: 1023px){.stk-59718a5 .stk-block-heading__text{font-size:35px !important;}}<\/style><h2 class=\"stk-block-heading__text has-text-color\"><\/h2><\/div>\n\n\n\n<ul class=\"wp-block-list\" data-block-type=\"core\">\n<li data-block-type=\"core\"><a href=\"https:\/\/www.boe.es\/buscar\/act.php?id=BOE-A-2006-7899&amp;p=20131210&amp;tn=1\" target=\"_blank\" rel=\"noreferrer noopener\" target=\"_blank\" rel=\"noopener\">Ley Org\u00e1nica 2\/2006, de 3 de mayo, de Educaci\u00f3n (B.O.E. 4 de mayo de 2006)<\/a>.<\/li>\n\n\n\n<li data-block-type=\"core\"><a href=\"https:\/\/www.boe.es\/buscar\/act.php?id=BOE-A-2020-17264&amp;p=20201230&amp;tn=1\" target=\"_blank\" rel=\"noreferrer noopener\" target=\"_blank\" rel=\"noopener\">Ley Org\u00e1nica 3\/2020, de 29 de diciembre, por la que se modifica la Ley Org\u00e1nica 2\/2006, de 3 de mayo, de Educaci\u00f3n<\/a>&nbsp;(B.O.E. n\u00ba 34, de 30 de diciembre de 2020).<\/li>\n\n\n\n<li data-block-type=\"core\"><a href=\"https:\/\/www.boe.es\/buscar\/act.php?id=BOE-A-2024-11858\" target=\"_blank\" rel=\"noreferrer noopener\" target=\"_blank\" rel=\"noopener\">Real Decreto 534\/2024, de 11 de junio, por el que se regulan los requisitos de acceso a las ense\u00f1anzas universitarias oficiales de Grado, las caracter\u00edsticas b\u00e1sicas de la prueba de acceso y la normativa b\u00e1sica de los procedimientos de admisi\u00f3n<\/a>\u00a0(BOE n\u00ba 142, de 12 de junio de 2024).<\/li>\n\n\n\n<li data-block-type=\"core\"><a href=\"https:\/\/www.boe.es\/diario_boe\/txt.php?id=BOE-A-2026-1857\" target=\"_blank\" rel=\"noreferrer noopener\" target=\"_blank\" rel=\"noopener\">Resoluci\u00f3n de 20 de enero de 2026, de la Subsecretar\u00eda, por la que se publica la de 5 de enero de 2026, conjunta de la Secretar\u00eda de Estado de Educaci\u00f3n y la Secretar\u00eda de Estado de Ciencia, Innovaci\u00f3n y Universidades, por la que se fijan las fechas l\u00edmite para la realizaci\u00f3n en el a\u00f1o 2026 de la prueba de acceso a la universidad y publicaci\u00f3n de los resultados provisionales<\/a> (BOE n\u00ba 23, de 26 de enero de 2026).<\/li>\n\n\n\n<li data-block-type=\"core\">Resoluci\u00f3n de la Viceconsejer\u00eda de Educaci\u00f3n por la que se dictan instrucciones para la planificaci\u00f3n, realizaci\u00f3n y gesti\u00f3n, en el \u00e1mbito de la Comunidad Aut\u00f3noma de Canarias, de la Prueba para el Acceso a\u00a0 la Universidad, aplicables al alumnado que haya cursado el Bachillerato, as\u00ed como los Ciclos formativos de Grado Superior de Formaci\u00f3n Profesional, de Ense\u00f1anzas Profesionales de Artes Pl\u00e1sticas y Dise\u00f1o, y de Ense\u00f1anzas Deportivas para el curso 2025-26 (pendiente de publicar).<\/li>\n\n\n\n<li data-block-type=\"core\">Resoluci\u00f3n de la Vicerrectora de Estudiantes de la Universidad de La Laguna, por la que se aprueba la Instrucci\u00f3n Reguladora del procedimiento de matr\u00edcula de la evaluaci\u00f3n del Bachillerato para la Prueba para el acceso a la Universidad (PAU) para el curso 2025-2026 (pendiente de publicar).<\/li>\n\n\n\n<li data-block-type=\"core\"><a href=\"https:\/\/sede.ull.es\/ecivilis-site\/bulletinBoard\/showBulletin\/11836:1\" target=\"_blank\" rel=\"noreferrer noopener\" target=\"_blank\" rel=\"noopener\">Reglamento por el que se regula el sistema de designaci\u00f3n de las personas responsables de la coordinaci\u00f3n de materias en las pruebas de acceso a la Universidad de La Laguna (aprobado en Consejo de Gobierno de 16 de marzo de 2022).<\/a>\n<ul class=\"wp-block-list\" data-block-type=\"core\">\n<li data-block-type=\"core\"><a href=\"https:\/\/sede.ull.es\/ecivilis-site\/bulletinBoard\/showBulletin\/25002:1\" target=\"_blank\" rel=\"noreferrer noopener\" target=\"_blank\" rel=\"noopener\">Acuerdo 5 del apartado a) de 02-10-2023 del Consejo de Gobierno de la Universidad de La Laguna. Aprobar la modificaci\u00f3n puntual del reglamento de designaci\u00f3n de responsables de coordinaci\u00f3n de materias de la EBAU para incluir en el Anexo las nuevas asignaturas de las pruebas de acceso a la Universidad<\/a>.<\/li>\n<\/ul>\n<\/li>\n<\/ul>\n<\/div><\/div><\/div>\n<\/div><\/div>\n","protected":false},"excerpt":{"rendered":"<p>Normativa de la PAU<\/p>\n","protected":false},"author":1,"featured_media":0,"parent":567,"menu_order":13,"comment_status":"closed","ping_status":"closed","template":"templates\/template-frontpage.php","meta":{"footnotes":""},"class_list":["post-606","page","type-page","status-publish","hentry"],"_links":{"self":[{"href":"https:\/\/www.ull.es\/admision-becas\/wp-json\/wp\/v2\/pages\/606","targetHints":{"allow":["GET"]}}],"collection":[{"href":"https:\/\/www.ull.es\/admision-becas\/wp-json\/wp\/v2\/pages"}],"about":[{"href":"https:\/\/www.ull.es\/admision-becas\/wp-json\/wp\/v2\/types\/page"}],"author":[{"embeddable":true,"href":"https:\/\/www.ull.es\/admision-becas\/wp-json\/wp\/v2\/users\/1"}],"replies":[{"embeddable":true,"href":"https:\/\/www.ull.es\/admision-becas\/wp-json\/wp\/v2\/comments?post=606"}],"version-history":[{"count":81,"href":"https:\/\/www.ull.es\/admision-becas\/wp-json\/wp\/v2\/pages\/606\/revisions"}],"predecessor-version":[{"id":8641,"href":"https:\/\/www.ull.es\/admision-becas\/wp-json\/wp\/v2\/pages\/606\/revisions\/8641"}],"up":[{"embeddable":true,"href":"https:\/\/www.ull.es\/admision-becas\/wp-json\/wp\/v2\/pages\/567"}],"wp:attachment":[{"href":"https:\/\/www.ull.es\/admision-becas\/wp-json\/wp\/v2\/media?parent=606"}],"curies":[{"name":"wp","href":"https:\/\/api.w.org\/{rel}","templated":true}]}}