{"id":610,"date":"2017-06-08T08:10:31","date_gmt":"2017-06-08T08:10:31","guid":{"rendered":"https:\/\/www.ull.es\/admision-becas\/?page_id=610"},"modified":"2026-03-10T10:04:10","modified_gmt":"2026-03-10T10:04:10","slug":"tribunal-calificador","status":"publish","type":"page","link":"https:\/\/www.ull.es\/admision-becas\/pau\/tribunal-calificador\/","title":{"rendered":"Tribunal calificador"},"content":{"rendered":"\n<div class=\"wp-block-stackable-columns alignfull stk-block-columns stk-block stk-2cbe2d9 stk-block-background stk--has-background-overlay\" data-block-id=\"2cbe2d9\"><style>.stk-2cbe2d9 {background-image:url(https:\/\/www.ull.es\/admision-becas\/wp-content\/uploads\/sites\/8\/2025\/11\/Landing-PAU_Header.jpg) !important;min-height:600px !important;align-items:center !important;padding-top:0px !important;padding-right:0px !important;padding-bottom:0px !important;padding-left:0px !important;margin-top:-30px !important;margin-bottom:50px !important;display:flex !important;}.stk-2cbe2d9-column{max-width:1300px !important;min-width:auto !important;}@media screen and (max-width: 767px){.stk-2cbe2d9 {min-height:400px !important;}}<\/style><div class=\"stk-row stk-inner-blocks stk-block-content stk-content-align stk-2cbe2d9-column\">\n<div class=\"wp-block-stackable-column stk-block-column stk-column stk-block stk-67d5c45\" data-v=\"4\" data-block-id=\"67d5c45\"><style>@media screen and (max-width: 767px){.stk-67d5c45 {padding-top:10px !important;padding-right:10px !important;padding-bottom:10px !important;padding-left:10px !important;}}<\/style><div class=\"stk-column-wrapper stk-block-column__content stk-container stk-67d5c45-container stk--no-background stk--no-padding\"><div class=\"stk-block-content stk-inner-blocks stk-67d5c45-inner-blocks\">\n<div class=\"wp-block-stackable-heading stk-block-heading stk-block-heading--v2 stk-block stk-c229f24\" id=\"tribunal-calificador\" data-block-id=\"c229f24\"><style>.stk-c229f24 {margin-bottom:0px !important;}.stk-c229f24 .stk-block-heading__text{font-size:80px !important;color:#ffffff !important;font-weight:700 !important;font-family:\"Montserrat\", Sans-serif !important;}@media screen and (max-width: 1023px){.stk-c229f24 .stk-block-heading__text{font-size:50px !important;}}@media screen and (max-width: 767px){.stk-c229f24 .stk-block-heading__text{font-size:47px !important;}}<\/style><h1 class=\"stk-block-heading__text has-text-color\">Tribunal calificador<\/h1><\/div>\n<\/div><\/div><\/div>\n<\/div><\/div>\n\n\n\n<div class=\"wp-block-stackable-columns stk-block-columns stk-block stk-8b59b96\" data-block-id=\"8b59b96\"><style>.stk-8b59b96 .stk--block-align-8b59b96{align-items:flex-start !important;}.stk-8b59b96-column{--stk-columns-spacing:0px !important;--stk-column-gap:50px !important;}<\/style><div class=\"stk-row stk-inner-blocks stk--block-align-8b59b96 stk-block-content stk-content-align stk-8b59b96-column\">\n<div class=\"wp-block-stackable-column stk-block-column stk-column stk-block stk-dbb7e15\" data-v=\"4\" data-block-id=\"dbb7e15\"><div class=\"stk-column-wrapper stk-block-column__content stk-container stk-dbb7e15-container stk--no-background stk--no-padding\"><div class=\"stk-block-content stk-inner-blocks stk-dbb7e15-inner-blocks\">\n<div class=\"wp-block-stackable-text stk-block-text stk-block stk-bfb3c17\" data-block-id=\"bfb3c17\"><p class=\"stk-block-text__text\"><a href=\"https:\/\/sede.ull.es\/ecivilis-site\/bulletinBoard\/showBulletin\/11836:1\" target=\"_blank\" rel=\"noreferrer noopener\" target=\"_blank\" rel=\"noopener\">Reglamento por el que se regula el sistema de designaci\u00f3n de las personas responsables de la coordinaci\u00f3n de materias en las pruebas de acceso a la Universidad de La Laguna (aprobado en Consejo de Gobierno de 16 de marzo de 2022)<\/a><\/p><\/div>\n\n\n\n<div class=\"wp-block-stackable-text stk-block-text stk-block stk-7925ec4\" data-block-id=\"7925ec4\"><p class=\"stk-block-text__text\"><a href=\"https:\/\/sede.ull.es\/ecivilis-site\/bulletinBoard\/showBulletin\/25002:1\" target=\"_blank\" rel=\"noreferrer noopener\" target=\"_blank\" rel=\"noopener\">Acuerdo 5 del apartado a) de 02-10-2023 del Consejo de Gobierno de la Universidad de La Laguna. Aprobar la modificaci\u00f3n puntual del reglamento de designaci\u00f3n de responsables de coordinaci\u00f3n de materias de la EBAU para incluir en el Anexo las nuevas asignaturas de las pruebas de acceso a la Universidad<\/a>.<\/p><\/div>\n\n\n\n<div class=\"wp-block-stackable-text stk-block-text stk-block stk-3c9d474\" data-block-id=\"3c9d474\"><p class=\"stk-block-text__text\"><a href=\"https:\/\/www.gobiernodecanarias.org\/educacion\/web\/bachillerato\/pau\/pau\/examenes-recursos-coordin-materias\/materias-pau\/\" target=\"_blank\" rel=\"noreferrer noopener\" target=\"_blank\" rel=\"noopener\">Subcomisiones de materia PAU<\/a><\/p><\/div>\n<\/div><\/div><\/div>\n<\/div><\/div>\n\n\n\n<div class=\"wp-block-stackable-columns alignfull stk-block-columns stk-block stk-81ad3b0 stk-block-background stk--has-background-overlay\" data-block-id=\"81ad3b0\"><style>.stk-81ad3b0 {background-color:#ddd6fc !important;background-image:url(https:\/\/www.ull.es\/admision-becas\/wp-content\/uploads\/sites\/8\/2025\/11\/Recursos-landing-PAU_Lineas-degradadas-entera-derecha.png) !important;background-position:center center !important;background-repeat:no-repeat !important;border-top-left-radius:30px !important;border-top-right-radius:30px !important;border-bottom-right-radius:30px !important;border-bottom-left-radius:30px !important;overflow:hidden !important;margin-top:50px !important;margin-bottom:0px !important;}.stk-81ad3b0:before{background-color:#ddd6fc !important;opacity:0 !important;}.stk-81ad3b0-column{max-width:1300px !important;min-width:auto !important;}@media screen and (max-width: 767px){.stk-81ad3b0-column{max-width:1500px !important;min-width:auto !important;}}<\/style><div class=\"stk-row stk-inner-blocks stk-block-content stk-content-align stk-81ad3b0-column\">\n<div class=\"wp-block-stackable-column stk-block-column stk-column stk-block stk-20be033 stk-block-background\" data-v=\"4\" data-block-id=\"20be033\"><style>.stk-20be033 {background-color:#ffffff !important;border-top-left-radius:30px !important;border-top-right-radius:30px !important;border-bottom-right-radius:30px !important;border-bottom-left-radius:30px !important;overflow:hidden !important;padding-top:50px !important;padding-right:50px !important;padding-bottom:50px !important;padding-left:50px !important;margin-top:30px !important;margin-bottom:30px !important;}.stk-20be033:before{background-color:#ffffff !important;}@media screen and (max-width: 767px){.stk-20be033 {padding-top:20px !important;padding-right:20px !important;padding-bottom:20px !important;padding-left:20px !important;margin-top:15px !important;margin-right:10px !important;margin-bottom:15px !important;margin-left:10px !important;}}<\/style><div class=\"stk-column-wrapper stk-block-column__content stk-container stk-20be033-container stk--no-background stk--no-padding\"><div class=\"stk-block-content stk-inner-blocks stk-20be033-inner-blocks\">\n<details class=\"wp-block-stackable-accordion stk-block-accordion stk-inner-blocks stk-block-content stk-block stk-0dd7bef is-style-plain\" id=\"convocatoria-tribunal-pau-2026\" data-block-id=\"0dd7bef\"><style>.stk-0dd7bef {border-style:solid !important;border-color:#dfdad1 !important;border-top-width:0px !important;border-right-width:0px !important;border-bottom-width:1px !important;border-left-width:0px !important;padding-bottom:24px !important;}<\/style>\n<summary class=\"wp-block-stackable-column stk-block-column stk-column stk-block stk-4b272e2 stk--container-small stk-block-accordion__heading\" data-v=\"4\" data-block-id=\"4b272e2\"><div class=\"stk-column-wrapper stk-block-column__content stk-container stk-4b272e2-container stk--no-background stk--no-padding\"><div class=\"stk-block-content stk-inner-blocks stk-4b272e2-inner-blocks\">\n<div class=\"wp-block-stackable-icon-label stk-block-icon-label stk-block stk-12553fd\" data-block-id=\"12553fd\"><div class=\"stk-row stk-inner-blocks stk-block-content\">\n<div class=\"wp-block-stackable-heading stk-block-heading stk-block-heading--v2 stk-block stk-16ba3e8\" id=\"strong-convocatoria-tribunal-pau-2026-strong\" data-block-id=\"16ba3e8\"><style>.stk-16ba3e8 .stk-block-heading__text{color:var(--stk-global-color-60833, #5c068c) !important;font-weight:600 !important;font-family:\"Montserrat\", Sans-serif !important;}@media screen and (max-width: 767px){.stk-16ba3e8 .stk-block-heading__text{font-size:15px !important;line-height:1em !important;}}<\/style><h4 class=\"stk-block-heading__text has-text-color\"><strong>Convocatoria Tribunal PAU 2026<\/strong><\/h4><\/div>\n\n\n\n<div class=\"wp-block-stackable-icon stk-block-icon stk-block stk-42e82dc\" data-block-id=\"42e82dc\"><style>@media screen and (max-width: 767px){.stk-42e82dc .stk--svg-wrapper .stk--inner-svg svg:last-child{height:20px !important;width:20px !important;}}<\/style><span class=\"stk--svg-wrapper stk--has-icon2\"><div class=\"stk--inner-svg\"><svg style=\"height:0;width:0\"><defs><linearGradient id=\"linear-gradient-42e82dc\" x1=\"0\" x2=\"100%\" y1=\"0\" y2=\"0\"><stop offset=\"0%\" style=\"stop-opacity:1;stop-color:var(--linear-gradient-42-e-82-dc-color-1)\"><\/stop><stop offset=\"100%\" style=\"stop-opacity:1;stop-color:var(--linear-gradient-42-e-82-dc-color-2)\"><\/stop><\/linearGradient><\/defs><\/svg><svg class=\"ugb-custom-icon\" viewBox=\"0 0 34 34\" xmlns=\"http:\/\/www.w3.org\/2000\/svg\" aria-hidden=\"true\" width=\"32\" height=\"32\">\n<g clip-path=\"url(#clip0_1_2-14477)\">\n<path d=\"M17 34C26.3888 34 34 26.3888 34 17C34 7.61116 26.3888 0 17 0C7.61116 0 0 7.61116 0 17C0 26.3888 7.61116 34 17 34Z\" fill=\"#8A41E6\" \/>\n<path d=\"M22.71 14.28L17.05 19.95L11.29 14.18L9 16.47L14.76 22.23L15 22.5L16 23.53L17 24.56L25 16.56L22.71 14.28Z\" fill=\"white\" \/>\n<\/g>\n<defs>\n<clipPath id=\"clip0_1_2-14477\">\n<rect width=\"34\" height=\"34\" fill=\"white\" \/>\n<\/clipPath>\n<\/defs>\n<\/svg><\/div><div class=\"stk--inner-svg stk--icon-2\" style=\"display:none\"><svg style=\"height:0;width:0\"><defs><linearGradient id=\"linear-gradient-42e82dc\" x1=\"0\" x2=\"100%\" y1=\"0\" y2=\"0\"><stop offset=\"0%\" style=\"stop-opacity:1;stop-color:var(--linear-gradient-42-e-82-dc-color-1)\"><\/stop><stop offset=\"100%\" style=\"stop-opacity:1;stop-color:var(--linear-gradient-42-e-82-dc-color-2)\"><\/stop><\/linearGradient><\/defs><\/svg><svg class=\"ugb-custom-icon\" viewBox=\"0 0 34 34\" xmlns=\"http:\/\/www.w3.org\/2000\/svg\" aria-hidden=\"true\" width=\"32\" height=\"32\">\n<g clip-path=\"url(#clip0_1_2-67935)\">\n<path d=\"M17 34C26.3888 34 34 26.3888 34 17C34 7.61116 26.3888 0 17 0C7.61116 0 0 7.61116 0 17C0 26.3888 7.61116 34 17 34Z\" fill=\"#8A41E6\" \/>\n<path d=\"M22.71 14.28L17.05 19.95L11.29 14.18L9 16.47L14.76 22.23L15 22.5L16 23.53L17 24.56L25 16.56L22.71 14.28Z\" fill=\"white\" \/>\n<\/g>\n<defs>\n<clipPath id=\"clip0_1_2-67935\">\n<rect width=\"34\" height=\"34\" fill=\"white\" \/>\n<\/clipPath>\n<\/defs>\n<\/svg><\/div><\/span><\/div>\n<\/div><\/div>\n<\/div><\/div><\/summary>\n\n\n\n<div class=\"wp-block-stackable-column stk-block-column stk-column stk-block stk-aa22d97 stk-block-accordion__content\" data-v=\"4\" data-block-id=\"aa22d97\"><style>.stk-aa22d97-container{padding-top:0px !important;padding-right:0px !important;padding-bottom:0px !important;padding-left:0px !important;}<\/style><div class=\"stk-column-wrapper stk-block-column__content stk-container stk-aa22d97-container stk--no-background stk--no-padding\"><div class=\"stk-block-content stk-inner-blocks stk-aa22d97-inner-blocks\">\n<ul class=\"wp-block-list\" data-block-type=\"core\">\n<li data-block-type=\"core\"><a href=\"https:\/\/sede.ull.es\/ecivilis-site\/bulletinBoard\/showBulletin\/64021:1\" target=\"_blank\" rel=\"noreferrer noopener\" target=\"_blank\" rel=\"noopener\">Convocatoria 2025-26<\/a>.<\/li>\n\n\n\n<li data-block-type=\"core\"><a href=\"https:\/\/drive.google.com\/file\/d\/12LwkSDzxjfPoNAaYsxpRE3O94XZ1A-50\/view?usp=sharing\" target=\"_blank\" rel=\"noreferrer noopener\" target=\"_blank\" rel=\"noopener\">Calendario del procedimiento<\/a>.<\/li>\n\n\n\n<li data-block-type=\"core\"><a href=\"https:\/\/sede.ull.es\/ecivilis-site\/catalog\/showProcedure\/490\" target=\"_blank\" rel=\"noreferrer noopener\" target=\"_blank\" rel=\"noopener\">Presentaci\u00f3n de solicitudes<\/a> (<strong>Desde las 10:00 h del 9 de febrero a las 14:00 h del 24 de febrero de 2026<\/strong>).<\/li>\n\n\n\n<li data-block-type=\"core\"><a href=\"https:\/\/drive.google.com\/file\/d\/1DVpWTQ7fQaCUMUGIHYpM3iwQJAprV3z_\/view?usp=sharing\" target=\"_blank\" rel=\"noreferrer noopener\" target=\"_blank\" rel=\"noopener\">Relaci\u00f3n de materias y \u00e1reas de conocimiento.<\/a><strong>&nbsp;<\/strong><\/li>\n\n\n\n<li data-block-type=\"core\"><a href=\"https:\/\/drive.google.com\/drive\/folders\/1iR6u9lHhtt3LSP7LCTHNPGpWhnuzumtZ\" target=\"_blank\" rel=\"noopener\">Relaci\u00f3n provisional de solicitudes admitidas y excluidas<\/a> (27 de febrero de 2026).<\/li>\n\n\n\n<li data-block-type=\"core\"><a href=\"https:\/\/drive.google.com\/file\/d\/18VuyYvXnZbZJRoY-D72aZi7iW6T6Oggq\/view?usp=sharing\" target=\"_blank\" rel=\"noreferrer noopener\" target=\"_blank\" rel=\"noopener\">Relaci\u00f3n definitiva de solicitudes admitidas y excluidas<\/a> (10 de marzo de 2026).<\/li>\n\n\n\n<li data-block-type=\"core\">Relaci\u00f3n provisional de personas seleccionadas para formar parte del Tribunal &#8211; Profesorado ULL (23 de abril de 2026).<\/li>\n\n\n\n<li data-block-type=\"core\">Relaci\u00f3n definitiva de personas seleccionadas para formar parte del Tribunal &#8211; Profesorado ULL (30 de abril de 2026)<\/li>\n\n\n\n<li data-block-type=\"core\">Tribunal \u00fanico de la PAU en Santa Cruz de Tenerife, convocatoria 2025-26.<\/li>\n<\/ul>\n<\/div><\/div><\/div>\n<\/details>\n<\/div><\/div><\/div>\n<\/div><\/div>\n\n\n\n<div class=\"wp-block-stackable-columns alignfull stk-block-columns stk-block stk-9ed4c56 stk-block-background stk--has-background-overlay\" data-block-id=\"9ed4c56\"><style>.stk-9ed4c56 {background-color:#cffeea !important;background-image:url(https:\/\/www.ull.es\/admision-becas\/wp-content\/uploads\/sites\/8\/2025\/11\/Recursos-landing-PAU_Lineas-degradadas-recortada-izquierda-mobile.png) !important;background-position:bottom right !important;background-repeat:no-repeat !important;border-top-left-radius:30px !important;border-top-right-radius:30px !important;border-bottom-right-radius:30px !important;border-bottom-left-radius:30px !important;overflow:hidden !important;margin-bottom:50px !important;}.stk-9ed4c56:before{background-color:#cffeea !important;opacity:0 !important;}.stk-9ed4c56-column{max-width:1300px !important;min-width:auto !important;}@media screen and (max-width: 767px){.stk-9ed4c56-column{max-width:1500px !important;min-width:auto !important;}}<\/style><div class=\"stk-row stk-inner-blocks stk-block-content stk-content-align stk-9ed4c56-column\">\n<div class=\"wp-block-stackable-column stk-block-column stk-column stk-block stk-ad38816 stk-block-background\" data-v=\"4\" data-block-id=\"ad38816\"><style>.stk-ad38816 {background-color:#ffffff !important;border-top-left-radius:30px !important;border-top-right-radius:30px !important;border-bottom-right-radius:30px !important;border-bottom-left-radius:30px !important;overflow:hidden !important;padding-top:50px !important;padding-right:50px !important;padding-bottom:50px !important;padding-left:50px !important;margin-top:30px !important;margin-bottom:30px !important;}.stk-ad38816:before{background-color:#ffffff !important;}@media screen and (max-width: 767px){.stk-ad38816 {padding-top:20px !important;padding-right:20px !important;padding-bottom:20px !important;padding-left:20px !important;margin-top:15px !important;margin-right:10px !important;margin-bottom:15px !important;margin-left:10px !important;}}<\/style><div class=\"stk-column-wrapper stk-block-column__content stk-container stk-ad38816-container stk--no-background stk--no-padding\"><div class=\"stk-block-content stk-inner-blocks stk-ad38816-inner-blocks\">\n<details class=\"wp-block-stackable-accordion stk-block-accordion stk-inner-blocks stk-block-content stk-block stk-986fe02 is-style-plain\" id=\"profesorado-secundaria\" data-block-id=\"986fe02\"><style>.stk-986fe02 {border-style:solid !important;border-color:#dfdad1 !important;border-top-width:0px !important;border-right-width:0px !important;border-bottom-width:1px !important;border-left-width:0px !important;padding-bottom:24px !important;}<\/style>\n<summary class=\"wp-block-stackable-column stk-block-column stk-column stk-block stk-16821eb stk--container-small stk-block-accordion__heading\" data-v=\"4\" data-block-id=\"16821eb\"><div class=\"stk-column-wrapper stk-block-column__content stk-container stk-16821eb-container stk--no-background stk--no-padding\"><div class=\"stk-block-content stk-inner-blocks stk-16821eb-inner-blocks\">\n<div class=\"wp-block-stackable-icon-label stk-block-icon-label stk-block stk-ba707e4\" data-block-id=\"ba707e4\"><div class=\"stk-row stk-inner-blocks stk-block-content\">\n<div class=\"wp-block-stackable-heading stk-block-heading stk-block-heading--v2 stk-block stk-562b5ad\" id=\"profesorado-de-secundaria\" data-block-id=\"562b5ad\"><style>.stk-562b5ad .stk-block-heading__text{color:var(--stk-global-color-60833, #5c068c) !important;font-weight:600 !important;font-family:\"Montserrat\", Sans-serif !important;}@media screen and (max-width: 767px){.stk-562b5ad .stk-block-heading__text{font-size:15px !important;line-height:1em !important;}}<\/style><h4 class=\"stk-block-heading__text has-text-color\">Profesorado de secundaria<\/h4><\/div>\n\n\n\n<div class=\"wp-block-stackable-icon stk-block-icon stk-block stk-030d9f2\" data-block-id=\"030d9f2\"><style>@media screen and (max-width: 767px){.stk-030d9f2 .stk--svg-wrapper .stk--inner-svg svg:last-child{height:20px !important;width:20px !important;}}<\/style><span class=\"stk--svg-wrapper stk--has-icon2\"><div class=\"stk--inner-svg\"><svg style=\"height:0;width:0\"><defs><linearGradient id=\"linear-gradient-030d9f2\" x1=\"0\" x2=\"100%\" y1=\"0\" y2=\"0\"><stop offset=\"0%\" style=\"stop-opacity:1;stop-color:var(--linear-gradient-030-d-9-f-2-color-1)\"><\/stop><stop offset=\"100%\" style=\"stop-opacity:1;stop-color:var(--linear-gradient-030-d-9-f-2-color-2)\"><\/stop><\/linearGradient><\/defs><\/svg><svg class=\"ugb-custom-icon\" viewBox=\"0 0 34 34\" xmlns=\"http:\/\/www.w3.org\/2000\/svg\" aria-hidden=\"true\" width=\"32\" height=\"32\">\n<g clip-path=\"url(#clip0_1_2-14477)\">\n<path d=\"M17 34C26.3888 34 34 26.3888 34 17C34 7.61116 26.3888 0 17 0C7.61116 0 0 7.61116 0 17C0 26.3888 7.61116 34 17 34Z\" fill=\"#8A41E6\" \/>\n<path d=\"M22.71 14.28L17.05 19.95L11.29 14.18L9 16.47L14.76 22.23L15 22.5L16 23.53L17 24.56L25 16.56L22.71 14.28Z\" fill=\"white\" \/>\n<\/g>\n<defs>\n<clipPath id=\"clip0_1_2-14477\">\n<rect width=\"34\" height=\"34\" fill=\"white\" \/>\n<\/clipPath>\n<\/defs>\n<\/svg><\/div><div class=\"stk--inner-svg stk--icon-2\" style=\"display:none\"><svg style=\"height:0;width:0\"><defs><linearGradient id=\"linear-gradient-030d9f2\" x1=\"0\" x2=\"100%\" y1=\"0\" y2=\"0\"><stop offset=\"0%\" style=\"stop-opacity:1;stop-color:var(--linear-gradient-030-d-9-f-2-color-1)\"><\/stop><stop offset=\"100%\" style=\"stop-opacity:1;stop-color:var(--linear-gradient-030-d-9-f-2-color-2)\"><\/stop><\/linearGradient><\/defs><\/svg><svg class=\"ugb-custom-icon\" viewBox=\"0 0 34 34\" xmlns=\"http:\/\/www.w3.org\/2000\/svg\" aria-hidden=\"true\" width=\"32\" height=\"32\">\n<g clip-path=\"url(#clip0_1_2-67935)\">\n<path d=\"M17 34C26.3888 34 34 26.3888 34 17C34 7.61116 26.3888 0 17 0C7.61116 0 0 7.61116 0 17C0 26.3888 7.61116 34 17 34Z\" fill=\"#8A41E6\" \/>\n<path d=\"M22.71 14.28L17.05 19.95L11.29 14.18L9 16.47L14.76 22.23L15 22.5L16 23.53L17 24.56L25 16.56L22.71 14.28Z\" fill=\"white\" \/>\n<\/g>\n<defs>\n<clipPath id=\"clip0_1_2-67935\">\n<rect width=\"34\" height=\"34\" fill=\"white\" \/>\n<\/clipPath>\n<\/defs>\n<\/svg><\/div><\/span><\/div>\n<\/div><\/div>\n<\/div><\/div><\/summary>\n\n\n\n<div class=\"wp-block-stackable-column stk-block-column stk-column stk-block stk-1ef8407 stk-block-accordion__content\" data-v=\"4\" data-block-id=\"1ef8407\"><style>.stk-1ef8407-container{padding-top:0px !important;padding-right:0px !important;padding-bottom:0px !important;padding-left:0px !important;}<\/style><div class=\"stk-column-wrapper stk-block-column__content stk-container stk-1ef8407-container stk--no-background stk--no-padding\"><div class=\"stk-block-content stk-inner-blocks stk-1ef8407-inner-blocks\">\n<p data-block-type=\"core\">El profesorado de secundaria que participe como&nbsp;<strong>miembro del tribunal&nbsp;<\/strong>calificador, as\u00ed como el profesorado que participe como miembro de&nbsp;<strong>apoyo al tribunal<\/strong>&nbsp;calificador durante los d\u00edas de celebraci\u00f3n de las pruebas de acceso, deber\u00e1 presentar la solicitud de alta a terceros a trav\u00e9s del siguiente&nbsp;<a href=\"https:\/\/sede.ull.es\/ecivilis-site\/catalog\/showProcedure\/483\" target=\"_blank\" rel=\"noreferrer noopener\" target=\"_blank\" rel=\"noopener\">enlace a la sede electr\u00f3nica<\/a>, en los siguientes casos:<\/p>\n\n\n\n<p data-block-type=\"core\">a) En el caso de que no hubiera percibido pagos anteriormente de la Universidad de La Laguna, debiendo seleccionar \u00abAlta\u00bb en el formulario.<\/p>\n\n\n\n<p data-block-type=\"core\">b) En el caso de que habiendo percibido pagos anteriormente de la Universidad de La Laguna, haya modificado o desee modificar la cuenta bancaria de destino,&nbsp; debiendo seleccionar \u00abModificaci\u00f3n\u00bb en el el formulario.<\/p>\n\n\n\n<p data-block-type=\"core\"><strong>Documentaci\u00f3n exigida para el alta a terceros<\/strong><\/p>\n\n\n\n<ul class=\"wp-block-list\" data-block-type=\"core\">\n<li data-block-type=\"core\">Documento de identificaci\u00f3n del solicitante (DNI, NIE o equivalente).<\/li>\n<\/ul>\n\n\n\n<ul class=\"wp-block-list\" data-block-type=\"core\">\n<li data-block-type=\"core\">Certificaci\u00f3n de titularidad de la cuenta bancaria emitida por la entidad financiera.<\/li>\n<\/ul>\n<\/div><\/div><\/div>\n<\/details>\n<\/div><\/div><\/div>\n<\/div><\/div>\n","protected":false},"excerpt":{"rendered":"<p>Tribunal calificador Reglamento por el que se regula el sistema de designaci\u00f3n de las personas responsables de la coordinaci\u00f3n de materias en las pruebas de acceso a la Universidad de La Laguna (aprobado en Consejo de Gobierno de 16 de marzo de 2022) Acuerdo 5 del apartado a) de 02-10-2023 del Consejo de Gobierno de&#8230;<\/p>\n","protected":false},"author":1,"featured_media":0,"parent":567,"menu_order":0,"comment_status":"closed","ping_status":"closed","template":"templates\/template-frontpage.php","meta":{"footnotes":""},"class_list":["post-610","page","type-page","status-publish","hentry"],"_links":{"self":[{"href":"https:\/\/www.ull.es\/admision-becas\/wp-json\/wp\/v2\/pages\/610","targetHints":{"allow":["GET"]}}],"collection":[{"href":"https:\/\/www.ull.es\/admision-becas\/wp-json\/wp\/v2\/pages"}],"about":[{"href":"https:\/\/www.ull.es\/admision-becas\/wp-json\/wp\/v2\/types\/page"}],"author":[{"embeddable":true,"href":"https:\/\/www.ull.es\/admision-becas\/wp-json\/wp\/v2\/users\/1"}],"replies":[{"embeddable":true,"href":"https:\/\/www.ull.es\/admision-becas\/wp-json\/wp\/v2\/comments?post=610"}],"version-history":[{"count":146,"href":"https:\/\/www.ull.es\/admision-becas\/wp-json\/wp\/v2\/pages\/610\/revisions"}],"predecessor-version":[{"id":8778,"href":"https:\/\/www.ull.es\/admision-becas\/wp-json\/wp\/v2\/pages\/610\/revisions\/8778"}],"up":[{"embeddable":true,"href":"https:\/\/www.ull.es\/admision-becas\/wp-json\/wp\/v2\/pages\/567"}],"wp:attachment":[{"href":"https:\/\/www.ull.es\/admision-becas\/wp-json\/wp\/v2\/media?parent=610"}],"curies":[{"name":"wp","href":"https:\/\/api.w.org\/{rel}","templated":true}]}}