{"id":632,"date":"2017-06-08T10:05:52","date_gmt":"2017-06-08T10:05:52","guid":{"rendered":"https:\/\/www.ull.es\/admision-becas\/?page_id=632"},"modified":"2025-12-17T12:30:12","modified_gmt":"2025-12-17T12:30:12","slug":"coincidencia-dos-materias-la-misma-franja-horaria","status":"publish","type":"page","link":"https:\/\/www.ull.es\/admision-becas\/pau\/coincidencia-dos-materias-la-misma-franja-horaria\/","title":{"rendered":"Coincidencia de dos materias en la misma franja horaria junio"},"content":{"rendered":"\n<div class=\"wp-block-stackable-columns alignfull stk-block-columns stk-block stk-2cbe2d9 stk-block-background stk--has-background-overlay\" data-block-id=\"2cbe2d9\"><style>.stk-2cbe2d9 {background-image:url(https:\/\/www.ull.es\/admision-becas\/wp-content\/uploads\/sites\/8\/2025\/11\/Landing-PAU_Header.jpg) !important;min-height:600px !important;align-items:center !important;padding-top:0px !important;padding-right:0px !important;padding-bottom:0px !important;padding-left:0px !important;margin-top:-30px !important;margin-bottom:50px !important;display:flex !important;}.stk-2cbe2d9-column{max-width:1300px !important;min-width:auto !important;}@media screen and (max-width: 767px){.stk-2cbe2d9 {min-height:400px !important;}}<\/style><div class=\"stk-row stk-inner-blocks stk-block-content stk-content-align stk-2cbe2d9-column\">\n<div class=\"wp-block-stackable-column stk-block-column stk-column stk-block stk-67d5c45\" data-v=\"4\" data-block-id=\"67d5c45\"><style>@media screen and (max-width: 767px){.stk-67d5c45 {padding-top:10px !important;padding-right:10px !important;padding-bottom:10px !important;padding-left:10px !important;}}<\/style><div class=\"stk-column-wrapper stk-block-column__content stk-container stk-67d5c45-container stk--no-background stk--no-padding\"><div class=\"stk-block-content stk-inner-blocks stk-67d5c45-inner-blocks\">\n<div class=\"wp-block-stackable-heading stk-block-heading stk-block-heading--v2 stk-block stk-c229f24\" id=\"coincidencias-horarias\" data-block-id=\"c229f24\"><style>.stk-c229f24 {margin-bottom:0px !important;}.stk-c229f24 .stk-block-heading__text{font-size:80px !important;color:#ffffff !important;font-weight:700 !important;font-family:\"Montserrat\", Sans-serif !important;}@media screen and (max-width: 1023px){.stk-c229f24 .stk-block-heading__text{font-size:50px !important;}}@media screen and (max-width: 767px){.stk-c229f24 .stk-block-heading__text{font-size:47px !important;}}<\/style><h1 class=\"stk-block-heading__text has-text-color\">Coincidencias horarias<\/h1><\/div>\n<\/div><\/div><\/div>\n<\/div><\/div>\n\n\n\n<div class=\"wp-block-stackable-columns stk-block-columns stk-block stk-8b59b96\" data-block-id=\"8b59b96\"><style>.stk-8b59b96 .stk--block-align-8b59b96{align-items:flex-start !important;}.stk-8b59b96-column{--stk-columns-spacing:0px !important;--stk-column-gap:50px !important;}<\/style><div class=\"stk-row stk-inner-blocks stk--block-align-8b59b96 stk-block-content stk-content-align stk-8b59b96-column\">\n<div class=\"wp-block-stackable-column stk-block-column stk-column stk-block stk-dbb7e15\" data-v=\"4\" data-block-id=\"dbb7e15\"><div class=\"stk-column-wrapper stk-block-column__content stk-container stk-dbb7e15-container stk--no-background stk--no-padding\"><div class=\"stk-block-content stk-inner-blocks stk-dbb7e15-inner-blocks\">\n<div class=\"wp-block-stackable-heading stk-block-heading stk-block-heading--v2 stk-block stk-1276c8c\" id=\"strong-reglas-generales-de-la-convocatoria-ordinaria-de-junio-strong\" data-block-id=\"1276c8c\"><h2 class=\"stk-block-heading__text\"><strong>Reglas generales de la convocatoria ordinaria de junio<\/strong><\/h2><\/div>\n\n\n\n<div class=\"wp-block-stackable-text stk-block-text stk-block stk-c02ace3\" data-block-id=\"c02ace3\"><style>.stk-c02ace3 {margin-bottom:12px !important;}<\/style><p class=\"stk-block-text__text\"><\/p><\/div>\n\n\n\n<ul class=\"wp-block-list\" data-block-type=\"core\">\n<li data-block-type=\"core\">Las sesiones de Lenguas Extranjeras ser\u00e1n el martes 2 y el miercoles 3 de junio a las 12:00.\n<ul class=\"wp-block-list\" data-block-type=\"core\">\n<li data-block-type=\"core\">Las sesiones de Lengua Extranjera de la fase general se celebran el d\u00eda que te correspondan en funci\u00f3n de la modalidad de Bachillerato que hayas cursado.<\/li>\n\n\n\n<li data-block-type=\"core\">Los estudiantes que&nbsp;solo se presentan a la Fase de Opci\u00f3n&nbsp;con&nbsp;solo una lengua extranjera&nbsp;se examinar\u00e1n de ella en la sesi\u00f3n del miercoles 3 de junio (1).<\/li>\n<\/ul>\n<\/li>\n\n\n\n<li data-block-type=\"core\">El alumnado que se presenta a la Fase General elegir\u00e1 entre Historia de Espa\u00f1a e Historia de la Filosof\u00eda.\n<ul class=\"wp-block-list\" data-block-type=\"core\">\n<li data-block-type=\"core\">La que elija para la Fase General se examinar\u00e1 de ella el mismo d\u00eda que se examine de Lengua Castellana y Literatura.<\/li>\n\n\n\n<li data-block-type=\"core\">La que realice en la fase de opci\u00f3n, realizar\u00e1 el examen el martes 2 y el miercoles 3 de junio, en funci\u00f3n de cuando haya realizado la de la fase general (1).<\/li>\n<\/ul>\n<\/li>\n\n\n\n<li data-block-type=\"core\">En el caso de que le coincidan dos materias en una sesi\u00f3n del tercer o cuarto d\u00eda (jueves 4 y viernes 5 de junio), y se va a presentar a las dos, en esa sesi\u00f3n har\u00e1 la que primero aparece en el horario y la segunda la har\u00e1 el viernes por la tarde a 16:00 horas en el aula indicada para tal fin.\n<ul class=\"wp-block-list\" data-block-type=\"core\">\n<li data-block-type=\"core\">Por ejemplo me examino de F\u00edsica y Geograf\u00eda en la convocatoria de junio. Realziar\u00e1 el examen de F\u00edsica el d\u00eda que figura en el calendario (3\u00aa sesi\u00f3n del 4 de junio) y de Geograf\u00eda el d\u00eda 5 de junio a las 16:00 horas (presentaci\u00f3n, 15:45 h).<\/li>\n<\/ul>\n<\/li>\n<\/ul>\n\n\n\n<p data-block-type=\"core\"><strong>(1) IMPORTANTE: <\/strong>En todo caso el estudiante <strong>deber\u00e1\u00a0<a href=\"https:\/\/www.ull.es\/admision-becas\/pau\/consulta-de-aulas-y-sedes-pau\/\" target=\"_blank\" rel=\"noreferrer noopener\" target=\"_blank\" rel=\"noopener\">consultar de forma previa el d\u00eda, hora y aulas<\/a><\/strong>\u00a0en las que realizar\u00e1 los ex\u00e1menes, las cuales estar\u00e1n disponibles como m\u00e1ximo con 24 horas de antelaci\u00f3n al comienzo de las pruebas.<\/p>\n<\/div><\/div><\/div>\n<\/div><\/div>\n\n\n\n<div class=\"wp-block-stackable-columns alignfull stk-block-columns stk-block stk-81ad3b0 stk-block-background stk--has-background-overlay\" data-block-id=\"81ad3b0\"><style>.stk-81ad3b0 {background-color:#ddd6fc !important;background-image:url(https:\/\/www.ull.es\/wp-content\/uploads\/2025\/11\/Frame_3.png) !important;border-top-left-radius:30px !important;border-top-right-radius:30px !important;border-bottom-right-radius:30px !important;border-bottom-left-radius:30px !important;overflow:hidden !important;margin-top:50px !important;margin-bottom:50px !important;}.stk-81ad3b0:before{background-color:#ddd6fc !important;opacity:0 !important;}.stk-81ad3b0-column{max-width:1300px !important;min-width:auto !important;}<\/style><div class=\"stk-row stk-inner-blocks stk-block-content stk-content-align stk-81ad3b0-column\">\n<div class=\"wp-block-stackable-column stk-block-column stk-column stk-block stk-20be033\" data-v=\"4\" data-block-id=\"20be033\"><style>.stk-20be033 {border-top-left-radius:30px !important;border-top-right-radius:30px !important;border-bottom-right-radius:30px !important;border-bottom-left-radius:30px !important;overflow:hidden !important;padding-top:50px !important;padding-right:50px !important;padding-bottom:50px !important;padding-left:50px !important;margin-top:30px !important;margin-bottom:30px !important;}@media screen and (max-width: 767px){.stk-20be033 {padding-top:20px !important;padding-right:20px !important;padding-bottom:20px !important;padding-left:20px !important;margin-top:15px !important;margin-right:10px !important;margin-bottom:15px !important;margin-left:10px !important;}}<\/style><div class=\"stk-column-wrapper stk-block-column__content stk-container stk-20be033-container stk--no-background stk--no-padding\"><div class=\"stk-block-content stk-inner-blocks stk-20be033-inner-blocks\">\n<div class=\"wp-block-stackable-icon-label stk-block-icon-label stk-block stk-405e850 stk-block-background\" id=\"a-href-https-www-ull-es-links-interes-data-type-page-data-id-15808-span-style-color-var-stk-global-color-92696-eeeeee-class-stk-highlight-acceso-a-las-notas-de-corte-dobles-grados-2025-2026-span-a\" data-block-id=\"405e850\"><style>.stk-405e850 {background-color:#7c30e3 !important;border-top-left-radius:25px !important;border-top-right-radius:25px !important;border-bottom-right-radius:25px !important;border-bottom-left-radius:25px !important;overflow:hidden !important;border-style:solid !important;border-color:#dfdad1 !important;border-top-width:0px !important;border-right-width:0px !important;border-bottom-width:1px !important;border-left-width:0px !important;padding-top:36px !important;padding-right:20px !important;padding-bottom:36px !important;padding-left:25px !important;margin-bottom:24px !important;}.stk-405e850:before{background-color:#7c30e3 !important;}<\/style><div class=\"stk-row stk-inner-blocks stk-block-content\">\n<div class=\"wp-block-stackable-heading stk-block-heading stk-block-heading--v2 stk-block stk-52d5e6f\" id=\"a-href-https-www-gobiernodecanarias-org-educacion-web-bachillerato-pau-calendario-celebracion-pau-index-html-span-style-color-fffffe-class-stk-highlight-calendario-y-horario-de-las-pruebas-span-a\" data-block-id=\"52d5e6f\"><style>.stk-52d5e6f .stk-block-heading__text{color:#000000 !important;font-weight:600 !important;font-family:\"Montserrat\", Sans-serif !important;}@media screen and (max-width: 767px){.stk-52d5e6f .stk-block-heading__text{font-size:15px !important;}}<\/style><h4 class=\"stk-block-heading__text has-text-color\"><a href=\"https:\/\/www.gobiernodecanarias.org\/educacion\/web\/bachillerato\/pau\/calendario-celebracion-pau\/index.html\" target=\"_blank\" rel=\"noopener\"><span style=\"color: #fffffe;\" class=\"stk-highlight\">Calendario y horario de las pruebas<\/span><\/a><\/h4><\/div>\n\n\n\n<div class=\"wp-block-stackable-icon stk-block-icon has-text-align-left stk-block stk-f721377\" data-block-id=\"f721377\"><style>@media screen and (max-width: 767px){.stk-f721377 .stk--svg-wrapper .stk--inner-svg svg:last-child{height:20px !important;width:20px !important;}}<\/style><a class=\"stk-link\" href=\"https:\/\/drive.google.com\/file\/d\/1a79EwyWLZl-7eU3WWm0MgGMEkv1JsGmO\/view\" target=\"_blank\" rel=\"noopener\"><span class=\"stk--svg-wrapper\"><div class=\"stk--inner-svg\"><svg style=\"height:0;width:0\"><defs><linearGradient id=\"linear-gradient-f721377\" x1=\"0\" x2=\"100%\" y1=\"0\" y2=\"0\"><stop offset=\"0%\" style=\"stop-opacity:1;stop-color:var(--linear-gradient-f-721377-color-1)\"><\/stop><stop offset=\"100%\" style=\"stop-opacity:1;stop-color:var(--linear-gradient-f-721377-color-2)\"><\/stop><\/linearGradient><\/defs><\/svg><svg class=\"ugb-custom-icon\" id=\"Capa_1-91700\" data-name=\"Capa 1\" xmlns=\"http:\/\/www.w3.org\/2000\/svg\" viewBox=\"0 0 36 36\" aria-hidden=\"true\" width=\"32\" height=\"32\">\n  <defs>\n    <style>\n      .cls-1 {\n        fill: #fff;\n      }\n\n      .cls-2 {\n        fill: #782ce8;\n      }\n    <\/style>\n  <\/defs>\n  <circle class=\"cls-1\" cx=\"18\" cy=\"18\" r=\"18\"\/>\n  <polygon class=\"cls-2\" points=\"24.35 23.34 21.01 23.33 21.01 17.26 13.19 25.08 10.92 22.81 18.81 14.92 12.73 14.92 12.73 11.58 24.35 11.58 24.35 23.34\"\/>\n<\/svg><\/div><\/span><\/a><\/div>\n<\/div><\/div>\n<\/div><\/div><\/div>\n<\/div><\/div>\n","protected":false},"excerpt":{"rendered":"<p>Coincidencias horarias Reglas generales de la convocatoria ordinaria de junio (1) IMPORTANTE: En todo caso el estudiante deber\u00e1\u00a0consultar de forma previa el d\u00eda, hora y aulas\u00a0en las que realizar\u00e1 los ex\u00e1menes, las cuales estar\u00e1n disponibles como m\u00e1ximo con 24 horas de antelaci\u00f3n al comienzo de las pruebas. Calendario y horario de las pruebas<\/p>\n","protected":false},"author":1,"featured_media":0,"parent":567,"menu_order":0,"comment_status":"closed","ping_status":"closed","template":"templates\/template-frontpage.php","meta":{"footnotes":""},"class_list":["post-632","page","type-page","status-publish","hentry"],"_links":{"self":[{"href":"https:\/\/www.ull.es\/admision-becas\/wp-json\/wp\/v2\/pages\/632","targetHints":{"allow":["GET"]}}],"collection":[{"href":"https:\/\/www.ull.es\/admision-becas\/wp-json\/wp\/v2\/pages"}],"about":[{"href":"https:\/\/www.ull.es\/admision-becas\/wp-json\/wp\/v2\/types\/page"}],"author":[{"embeddable":true,"href":"https:\/\/www.ull.es\/admision-becas\/wp-json\/wp\/v2\/users\/1"}],"replies":[{"embeddable":true,"href":"https:\/\/www.ull.es\/admision-becas\/wp-json\/wp\/v2\/comments?post=632"}],"version-history":[{"count":49,"href":"https:\/\/www.ull.es\/admision-becas\/wp-json\/wp\/v2\/pages\/632\/revisions"}],"predecessor-version":[{"id":8497,"href":"https:\/\/www.ull.es\/admision-becas\/wp-json\/wp\/v2\/pages\/632\/revisions\/8497"}],"up":[{"embeddable":true,"href":"https:\/\/www.ull.es\/admision-becas\/wp-json\/wp\/v2\/pages\/567"}],"wp:attachment":[{"href":"https:\/\/www.ull.es\/admision-becas\/wp-json\/wp\/v2\/media?parent=632"}],"curies":[{"name":"wp","href":"https:\/\/api.w.org\/{rel}","templated":true}]}}