{"id":644,"date":"2017-06-08T11:00:21","date_gmt":"2017-06-08T11:00:21","guid":{"rendered":"https:\/\/www.ull.es\/admision-becas\/?page_id=644"},"modified":"2025-12-19T12:24:06","modified_gmt":"2025-12-19T12:24:06","slug":"metodo-de-calificacion","status":"publish","type":"page","link":"https:\/\/www.ull.es\/admision-becas\/pau\/metodo-de-calificacion\/","title":{"rendered":"M\u00e9todo de calificaci\u00f3n"},"content":{"rendered":"\n<div class=\"wp-block-stackable-columns alignfull stk-block-columns stk-block stk-2cbe2d9 stk-block-background stk--has-background-overlay\" data-block-id=\"2cbe2d9\"><style>.stk-2cbe2d9 {background-image:url(https:\/\/www.ull.es\/admision-becas\/wp-content\/uploads\/sites\/8\/2025\/11\/Landing-PAU_Header.jpg) !important;min-height:600px !important;align-items:center !important;padding-top:0px !important;padding-right:0px !important;padding-bottom:0px !important;padding-left:0px !important;margin-top:-30px !important;margin-bottom:50px !important;display:flex !important;}.stk-2cbe2d9-column{max-width:1300px !important;min-width:auto !important;}@media screen and (max-width: 767px){.stk-2cbe2d9 {min-height:400px !important;}}<\/style><div class=\"stk-row stk-inner-blocks stk-block-content stk-content-align stk-2cbe2d9-column\">\n<div class=\"wp-block-stackable-column stk-block-column stk-column stk-block stk-67d5c45\" data-v=\"4\" data-block-id=\"67d5c45\"><style>@media screen and (max-width: 767px){.stk-67d5c45 {padding-top:10px !important;padding-right:10px !important;padding-bottom:10px !important;padding-left:10px !important;}}<\/style><div class=\"stk-column-wrapper stk-block-column__content stk-container stk-67d5c45-container stk--no-background stk--no-padding\"><div class=\"stk-block-content stk-inner-blocks stk-67d5c45-inner-blocks\">\n<div class=\"wp-block-stackable-heading stk-block-heading stk-block-heading--v2 stk-block stk-c229f24\" id=\"metodo-de-calificacion\" data-block-id=\"c229f24\"><style>.stk-c229f24 {margin-bottom:0px !important;}.stk-c229f24 .stk-block-heading__text{font-size:80px !important;color:#ffffff !important;font-weight:700 !important;font-family:\"Montserrat\", Sans-serif !important;}@media screen and (max-width: 1023px){.stk-c229f24 .stk-block-heading__text{font-size:50px !important;}}@media screen and (max-width: 767px){.stk-c229f24 .stk-block-heading__text{font-size:47px !important;}}<\/style><h1 class=\"stk-block-heading__text has-text-color\">M\u00e9todo de calificaci\u00f3n<\/h1><\/div>\n<\/div><\/div><\/div>\n<\/div><\/div>\n\n\n\n<div class=\"wp-block-stackable-columns stk-block-columns stk-block stk-8b59b96\" data-block-id=\"8b59b96\"><style>.stk-8b59b96 .stk--block-align-8b59b96{align-items:flex-start !important;}.stk-8b59b96-column{--stk-columns-spacing:0px !important;--stk-column-gap:50px !important;}<\/style><div class=\"stk-row stk-inner-blocks stk--block-align-8b59b96 stk-block-content stk-content-align stk-8b59b96-column\">\n<div class=\"wp-block-stackable-column stk-block-column stk-column stk-block stk-dbb7e15\" data-v=\"4\" data-block-id=\"dbb7e15\"><div class=\"stk-column-wrapper stk-block-column__content stk-container stk-dbb7e15-container stk--no-background stk--no-padding\"><div class=\"stk-block-content stk-inner-blocks stk-dbb7e15-inner-blocks\">\n<div class=\"wp-block-stackable-heading stk-block-heading stk-block-heading--v2 stk-block stk-ee3acd3\" id=\"strong-calificacion-de-la-fase-general-strong\" data-block-id=\"ee3acd3\"><h2 class=\"stk-block-heading__text\"><strong>Calificaci\u00f3n de la fase general<\/strong><\/h2><\/div>\n\n\n\n<p data-block-type=\"core\">Cada uno de los ejercicios se calificar\u00e1 de 0 a 10 puntos, con dos cifras decimales.<\/p>\n\n\n\n<p data-block-type=\"core\">La calificaci\u00f3n de la fase general, ser\u00e1&nbsp;<strong>la media aritm\u00e9tica&nbsp;<\/strong>de las calificaciones de los cuatro ejercicios expresada en forma num\u00e9rica de 0 a 10 puntos, con tres cifras decimales, redondeada a la mil\u00e9sima m\u00e1s pr\u00f3xima y, en caso de equidistancia, a la superior.<\/p>\n\n\n\n<div class=\"wp-block-stackable-spacer stk-block-spacer stk--no-padding stk-block stk-950e615\" data-block-id=\"950e615\"><style>.stk-950e615 {height:35px !important;}<\/style><\/div>\n\n\n\n<h2 class=\"wp-block-heading\" data-block-type=\"core\"><strong>Calificaci\u00f3n de la fase de opci\u00f3n<\/strong><\/h2>\n\n\n\n<p data-block-type=\"core\">Cada una de las materias de las que se examine el estudiante en esta fase se calificar\u00e1 de 0 a 10 puntos, con dos cifras decimales. Se considerar\u00e1&nbsp;<strong>superada la materia&nbsp;<\/strong>cuando se obtenga una calificaci\u00f3n<strong>&nbsp;igual o superior a 5 puntos<em>.<\/em><\/strong><\/p>\n\n\n\n<div class=\"wp-block-stackable-spacer stk-block-spacer stk--no-padding stk-block stk-994f573\" data-block-id=\"994f573\"><style>.stk-994f573 {height:35px !important;}<\/style><\/div>\n\n\n\n<h2 class=\"wp-block-heading\" data-block-type=\"core\"><strong>Superaci\u00f3n de la prueba de acceso a la universidad<\/strong><\/h2>\n\n\n\n<ol class=\"wp-block-list\" data-block-type=\"core\">\n<li data-block-type=\"core\">Se considerar\u00e1 que un alumno o una alumna ha superado esta prueba cuando haya obtenido una nota igual o mayor a\u00a0<strong>5 puntos<\/strong>\u00a0como resultado de la media ponderada del\u00a0<strong>60%<\/strong>\u00a0de la nota media de\u00a0<strong>Bachillerato,<\/strong> calculada sin tener en cuenta la calificaci\u00f3n de la materia de Religi\u00f3n,<strong> <\/strong>y el\u00a0<strong>40%<\/strong>\u00a0de la calificaci\u00f3n de la\u00a0<strong>fase general,<\/strong>\u00a0siempre que haya obtenido un\u00a0<strong>m\u00ednimo de 4 puntos<\/strong>\u00a0<strong>en<\/strong>\u00a0la calificaci\u00f3n de la\u00a0<strong>fase general.<\/strong>\u00a0<\/li>\n\n\n\n<li data-block-type=\"core\">La <strong>nota de acceso a la universidad<\/strong> se expresar\u00e1 con tres cifras decimales, redondeada a la cent\u00e9sima m\u00e1s pr\u00f3xima y en caso de equidistancia a la superior.<\/li>\n\n\n\n<li data-block-type=\"core\">La superaci\u00f3n de la fase general, as\u00ed como la calificaci\u00f3n obtenida, tendr\u00e1 validez indefinida.<\/li>\n\n\n\n<li data-block-type=\"core\">Las calificaciones de las materias susceptibles de ponderaci\u00f3n conforme a la&nbsp;<a href=\"https:\/\/www.ull.es\/admision-becas\/ebau\/ponderaciones-las-titulaciones-la-ull\/\" target=\"_blank\" rel=\"noreferrer noopener\" target=\"_blank\" rel=\"noopener\">tabla de poderaciones publicada<\/a>, tendr\u00e1n validez durante el curso que se inicie inmediatamente despu\u00e9s de la superaci\u00f3n de la prueba y los dos cursos acad\u00e9micos siguientes a este.<\/li>\n<\/ol>\n\n\n\n<p data-block-type=\"core\"><a href=\"https:\/\/www.ull.es\/admision-becas\/admision-a-titulaciones-oficiales-de-grado\/preinscripcion\/calculo-nota-admision\/\" target=\"_blank\" rel=\"noreferrer noopener\" target=\"_blank\" rel=\"noopener\"><strong>Consulta aqu\u00ed los criterios para el c\u00e1lculo de la Nota de admisi\u00f3n a las ense\u00f1anzas universitarias oficiales de Grado<\/strong><\/a><\/p>\n<\/div><\/div><\/div>\n<\/div><\/div>\n","protected":false},"excerpt":{"rendered":"<p>M\u00e9todo de calificaci\u00f3n Calificaci\u00f3n de la fase general Cada uno de los ejercicios se calificar\u00e1 de 0 a 10 puntos, con dos cifras decimales. La calificaci\u00f3n de la fase general, ser\u00e1&nbsp;la media aritm\u00e9tica&nbsp;de las calificaciones de los cuatro ejercicios expresada en forma num\u00e9rica de 0 a 10 puntos, con tres cifras decimales, redondeada a la&#8230;<\/p>\n","protected":false},"author":1,"featured_media":0,"parent":567,"menu_order":0,"comment_status":"closed","ping_status":"closed","template":"templates\/template-frontpage.php","meta":{"footnotes":""},"class_list":["post-644","page","type-page","status-publish","hentry"],"_links":{"self":[{"href":"https:\/\/www.ull.es\/admision-becas\/wp-json\/wp\/v2\/pages\/644","targetHints":{"allow":["GET"]}}],"collection":[{"href":"https:\/\/www.ull.es\/admision-becas\/wp-json\/wp\/v2\/pages"}],"about":[{"href":"https:\/\/www.ull.es\/admision-becas\/wp-json\/wp\/v2\/types\/page"}],"author":[{"embeddable":true,"href":"https:\/\/www.ull.es\/admision-becas\/wp-json\/wp\/v2\/users\/1"}],"replies":[{"embeddable":true,"href":"https:\/\/www.ull.es\/admision-becas\/wp-json\/wp\/v2\/comments?post=644"}],"version-history":[{"count":29,"href":"https:\/\/www.ull.es\/admision-becas\/wp-json\/wp\/v2\/pages\/644\/revisions"}],"predecessor-version":[{"id":8560,"href":"https:\/\/www.ull.es\/admision-becas\/wp-json\/wp\/v2\/pages\/644\/revisions\/8560"}],"up":[{"embeddable":true,"href":"https:\/\/www.ull.es\/admision-becas\/wp-json\/wp\/v2\/pages\/567"}],"wp:attachment":[{"href":"https:\/\/www.ull.es\/admision-becas\/wp-json\/wp\/v2\/media?parent=644"}],"curies":[{"name":"wp","href":"https:\/\/api.w.org\/{rel}","templated":true}]}}