{"id":685,"date":"2017-06-08T12:07:57","date_gmt":"2017-06-08T12:07:57","guid":{"rendered":"https:\/\/www.ull.es\/admision-becas\/?page_id=685"},"modified":"2025-12-16T14:42:42","modified_gmt":"2025-12-16T14:42:42","slug":"consulta-notas-tarjetas","status":"publish","type":"page","link":"https:\/\/www.ull.es\/admision-becas\/pau\/consulta-notas-tarjetas\/","title":{"rendered":"Consulta de notas \/ tarjetas"},"content":{"rendered":"\n<div class=\"wp-block-stackable-columns alignfull stk-block-columns stk-block stk-2cbe2d9 stk-block-background stk--has-background-overlay\" data-block-id=\"2cbe2d9\"><style>.stk-2cbe2d9 {background-image:url(https:\/\/www.ull.es\/admision-becas\/wp-content\/uploads\/sites\/8\/2025\/11\/Landing-PAU_Header.jpg) !important;min-height:600px !important;align-items:center !important;padding-top:0px !important;padding-right:0px !important;padding-bottom:0px !important;padding-left:0px !important;margin-top:-30px !important;margin-bottom:50px !important;display:flex !important;}.stk-2cbe2d9-column{max-width:1300px !important;min-width:auto !important;}@media screen and (max-width: 767px){.stk-2cbe2d9 {min-height:400px !important;}}<\/style><div class=\"stk-row stk-inner-blocks stk-block-content stk-content-align stk-2cbe2d9-column\">\n<div class=\"wp-block-stackable-column stk-block-column stk-column stk-block stk-67d5c45\" data-v=\"4\" data-block-id=\"67d5c45\"><style>@media screen and (max-width: 767px){.stk-67d5c45 {padding-top:10px !important;padding-right:10px !important;padding-bottom:10px !important;padding-left:10px !important;}}<\/style><div class=\"stk-column-wrapper stk-block-column__content stk-container stk-67d5c45-container stk--no-background stk--no-padding\"><div class=\"stk-block-content stk-inner-blocks stk-67d5c45-inner-blocks\">\n<div class=\"wp-block-stackable-heading stk-block-heading stk-block-heading--v2 stk-block stk-c229f24\" id=\"consulta-de-notas-tarjetas\" data-block-id=\"c229f24\"><style>.stk-c229f24 {margin-bottom:0px !important;}.stk-c229f24 .stk-block-heading__text{font-size:80px !important;color:#ffffff !important;font-weight:700 !important;font-family:\"Montserrat\", Sans-serif !important;}@media screen and (max-width: 1023px){.stk-c229f24 .stk-block-heading__text{font-size:50px !important;}}@media screen and (max-width: 767px){.stk-c229f24 .stk-block-heading__text{font-size:47px !important;}}<\/style><h1 class=\"stk-block-heading__text has-text-color\">Consulta de notas\/tarjetas<\/h1><\/div>\n<\/div><\/div><\/div>\n<\/div><\/div>\n\n\n\n<div class=\"wp-block-stackable-columns stk-block-columns stk-block stk-8b59b96\" data-block-id=\"8b59b96\"><style>.stk-8b59b96 .stk--block-align-8b59b96{align-items:flex-start !important;}.stk-8b59b96-column{--stk-columns-spacing:0px !important;--stk-column-gap:50px !important;}<\/style><div class=\"stk-row stk-inner-blocks stk--block-align-8b59b96 stk-block-content stk-content-align stk-8b59b96-column\">\n<div class=\"wp-block-stackable-column stk-block-column stk-column stk-block stk-dbb7e15\" data-v=\"4\" data-block-id=\"dbb7e15\"><div class=\"stk-column-wrapper stk-block-column__content stk-container stk-dbb7e15-container stk--no-background stk--no-padding\"><div class=\"stk-block-content stk-inner-blocks stk-dbb7e15-inner-blocks\">\n<div class=\"wp-block-stackable-text stk-block-text stk-block stk-6d71865\" data-block-id=\"6d71865\"><p class=\"stk-block-text__text\">Para obtener la tarjeta de calificaci\u00f3n de cursos anteriores accede a trav\u00e9s de este&nbsp;<a href=\"https:\/\/www.ull.es\/admision-becas\/ebau\/tarjetas-de-calificaciones\/\" target=\"_blank\" rel=\"noreferrer noopener\" target=\"_blank\" rel=\"noopener\">enlace<\/a>.&nbsp;Se le solicitar\u00e1 el usuario (alu010xxx) y contrase\u00f1a que recibi\u00f3 tras la confirmaci\u00f3n de su matr\u00edcula en las pruebas de acceso.<\/p><\/div>\n<\/div><\/div><\/div>\n<\/div><\/div>\n\n\n\n<div class=\"wp-block-stackable-columns alignfull stk-block-columns stk-block stk-81ad3b0 stk-block-background stk--has-background-overlay\" data-block-id=\"81ad3b0\"><style>.stk-81ad3b0 {background-color:#ddd6fc !important;background-image:url(https:\/\/www.ull.es\/admision-becas\/wp-content\/uploads\/sites\/8\/2025\/11\/Recursos-landing-PAU_Lineas-degradadas-entera-derecha.png) !important;background-position:center center !important;background-repeat:no-repeat !important;border-top-left-radius:30px !important;border-top-right-radius:30px !important;border-bottom-right-radius:30px !important;border-bottom-left-radius:30px !important;overflow:hidden !important;margin-top:50px !important;margin-bottom:0px !important;}.stk-81ad3b0:before{background-color:#ddd6fc !important;opacity:0 !important;}.stk-81ad3b0-column{max-width:1300px !important;min-width:auto !important;}@media screen and (max-width: 767px){.stk-81ad3b0-column{max-width:1500px !important;min-width:auto !important;}}<\/style><div class=\"stk-row stk-inner-blocks stk-block-content stk-content-align stk-81ad3b0-column\">\n<div class=\"wp-block-stackable-column stk-block-column stk-column stk-block stk-20be033 stk-block-background\" data-v=\"4\" data-block-id=\"20be033\"><style>.stk-20be033 {background-color:#ffffff !important;border-top-left-radius:30px !important;border-top-right-radius:30px !important;border-bottom-right-radius:30px !important;border-bottom-left-radius:30px !important;overflow:hidden !important;padding-top:50px !important;padding-right:50px !important;padding-bottom:50px !important;padding-left:50px !important;margin-top:30px !important;margin-bottom:30px !important;}.stk-20be033:before{background-color:#ffffff !important;}@media screen and (max-width: 767px){.stk-20be033 {padding-top:20px !important;padding-right:20px !important;padding-bottom:20px !important;padding-left:20px !important;margin-top:15px !important;margin-right:10px !important;margin-bottom:15px !important;margin-left:10px !important;}}<\/style><div class=\"stk-column-wrapper stk-block-column__content stk-container stk-20be033-container stk--no-background stk--no-padding\"><div class=\"stk-block-content stk-inner-blocks stk-20be033-inner-blocks\">\n<p data-block-type=\"core\"><strong>IMPORTANTE:&nbsp;<\/strong>La tarjeta de calificaciones podr\u00e1 descargarla a la vez que realiza la consulta de notas (descargarla con justificante firma).<\/p>\n\n\n\n<ul class=\"wp-block-list\" data-block-type=\"core\">\n<li data-block-type=\"core\"><strong>Publicaci\u00f3n de calificaciones provisionales:\u00a0<\/strong>a partir de las 10:00 horas del\u00a012 de junio de 2026.<\/li>\n<\/ul>\n\n\n\n<p data-block-type=\"core\"><strong>Consulta de notas<\/strong>&nbsp;<strong>y descarga de las tarjetas provisionales<\/strong><\/p>\n\n\n\n<p data-block-type=\"core\">En el caso de que el estudiante opte por presentar solicitud de&nbsp;<strong>revisi\u00f3n de la&nbsp;calificaci\u00f3n&nbsp;<\/strong>obtenida en alguna o algunas materias que forman la prueba de acceso, deber\u00e1 consultar las calificaciones definitivas en las fechas establecidas.<\/p>\n\n\n\n<ul class=\"wp-block-list\" data-block-type=\"core\">\n<li data-block-type=\"core\"><strong>Publicaci\u00f3n de calificaciones definitivas:<\/strong><em>\u00a0<\/em>a partir de las 12:00 horas del 19 de junio de 2026.<\/li>\n<\/ul>\n\n\n\n<p data-block-type=\"core\"><strong>Consulta de notas&nbsp; y descarga de tarjeta de calificaciones definitivas<\/strong><\/p>\n\n\n\n<p data-block-type=\"core\">El estudiante que haya solicitado la revisi\u00f3n de la calificaci\u00f3n en una materia, tendr\u00e1 derecho a ver el examen,&nbsp;<a href=\"https:\/\/www.ull.es\/admision-becas\/ebau\/revision-calificaciones\/\" target=\"_blank\" rel=\"noreferrer noopener\" target=\"_blank\" rel=\"noopener\">previa solicitud<\/a>, en el plazo que se establezca tras la publicaci\u00f3n de las calificaciones definitivas.<\/p>\n<\/div><\/div><\/div>\n<\/div><\/div>\n","protected":false},"excerpt":{"rendered":"<p>Consulta de notas\/tarjetas Para obtener la tarjeta de calificaci\u00f3n de cursos anteriores accede a trav\u00e9s de este&nbsp;enlace.&nbsp;Se le solicitar\u00e1 el usuario (alu010xxx) y contrase\u00f1a que recibi\u00f3 tras la confirmaci\u00f3n de su matr\u00edcula en las pruebas de acceso. IMPORTANTE:&nbsp;La tarjeta de calificaciones podr\u00e1 descargarla a la vez que realiza la consulta de notas (descargarla con justificante&#8230;<\/p>\n","protected":false},"author":1,"featured_media":0,"parent":567,"menu_order":6,"comment_status":"closed","ping_status":"closed","template":"templates\/template-frontpage.php","meta":{"footnotes":""},"class_list":["post-685","page","type-page","status-publish","hentry"],"_links":{"self":[{"href":"https:\/\/www.ull.es\/admision-becas\/wp-json\/wp\/v2\/pages\/685","targetHints":{"allow":["GET"]}}],"collection":[{"href":"https:\/\/www.ull.es\/admision-becas\/wp-json\/wp\/v2\/pages"}],"about":[{"href":"https:\/\/www.ull.es\/admision-becas\/wp-json\/wp\/v2\/types\/page"}],"author":[{"embeddable":true,"href":"https:\/\/www.ull.es\/admision-becas\/wp-json\/wp\/v2\/users\/1"}],"replies":[{"embeddable":true,"href":"https:\/\/www.ull.es\/admision-becas\/wp-json\/wp\/v2\/comments?post=685"}],"version-history":[{"count":140,"href":"https:\/\/www.ull.es\/admision-becas\/wp-json\/wp\/v2\/pages\/685\/revisions"}],"predecessor-version":[{"id":8432,"href":"https:\/\/www.ull.es\/admision-becas\/wp-json\/wp\/v2\/pages\/685\/revisions\/8432"}],"up":[{"embeddable":true,"href":"https:\/\/www.ull.es\/admision-becas\/wp-json\/wp\/v2\/pages\/567"}],"wp:attachment":[{"href":"https:\/\/www.ull.es\/admision-becas\/wp-json\/wp\/v2\/media?parent=685"}],"curies":[{"name":"wp","href":"https:\/\/api.w.org\/{rel}","templated":true}]}}