{"id":7419,"date":"2025-09-17T09:35:40","date_gmt":"2025-09-17T09:35:40","guid":{"rendered":"https:\/\/www.ull.es\/admision-becas\/?page_id=7419"},"modified":"2025-11-28T10:26:49","modified_gmt":"2025-11-28T10:26:49","slug":"plazas-vacantes","status":"publish","type":"page","link":"https:\/\/www.ull.es\/admision-becas\/plazas-vacantes\/","title":{"rendered":"Plazas vacantes"},"content":{"rendered":"\n<div class=\"wp-block-stackable-columns alignfull stk-block-columns stk-block stk-2cbe2d9 stk-block-background stk--has-background-overlay\" data-block-id=\"2cbe2d9\"><style>.stk-2cbe2d9 {background-image:url(https:\/\/www.ull.es\/admision-becas\/wp-content\/uploads\/sites\/8\/2025\/11\/Landing-Acceso_Header.jpg) !important;min-height:600px !important;align-items:center !important;padding-top:0px !important;padding-right:0px !important;padding-bottom:0px !important;padding-left:0px !important;margin-top:-30px !important;margin-bottom:50px !important;display:flex !important;}.stk-2cbe2d9-column{max-width:1300px !important;min-width:auto !important;}@media screen and (max-width: 767px){.stk-2cbe2d9 {min-height:400px !important;}}<\/style><div class=\"stk-row stk-inner-blocks stk-block-content stk-content-align stk-2cbe2d9-column\">\n<div class=\"wp-block-stackable-column stk-block-column stk-column stk-block stk-67d5c45\" data-v=\"4\" data-block-id=\"67d5c45\"><style>@media screen and (max-width: 767px){.stk-67d5c45 {padding-top:10px !important;padding-right:10px !important;padding-bottom:10px !important;padding-left:10px !important;}}<\/style><div class=\"stk-column-wrapper stk-block-column__content stk-container stk-67d5c45-container stk--no-background stk--no-padding\"><div class=\"stk-block-content stk-inner-blocks stk-67d5c45-inner-blocks\">\n<div class=\"wp-block-stackable-heading stk-block-heading stk-block-heading--v2 stk-block stk-c229f24\" id=\"plazas-vacantes\" data-block-id=\"c229f24\"><style>.stk-c229f24 {margin-bottom:0px !important;}.stk-c229f24 .stk-block-heading__text{font-size:80px !important;color:#ffffff !important;font-weight:700 !important;font-family:\"Montserrat\", Sans-serif !important;}@media screen and (max-width: 1023px){.stk-c229f24 .stk-block-heading__text{font-size:50px !important;}}@media screen and (max-width: 767px){.stk-c229f24 .stk-block-heading__text{font-size:47px !important;}}<\/style><h1 class=\"stk-block-heading__text has-text-color\">Plazas vacantes<\/h1><\/div>\n<\/div><\/div><\/div>\n<\/div><\/div>\n\n\n\n<div class=\"wp-block-stackable-columns stk-block-columns stk-block stk-90ceac4\" data-block-id=\"90ceac4\"><div class=\"stk-row stk-inner-blocks stk-block-content stk-content-align stk-90ceac4-column\">\n<div class=\"wp-block-stackable-column stk-block-column stk-column stk-block stk-da9b706\" data-v=\"4\" data-block-id=\"da9b706\"><div class=\"stk-column-wrapper stk-block-column__content stk-container stk-da9b706-container stk--no-background stk--no-padding\"><div class=\"stk-block-content stk-inner-blocks stk-da9b706-inner-blocks\">\n<style>\n    .hoverable {\n        transition: transform 0.3s, box-shadow 0.3s;\n        cursor: pointer;\n    }\n\n    .hoverable:hover {\n        transform: scale(1.02);\n        box-shadow: 0 0.5rem 1rem rgba(0, 0, 0, 0.25);\n        \/* Mantiene el color de fondo original *\/\n    }\n<\/style>\n\n<!-- Tabla general con estilo similar -->\n<table\n    class=\"table table-bordered table-striped align-middle text-center shadow-sm rounded overflow-hidden table-hover-effect\"\n    style=\"border-collapse: separate; border-spacing: 0; box-shadow: 0 0.5rem 1rem rgba(0,0,0,0.15); border-radius:2rem; width:100%;\">\n    <tbody>\n        <tr style=\"background-color:#360060; color:#fff;\">\n            <td colspan=\"10\" class=\"hoverable fw-bold\" style=\"width:30%; border-top-left-radius: 1.5rem; border-top-right-radius: 1.5rem; font-weight:bold;\">PLAZAS VACANTES EN TITULACIONES DE GRADO SIN LISTA DE ESPERA CURSO 2025-2026<\/td>\n        <\/tr>\n        <tr style=\"background-color:#f8f9fa;\">\n            <td class=\"hoverable fw-bold\" style=\"font-weight:bold;\">Grado en Antropolog\u00eda Social y Cultural<\/td>\n            <td class=\"hoverable\">83 plazas<\/td>\n        <\/tr>\n        <tr style=\"background-color:#f8f9fa;\">\n            <td class=\"hoverable fw-bold\" style=\"font-weight:bold;\">Grado en Arquitectura T\u00e9cnica<\/td>\n            <td class=\"hoverable\">24 plazas<\/td>\n        <\/tr>\n        <tr style=\"background-color:#f8f9fa;\">\n            <td class=\"hoverable fw-bold\" style=\"font-weight:bold;\">Grado en Conservaci\u00f3n y restauraci\u00f3n de Bienes Culturales<\/td>\n            <td class=\"hoverable\">4 plazas<\/td>\n        <\/tr>\n        <tr style=\"background-color:#f8f9fa;\">\n            <td class=\"hoverable fw-bold\" style=\"font-weight:bold;\">Grado en Contabilidad y Finanzas<\/td>\n            <td class=\"hoverable\">45 plazas<\/td>\n        <\/tr>\n        <tr style=\"background-color:#f8f9fa;\">\n            <td class=\"hoverable fw-bold\" style=\"font-weight:bold;\">Grado en Econom\u00eda<\/td>\n            <td class=\"hoverable\">19 plazas<\/td>\n        <\/tr>\n        <tr style=\"background-color:#f8f9fa;\">\n            <td class=\"hoverable fw-bold\" style=\"font-weight:bold;\">Grado en Estudios Cl\u00e1sicos<\/td>\n            <td class=\"hoverable\">9 plazas<\/td>\n        <\/tr>\n        <tr style=\"background-color:#f8f9fa;\">\n            <td class=\"hoverable fw-bold\" style=\"font-weight:bold;\">Grado en Estudios Ingleses<\/td>\n            <td class=\"hoverable\">8 plazas<\/td>\n        <\/tr>\n        <tr style=\"background-color:#f8f9fa;\">\n            <td class=\"hoverable fw-bold\" style=\"font-weight:bold;\">Grado en Estudios Franc\u00f3fonos Aplicados<\/td>\n            <td class=\"hoverable\">22 plazas<\/td>\n        <\/tr>\n        <tr style=\"background-color:#f8f9fa;\">\n            <td class=\"hoverable fw-bold\" style=\"font-weight:bold;\">Grado en Geograf\u00eda y Ordenaci\u00f3n del Territorio<\/td>\n            <td class=\"hoverable\">36 plazas<\/td>\n        <\/tr>\n        <tr style=\"background-color:#f8f9fa;\">\n            <td class=\"hoverable fw-bold\" style=\"font-weight:bold;\">Grado en Historia del Arte<\/td>\n            <td class=\"hoverable\">1 plaza<\/td>\n        <\/tr>\n        <tr style=\"background-color:#f8f9fa;\">\n            <td class=\"hoverable fw-bold\" style=\"font-weight:bold;\">Grado en Ingenier\u00eda Agr\u00edcola y del Medio rural<\/td>\n            <td class=\"hoverable\">7 plazas<\/td>\n        <\/tr>\n        <tr style=\"background-color:#f8f9fa;\">\n            <td class=\"hoverable fw-bold\" style=\"font-weight:bold;\">Grado en N\u00e1utica y Transporte Mar\u00edtimo<\/td>\n            <td class=\"hoverable\">20 plazas<\/td>\n        <\/tr>\n        <tr style=\"background-color:#f8f9fa;\">\n            <td class=\"hoverable fw-bold\" style=\"font-weight:bold;\">Grado en Sociolog\u00eda<\/td>\n            <td class=\"hoverable\">25 plazas<\/td>\n        <\/tr>\n        <tr style=\"background-color:#f8f9fa;\">\n            <td class=\"hoverable fw-bold\" style=\"font-weight:bold;\">Grado en Tecnolog\u00edas Marinas<\/td>\n            <td class=\"hoverable\">46 plazas<\/td>\n        <\/tr>\n        <tr style=\"background-color:#f8f9fa;\">\n            <td class=\"hoverable fw-bold\" style=\"font-weight:bold;\">Grado en Turismo<\/td>\n            <td class=\"hoverable\">34 plazas<\/td>\n        <\/tr>\n        <tr style=\"background-color:#f8f9fa;\">\n            <td class=\"hoverable fw-bold\" style=\"font-weight:bold;\">Grado en Turismo (Adeje)<\/td>\n            <td class=\"hoverable\">36 plazas<\/td>\n        <\/tr>\n    <\/tbody>\n<\/table>\n\n\n\n<p data-block-type=\"core\"><strong>Vacantes actualizadas a fecha de 30\/09\/2025<\/strong><\/p>\n\n\n\n<p data-block-type=\"core\">En las titulaciones de Grado en las que hayan plazas vacantes y no exista lista de espera, tras finalizar los per\u00edodos de preinscripci\u00f3n ordinaria y extraordinaria<strong>, aquel alumnado que cumpla los requisitos de acceso a la universidad,&nbsp;<\/strong>podr\u00e1 solicitar la matr\u00edcula directamente en la secretar\u00eda del centro donde se imparta dicha titulaci\u00f3n.<\/p>\n\n\n\n<p data-block-type=\"core\">El alumnado deber\u00e1 acreditar ante la secretar\u00eda que cumple con los requisitos para acceder a la universidad.<\/p>\n\n\n\n<p data-block-type=\"core\">Las solicitudes ser\u00e1n concedidas&nbsp;<strong>por riguroso orden de presentaci\u00f3n de la&nbsp;<a href=\"https:\/\/sede.ull.es\/ecivilis-site\/catalog\/showProcedure\/537#formalities-tta-panel\" target=\"_blank\" rel=\"noreferrer noopener\" target=\"_blank\" rel=\"noopener\">solicitud de matr\u00edcula<\/a>.<\/strong><\/p>\n\n\n\n<p data-block-type=\"core\">Este per\u00edodo excepcional de matr\u00edcula estar\u00e1 abierto desde el&nbsp;<strong>18 de septiembre hasta el 15 de octubre de 2025<\/strong>, debiendo realizarse la matr\u00edcula a trav\u00e9s del procedimiento de&nbsp;<a href=\"https:\/\/sede.ull.es\/ecivilis-site\/catalog\/showProcedure\/229\" target=\"_blank\" rel=\"noreferrer noopener\" target=\"_blank\" rel=\"noopener\">solicitud general<\/a>&nbsp;de la sede electr\u00f3nica dirigida a las Secretar\u00eda del Centro donde se imparta la titulaci\u00f3n.<\/p>\n<\/div><\/div><\/div>\n<\/div><\/div>\n","protected":false},"excerpt":{"rendered":"<p>Plazas vacantes PLAZAS VACANTES EN TITULACIONES DE GRADO SIN LISTA DE ESPERA CURSO 2025-2026 Grado en Antropolog\u00eda Social y Cultural 83 plazas Grado en Arquitectura T\u00e9cnica 24 plazas Grado en Conservaci\u00f3n y restauraci\u00f3n de Bienes Culturales 4 plazas Grado en Contabilidad y Finanzas 45 plazas Grado en Econom\u00eda 19 plazas Grado en Estudios Cl\u00e1sicos 9&#8230;<\/p>\n","protected":false},"author":67,"featured_media":0,"parent":0,"menu_order":0,"comment_status":"closed","ping_status":"closed","template":"templates\/template-frontpage.php","meta":{"footnotes":""},"class_list":["post-7419","page","type-page","status-publish","hentry"],"_links":{"self":[{"href":"https:\/\/www.ull.es\/admision-becas\/wp-json\/wp\/v2\/pages\/7419","targetHints":{"allow":["GET"]}}],"collection":[{"href":"https:\/\/www.ull.es\/admision-becas\/wp-json\/wp\/v2\/pages"}],"about":[{"href":"https:\/\/www.ull.es\/admision-becas\/wp-json\/wp\/v2\/types\/page"}],"author":[{"embeddable":true,"href":"https:\/\/www.ull.es\/admision-becas\/wp-json\/wp\/v2\/users\/67"}],"replies":[{"embeddable":true,"href":"https:\/\/www.ull.es\/admision-becas\/wp-json\/wp\/v2\/comments?post=7419"}],"version-history":[{"count":8,"href":"https:\/\/www.ull.es\/admision-becas\/wp-json\/wp\/v2\/pages\/7419\/revisions"}],"predecessor-version":[{"id":8167,"href":"https:\/\/www.ull.es\/admision-becas\/wp-json\/wp\/v2\/pages\/7419\/revisions\/8167"}],"wp:attachment":[{"href":"https:\/\/www.ull.es\/admision-becas\/wp-json\/wp\/v2\/media?parent=7419"}],"curies":[{"name":"wp","href":"https:\/\/api.w.org\/{rel}","templated":true}]}}