{"id":746,"date":"2017-07-03T10:27:32","date_gmt":"2017-07-03T10:27:32","guid":{"rendered":"https:\/\/www.ull.es\/admision-becas\/?page_id=746"},"modified":"2026-04-07T11:36:34","modified_gmt":"2026-04-07T11:36:34","slug":"consulta-notas-mayores-25","status":"publish","type":"page","link":"https:\/\/www.ull.es\/admision-becas\/consulta-notas-mayores-25\/","title":{"rendered":"Consulta de notas mayores de 25"},"content":{"rendered":"\n<div class=\"wp-block-stackable-columns alignfull stk-block-columns stk-block stk-2cbe2d9 stk-block-background stk--has-background-overlay\" data-block-id=\"2cbe2d9\"><style>.stk-2cbe2d9 {background-image:url(https:\/\/www.ull.es\/admision-becas\/wp-content\/uploads\/sites\/8\/2025\/11\/Landing-Acceso_Header.jpg) !important;min-height:600px !important;align-items:center !important;padding-top:0px !important;padding-right:0px !important;padding-bottom:0px !important;padding-left:0px !important;margin-top:-30px !important;margin-bottom:50px !important;display:flex !important;}.stk-2cbe2d9-column{max-width:1300px !important;min-width:auto !important;}@media screen and (max-width: 767px){.stk-2cbe2d9 {min-height:400px !important;}}<\/style><div class=\"stk-row stk-inner-blocks stk-block-content stk-content-align stk-2cbe2d9-column\">\n<div class=\"wp-block-stackable-column stk-block-column stk-column stk-block stk-67d5c45\" data-v=\"4\" data-block-id=\"67d5c45\"><style>@media screen and (max-width: 767px){.stk-67d5c45 {padding-top:10px !important;padding-right:10px !important;padding-bottom:10px !important;padding-left:10px !important;}}<\/style><div class=\"stk-column-wrapper stk-block-column__content stk-container stk-67d5c45-container stk--no-background stk--no-padding\"><div class=\"stk-block-content stk-inner-blocks stk-67d5c45-inner-blocks\">\n<div class=\"wp-block-stackable-heading stk-block-heading stk-block-heading--v2 stk-block stk-c229f24\" id=\"consulta-br-de-notas\" data-block-id=\"c229f24\"><style>.stk-c229f24 {margin-bottom:0px !important;}.stk-c229f24 .stk-block-heading__text{font-size:80px !important;color:#ffffff !important;font-weight:700 !important;font-family:\"Montserrat\", Sans-serif !important;}@media screen and (max-width: 1023px){.stk-c229f24 .stk-block-heading__text{font-size:50px !important;}}@media screen and (max-width: 767px){.stk-c229f24 .stk-block-heading__text{font-size:47px !important;}}<\/style><h1 class=\"stk-block-heading__text has-text-color\">Consulta <br>de notas <\/h1><\/div>\n<\/div><\/div><\/div>\n<\/div><\/div>\n\n\n\n<div class=\"wp-block-stackable-heading stk-block-heading stk-block-heading--v2 stk-block stk-f6ca765\" id=\"consulta-de-notas-para-mayores-de-25\" data-block-id=\"f6ca765\"><h2 class=\"stk-block-heading__text\">Consulta de notas para mayores de 25<\/h2><\/div>\n\n\n\n<div class=\"wp-block-stackable-columns stk-block-columns stk-block stk-915dde2\" data-block-id=\"915dde2\"><style>.stk-915dde2 {margin-bottom:50px !important;}<\/style><div class=\"stk-row stk-inner-blocks stk-block-content stk-content-align stk-915dde2-column\">\n<div class=\"wp-block-stackable-column stk-block-column stk-column stk-block stk-7d9ca1f\" data-v=\"4\" data-block-id=\"7d9ca1f\"><div class=\"stk-column-wrapper stk-block-column__content stk-container stk-7d9ca1f-container stk--no-background stk--no-padding\"><div class=\"stk-block-content stk-inner-blocks stk-7d9ca1f-inner-blocks\">\n<div class=\"wp-block-stackable-text stk-block-text stk-block stk-cbe183c\" data-block-id=\"cbe183c\"><style>.stk-cbe183c {margin-bottom:0px !important;}<\/style><p class=\"stk-block-text__text has-text-align-left\"><strong>Publicaci\u00f3n de las calificaciones provisionales<\/strong>:<strong>&nbsp;<\/strong>a partir de las 15:00 horas del 23 de marzo de 2026.<\/p><\/div>\n\n\n\n<p class=\"has-text-align-center\" data-block-type=\"core\"><strong>Consulta de notas provisionales<\/strong><\/p>\n\n\n\n<p data-block-type=\"core\">En caso de disconformidad con las calificaciones provisionales obtenidas,\u00a0el alumnado podr\u00e1\u00a0formalizar\u00a0reclamaci\u00f3n, dirigida al Presidente del Tribunal evaluador, solicitando segunda correcci\u00f3n de aquellos ejercicios en que considere aplicados de modo incorrecto los criterios de correcci\u00f3n y calificaci\u00f3n establecidos por el tribunal.<\/p>\n\n\n\n<p class=\"has-text-align-left\" data-block-type=\"core\"><strong>Publicaci\u00f3n de las calificaciones definitivas:&nbsp;<\/strong>a partir de las 15:00 horas del 7 de abril de 2026.<\/p>\n\n\n\n<p data-block-type=\"core\"><strong><a href=\"https:\/\/www.ull.es\/apps\/accesoconsultanotas\/NotasPAM.aspx\" target=\"_blank\" rel=\"noopener\">Consulta de notas definitivas<\/a><\/strong><\/p>\n\n\n\n<p data-block-type=\"core\">A partir del curso acad\u00e9mico 2012-2013 las calificaciones de las pruebas de acceso a la Universidad para mayores de 25 a\u00f1os superadas en esta Universidad se pueden consultar y descargar desde la p\u00e1gina web de la&nbsp;<a href=\"https:\/\/sede.ull.es\/\" target=\"_blank\" rel=\"noreferrer noopener\" target=\"_blank\" rel=\"noopener\">sede electr\u00f3nica de la ULL<\/a>.<\/p>\n\n\n\n<p data-block-type=\"core\">El usuario podr\u00e1 acceder a sus calificaciones en cualquier momento y podr\u00e1 descargar la tarjeta oficial tantas veces como necesite a trav\u00e9s de la&nbsp;<a href=\"https:\/\/sede.ull.es\/\" target=\"_blank\" rel=\"noreferrer noopener\" target=\"_blank\" rel=\"noopener\">sede electr\u00f3nica de la ULL<\/a>, entrando en el men\u00fa \u00abMi sitio\u00bb, \u00abMis documentos\u00bb. Ah\u00ed figuraran todas las tarjetas de las diferentes convocatorias a las que se haya presentado. Para descargar el documento firmado electr\u00f3nicamente deber\u00e1 pinchar el bot\u00f3n \u00abVer\u00bb, debiendo seleccionar imprimir el \u00abjustificante con firma\u00bb.<\/p>\n\n\n\n<p data-block-type=\"core\">El acceso ser\u00e1 con el usuario y contrase\u00f1a que se le facilita al alumnado en el momento de formalizar la matr\u00edcula.<\/p>\n\n\n\n<p data-block-type=\"core\">En el caso de solicitud de las calificaciones de convocatorias anteriores al 2013, deber\u00e1n solicitarlo al Negociado de Pruebas de Acceso de esta Universidad&nbsp; a trav\u00e9s del procedimiento habilitado en la&nbsp;<a href=\"https:\/\/sede.ull.es\/ecivilis-site\/catalog\/showProcedure\/440\" target=\"_blank\" rel=\"noreferrer noopener\" target=\"_blank\" rel=\"noopener\">sede electr\u00f3nica de la ULL.<\/a><\/p>\n<\/div><\/div><\/div>\n<\/div><\/div>\n","protected":false},"excerpt":{"rendered":"<p>Consulta de notas Consulta de notas para mayores de 25 Publicaci\u00f3n de las calificaciones provisionales:&nbsp;a partir de las 15:00 horas del 23 de marzo de 2026. Consulta de notas provisionales En caso de disconformidad con las calificaciones provisionales obtenidas,\u00a0el alumnado podr\u00e1\u00a0formalizar\u00a0reclamaci\u00f3n, dirigida al Presidente del Tribunal evaluador, solicitando segunda correcci\u00f3n de aquellos ejercicios en que&#8230;<\/p>\n","protected":false},"author":1,"featured_media":0,"parent":0,"menu_order":0,"comment_status":"closed","ping_status":"closed","template":"templates\/template-frontpage.php","meta":{"footnotes":""},"class_list":["post-746","page","type-page","status-publish","hentry"],"_links":{"self":[{"href":"https:\/\/www.ull.es\/admision-becas\/wp-json\/wp\/v2\/pages\/746","targetHints":{"allow":["GET"]}}],"collection":[{"href":"https:\/\/www.ull.es\/admision-becas\/wp-json\/wp\/v2\/pages"}],"about":[{"href":"https:\/\/www.ull.es\/admision-becas\/wp-json\/wp\/v2\/types\/page"}],"author":[{"embeddable":true,"href":"https:\/\/www.ull.es\/admision-becas\/wp-json\/wp\/v2\/users\/1"}],"replies":[{"embeddable":true,"href":"https:\/\/www.ull.es\/admision-becas\/wp-json\/wp\/v2\/comments?post=746"}],"version-history":[{"count":74,"href":"https:\/\/www.ull.es\/admision-becas\/wp-json\/wp\/v2\/pages\/746\/revisions"}],"predecessor-version":[{"id":8825,"href":"https:\/\/www.ull.es\/admision-becas\/wp-json\/wp\/v2\/pages\/746\/revisions\/8825"}],"wp:attachment":[{"href":"https:\/\/www.ull.es\/admision-becas\/wp-json\/wp\/v2\/media?parent=746"}],"curies":[{"name":"wp","href":"https:\/\/api.w.org\/{rel}","templated":true}]}}