{"id":775,"date":"2017-07-04T12:33:06","date_gmt":"2017-07-04T12:33:06","guid":{"rendered":"https:\/\/www.ull.es\/admision-becas\/?page_id=775"},"modified":"2026-04-16T07:39:44","modified_gmt":"2026-04-16T07:39:44","slug":"reclamaciones","status":"publish","type":"page","link":"https:\/\/www.ull.es\/admision-becas\/reclamaciones\/","title":{"rendered":"Reclamaciones"},"content":{"rendered":"\n<div class=\"wp-block-stackable-columns alignfull stk-block-columns stk-block stk-2cbe2d9 stk-block-background stk--has-background-overlay\" data-block-id=\"2cbe2d9\"><style>.stk-2cbe2d9 {background-image:url(https:\/\/www.ull.es\/admision-becas\/wp-content\/uploads\/sites\/8\/2025\/11\/Landing-Acceso_Header.jpg) !important;min-height:600px !important;align-items:center !important;padding-top:0px !important;padding-right:0px !important;padding-bottom:0px !important;padding-left:0px !important;margin-top:-30px !important;margin-bottom:50px !important;display:flex !important;}.stk-2cbe2d9-column{max-width:1300px !important;min-width:auto !important;}@media screen and (max-width: 767px){.stk-2cbe2d9 {min-height:400px !important;}}<\/style><div class=\"stk-row stk-inner-blocks stk-block-content stk-content-align stk-2cbe2d9-column\">\n<div class=\"wp-block-stackable-column stk-block-column stk-column stk-block stk-67d5c45\" data-v=\"4\" data-block-id=\"67d5c45\"><style>@media screen and (max-width: 767px){.stk-67d5c45 {padding-top:10px !important;padding-right:10px !important;padding-bottom:10px !important;padding-left:10px !important;}}<\/style><div class=\"stk-column-wrapper stk-block-column__content stk-container stk-67d5c45-container stk--no-background stk--no-padding\"><div class=\"stk-block-content stk-inner-blocks stk-67d5c45-inner-blocks\">\n<div class=\"wp-block-stackable-heading stk-block-heading stk-block-heading--v2 stk-block stk-c229f24\" id=\"reclamaciones\" data-block-id=\"c229f24\"><style>.stk-c229f24 {margin-bottom:0px !important;}.stk-c229f24 .stk-block-heading__text{font-size:80px !important;color:#ffffff !important;font-weight:700 !important;font-family:\"Montserrat\", Sans-serif !important;}@media screen and (max-width: 1023px){.stk-c229f24 .stk-block-heading__text{font-size:50px !important;}}@media screen and (max-width: 767px){.stk-c229f24 .stk-block-heading__text{font-size:47px !important;}}<\/style><h1 class=\"stk-block-heading__text has-text-color\">Reclamaciones<\/h1><\/div>\n<\/div><\/div><\/div>\n<\/div><\/div>\n\n\n<p>En caso de disconformidad con las calificaciones provisionales obtenidas, el alumnado podr\u00e1 formalizar de forma telem\u00e1tica\u00a0\u00a0<strong>reclamaci\u00f3n<\/strong>, dirigida al Presidente del tribunal evaluador, solicitando segunda correcci\u00f3n de aquellos ejercicios en que considere aplicados de modo incorrecto los criterios de correcci\u00f3n y calificaci\u00f3n establecidos por el tribunal.<\/p>\n<p><strong>Plazo de reclamaci\u00f3n<\/strong>: desde las 10:00 horas del 24 de marzo hasta las 12:00 horas del 25 de marzo de 2026.<\/p>\n<p>Los ejercicios ser\u00e1n revisados por un profesor o profesora especialista diferente del que realiz\u00f3 la primera correcci\u00f3n. En todo caso, la calificaci\u00f3n ser\u00e1 la que resulte de la media aritm\u00e9tica de las puntuaciones de ambas correcciones, ser\u00e1 definitiva.<\/p>\n<p class=\"textoNormal\" align=\"justify\">Contra la calificaci\u00f3n final obtenida cabe interponer recurso de alzada ante el Rector de esta Universidad, y\u00a0 deber\u00e1 presentarla en el Registro General de la ULL en el plazo de un mes a partir del d\u00eda siguiente a\u00a0 la publicaci\u00f3n de los resultados de la reclamaci\u00f3n.<\/p>\n<h3>Vista de ex\u00e1menes<\/h3>\n<p>Quienes hayan formalizado reclamaci\u00f3n para segunda correcci\u00f3n de los ejercicios, podr\u00e1n solicitar ver los ex\u00e1menes reclamados. La solicitud se presentar\u00e1 de forma telem\u00e1tica, con indicaci\u00f3n expresa de la materia o materias reclamadas.<\/p>\n<p>Pulse en este enlace para solicitar ver examen (solamente de las materias para las que solicit\u00f3 segunda correcci\u00f3n)<\/p>\n<p><strong>Plazo de solicitud de vista de examen<\/strong>: desde las 10:00 del 8 de abril hasta las 12:00 horas del 10 abril de 2026.<\/p>\n<p>Los ex\u00e1menes ser\u00e1n mostrados por el secretario o el presidente del tribunal y no por los profesores correctores, ya que no se trata de una tercera correcci\u00f3n (no prevista en la normativa vigente).<\/p>\n<p>Citas para ver examen seg\u00fan solicitud presentada<\/p>\n\n\n<p data-block-type=\"core\"><\/p>\n","protected":false},"excerpt":{"rendered":"<p>Reclamaciones En caso de disconformidad con las calificaciones provisionales obtenidas, el alumnado podr\u00e1 formalizar de forma telem\u00e1tica\u00a0\u00a0reclamaci\u00f3n, dirigida al Presidente del tribunal evaluador, solicitando segunda correcci\u00f3n de aquellos ejercicios en que considere aplicados de modo incorrecto los criterios de correcci\u00f3n y calificaci\u00f3n establecidos por el tribunal. Plazo de reclamaci\u00f3n: desde las 10:00 horas del 24&#8230;<\/p>\n","protected":false},"author":1,"featured_media":0,"parent":0,"menu_order":6,"comment_status":"closed","ping_status":"closed","template":"templates\/template-frontpage.php","meta":{"footnotes":""},"class_list":["post-775","page","type-page","status-publish","hentry"],"_links":{"self":[{"href":"https:\/\/www.ull.es\/admision-becas\/wp-json\/wp\/v2\/pages\/775","targetHints":{"allow":["GET"]}}],"collection":[{"href":"https:\/\/www.ull.es\/admision-becas\/wp-json\/wp\/v2\/pages"}],"about":[{"href":"https:\/\/www.ull.es\/admision-becas\/wp-json\/wp\/v2\/types\/page"}],"author":[{"embeddable":true,"href":"https:\/\/www.ull.es\/admision-becas\/wp-json\/wp\/v2\/users\/1"}],"replies":[{"embeddable":true,"href":"https:\/\/www.ull.es\/admision-becas\/wp-json\/wp\/v2\/comments?post=775"}],"version-history":[{"count":82,"href":"https:\/\/www.ull.es\/admision-becas\/wp-json\/wp\/v2\/pages\/775\/revisions"}],"predecessor-version":[{"id":8848,"href":"https:\/\/www.ull.es\/admision-becas\/wp-json\/wp\/v2\/pages\/775\/revisions\/8848"}],"wp:attachment":[{"href":"https:\/\/www.ull.es\/admision-becas\/wp-json\/wp\/v2\/media?parent=775"}],"curies":[{"name":"wp","href":"https:\/\/api.w.org\/{rel}","templated":true}]}}