{"id":802,"date":"2017-07-05T07:34:01","date_gmt":"2017-07-05T07:34:01","guid":{"rendered":"https:\/\/www.ull.es\/admision-becas\/?page_id=802"},"modified":"2025-11-27T09:53:18","modified_gmt":"2025-11-27T09:53:18","slug":"tarjetas-de-calificaciones","status":"publish","type":"page","link":"https:\/\/www.ull.es\/admision-becas\/acceso-mayores\/acceso-mayores-25\/tarjetas-de-calificaciones\/","title":{"rendered":"Tarjetas de calificaciones"},"content":{"rendered":"\n<div class=\"wp-block-stackable-columns alignfull stk-block-columns stk-block stk-2cbe2d9 stk-block-background stk--has-background-overlay\" data-block-id=\"2cbe2d9\"><style>.stk-2cbe2d9 {background-image:url(https:\/\/www.ull.es\/admision-becas\/wp-content\/uploads\/sites\/8\/2025\/11\/Landing-Acceso_Header.jpg) !important;min-height:600px !important;align-items:center !important;padding-top:0px !important;padding-right:0px !important;padding-bottom:0px !important;padding-left:0px !important;margin-top:-30px !important;margin-bottom:50px !important;display:flex !important;}.stk-2cbe2d9-column{max-width:1300px !important;min-width:auto !important;}@media screen and (max-width: 767px){.stk-2cbe2d9 {min-height:400px !important;}}<\/style><div class=\"stk-row stk-inner-blocks stk-block-content stk-content-align stk-2cbe2d9-column\">\n<div class=\"wp-block-stackable-column stk-block-column stk-column stk-block stk-67d5c45\" data-v=\"4\" data-block-id=\"67d5c45\"><style>@media screen and (max-width: 767px){.stk-67d5c45 {padding-top:10px !important;padding-right:10px !important;padding-bottom:10px !important;padding-left:10px !important;}}<\/style><div class=\"stk-column-wrapper stk-block-column__content stk-container stk-67d5c45-container stk--no-background stk--no-padding\"><div class=\"stk-block-content stk-inner-blocks stk-67d5c45-inner-blocks\">\n<div class=\"wp-block-stackable-heading stk-block-heading stk-block-heading--v2 stk-block stk-c229f24\" id=\"tarjetas-de-calificaciones\" data-block-id=\"c229f24\"><style>.stk-c229f24 {margin-bottom:0px !important;}.stk-c229f24 .stk-block-heading__text{font-size:80px !important;color:#ffffff !important;font-weight:700 !important;font-family:\"Montserrat\", Sans-serif !important;}@media screen and (max-width: 1023px){.stk-c229f24 .stk-block-heading__text{font-size:50px !important;}}@media screen and (max-width: 767px){.stk-c229f24 .stk-block-heading__text{font-size:47px !important;}}<\/style><h1 class=\"stk-block-heading__text has-text-color\">Tarjetas de calificaciones<\/h1><\/div>\n<\/div><\/div><\/div>\n<\/div><\/div>\n\n\n\n<div class=\"wp-block-stackable-columns stk-block-columns stk-block stk-8b59b96\" data-block-id=\"8b59b96\"><style>.stk-8b59b96 .stk--block-align-8b59b96{align-items:flex-start !important;}.stk-8b59b96-column{--stk-columns-spacing:0px !important;--stk-column-gap:50px !important;}<\/style><div class=\"stk-row stk-inner-blocks stk--block-align-8b59b96 stk-block-content stk-content-align stk-8b59b96-column\">\n<div class=\"wp-block-stackable-column stk-block-column stk-column stk-block stk-dbb7e15\" data-v=\"4\" data-block-id=\"dbb7e15\"><div class=\"stk-column-wrapper stk-block-column__content stk-container stk-dbb7e15-container stk--no-background stk--no-padding\"><div class=\"stk-block-content stk-inner-blocks stk-dbb7e15-inner-blocks\">\n<div class=\"wp-block-stackable-text stk-block-text stk-block stk-a0b2c32\" data-block-id=\"a0b2c32\"><style>.stk-a0b2c32 {margin-bottom:20px !important;}<\/style><p class=\"stk-block-text__text\">A partir del curso acad\u00e9mico 2012-2013 las calificaciones de las pruebas de acceso a la Universidad para mayores de 25 a\u00f1os superadas en esta Universidad se pueden consultar y descargar desde la p\u00e1gina web de la&nbsp;<a href=\"https:\/\/sede.ull.es\/\" target=\"_blank\" rel=\"noreferrer noopener\" target=\"_blank\" rel=\"noopener\">sede electr\u00f3nica de la ULL<\/a>.<\/p><\/div>\n\n\n\n<p data-block-type=\"core\">El usuario podr\u00e1 acceder a sus calificaciones en cualquier momento y podr\u00e1 descargar la tarjeta oficial tantas veces como necesite a trav\u00e9s de la&nbsp;<a href=\"https:\/\/sede.ull.es\/\" target=\"_blank\" rel=\"noreferrer noopener\" target=\"_blank\" rel=\"noopener\">sede electr\u00f3nica de la ULL<\/a>, entrando en el men\u00fa \u00abMi carpeta ciudadana\u00bb, \u00abMis documentos\u00bb. Ah\u00ed figuraran todas las tarjetas de las diferentes convocatorias&nbsp; EBAU\/PAU a las que se haya presentado. Para descargar el documento firmado electr\u00f3nicamente deber\u00e1 pinchar el bot\u00f3n \u00abVer\u00bb, debiendo seleccionar \u00abDocumento con validaci\u00f3n de firma\u00bb.<\/p>\n\n\n\n<p data-block-type=\"core\">El acceso ser\u00e1 con el usuario y contrase\u00f1a que se le facilita al alumnado en el momento de formalizar la matr\u00edcula.<\/p>\n\n\n\n<p data-block-type=\"core\">En el caso de solicitud de las calificaciones de convocatorias anteriores al 2013 deber\u00e1n solicitarlas al Negociado de Pruebas de Acceso de esta Universidad&nbsp;a trav\u00e9s del procedimiento habilitado en la&nbsp;<a href=\"https:\/\/sede.ull.es\/ecivilis-site\/catalog\/showProcedure\/440\" target=\"_blank\" rel=\"noreferrer noopener\" target=\"_blank\" rel=\"noopener\">sede electr\u00f3nica de la ULL.<\/a><\/p>\n<\/div><\/div><\/div>\n<\/div><\/div>\n","protected":false},"excerpt":{"rendered":"<p>Tarjetas de calificaciones A partir del curso acad\u00e9mico 2012-2013 las calificaciones de las pruebas de acceso a la Universidad para mayores de 25 a\u00f1os superadas en esta Universidad se pueden consultar y descargar desde la p\u00e1gina web de la&nbsp;sede electr\u00f3nica de la ULL. El usuario podr\u00e1 acceder a sus calificaciones en cualquier momento y podr\u00e1&#8230;<\/p>\n","protected":false},"author":1,"featured_media":0,"parent":889,"menu_order":8,"comment_status":"closed","ping_status":"closed","template":"templates\/template-frontpage.php","meta":{"footnotes":""},"class_list":["post-802","page","type-page","status-publish","hentry"],"_links":{"self":[{"href":"https:\/\/www.ull.es\/admision-becas\/wp-json\/wp\/v2\/pages\/802","targetHints":{"allow":["GET"]}}],"collection":[{"href":"https:\/\/www.ull.es\/admision-becas\/wp-json\/wp\/v2\/pages"}],"about":[{"href":"https:\/\/www.ull.es\/admision-becas\/wp-json\/wp\/v2\/types\/page"}],"author":[{"embeddable":true,"href":"https:\/\/www.ull.es\/admision-becas\/wp-json\/wp\/v2\/users\/1"}],"replies":[{"embeddable":true,"href":"https:\/\/www.ull.es\/admision-becas\/wp-json\/wp\/v2\/comments?post=802"}],"version-history":[{"count":14,"href":"https:\/\/www.ull.es\/admision-becas\/wp-json\/wp\/v2\/pages\/802\/revisions"}],"predecessor-version":[{"id":8012,"href":"https:\/\/www.ull.es\/admision-becas\/wp-json\/wp\/v2\/pages\/802\/revisions\/8012"}],"up":[{"embeddable":true,"href":"https:\/\/www.ull.es\/admision-becas\/wp-json\/wp\/v2\/pages\/889"}],"wp:attachment":[{"href":"https:\/\/www.ull.es\/admision-becas\/wp-json\/wp\/v2\/media?parent=802"}],"curies":[{"name":"wp","href":"https:\/\/api.w.org\/{rel}","templated":true}]}}