{"id":813,"date":"2017-07-05T08:09:33","date_gmt":"2017-07-05T08:09:33","guid":{"rendered":"https:\/\/www.ull.es\/admision-becas\/?page_id=813"},"modified":"2025-11-28T09:39:50","modified_gmt":"2025-11-28T09:39:50","slug":"calificaciones-mayores-40","status":"publish","type":"page","link":"https:\/\/www.ull.es\/admision-becas\/calificaciones-mayores-40\/","title":{"rendered":"Calificaciones mayores de 40"},"content":{"rendered":"\n<div class=\"wp-block-stackable-columns alignfull stk-block-columns stk-block stk-2cbe2d9 stk-block-background stk--has-background-overlay\" data-block-id=\"2cbe2d9\"><style>.stk-2cbe2d9 {background-image:url(https:\/\/www.ull.es\/admision-becas\/wp-content\/uploads\/sites\/8\/2025\/11\/Landing-Acceso_Header.jpg) !important;min-height:600px !important;align-items:center !important;padding-top:0px !important;padding-right:0px !important;padding-bottom:0px !important;padding-left:0px !important;margin-top:-30px !important;margin-bottom:50px !important;display:flex !important;}.stk-2cbe2d9-column{max-width:1300px !important;min-width:auto !important;}@media screen and (max-width: 767px){.stk-2cbe2d9 {min-height:400px !important;}}<\/style><div class=\"stk-row stk-inner-blocks stk-block-content stk-content-align stk-2cbe2d9-column\">\n<div class=\"wp-block-stackable-column stk-block-column stk-column stk-block stk-67d5c45\" data-v=\"4\" data-block-id=\"67d5c45\"><style>@media screen and (max-width: 767px){.stk-67d5c45 {padding-top:10px !important;padding-right:10px !important;padding-bottom:10px !important;padding-left:10px !important;}}<\/style><div class=\"stk-column-wrapper stk-block-column__content stk-container stk-67d5c45-container stk--no-background stk--no-padding\"><div class=\"stk-block-content stk-inner-blocks stk-67d5c45-inner-blocks\">\n<div class=\"wp-block-stackable-heading stk-block-heading stk-block-heading--v2 stk-block stk-c229f24\" id=\"tarjetas-de-br-calificaciones\" data-block-id=\"c229f24\"><style>.stk-c229f24 {margin-bottom:0px !important;}.stk-c229f24 .stk-block-heading__text{font-size:80px !important;color:#ffffff !important;font-weight:700 !important;font-family:\"Montserrat\", Sans-serif !important;}@media screen and (max-width: 1023px){.stk-c229f24 .stk-block-heading__text{font-size:50px !important;}}@media screen and (max-width: 767px){.stk-c229f24 .stk-block-heading__text{font-size:47px !important;}}<\/style><h1 class=\"stk-block-heading__text has-text-color\">Tarjetas de <br>calificaciones<\/h1><\/div>\n<\/div><\/div><\/div>\n<\/div><\/div>\n\n\n\n<div class=\"wp-block-stackable-columns stk-block-columns stk-block stk-915dde2\" data-block-id=\"915dde2\"><style>.stk-915dde2 {margin-bottom:50px !important;}<\/style><div class=\"stk-row stk-inner-blocks stk-block-content stk-content-align stk-915dde2-column\">\n<div class=\"wp-block-stackable-column stk-block-column stk-column stk-block stk-7d9ca1f\" data-v=\"4\" data-block-id=\"7d9ca1f\"><div class=\"stk-column-wrapper stk-block-column__content stk-container stk-7d9ca1f-container stk--no-background stk--no-padding\"><div class=\"stk-block-content stk-inner-blocks stk-7d9ca1f-inner-blocks\">\n<div class=\"wp-block-stackable-heading stk-block-heading stk-block-heading--v2 stk-block stk-59718a5\" id=\"descarga-de-las-tarjetas-de-calificaciones\" data-block-id=\"59718a5\"><style>.stk-59718a5 {margin-bottom:20px !important;}.stk-59718a5 .stk-block-heading__text{font-size:35px !important;color:var(--stk-global-color-60833, #5c068c) !important;font-weight:400 !important;}@media screen and (max-width: 1023px){.stk-59718a5 .stk-block-heading__text{font-size:35px !important;}}<\/style><h2 class=\"stk-block-heading__text has-text-color\">Descarga de las tarjetas de calificaciones<\/h2><\/div>\n\n\n\n<div class=\"wp-block-stackable-text stk-block-text stk-block stk-cbe183c\" data-block-id=\"cbe183c\"><style>.stk-cbe183c {margin-bottom:0px !important;}<\/style><p class=\"stk-block-text__text\">A partir de la convocatoria de noviembre de 2023-2024, las calificaciones de la prueba de acceso grado para mayores de 40 a\u00f1os por acreditaci\u00f3n de experiencia laboral o profesional se pueden descargar a trav\u00e9s de la&nbsp;<a href=\"https:\/\/sede.ull.es\/\" target=\"_blank\" rel=\"noreferrer noopener\" target=\"_blank\" rel=\"noopener\">sede electr\u00f3nica de la ULL<\/a>.<\/p><\/div>\n\n\n\n<p data-block-type=\"core\">Las personas aspirantes podr\u00e1n acceder a sus calificaciones en cualquier momento y podr\u00e1 descargar la tarjeta oficial tantas veces como necesite, a trav\u00e9s de la&nbsp;<a href=\"https:\/\/sede.ull.es\/\" target=\"_blank\" rel=\"noreferrer noopener\" target=\"_blank\" rel=\"noopener\">sede electr\u00f3nica de la ULL<\/a>, entrando en el men\u00fa \u00abMi sitio\u00bb, \u00abMis documentos\u00bb. Para descargar el documento firmado electr\u00f3nicamente deber\u00e1 pinchar el bot\u00f3n \u00abVer\u00bb, debiendo seleccionar imprimir el \u00abjustificante con firma\u00bb.<\/p>\n\n\n\n<p data-block-type=\"core\">El acceso ser\u00e1 con el usuario y contrase\u00f1a que se le facilita al alumnado en el momento de formalizar la matr\u00edcula a las pruebas de acceso.<\/p>\n\n\n\n<div class=\"wp-block-stackable-spacer stk-block-spacer stk--no-padding stk-block stk-5743787\" data-block-id=\"5743787\"><style>.stk-5743787 {height:25px !important;}<\/style><\/div>\n\n\n\n<div class=\"wp-block-stackable-icon-label stk-block-icon-label stk-block stk-405e850 stk-block-background\" id=\"a-href-https-www-ull-es-links-interes-data-type-page-data-id-15808-span-style-color-var-stk-global-color-92696-eeeeee-class-stk-highlight-acceso-a-las-notas-de-corte-dobles-grados-2025-2026-span-a\" data-block-id=\"405e850\"><style>.stk-405e850 {background-color:#7c30e3 !important;border-top-left-radius:25px !important;border-top-right-radius:25px !important;border-bottom-right-radius:25px !important;border-bottom-left-radius:25px !important;overflow:hidden !important;border-style:solid !important;border-color:#dfdad1 !important;border-top-width:0px !important;border-right-width:0px !important;border-bottom-width:1px !important;border-left-width:0px !important;padding-top:36px !important;padding-right:20px !important;padding-bottom:36px !important;padding-left:25px !important;margin-bottom:24px !important;}.stk-405e850:before{background-color:#7c30e3 !important;}<\/style><div class=\"stk-row stk-inner-blocks stk-block-content\">\n<div class=\"wp-block-stackable-heading stk-block-heading stk-block-heading--v2 stk-block stk-52d5e6f\" id=\"span-style-color-fffffe-class-stk-highlight-a-href-https-www-ull-es-admision-becas-calificaciones-mayores-40-tarjeta-de-calificacion-a-span\" data-block-id=\"52d5e6f\"><style>.stk-52d5e6f .stk-block-heading__text{color:#000000 !important;font-weight:600 !important;font-family:\"Montserrat\", Sans-serif !important;}@media screen and (max-width: 767px){.stk-52d5e6f .stk-block-heading__text{font-size:15px !important;}}<\/style><h4 class=\"stk-block-heading__text has-text-color\"><span style=\"color: #fffffe;\" class=\"stk-highlight\"><a href=\"https:\/\/www.ull.es\/admision-becas\/calificaciones-mayores-40\/\" target=\"_blank\" rel=\"noopener\">Tarjeta de calificaci\u00f3n<\/a><\/span><\/h4><\/div>\n\n\n\n<div class=\"wp-block-stackable-icon stk-block-icon has-text-align-left stk-block stk-f721377\" data-block-id=\"f721377\"><style>@media screen and (max-width: 767px){.stk-f721377 .stk--svg-wrapper .stk--inner-svg svg:last-child{height:20px !important;width:20px !important;}}<\/style><a class=\"stk-link\" href=\"https:\/\/drive.google.com\/file\/d\/1a79EwyWLZl-7eU3WWm0MgGMEkv1JsGmO\/view\" target=\"_blank\" rel=\"noopener\"><span class=\"stk--svg-wrapper\"><div class=\"stk--inner-svg\"><svg style=\"height:0;width:0\"><defs><linearGradient id=\"linear-gradient-f721377\" x1=\"0\" x2=\"100%\" y1=\"0\" y2=\"0\"><stop offset=\"0%\" style=\"stop-opacity:1;stop-color:var(--linear-gradient-f-721377-color-1)\"><\/stop><stop offset=\"100%\" style=\"stop-opacity:1;stop-color:var(--linear-gradient-f-721377-color-2)\"><\/stop><\/linearGradient><\/defs><\/svg><svg class=\"ugb-custom-icon\" id=\"Capa_1-91700\" data-name=\"Capa 1\" xmlns=\"http:\/\/www.w3.org\/2000\/svg\" viewBox=\"0 0 36 36\" aria-hidden=\"true\" width=\"32\" height=\"32\">\n  <defs>\n    <style>\n      .cls-1 {\n        fill: #fff;\n      }\n\n      .cls-2 {\n        fill: #782ce8;\n      }\n    <\/style>\n  <\/defs>\n  <circle class=\"cls-1\" cx=\"18\" cy=\"18\" r=\"18\"><\/circle>\n  <polygon class=\"cls-2\" points=\"24.35 23.34 21.01 23.33 21.01 17.26 13.19 25.08 10.92 22.81 18.81 14.92 12.73 14.92 12.73 11.58 24.35 11.58 24.35 23.34\"><\/polygon>\n<\/svg><\/div><\/span><\/a><\/div>\n<\/div><\/div>\n<\/div><\/div><\/div>\n<\/div><\/div>\n\n\n\n<h3 class=\"wp-block-heading\" data-block-type=\"core\">Solicitud de tarjeta de calificaciones de pruebas de acceso anteriores al curso 2023-2024.<\/h3>\n\n\n\n<p data-block-type=\"core\">Las tarjetas calificaciones de la prueba de acceso grado para mayores de 40 a\u00f1os por acreditaci\u00f3n de experiencia laboral o profesional anteriores a la convocatoria de noviembre de 2023-2024, se deben retirar de forma presencial en el&nbsp;<a href=\"https:\/\/www.ull.es\/servicios\/negociado-de-pruebas-de-acceso\/\" target=\"_blank\" rel=\"noreferrer noopener\" target=\"_blank\" rel=\"noopener\">Negociado de Prubas de Acceso<\/a>.<\/p>\n","protected":false},"excerpt":{"rendered":"<p>Tarjetas de calificaciones Descarga de las tarjetas de calificaciones A partir de la convocatoria de noviembre de 2023-2024, las calificaciones de la prueba de acceso grado para mayores de 40 a\u00f1os por acreditaci\u00f3n de experiencia laboral o profesional se pueden descargar a trav\u00e9s de la&nbsp;sede electr\u00f3nica de la ULL. Las personas aspirantes podr\u00e1n acceder a&#8230;<\/p>\n","protected":false},"author":1,"featured_media":0,"parent":0,"menu_order":0,"comment_status":"closed","ping_status":"closed","template":"templates\/template-frontpage.php","meta":{"footnotes":""},"class_list":["post-813","page","type-page","status-publish","hentry"],"_links":{"self":[{"href":"https:\/\/www.ull.es\/admision-becas\/wp-json\/wp\/v2\/pages\/813","targetHints":{"allow":["GET"]}}],"collection":[{"href":"https:\/\/www.ull.es\/admision-becas\/wp-json\/wp\/v2\/pages"}],"about":[{"href":"https:\/\/www.ull.es\/admision-becas\/wp-json\/wp\/v2\/types\/page"}],"author":[{"embeddable":true,"href":"https:\/\/www.ull.es\/admision-becas\/wp-json\/wp\/v2\/users\/1"}],"replies":[{"embeddable":true,"href":"https:\/\/www.ull.es\/admision-becas\/wp-json\/wp\/v2\/comments?post=813"}],"version-history":[{"count":12,"href":"https:\/\/www.ull.es\/admision-becas\/wp-json\/wp\/v2\/pages\/813\/revisions"}],"predecessor-version":[{"id":8150,"href":"https:\/\/www.ull.es\/admision-becas\/wp-json\/wp\/v2\/pages\/813\/revisions\/8150"}],"wp:attachment":[{"href":"https:\/\/www.ull.es\/admision-becas\/wp-json\/wp\/v2\/media?parent=813"}],"curies":[{"name":"wp","href":"https:\/\/api.w.org\/{rel}","templated":true}]}}