{"id":829,"date":"2017-07-05T09:02:59","date_gmt":"2017-07-05T09:02:59","guid":{"rendered":"https:\/\/www.ull.es\/admision-becas\/?page_id=829"},"modified":"2026-04-16T07:45:15","modified_gmt":"2026-04-16T07:45:15","slug":"consulta-notas-mayores-45","status":"publish","type":"page","link":"https:\/\/www.ull.es\/admision-becas\/consulta-notas-mayores-45\/","title":{"rendered":"Consulta de notas mayores de 45"},"content":{"rendered":"\n<div class=\"wp-block-stackable-columns alignfull stk-block-columns stk-block stk-2cbe2d9 stk-block-background stk--has-background-overlay\" data-block-id=\"2cbe2d9\"><style>.stk-2cbe2d9 {background-image:url(https:\/\/www.ull.es\/admision-becas\/wp-content\/uploads\/sites\/8\/2025\/11\/Landing-Acceso_Header.jpg) !important;min-height:600px !important;align-items:center !important;padding-top:0px !important;padding-right:0px !important;padding-bottom:0px !important;padding-left:0px !important;margin-top:-30px !important;margin-bottom:50px !important;display:flex !important;}.stk-2cbe2d9-column{max-width:1300px !important;min-width:auto !important;}@media screen and (max-width: 767px){.stk-2cbe2d9 {min-height:400px !important;}}<\/style><div class=\"stk-row stk-inner-blocks stk-block-content stk-content-align stk-2cbe2d9-column\">\n<div class=\"wp-block-stackable-column stk-block-column stk-column stk-block stk-67d5c45\" data-v=\"4\" data-block-id=\"67d5c45\"><style>@media screen and (max-width: 767px){.stk-67d5c45 {padding-top:10px !important;padding-right:10px !important;padding-bottom:10px !important;padding-left:10px !important;}}<\/style><div class=\"stk-column-wrapper stk-block-column__content stk-container stk-67d5c45-container stk--no-background stk--no-padding\"><div class=\"stk-block-content stk-inner-blocks stk-67d5c45-inner-blocks\">\n<div class=\"wp-block-stackable-heading stk-block-heading stk-block-heading--v2 stk-block stk-c229f24\" id=\"consulta-br-de-notas\" data-block-id=\"c229f24\"><style>.stk-c229f24 {margin-bottom:0px !important;}.stk-c229f24 .stk-block-heading__text{font-size:80px !important;color:#ffffff !important;font-weight:700 !important;font-family:\"Montserrat\", Sans-serif !important;}@media screen and (max-width: 1023px){.stk-c229f24 .stk-block-heading__text{font-size:50px !important;}}@media screen and (max-width: 767px){.stk-c229f24 .stk-block-heading__text{font-size:47px !important;}}<\/style><h1 class=\"stk-block-heading__text has-text-color\">Consulta <br>de notas <\/h1><\/div>\n<\/div><\/div><\/div>\n<\/div><\/div>\n\n\n\n<div class=\"wp-block-stackable-heading stk-block-heading stk-block-heading--v2 stk-block stk-18907f1\" id=\"consulta-de-notas-para-mayores-de-45\" data-block-id=\"18907f1\"><h2 class=\"stk-block-heading__text\">Consulta de notas para mayores de 45<\/h2><\/div>\n\n\n\n<div class=\"wp-block-stackable-columns stk-block-columns stk-block stk-915dde2\" data-block-id=\"915dde2\"><style>.stk-915dde2 {margin-bottom:50px !important;}<\/style><div class=\"stk-row stk-inner-blocks stk-block-content stk-content-align stk-915dde2-column\">\n<div class=\"wp-block-stackable-column stk-block-column stk-column stk-block stk-7d9ca1f\" data-v=\"4\" data-block-id=\"7d9ca1f\"><div class=\"stk-column-wrapper stk-block-column__content stk-container stk-7d9ca1f-container stk--no-background stk--no-padding\"><div class=\"stk-block-content stk-inner-blocks stk-7d9ca1f-inner-blocks\">\n<h3 class=\"wp-block-heading\" data-block-type=\"core\">Prueba general (primera fase)<\/h3>\n\n\n\n<ul class=\"wp-block-list\" data-block-type=\"core\">\n<li data-block-type=\"core\"><strong>Calificaciones provisionales&nbsp;<\/strong>a partir de las 15:00 horas del 23 de marzo de 2026 <strong>.<\/strong><\/li>\n<\/ul>\n\n\n\n<p class=\"has-text-align-left\" data-block-type=\"core\">Consulta de calificaciones provisionales de la primera fase.<\/p>\n\n\n\n<ul class=\"wp-block-list\" data-block-type=\"core\">\n<li data-block-type=\"core\"><strong>Reclamaciones:&nbsp;<\/strong>en caso de disconformidad con las calificaciones obtenidas en esta primera fase, los interesados podr\u00e1n formalizar reclamaci\u00f3n solicitando segunda correcci\u00f3n de aquellos ejercicios cuya puntuaci\u00f3n consideren incorrecta seg\u00fan los criterios fijados. Los ejercicios ser\u00e1n revisados por un profesor especialista diferente del que realiz\u00f3 la primera correcci\u00f3n. En todo caso, la calificaci\u00f3n ser\u00e1 la que resulte de la media aritm\u00e9tica de las puntuaciones de ambas correcciones.\n<ul class=\"wp-block-list\" data-block-type=\"core\">\n<li data-block-type=\"core\">Plazo de reclamaci\u00f3n: desde las 10:00 horas del 24 de marzo y hasta las 12:00 h del 25 de marzo de 2026.<\/li>\n<\/ul>\n<\/li>\n<\/ul>\n\n\n\n<ul class=\"wp-block-list\" data-block-type=\"core\">\n<li data-block-type=\"core\"><strong>Calificaciones definitivas<\/strong> de la 1\u00ba Fase: a partir de las 15:00 horas del 7 de abril de 2026.<\/li>\n<\/ul>\n\n\n\n<p data-block-type=\"core\">Consulta de calificaciones definitivas de la primera fase <a href=\"https:\/\/www.ull.es\/apps\/accesoconsultanotas\/NotasPAM.aspx\" target=\"_blank\" rel=\"noopener\"><strong>aqu\u00ed<\/strong>.<\/a><\/p>\n\n\n\n<h3 class=\"wp-block-heading\" data-block-type=\"core\">Entrevista personal (segunda fase)<\/h3>\n\n\n\n<ul class=\"wp-block-list\" data-block-type=\"core\">\n<li data-block-type=\"core\"><strong>Calificaciones provisionales:&nbsp;<\/strong>el 10 de abril de 2026 a partir de las 12:00 horas.\n<ul class=\"wp-block-list\" data-block-type=\"core\">\n<li data-block-type=\"core\"><a href=\"https:\/\/drive.google.com\/file\/d\/11CNB6Ul7RBEln06tt9sHJraaj8kxUSco\/view?usp=sharing\" data-type=\"link\" data-id=\"https:\/\/drive.google.com\/file\/d\/11CNB6Ul7RBEln06tt9sHJraaj8kxUSco\/view?usp=sharing\" target=\"_blank\" rel=\"noreferrer noopener\" target=\"_blank\" rel=\"noopener\">Consulta de calificaciones provisionales de la entrevista<\/a><\/li>\n<\/ul>\n<\/li>\n\n\n\n<li data-block-type=\"core\"><strong>Reclamaciones:&nbsp;<\/strong>en caso de disconformidad con la calificaci\u00f3n obtenida en esta segunda fase de la prueba, el interesado podr\u00e1 presentar reclamaci\u00f3n en el Negociado de Pruebas de Acceso de la ULL.\n<ul class=\"wp-block-list\" data-block-type=\"core\">\n<li data-block-type=\"core\">\u00a0Plazo de reclamaci\u00f3n: Del 13 al 15 de abril de 2026.<\/li>\n<\/ul>\n<\/li>\n\n\n\n<li data-block-type=\"core\"><strong>Calificaciones definitivas:&nbsp;<\/strong>el 17 de abril de 2026 a partir de las 15:00 horas.\n<ul class=\"wp-block-list\" data-block-type=\"core\">\n<li data-block-type=\"core\">Se podr\u00e1 obtener la&nbsp;<strong>tarjeta de calificaciones a la vez que realiza la consulta de notas.&nbsp;<\/strong><\/li>\n\n\n\n<li data-block-type=\"core\">Consulta de calificaciones definitivas <strong>(NOVEDAD)<\/strong><\/li>\n<\/ul>\n<\/li>\n<\/ul>\n\n\n\n<p data-block-type=\"core\">Posteriormente el usuario podr\u00e1 acceder a sus calificaciones en cualquier momento y descargar la tarjeta oficial tantas veces como necesite a trav\u00e9s de la&nbsp;<a href=\"https:\/\/sede.ull.es\/\" target=\"_blank\" rel=\"noreferrer noopener\" target=\"_blank\" rel=\"noopener\">sede electr\u00f3nica de la ULL<\/a>&nbsp;(\u00abMis tr\u00e1mites\u00bb, \u00abSolicitudes presentadas\u00bb, \u00abGesti\u00f3n de tarjetas de las pruebas de acceso\u00bb) debiendo imprimir el \u00abjustificante con firma\u00bb, documento firmado electr\u00f3nicamente. El acceso ser\u00e1 con el usuario y contrase\u00f1a que se le facilit\u00f3 al alumnado en el momento de formalizar la matr\u00edcula.<\/p>\n<\/div><\/div><\/div>\n<\/div><\/div>\n","protected":false},"excerpt":{"rendered":"<p>Consulta de notas Consulta de notas para mayores de 45 Prueba general (primera fase) Consulta de calificaciones provisionales de la primera fase. Consulta de calificaciones definitivas de la primera fase aqu\u00ed. Entrevista personal (segunda fase) Posteriormente el usuario podr\u00e1 acceder a sus calificaciones en cualquier momento y descargar la tarjeta oficial tantas veces como necesite&#8230;<\/p>\n","protected":false},"author":1,"featured_media":0,"parent":0,"menu_order":0,"comment_status":"closed","ping_status":"closed","template":"templates\/template-frontpage.php","meta":{"footnotes":""},"class_list":["post-829","page","type-page","status-publish","hentry"],"_links":{"self":[{"href":"https:\/\/www.ull.es\/admision-becas\/wp-json\/wp\/v2\/pages\/829","targetHints":{"allow":["GET"]}}],"collection":[{"href":"https:\/\/www.ull.es\/admision-becas\/wp-json\/wp\/v2\/pages"}],"about":[{"href":"https:\/\/www.ull.es\/admision-becas\/wp-json\/wp\/v2\/types\/page"}],"author":[{"embeddable":true,"href":"https:\/\/www.ull.es\/admision-becas\/wp-json\/wp\/v2\/users\/1"}],"replies":[{"embeddable":true,"href":"https:\/\/www.ull.es\/admision-becas\/wp-json\/wp\/v2\/comments?post=829"}],"version-history":[{"count":124,"href":"https:\/\/www.ull.es\/admision-becas\/wp-json\/wp\/v2\/pages\/829\/revisions"}],"predecessor-version":[{"id":8849,"href":"https:\/\/www.ull.es\/admision-becas\/wp-json\/wp\/v2\/pages\/829\/revisions\/8849"}],"wp:attachment":[{"href":"https:\/\/www.ull.es\/admision-becas\/wp-json\/wp\/v2\/media?parent=829"}],"curies":[{"name":"wp","href":"https:\/\/api.w.org\/{rel}","templated":true}]}}