{"id":844,"date":"2017-07-05T09:31:38","date_gmt":"2017-07-05T09:31:38","guid":{"rendered":"https:\/\/www.ull.es\/admision-becas\/?page_id=844"},"modified":"2026-03-26T14:29:44","modified_gmt":"2026-03-26T14:29:44","slug":"normativa-acceso-mayores","status":"publish","type":"page","link":"https:\/\/www.ull.es\/admision-becas\/acceso-mayores\/normativa-acceso-mayores\/","title":{"rendered":"Normativa"},"content":{"rendered":"\n<div class=\"wp-block-stackable-columns alignfull stk-block-columns stk-block stk-2cbe2d9 stk-block-background stk--has-background-overlay\" data-block-id=\"2cbe2d9\"><style>.stk-2cbe2d9 {background-image:url(https:\/\/www.ull.es\/admision-becas\/wp-content\/uploads\/sites\/8\/2025\/11\/Landing-Acceso_Header.jpg) !important;min-height:600px !important;align-items:center !important;padding-top:0px !important;padding-right:0px !important;padding-bottom:0px !important;padding-left:0px !important;margin-top:-30px !important;margin-bottom:50px !important;display:flex !important;}.stk-2cbe2d9-column{max-width:1300px !important;min-width:auto !important;}@media screen and (max-width: 767px){.stk-2cbe2d9 {min-height:400px !important;}}<\/style><div class=\"stk-row stk-inner-blocks stk-block-content stk-content-align stk-2cbe2d9-column\">\n<div class=\"wp-block-stackable-column stk-block-column stk-column stk-block stk-67d5c45\" data-v=\"4\" data-block-id=\"67d5c45\"><style>@media screen and (max-width: 767px){.stk-67d5c45 {padding-top:10px !important;padding-right:10px !important;padding-bottom:10px !important;padding-left:10px !important;}}<\/style><div class=\"stk-column-wrapper stk-block-column__content stk-container stk-67d5c45-container stk--no-background stk--no-padding\"><div class=\"stk-block-content stk-inner-blocks stk-67d5c45-inner-blocks\">\n<div class=\"wp-block-stackable-heading stk-block-heading stk-block-heading--v2 stk-block stk-c229f24\" id=\"normativa-de-br-acceso-a-mayores\" data-block-id=\"c229f24\"><style>.stk-c229f24 {margin-bottom:0px !important;}.stk-c229f24 .stk-block-heading__text{font-size:80px !important;color:#ffffff !important;font-weight:700 !important;font-family:\"Montserrat\", Sans-serif !important;}@media screen and (max-width: 1023px){.stk-c229f24 .stk-block-heading__text{font-size:50px !important;}}@media screen and (max-width: 767px){.stk-c229f24 .stk-block-heading__text{font-size:47px !important;}}<\/style><h1 class=\"stk-block-heading__text has-text-color\">Normativa de <br>acceso a mayores <\/h1><\/div>\n<\/div><\/div><\/div>\n<\/div><\/div>\n\n\n\n<div class=\"wp-block-stackable-columns stk-block-columns stk-block stk-8b59b96\" data-block-id=\"8b59b96\"><style>.stk-8b59b96-column{--stk-columns-spacing:0px !important;--stk-column-gap:50px !important;}<\/style><div class=\"stk-row stk-inner-blocks stk-block-content stk-content-align stk-8b59b96-column\">\n<div class=\"wp-block-stackable-column stk-block-column stk-column stk-block stk-dbb7e15\" data-v=\"4\" data-block-id=\"dbb7e15\"><div class=\"stk-column-wrapper stk-block-column__content stk-container stk-dbb7e15-container stk--no-background stk--no-padding\"><div class=\"stk-block-content stk-inner-blocks stk-dbb7e15-inner-blocks\">\n<ul class=\"wp-block-list\" data-block-type=\"core\">\n<li data-block-type=\"core\"><a href=\"https:\/\/sede.ull.es\/ecivilis-site\/bulletinBoard\/showBulletin\/56721:1\" target=\"_blank\" rel=\"noreferrer noopener\" target=\"_blank\" rel=\"noopener\">Texto consolidado del Reglamento de admisi\u00f3n y matr\u00edcula de las ense\u00f1anzas oficiales de grado de la Universidad de la Laguna<\/a>&nbsp;(BOULL de 26 de agosto de 2025).<\/li>\n\n\n\n<li data-block-type=\"core\"><a href=\"https:\/\/www.boe.es\/buscar\/act.php?id=BOE-A-2024-11858\" target=\"_blank\" rel=\"noreferrer noopener\" target=\"_blank\" rel=\"noopener\">Real Decreto 534\/2024, de 11 de junio, por el que se regulan los requisitos de acceso a las ense\u00f1anzas universitarias oficiales de Grado, las caracter\u00edsticas b\u00e1sicas de la prueba de acceso y la normativa b\u00e1sica de los procedimientos de admisi\u00f3n<\/a>&nbsp;(BOE de 12 de junio de 2024).<\/li>\n\n\n\n<li data-block-type=\"core\"><a href=\"https:\/\/sede.ull.es\/ecivilis-site\/bulletinBoard\/showBulletin\/53990:1\" target=\"_blank\" rel=\"noreferrer noopener\" target=\"_blank\" rel=\"noopener\">Reglamento de acceso para mayores de 25, 40 y 45 a\u00f1os de la Universidad de La Laguna<\/a>&nbsp;(BOULL n\u00ba 83 de 2 de julio de 2025).<\/li>\n\n\n\n<li data-block-type=\"core\"><a href=\"http:\/\/www.gobiernodecanarias.org\/boc\/2009\/249\/001.html\" target=\"_blank\" rel=\"noreferrer noopener\" target=\"_blank\" rel=\"noopener\">ORDEN de 14 de diciembre de 2009<\/a>, por la que se regula en la Comunidad Aut\u00f3noma de Canarias el acceso a las ense\u00f1anzas universitarias oficiales de Grado para las personas mayores de 25 a\u00f1os, para las personas mayores de 40 a\u00f1os que acrediten experiencia profesional o laboral y para las personas mayores de 45 a\u00f1os.<\/li>\n<\/ul>\n<\/div><\/div><\/div>\n<\/div><\/div>\n\n\n\n<p data-block-type=\"core\"><\/p>\n","protected":false},"excerpt":{"rendered":"<p>Normativa de acceso a mayores<\/p>\n","protected":false},"author":1,"featured_media":0,"parent":727,"menu_order":4,"comment_status":"closed","ping_status":"closed","template":"templates\/template-frontpage.php","meta":{"footnotes":""},"class_list":["post-844","page","type-page","status-publish","hentry"],"_links":{"self":[{"href":"https:\/\/www.ull.es\/admision-becas\/wp-json\/wp\/v2\/pages\/844","targetHints":{"allow":["GET"]}}],"collection":[{"href":"https:\/\/www.ull.es\/admision-becas\/wp-json\/wp\/v2\/pages"}],"about":[{"href":"https:\/\/www.ull.es\/admision-becas\/wp-json\/wp\/v2\/types\/page"}],"author":[{"embeddable":true,"href":"https:\/\/www.ull.es\/admision-becas\/wp-json\/wp\/v2\/users\/1"}],"replies":[{"embeddable":true,"href":"https:\/\/www.ull.es\/admision-becas\/wp-json\/wp\/v2\/comments?post=844"}],"version-history":[{"count":21,"href":"https:\/\/www.ull.es\/admision-becas\/wp-json\/wp\/v2\/pages\/844\/revisions"}],"predecessor-version":[{"id":8823,"href":"https:\/\/www.ull.es\/admision-becas\/wp-json\/wp\/v2\/pages\/844\/revisions\/8823"}],"up":[{"embeddable":true,"href":"https:\/\/www.ull.es\/admision-becas\/wp-json\/wp\/v2\/pages\/727"}],"wp:attachment":[{"href":"https:\/\/www.ull.es\/admision-becas\/wp-json\/wp\/v2\/media?parent=844"}],"curies":[{"name":"wp","href":"https:\/\/api.w.org\/{rel}","templated":true}]}}