{"id":8680,"date":"2026-02-13T10:06:51","date_gmt":"2026-02-13T10:06:51","guid":{"rendered":"https:\/\/www.ull.es\/admision-becas\/?page_id=8680"},"modified":"2026-02-19T11:41:59","modified_gmt":"2026-02-19T11:41:59","slug":"matricula-extraordinaria","status":"publish","type":"page","link":"https:\/\/www.ull.es\/admision-becas\/matricula-extraordinaria\/","title":{"rendered":"Matr\u00edcula extraordinaria"},"content":{"rendered":"\n<div class=\"wp-block-stackable-columns alignfull stk-block-columns stk-block stk-2cbe2d9 stk-block-background stk--has-background-overlay\" data-block-id=\"2cbe2d9\"><style>.stk-2cbe2d9 {background-image:url(https:\/\/www.ull.es\/admision-becas\/wp-content\/uploads\/sites\/8\/2025\/11\/Landing-Matricula_Header.jpg) !important;min-height:600px !important;align-items:center !important;padding-top:0px !important;padding-right:0px !important;padding-bottom:0px !important;padding-left:0px !important;margin-top:-30px !important;margin-bottom:50px !important;display:flex !important;}.stk-2cbe2d9-column{max-width:1300px !important;min-width:auto !important;}@media screen and (max-width: 767px){.stk-2cbe2d9 {min-height:400px !important;}}<\/style><div class=\"stk-row stk-inner-blocks stk-block-content stk-content-align stk-2cbe2d9-column\">\n<div class=\"wp-block-stackable-column stk-block-column stk-column stk-block stk-67d5c45\" data-v=\"4\" data-block-id=\"67d5c45\"><style>@media screen and (max-width: 767px){.stk-67d5c45 {padding-top:10px !important;padding-right:10px !important;padding-bottom:10px !important;padding-left:10px !important;}}<\/style><div class=\"stk-column-wrapper stk-block-column__content stk-container stk-67d5c45-container stk--no-background stk--no-padding\"><div class=\"stk-block-content stk-inner-blocks stk-67d5c45-inner-blocks\">\n<div class=\"wp-block-stackable-heading stk-block-heading stk-block-heading--v2 stk-block stk-c229f24\" id=\"matricula-extraordinaria\" data-block-id=\"c229f24\"><style>.stk-c229f24 {margin-bottom:0px !important;}.stk-c229f24 .stk-block-heading__text{font-size:80px !important;color:#ffffff !important;font-weight:700 !important;font-family:\"Montserrat\", Sans-serif !important;}@media screen and (max-width: 1023px){.stk-c229f24 .stk-block-heading__text{font-size:50px !important;}}@media screen and (max-width: 767px){.stk-c229f24 .stk-block-heading__text{font-size:47px !important;}}<\/style><h1 class=\"stk-block-heading__text has-text-color\">Matr\u00edcula extraordinaria<\/h1><\/div>\n<\/div><\/div><\/div>\n<\/div><\/div>\n\n\n\n<div class=\"wp-block-stackable-columns stk-block-columns stk-block stk-76d6cef\" data-block-id=\"76d6cef\"><div class=\"stk-row stk-inner-blocks stk-block-content stk-content-align stk-76d6cef-column\">\n<div class=\"wp-block-stackable-column stk-block-column stk-column stk-block stk-1beb178\" data-v=\"4\" data-block-id=\"1beb178\"><div class=\"stk-column-wrapper stk-block-column__content stk-container stk-1beb178-container stk--no-background stk--no-padding\"><div class=\"stk-block-content stk-inner-blocks stk-1beb178-inner-blocks\">\n<p class=\"has-text-align-left\" data-block-type=\"core\">La matr\u00edcula extraordinaria es aquella modalidad de matr\u00edcula que permite cursar asignaturas diversas de un t\u00edtulo oficial de grado por motivos de inter\u00e9s personal.<\/p>\n\n\n\n<p class=\"has-text-align-left\" data-block-type=\"core\">Para acceder a la matr\u00edcula extraordinaria se deber\u00e1n reunir los requisitos de admisi\u00f3n a los estudios universitarios oficiales de Grado.<\/p>\n\n\n\n<p class=\"has-text-align-left\" data-block-type=\"core\">Solamente se podr\u00e1n cursar en esta modalidad un m\u00e1ximo de 30 cr\u00e9ditos por plan de estudios.<\/p>\n\n\n\n<p class=\"has-text-align-left\" data-block-type=\"core\">No se conceder\u00e1 matr\u00edcula extraordinaria en&nbsp;<strong>aquellas titulaciones oficiales de Grado en las que \u00e9l o la estudiante tenga formalizada matr\u00edcula ordinaria en el mismo curso acad\u00e9mico<\/strong>, ni en aquellas asignaturas en las que previamente el o la estudiante ya hubiera formalizado matr\u00edcula ordinaria.<\/p>\n\n\n\n<p class=\"has-text-align-left\" data-block-type=\"core\">La matr\u00edcula extraordinaria ser\u00e1 autorizada por los decanatos y las direcciones de los centros, que atender\u00e1n las solicitudes en funci\u00f3n de la disponibilidad de plazas en las asignaturas solicitadas.<\/p>\n\n\n\n<p class=\"has-text-align-left\" data-block-type=\"core\">Las asignaturas superadas mediante matr\u00edcula extraordinaria no podr\u00e1n ser utilizadas para el reconocimiento de cr\u00e9ditos en otra titulaci\u00f3n diferente a la que pertenezcan las asignaturas.<\/p>\n\n\n\n<p class=\"has-text-align-left\" data-block-type=\"core\">El estudiantado tendr\u00e1 derecho a la certificaci\u00f3n acad\u00e9mica de las asignaturas superadas.<\/p>\n\n\n\n<div class=\"wp-block-stackable-heading stk-block-heading stk-block-heading--v2 stk-block stk-b9208ee\" id=\"plazo-de-solicitud-y-resolucion\" data-block-id=\"b9208ee\"><style>.stk-b9208ee .stk-block-heading__text{font-size:40px !important;color:#8a41e6 !important;font-weight:700 !important;}@media screen and (max-width: 1023px){.stk-b9208ee .stk-block-heading__text{font-size:40px !important;}}<\/style><h2 class=\"stk-block-heading__text has-text-color\">Plazo de solicitud y resoluci\u00f3n<\/h2><\/div>\n\n\n\n<p data-block-type=\"core\">Para realizar la matr\u00edcula extraordinaria el alumnado deber\u00e1 presentar a trav\u00e9s&nbsp;<a href=\"https:\/\/sede.ull.es\/ecivilis-site\/catalog\/showProcedure\/448\" target=\"_blank\" rel=\"noreferrer noopener\" target=\"_blank\" rel=\"noopener\">sede electr\u00f3nica<\/a>&nbsp;del&nbsp;<strong>10 al 16 de septiembre de 2025<\/strong>&nbsp;o del<strong>&nbsp;9 al 11 de febrero de 2026<\/strong>&nbsp;una solicitud, dirigida a la persona responsable del centro en el&nbsp;que se impartan las asignaturas que pretende cursar, acompa\u00f1ada de la documentaci\u00f3n que&nbsp;acredite que re\u00fane los requisitos de acceso.<\/p>\n\n\n\n<p data-block-type=\"core\">Se resolver\u00e1n favorablemente las solicitudes de matr\u00edcula extraordinaria si, una vez&nbsp;finalizados los plazos de matr\u00edcula, existiesen plazas vacantes en las asignaturas solicitadas.<\/p>\n\n\n\n<p data-block-type=\"core\">El centro deber\u00e1 notificar la resoluci\u00f3n a la persona interesada a trav\u00e9s de la sede electr\u00f3nica antes del:<\/p>\n\n\n\n<p data-block-type=\"core\">Convocatoria ordinaria:&nbsp;<strong>23 de septiembre de 2025<\/strong>.<\/p>\n\n\n\n<p data-block-type=\"core\">Convocatoria extraordinaria:&nbsp;<strong>19&nbsp;de febrero de 2026<\/strong>.<\/p>\n\n\n\n<p data-block-type=\"core\">El alumnado admitido tendr\u00e1&nbsp;<strong>cinco d\u00edas h\u00e1biles desde la notificaci\u00f3n de la resoluci\u00f3n<\/strong>&nbsp;para matricularse.<\/p>\n<\/div><\/div><\/div>\n<\/div><\/div>\n","protected":false},"excerpt":{"rendered":"<p>Matr\u00edcula extraordinaria La matr\u00edcula extraordinaria es aquella modalidad de matr\u00edcula que permite cursar asignaturas diversas de un t\u00edtulo oficial de grado por motivos de inter\u00e9s personal. Para acceder a la matr\u00edcula extraordinaria se deber\u00e1n reunir los requisitos de admisi\u00f3n a los estudios universitarios oficiales de Grado. Solamente se podr\u00e1n cursar en esta modalidad un m\u00e1ximo&#8230;<\/p>\n","protected":false},"author":67,"featured_media":0,"parent":0,"menu_order":0,"comment_status":"closed","ping_status":"closed","template":"templates\/template-frontpage.php","meta":{"footnotes":""},"class_list":["post-8680","page","type-page","status-publish","hentry"],"_links":{"self":[{"href":"https:\/\/www.ull.es\/admision-becas\/wp-json\/wp\/v2\/pages\/8680","targetHints":{"allow":["GET"]}}],"collection":[{"href":"https:\/\/www.ull.es\/admision-becas\/wp-json\/wp\/v2\/pages"}],"about":[{"href":"https:\/\/www.ull.es\/admision-becas\/wp-json\/wp\/v2\/types\/page"}],"author":[{"embeddable":true,"href":"https:\/\/www.ull.es\/admision-becas\/wp-json\/wp\/v2\/users\/67"}],"replies":[{"embeddable":true,"href":"https:\/\/www.ull.es\/admision-becas\/wp-json\/wp\/v2\/comments?post=8680"}],"version-history":[{"count":2,"href":"https:\/\/www.ull.es\/admision-becas\/wp-json\/wp\/v2\/pages\/8680\/revisions"}],"predecessor-version":[{"id":8726,"href":"https:\/\/www.ull.es\/admision-becas\/wp-json\/wp\/v2\/pages\/8680\/revisions\/8726"}],"wp:attachment":[{"href":"https:\/\/www.ull.es\/admision-becas\/wp-json\/wp\/v2\/media?parent=8680"}],"curies":[{"name":"wp","href":"https:\/\/api.w.org\/{rel}","templated":true}]}}