{"id":14,"date":"2023-12-21T12:42:56","date_gmt":"2023-12-21T12:42:56","guid":{"rendered":"https:\/\/www.ull.es\/canal-denuncia-ull\/?page_id=14"},"modified":"2025-03-27T08:09:08","modified_gmt":"2025-03-27T08:09:08","slug":"inicio","status":"publish","type":"page","link":"https:\/\/www.ull.es\/canal-denuncia-ull\/","title":{"rendered":"Inicio"},"content":{"rendered":"\n<div class=\"wp-block-stackable-columns alignfull stk-block-columns stk-block stk-db5180e stk-block-background stk--has-background-overlay\" data-block-id=\"db5180e\"><style>.stk-db5180e {background-image:url(http:\/\/www.ull.es\/canal-denuncia-ull\/wp-content\/uploads\/sites\/22\/2023\/12\/gift-habeshaw-dj5eifvyVfE-unsplash.jpg) !important;background-size:auto !important;background-blend-mode:darken !important;min-height:550px !important;align-items:center !important;margin-bottom:0px !important;display:flex !important;}@media screen and (max-width: 767px){.stk-db5180e {margin-top:-55px !important;}}<\/style><div class=\"stk-row stk-inner-blocks stk-block-content stk-content-align stk-db5180e-column alignfull\">\n<div class=\"wp-block-stackable-column stk-block-column stk-column stk-block stk-3a71805\" data-v=\"4\" data-block-id=\"3a71805\"><style>.stk-3a71805-inner-blocks{align-items:center !important;}@media screen and (max-width: 767px){.stk-3a71805 {padding-top:20px !important;padding-right:20px !important;padding-bottom:20px !important;padding-left:20px !important;}}<\/style><div class=\"stk-column-wrapper stk-block-column__content stk-container stk-3a71805-container stk--no-background stk--no-padding\"><div class=\"stk--column-flex stk-block-content stk-inner-blocks stk-3a71805-inner-blocks\">\n<div class=\"wp-block-stackable-heading aligncenter stk-block-heading stk-block-heading--v2 stk-block stk-748252b\" id=\"canal-de-denuncia-de-la-universidad-de-la-laguna\" data-block-id=\"748252b\"><style>.stk-748252b {margin-bottom:50px !important;}.stk-748252b .stk-block-heading__text{font-size:30px !important;color:#ffffff !important;font-weight:600 !important;font-family:\"Montserrat\", Sans-serif !important;}@media screen and (max-width: 1023px){.stk-748252b .stk-block-heading__text{font-size:30px !important;}}@media screen and (max-width: 767px){.stk-748252b {margin-bottom:1px !important;}.stk-748252b .stk-block-heading__text{font-size:20px !important;}}<\/style><h2 class=\"stk-block-heading__text has-text-color has-text-align-center\">Canal de denuncia de la Universidad de La laguna<\/h2><\/div>\n\n\n\n<div class=\"wp-block-stackable-text stk-block-text stk-block stk-fc16a85\" data-block-id=\"fc16a85\"><style>.stk-fc16a85 {max-width:1100px !important;min-width:auto !important;}.stk-fc16a85 .stk-block-text__text{font-size:16px !important;color:#ffffff !important;font-family:\"Montserrat\", Sans-serif !important;}@media screen and (max-width: 1023px){.stk-fc16a85 .stk-block-text__text{font-size:16px !important;}}@media screen and (max-width: 767px){.stk-fc16a85 .stk-block-text__text{font-size:11px !important;}}<\/style><p class=\"stk-block-text__text has-text-color has-text-align-left\">A trav\u00e9s del presente canal de denuncia de la Universidad de La Laguna cualquier persona<br><br>1\u00ba) que tenga conocimiento de hechos o circunstancias que pudieran ser constitutivos de conflicto de intereses, fraude, corrupci\u00f3n o irregularidad en relaci\u00f3n con proyectos u operaciones financiados total o parcialmente con cargo a fondos procedentes de la Uni\u00f3n Europea en el marco de la ULL.<br><br>2\u00ba) que tenga conocimiento de cualquier hecho o cualquier acci\u00f3n u omisi\u00f3n que pudiera ser constitutiva de infracci\u00f3n penal o administrativa grave o muy grave, podr\u00e1 ponerlos en conocimiento de los \u00f3rganos competentes de la Universidad de la Laguna a fin de que se inicien los correspondientes procedimientos y se adopten las medidas necesarias como resultado de los mismos.<\/p><\/div>\n\n\n\n<div class=\"wp-block-stackable-button-group stk-block-button-group stk-block stk-a7baca6\" data-block-id=\"a7baca6\"><div class=\"stk-row stk-inner-blocks stk-block-content stk-button-group\">\n<div class=\"wp-block-stackable-button stk-block-button stk-block stk-0706b1e\" data-block-id=\"0706b1e\"><style>.stk-0706b1e .stk-button{padding-top:20px !important;padding-right:55px !important;padding-bottom:20px !important;padding-left:55px !important;background:#5c068c !important;border-top-left-radius:8px !important;border-top-right-radius:8px !important;border-bottom-right-radius:8px !important;border-bottom-left-radius:8px !important;}.stk-0706b1e .stk-button__inner-text{font-size:17px !important;font-weight:500 !important;font-family:\"Montserrat\", Sans-serif !important;}@media screen and (max-width: 1023px){.stk-0706b1e .stk-button__inner-text{font-size:17px !important;}}@media screen and (max-width: 767px){.stk-0706b1e .stk-button{padding-top:17px !important;padding-right:17px !important;padding-bottom:17px !important;padding-left:17px !important;}}<\/style><a class=\"stk-link stk-button stk--hover-effect-darken\" href=\"https:\/\/canaldenuncias-ull.midenet.es\/denuncias\/formulario-envio-denuncia\" target=\"_blank\" rel=\"noopener\"><span class=\"stk-button__inner-text\">Formulario de denuncia<\/span><\/a><\/div>\n<\/div><\/div>\n<\/div><\/div><\/div>\n<\/div><\/div>\n\n\n\n<div class=\"wp-block-stackable-columns alignfull stk-block-columns stk-block stk-85de3a5 stk-block-background\" data-block-id=\"85de3a5\"><style>.stk-85de3a5 .stk--block-align-85de3a5{align-items:center !important;}.stk-85de3a5 {background-color:#efeef4 !important;padding-top:50px !important;padding-right:50px !important;padding-bottom:50px !important;padding-left:50px !important;margin-bottom:0px !important;}.stk-85de3a5:before{background-color:#efeef4 !important;}.stk-85de3a5-column{max-width:1100px !important;min-width:auto !important;margin-right:auto !important;margin-left:auto !important;--stk-columns-spacing:0px !important;--stk-column-gap:50px !important;justify-content:center !important;}@media screen and (max-width: 767px){.stk-85de3a5 {padding-top:20px !important;padding-right:20px !important;padding-bottom:20px !important;padding-left:20px !important;}.stk-85de3a5-column{row-gap:30px !important;}}<\/style><div class=\"stk-row stk-inner-blocks stk--block-align-85de3a5 stk-block-content stk-content-align stk-85de3a5-column stk--flex alignwide\">\n<div class=\"wp-block-stackable-column stk-block-column stk-column stk-block stk-844e3e8\" data-v=\"4\" data-block-id=\"844e3e8\"><style>.stk-844e3e8-container{max-width:1500px !important;min-width:auto !important;}<\/style><div class=\"stk-column-wrapper stk-block-column__content stk-container stk-844e3e8-container stk--no-background stk--no-padding\"><div class=\"stk-block-content stk-inner-blocks stk-844e3e8-inner-blocks\">\n<div class=\"wp-block-stackable-icon-label stk-block-icon-label stk-block stk-7ca19bc\" data-block-id=\"7ca19bc\"><style>.stk-7ca19bc .stk-inner-blocks{gap:38px !important;}.stk-7ca19bc {margin-bottom:0px !important;}@media screen and (max-width: 1023px){.stk-7ca19bc .stk-inner-blocks{gap:38px !important;}}@media screen and (max-width: 767px){.stk-7ca19bc .stk-inner-blocks{gap:38px !important;}}<\/style><div class=\"stk-row stk-inner-blocks stk-block-content\">\n<div class=\"wp-block-stackable-icon stk-block-icon has-text-align-left stk-block stk-81448a9\" data-block-id=\"81448a9\"><style>.stk-81448a9 .stk--svg-wrapper .stk--inner-svg svg:last-child{height:26px !important;width:26px !important;}.stk-81448a9 .stk--svg-wrapper .stk--inner-svg svg:last-child, .stk-81448a9 .stk--svg-wrapper .stk--inner-svg svg:last-child :is(g, path, rect, polygon, ellipse){fill:#b79bf2 !important;}.stk-81448a9 .stk--svg-wrapper .stk--inner-svg{background-color:#f6e4ff !important;border-radius:100% !important;padding:10px !important;border-color:#b79bf2 !important;border-style:solid !important;border-top-width:3px !important;border-right-width:3px !important;border-bottom-width:3px !important;border-left-width:3px !important;}<\/style><span class=\"stk--svg-wrapper\"><div class=\"stk--inner-svg\"><svg style=\"height:0;width:0\"><defs><linearGradient id=\"linear-gradient-81448a9\" x1=\"0\" x2=\"100%\" y1=\"0\" y2=\"0\"><stop offset=\"0%\" style=\"stop-opacity:1;stop-color:var(--linear-gradient-81448-a-9-color-1)\"><\/stop><stop offset=\"100%\" style=\"stop-opacity:1;stop-color:var(--linear-gradient-81448-a-9-color-2)\"><\/stop><\/linearGradient><\/defs><\/svg><svg xmlns=\"http:\/\/www.w3.org\/2000\/svg\" viewBox=\"0 0 448 512\" aria-hidden=\"true\" width=\"32\" height=\"32\"><path d=\"M364.2 83.8c-24.4-24.4-64-24.4-88.4 0l-184 184c-42.1 42.1-42.1 110.3 0 152.4s110.3 42.1 152.4 0l152-152c10.9-10.9 28.7-10.9 39.6 0s10.9 28.7 0 39.6l-152 152c-64 64-167.6 64-231.6 0s-64-167.6 0-231.6l184-184c46.3-46.3 121.3-46.3 167.6 0s46.3 121.3 0 167.6l-176 176c-28.6 28.6-75 28.6-103.6 0s-28.6-75 0-103.6l144-144c10.9-10.9 28.7-10.9 39.6 0s10.9 28.7 0 39.6l-144 144c-6.7 6.7-6.7 17.7 0 24.4s17.7 6.7 24.4 0l176-176c24.4-24.4 24.4-64 0-88.4z\"><\/path><\/svg><\/div><\/span><\/div>\n\n\n\n<div class=\"wp-block-stackable-heading stk-block-heading stk-block-heading--v2 stk-block stk-66128ff\" id=\"cualquier-otra-reclamacion-o-queja-distinta-de-las-anteriores-debera-ser-presentada-a-traves-de-los-procedimientos-habilitados-al-efecto-en-la-sede-electronica-de-la-universidad-de-la-laguna\" data-block-id=\"66128ff\"><style>.stk-66128ff .stk-block-heading__text{font-size:16px !important;line-height:1.7em !important;font-weight:400 !important;font-family:\"Poppins\", Sans-serif !important;}@media screen and (max-width: 1023px){.stk-66128ff .stk-block-heading__text{font-size:16px !important;}}<\/style><p class=\"stk-block-heading__text\">Cualquier otra reclamaci\u00f3n o queja distinta de las anteriores deber\u00e1 ser presentada a trav\u00e9s de los procedimientos habilitados al efecto en la sede electr\u00f3nica de la Universidad de la Laguna.<\/p><\/div>\n<\/div><\/div>\n<\/div><\/div><\/div>\n\n\n\n<div class=\"wp-block-stackable-column stk-block-column stk-column stk-block stk-d5a4313\" data-v=\"4\" data-block-id=\"d5a4313\"><div class=\"stk-column-wrapper stk-block-column__content stk-container stk-d5a4313-container stk--no-background stk--no-padding\"><div class=\"stk-block-content stk-inner-blocks stk-d5a4313-inner-blocks\">\n<div class=\"wp-block-stackable-icon-label stk-block-icon-label stk-block stk-ad9d860\" data-block-id=\"ad9d860\"><style>.stk-ad9d860 .stk-inner-blocks{gap:38px !important;}.stk-ad9d860 {margin-bottom:0px !important;}@media screen and (max-width: 1023px){.stk-ad9d860 .stk-inner-blocks{gap:38px !important;}}@media screen and (max-width: 767px){.stk-ad9d860 .stk-inner-blocks{gap:38px !important;}}<\/style><div class=\"stk-row stk-inner-blocks stk-block-content\">\n<div class=\"wp-block-stackable-icon stk-block-icon has-text-align-left stk-block stk-a7721d0\" data-block-id=\"a7721d0\"><style>.stk-a7721d0 .stk--svg-wrapper .stk--inner-svg svg:last-child{height:26px !important;width:26px !important;}.stk-a7721d0 .stk--svg-wrapper .stk--inner-svg svg:last-child, .stk-a7721d0 .stk--svg-wrapper .stk--inner-svg svg:last-child :is(g, path, rect, polygon, ellipse){fill:#b79bf2 !important;}.stk-a7721d0 .stk--svg-wrapper .stk--inner-svg{background-color:#f6e4ff !important;border-radius:100% !important;padding:10px !important;border-color:#b79bf2 !important;border-style:solid !important;border-top-width:3px !important;border-right-width:3px !important;border-bottom-width:3px !important;border-left-width:3px !important;}<\/style><span class=\"stk--svg-wrapper\"><div class=\"stk--inner-svg\"><svg style=\"height:0;width:0\"><defs><linearGradient id=\"linear-gradient-a7721d0\" x1=\"0\" x2=\"100%\" y1=\"0\" y2=\"0\"><stop offset=\"0%\" style=\"stop-opacity:1;stop-color:var(--linear-gradient-a-7721-d-0-color-1)\"><\/stop><stop offset=\"100%\" style=\"stop-opacity:1;stop-color:var(--linear-gradient-a-7721-d-0-color-2)\"><\/stop><\/linearGradient><\/defs><\/svg><svg xmlns=\"http:\/\/www.w3.org\/2000\/svg\" viewBox=\"0 0 512 512\" aria-hidden=\"true\" width=\"32\" height=\"32\"><path d=\"M255.4 48.2c.2-.1 .4-.2 .6-.2s.4 .1 .6 .2L460.6 194c2.1 1.5 3.4 3.9 3.4 6.5v13.6L291.5 355.7c-20.7 17-50.4 17-71.1 0L48 214.1V200.5c0-2.6 1.2-5 3.4-6.5L255.4 48.2zM48 276.2L190 392.8c38.4 31.5 93.7 31.5 132 0L464 276.2V456c0 4.4-3.6 8-8 8H56c-4.4 0-8-3.6-8-8V276.2zM256 0c-10.2 0-20.2 3.2-28.5 9.1L23.5 154.9C8.7 165.4 0 182.4 0 200.5V456c0 30.9 25.1 56 56 56H456c30.9 0 56-25.1 56-56V200.5c0-18.1-8.7-35.1-23.4-45.6L284.5 9.1C276.2 3.2 266.2 0 256 0z\"><\/path><\/svg><\/div><\/span><\/div>\n\n\n\n<div class=\"wp-block-stackable-heading stk-block-heading stk-block-heading--v2 stk-block stk-4424cfd\" id=\"el-canal-de-denuncia-respeta-los-principios-de-confidencialidad-proteccion-de-datos-y-el-secreto-de-las-comunicaciones\" data-block-id=\"4424cfd\"><style>.stk-4424cfd .stk-block-heading__text{font-size:16px !important;line-height:1.7em !important;font-weight:400 !important;font-family:\"Poppins\", Sans-serif !important;}@media screen and (max-width: 1023px){.stk-4424cfd .stk-block-heading__text{font-size:16px !important;}}<\/style><p class=\"stk-block-heading__text\">El canal de denuncia respeta los principios de confidencialidad, protecci\u00f3n de datos y el secreto de las comunicaciones.<\/p><\/div>\n<\/div><\/div>\n<\/div><\/div><\/div>\n<\/div><\/div>\n\n\n\n<div class=\"wp-block-stackable-columns alignfull stk-block-columns stk-block stk-f70ae00 stk-block-background\" data-block-id=\"f70ae00\"><style>.stk-f70ae00 .stk--block-align-f70ae00{align-items:center !important;}.stk-f70ae00 {background-color:#ffffff !important;padding-top:50px !important;padding-right:50px !important;padding-bottom:50px !important;padding-left:50px !important;}.stk-f70ae00:before{background-color:#ffffff !important;}.stk-f70ae00-column{max-width:1100px !important;min-width:auto !important;margin-right:auto !important;margin-left:auto !important;--stk-columns-spacing:0px !important;--stk-column-gap:50px !important;justify-content:center !important;}@media screen and (max-width: 767px){.stk-f70ae00 {padding-top:20px !important;padding-right:20px !important;padding-bottom:20px !important;padding-left:20px !important;}.stk-f70ae00-column{row-gap:30px !important;}}<\/style><div class=\"stk-row stk-inner-blocks has-text-align-center stk--block-align-f70ae00 stk-block-content stk-content-align stk-f70ae00-column stk--flex alignwide\">\n<div class=\"wp-block-stackable-column stk-block-column stk-column stk-block stk-6cdefd1\" data-v=\"4\" data-block-id=\"6cdefd1\"><style>.stk-6cdefd1-container{max-width:1500px !important;min-width:auto !important;}<\/style><div class=\"stk-column-wrapper stk-block-column__content stk-container stk-6cdefd1-container stk--no-background stk--no-padding\"><div class=\"stk-block-content stk-inner-blocks stk-6cdefd1-inner-blocks\">\n<div class=\"wp-block-stackable-icon-label stk-block-icon-label stk-block stk-8da3626\" data-block-id=\"8da3626\"><style>.stk-8da3626 .stk-inner-blocks{gap:38px !important;}.stk-8da3626 {margin-bottom:0px !important;}@media screen and (max-width: 1023px){.stk-8da3626 .stk-inner-blocks{gap:38px !important;}}@media screen and (max-width: 767px){.stk-8da3626 .stk-inner-blocks{gap:38px !important;}}<\/style><div class=\"stk-row stk-inner-blocks stk-block-content\">\n<div class=\"wp-block-stackable-icon stk-block-icon has-text-align-left stk-block stk-3cb6f48\" data-block-id=\"3cb6f48\"><style>.stk-3cb6f48 .stk--svg-wrapper .stk--inner-svg svg:last-child{height:26px !important;width:26px !important;}.stk-3cb6f48 .stk--svg-wrapper .stk--inner-svg svg:last-child, .stk-3cb6f48 .stk--svg-wrapper .stk--inner-svg svg:last-child :is(g, path, rect, polygon, ellipse){fill:#b79bf2 !important;}.stk-3cb6f48 .stk--svg-wrapper .stk--inner-svg{background-color:#f6e4ff !important;border-radius:100% !important;padding:10px !important;border-color:#b79bf2 !important;border-style:solid !important;border-top-width:3px !important;border-right-width:3px !important;border-bottom-width:3px !important;border-left-width:3px !important;}<\/style><span class=\"stk--svg-wrapper\"><div class=\"stk--inner-svg\"><svg style=\"height:0;width:0\"><defs><linearGradient id=\"linear-gradient-3cb6f48\" x1=\"0\" x2=\"100%\" y1=\"0\" y2=\"0\"><stop offset=\"0%\" style=\"stop-opacity:1;stop-color:var(--linear-gradient-3-cb-6-f-48-color-1)\"><\/stop><stop offset=\"100%\" style=\"stop-opacity:1;stop-color:var(--linear-gradient-3-cb-6-f-48-color-2)\"><\/stop><\/linearGradient><\/defs><\/svg><svg xmlns=\"http:\/\/www.w3.org\/2000\/svg\" viewBox=\"0 0 384 512\" aria-hidden=\"true\" width=\"32\" height=\"32\"><path d=\"M215.7 499.2C267 435 384 279.4 384 192C384 86 298 0 192 0S0 86 0 192c0 87.4 117 243 168.3 307.2c12.3 15.3 35.1 15.3 47.4 0zM192 128a64 64 0 1 1 0 128 64 64 0 1 1 0-128z\"><\/path><\/svg><\/div><\/span><\/div>\n\n\n\n<div class=\"wp-block-stackable-heading stk-block-heading stk-block-heading--v2 stk-block stk-f7f91ff\" id=\"al-presentar-la-informacion-podra-indicar-un-domicilio-correo-electronico-o-lugar-seguro-a-efectos-de-recibir-las-notificaciones-pudiendo-asimismo-renunciar-expresamente-a-la-recepcion-de-cualquier-comunicacion-de-actuaciones-llevadas-a-cabo-como-consecuencia-de-la-informacion\" data-block-id=\"f7f91ff\"><style>.stk-f7f91ff .stk-block-heading__text{font-size:16px !important;line-height:1.7em !important;font-weight:400 !important;font-family:\"Poppins\", Sans-serif !important;}@media screen and (max-width: 1023px){.stk-f7f91ff .stk-block-heading__text{font-size:16px !important;}}<\/style><p class=\"stk-block-heading__text\">Al presentar la informaci\u00f3n podr\u00e1 indicar un domicilio, correo electr\u00f3nico o lugar seguro a efectos de recibir las notificaciones, pudiendo asimismo renunciar expresamente a la recepci\u00f3n de cualquier comunicaci\u00f3n de actuaciones llevadas a cabo como consecuencia de la informaci\u00f3n.<\/p><\/div>\n<\/div><\/div>\n<\/div><\/div><\/div>\n\n\n\n<div class=\"wp-block-stackable-column stk-block-column stk-column stk-block stk-71e82e1\" data-v=\"4\" data-block-id=\"71e82e1\"><div class=\"stk-column-wrapper stk-block-column__content stk-container stk-71e82e1-container stk--no-background stk--no-padding\"><div class=\"stk-block-content stk-inner-blocks stk-71e82e1-inner-blocks\">\n<div class=\"wp-block-stackable-icon-label stk-block-icon-label stk-block stk-a0c3fed\" data-block-id=\"a0c3fed\"><style>.stk-a0c3fed .stk-inner-blocks{gap:38px !important;}.stk-a0c3fed {margin-bottom:0px !important;}@media screen and (max-width: 1023px){.stk-a0c3fed .stk-inner-blocks{gap:38px !important;}}@media screen and (max-width: 767px){.stk-a0c3fed .stk-inner-blocks{gap:38px !important;}}<\/style><div class=\"stk-row stk-inner-blocks stk-block-content\">\n<div class=\"wp-block-stackable-icon stk-block-icon has-text-align-left stk-block stk-1a9a345\" data-block-id=\"1a9a345\"><style>.stk-1a9a345 .stk--svg-wrapper .stk--inner-svg svg:last-child{height:26px !important;width:26px !important;}.stk-1a9a345 .stk--svg-wrapper .stk--inner-svg svg:last-child, .stk-1a9a345 .stk--svg-wrapper .stk--inner-svg svg:last-child :is(g, path, rect, polygon, ellipse){fill:#b79bf2 !important;}.stk-1a9a345 .stk--svg-wrapper .stk--inner-svg{background-color:#f6e4ff !important;border-radius:100% !important;padding:10px !important;border-color:#b79bf2 !important;border-style:solid !important;border-top-width:3px !important;border-right-width:3px !important;border-bottom-width:3px !important;border-left-width:3px !important;}<\/style><span class=\"stk--svg-wrapper\"><div class=\"stk--inner-svg\"><svg style=\"height:0;width:0\"><defs><linearGradient id=\"linear-gradient-1a9a345\" x1=\"0\" x2=\"100%\" y1=\"0\" y2=\"0\"><stop offset=\"0%\" style=\"stop-opacity:1;stop-color:var(--linear-gradient-1-a-9-a-345-color-1)\"><\/stop><stop offset=\"100%\" style=\"stop-opacity:1;stop-color:var(--linear-gradient-1-a-9-a-345-color-2)\"><\/stop><\/linearGradient><\/defs><\/svg><svg xmlns=\"http:\/\/www.w3.org\/2000\/svg\" viewBox=\"0 0 640 512\" aria-hidden=\"true\" width=\"32\" height=\"32\"><path d=\"M38.8 5.1C28.4-3.1 13.3-1.2 5.1 9.2S-1.2 34.7 9.2 42.9l592 464c10.4 8.2 25.5 6.3 33.7-4.1s6.3-25.5-4.1-33.7L381.9 274c48.5-23.2 82.1-72.7 82.1-130C464 64.5 399.5 0 320 0C250.4 0 192.4 49.3 178.9 114.9L38.8 5.1zM545.5 512H528L284.3 320h-59C136.2 320 64 392.2 64 481.3c0 17 13.8 30.7 30.7 30.7H545.3l.3 0z\"><\/path><\/svg><\/div><\/span><\/div>\n\n\n\n<div class=\"wp-block-stackable-heading stk-block-heading stk-block-heading--v2 stk-block stk-ffdb834\" id=\"no-obstante-si-lo-prefiere-el-sistema-le-permitira-la-presentacion-y-posterior-tramitacion-de-comunicaciones-anonimas\" data-block-id=\"ffdb834\"><style>.stk-ffdb834 .stk-block-heading__text{font-size:16px !important;line-height:1.7em !important;font-weight:400 !important;font-family:\"Poppins\", Sans-serif !important;}@media screen and (max-width: 1023px){.stk-ffdb834 .stk-block-heading__text{font-size:16px !important;}}<\/style><p class=\"stk-block-heading__text\">No obstante, si lo prefiere, el sistema le permitir\u00e1 la presentaci\u00f3n y posterior tramitaci\u00f3n de comunicaciones an\u00f3nimas.<\/p><\/div>\n<\/div><\/div>\n<\/div><\/div><\/div>\n<\/div><\/div>\n\n\n\n<div class=\"wp-block-stackable-columns alignfull stk-block-columns stk-block stk-b238eaa stk-block-background stk--has-background-overlay\" data-block-id=\"b238eaa\"><style>.stk-b238eaa .stk--block-align-b238eaa{align-items:center !important;}.stk-b238eaa {background-color:#5c3273 !important;background-image:url(http:\/\/www.ull.es\/canal-denuncia-ull\/wp-content\/uploads\/sites\/22\/2024\/08\/Layer-0.jpg) !important;background-position:center left !important;background-repeat:no-repeat !important;background-size:contain !important;padding-top:50px !important;padding-right:50px !important;padding-bottom:50px !important;padding-left:50px !important;margin-bottom:-80px !important;}.stk-b238eaa:before{background-color:#5c3273 !important;opacity:0 !important;}.stk-b238eaa-column{max-width:1100px !important;min-width:auto !important;margin-right:auto !important;margin-left:auto !important;--stk-columns-spacing:0px !important;--stk-column-gap:0px !important;}<\/style><div class=\"stk-row stk-inner-blocks has-text-align-center stk--block-align-b238eaa stk-block-content stk-content-align stk-b238eaa-column alignfull\">\n<div class=\"wp-block-stackable-column stk-block-column stk-column stk-block stk-c15e444 stk-block-background\" data-v=\"4\" data-block-id=\"c15e444\"><style>.stk-c15e444 {background-color:#5c317300 !important;}.stk-c15e444:before{background-color:#5c317300 !important;}.stk-c15e444-container{max-width:1500px !important;min-width:auto !important;}@media screen and (min-width: 768px){.stk-c15e444 {flex:var(--stk-flex-grow, 1) 1 calc(85% - var(--stk-column-gap, 0px) * 1 \/ 2 ) !important;}}<\/style><div class=\"stk-column-wrapper stk-block-column__content stk-container stk-c15e444-container stk--no-background stk--no-padding\"><div class=\"stk-block-content stk-inner-blocks stk-c15e444-inner-blocks\"><\/div><\/div><\/div>\n\n\n\n<div class=\"wp-block-stackable-column stk-block-column stk-column stk-block stk-9fd2213\" data-v=\"4\" data-block-id=\"9fd2213\"><style>.stk-9fd2213 {padding-top:0% !important;padding-right:0% !important;padding-bottom:0% !important;padding-left:0% !important;margin-left:-40% !important;}@media screen and (min-width: 768px){.stk-9fd2213 {flex:var(--stk-flex-grow, 1) 1 calc(15% - var(--stk-column-gap, 0px) * 1 \/ 2 ) !important;}}@media screen and (max-width: 767px){.stk-9fd2213 {margin-left:50px !important;}}<\/style><div class=\"stk-column-wrapper stk-block-column__content stk-container stk-9fd2213-container stk--no-background stk--no-padding\"><div class=\"stk-block-content stk-inner-blocks stk-9fd2213-inner-blocks\">\n<div class=\"wp-block-stackable-text stk-block-text stk-block stk-d8ddc26\" data-block-id=\"d8ddc26\"><style>.stk-d8ddc26 {margin-left:-50px !important;z-index:10 !important;}.stk-d8ddc26 .stk-block-text__text{font-size:15px !important;color:#ffffff !important;font-family:\"Montserrat\", Sans-serif !important;}@media screen and (max-width: 1023px){.stk-d8ddc26 .stk-block-text__text{font-size:15px !important;}}<\/style><p class=\"stk-block-text__text has-text-color has-text-align-left\">Quedar\u00e1 siempre garantizada la confidencialidad de la identidad del informante y de cualquier tercero mencionado en la comunicaci\u00f3n, as\u00ed como de las actuaciones que se desarrollen en la gesti\u00f3n y tramitaci\u00f3n de la misma, especialmente de la protecci\u00f3n de los datos personales, impidiendo cualquier acceso de personal no autorizado.<\/p><\/div>\n\n\n\n<div class=\"wp-block-stackable-text stk-block-text stk-block stk-de7f77f\" data-block-id=\"de7f77f\"><style>.stk-de7f77f {margin-left:-50px !important;}.stk-de7f77f .stk-block-text__text{font-size:15px !important;color:#ffffff !important;font-family:\"Montserrat\", Sans-serif !important;}@media screen and (max-width: 1023px){.stk-de7f77f .stk-block-text__text{font-size:15px !important;}}<\/style><p class=\"stk-block-text__text has-text-color has-text-align-left\">Los datos personales relativos a las informaciones recibidas y a las investigaciones internas solo se conservar\u00e1n durante el per\u00edodo que sea necesario y proporcionado a efectos de cumplir con esta ley. En ning\u00fan caso se conservar\u00e1n los datos por un per\u00edodo superior a diez a\u00f1os. Para presentar una denuncia cumplimente el&nbsp;<a href=\"https:\/\/canaldenuncias-ull.midenet.es\/denuncias\/formulario-envio-denuncia\" target=\"_blank\" rel=\"noreferrer noopener\" target=\"_blank\" rel=\"noopener\"><strong><span style=\"color: #ccffff;\" class=\"stk-highlight\">siguiente formulario.<\/span><\/strong><\/a><\/p><\/div>\n<\/div><\/div><\/div>\n<\/div><\/div>\n","protected":false},"excerpt":{"rendered":"<p>Canal de denuncia de la Universidad de La laguna A trav\u00e9s del presente canal de denuncia de la Universidad de La Laguna cualquier persona 1\u00ba) que tenga conocimiento de hechos o circunstancias que pudieran ser constitutivos de conflicto de intereses, fraude, corrupci\u00f3n o irregularidad en relaci\u00f3n con proyectos u operaciones financiados total o parcialmente con&#8230;<\/p>\n","protected":false},"author":60,"featured_media":0,"parent":0,"menu_order":0,"comment_status":"closed","ping_status":"closed","template":"templates\/template-frontpage.php","meta":{"footnotes":""},"class_list":["post-14","page","type-page","status-publish","hentry"],"_links":{"self":[{"href":"https:\/\/www.ull.es\/canal-denuncia-ull\/wp-json\/wp\/v2\/pages\/14","targetHints":{"allow":["GET"]}}],"collection":[{"href":"https:\/\/www.ull.es\/canal-denuncia-ull\/wp-json\/wp\/v2\/pages"}],"about":[{"href":"https:\/\/www.ull.es\/canal-denuncia-ull\/wp-json\/wp\/v2\/types\/page"}],"author":[{"embeddable":true,"href":"https:\/\/www.ull.es\/canal-denuncia-ull\/wp-json\/wp\/v2\/users\/60"}],"replies":[{"embeddable":true,"href":"https:\/\/www.ull.es\/canal-denuncia-ull\/wp-json\/wp\/v2\/comments?post=14"}],"version-history":[{"count":159,"href":"https:\/\/www.ull.es\/canal-denuncia-ull\/wp-json\/wp\/v2\/pages\/14\/revisions"}],"predecessor-version":[{"id":236,"href":"https:\/\/www.ull.es\/canal-denuncia-ull\/wp-json\/wp\/v2\/pages\/14\/revisions\/236"}],"wp:attachment":[{"href":"https:\/\/www.ull.es\/canal-denuncia-ull\/wp-json\/wp\/v2\/media?parent=14"}],"curies":[{"name":"wp","href":"https:\/\/api.w.org\/{rel}","templated":true}]}}