{"id":14,"date":"2018-11-07T12:52:42","date_gmt":"2018-11-07T12:52:42","guid":{"rendered":"https:\/\/www.ull.es\/catedras\/catedra-farmacia-asistencia\/?page_id=14"},"modified":"2025-07-23T10:04:43","modified_gmt":"2025-07-23T10:04:43","slug":"inicio","status":"publish","type":"page","link":"https:\/\/www.ull.es\/catedras\/catedra-canaria-farmacia\/","title":{"rendered":"Inicio"},"content":{"rendered":"<p>[vc_row][vc_column][rev_slider_vc alias=\u00bbnews-gallery4&#8243;][\/vc_column][\/vc_row][vc_row][vc_column][vc_empty_space][\/vc_column][\/vc_row][vc_row content_placement=\u00bbmiddle\u00bb][vc_column width=\u00bb1\/3&#8243;][vc_message message_box_style=\u00bboutline\u00bb style=\u00bbsquare\u00bb icon_fontawesome=\u00bb\u00bb css_animation=\u00bbbounceIn\u00bb]<\/p>\n<p style=\"text-align: left;\"><a style=\"color: #000000;\" href=\"https:\/\/www.ull.es\/catedras\/catedra-canaria-farmacia\/lineas-de-trabajo\/#forma\" target=\"_blank\" rel=\"noopener\">ACTIVIDADES<\/a><\/p>\n<p>[\/vc_message][\/vc_column][vc_column width=\u00bb1\/3&#8243;][vc_message message_box_style=\u00bboutline\u00bb style=\u00bbsquare\u00bb icon_fontawesome=\u00bb\u00bb css_animation=\u00bbbounceIn\u00bb]<\/p>\n<p style=\"text-align: left;\"><a style=\"color: #000000;\" href=\"https:\/\/www.ull.es\/catedras\/catedra-canaria-farmacia\/compromiso-social\/\" target=\"_blank\" rel=\"noopener\">COMPROMISO<\/a><\/p>\n<p>[\/vc_message][\/vc_column][vc_column width=\u00bb1\/3&#8243;][vc_message message_box_style=\u00bboutline\u00bb style=\u00bbsquare\u00bb icon_fontawesome=\u00bb\u00bb css_animation=\u00bbbounceIn\u00bb]<\/p>\n<p style=\"text-align: left;\"><a style=\"color: #000000;\" href=\"https:\/\/www.ull.es\/catedras\/catedra-canaria-farmacia\/cof-sctfe\/\" target=\"_blank\" rel=\"noopener\">COF SCTFE<\/a><\/p>\n<p>[\/vc_message][\/vc_column][\/vc_row][vc_row][vc_column][vc_empty_space][\/vc_column][\/vc_row][vc_row][vc_column width=\u00bb1\/2&#8243;][vc_tta_accordion c_position=\u00bbright\u00bb active_section=\u00bb\u00bb no_fill=\u00bbtrue\u00bb collapsible_all=\u00bbtrue\u00bb][vc_tta_section title=\u00bbEnlaces de inter\u00e9s\u00bb tab_id=\u00bbenlaces-interes\u00bb][vc_column_text css=\u00bb.vc_custom_1753265079070{padding-right: 2% !important;}\u00bb]<\/p>\n<div class=\"gmail_default\">\n<p><a href=\"https:\/\/www.aemps.gob.es\/\" target=\"_blank\" rel=\"noopener\" target=\"_blank\" rel=\"noopener\">Agencia Espa\u00f1ola de Medicamentos y Productos Sanitarios\u00a0<\/a><\/p>\n<p><a href=\"http:\/\/www.farmaceuticos.com\/\" target=\"_blank\" rel=\"noopener\" target=\"_blank\" rel=\"noopener\">Consejo General de Colegios Oficiales de Farmac\u00e9uticos\u00a0<\/a><\/p>\n<p><a href=\"https:\/\/www.sefac.org\/\" target=\"_blank\" rel=\"noopener\" target=\"_blank\" rel=\"noopener\">Sociedad Espa\u00f1ola de Farmacia Cl\u00ednica, familiar y Comunitaria\u00a0<\/a><\/p>\n<p><a href=\"https:\/\/www.sefh.es\/\" target=\"_blank\" rel=\"noopener\" target=\"_blank\" rel=\"noopener\">Sociedad Espa\u00f1ola de Farmacia Hospitalaria\u00a0<\/a><\/p>\n<p><a href=\"https:\/\/sefig.org\/\" target=\"_blank\" rel=\"noopener\" target=\"_blank\" rel=\"noopener\">Sociedad Espa\u00f1ola de Farmacia Industrial y Gal\u00e9nica<\/a><\/p>\n<p><a href=\"https:\/\/www.lasemi.es\/\" target=\"_blank\" rel=\"noopener\" target=\"_blank\" rel=\"noopener\">Asociaci\u00f3n Espa\u00f1ola de Farmac\u00e9uticos Formulistas\u00a0<\/a><\/p>\n<p><a href=\"https:\/\/www.sefap.org\/\" target=\"_blank\" rel=\"noopener\" target=\"_blank\" rel=\"noopener\">Sociedad Espa\u00f1ola de farmac\u00e9uticos de Atenci\u00f3n Primaria <\/a><\/p>\n<\/div>\n<p>[\/vc_column_text][\/vc_tta_section][vc_tta_section title=\u00bbEntidades colaboradoras\u00bb tab_id=\u00bbentidades-colaboradoras\u00bb][\/vc_tta_section][\/vc_tta_accordion][\/vc_column][vc_column width=\u00bb1\/2&#8243;][vc_tta_accordion c_position=\u00bbright\u00bb active_section=\u00bb\u00bb no_fill=\u00bbtrue\u00bb collapsible_all=\u00bbtrue\u00bb][vc_tta_section title=\u00bbConvocatorias y premios\u00bb tab_id=\u00bbconvocatorias-premios\u00bb][vc_column_text]<a href=\"https:\/\/www.ull.es\/portal\/convocatorias\/convocatoria\/convocatoria-de-los-premios-a-tfg-y-tesis-doctoral-de-la-catedra-canaria-de-farmacia-colegio-oficial-de-farmaceuticos-de-santa-cruz-de-tenerife\/\" target=\"_blank\" rel=\"noopener\" target=\"_blank\" rel=\"noopener\">Convocatoria de los premios a mejor Trabajo Fin de Grado, Trabajo Fin de M\u00e1ster y Tesis Doctoral del curso acad\u00e9mico 2024-2025 en tem\u00e1ticas relacionadas con los fines de C\u00e1tedra Canaria de Farmacia Colegio Oficial de Farmac\u00e9uticos de Santa Cruz de Tenerife<\/a>[\/vc_column_text][\/vc_tta_section][vc_tta_section title=\u00bbContacto\u00bb tab_id=\u00bbcontacto\u00bb][vc_column_text]<strong>Contacta con nosotros<\/strong><\/p>\n<p><span style=\"font-weight: 400;\">Contacta con nosotros a trav\u00e9s de este formulario si tienes algo que proponernos, alguna sugerencia o cualquier cuesti\u00f3n en la que podamos ayudarte. Si lo prefieres puedes llamarnos al tel\u00e9fono 922 27 87 12 ext.8 o escribirnos directamente a <a href=\"mailto:ccf@ull.edu.es\" target=\"_blank\" rel=\"noopener\">ccf@ull.edu.es<\/a><\/span>[\/vc_column_text][\/vc_tta_section][\/vc_tta_accordion][\/vc_column][\/vc_row][vc_row][vc_column][vc_empty_space][\/vc_column][\/vc_row][vc_row][vc_column width=\u00bb1\/3&#8243;][vc_btn title=\u00bbPROTAGONISTAS\u00bb size=\u00bblg\u00bb align=\u00bbcenter\u00bb button_block=\u00bbtrue\u00bb link=\u00bburl:https%3A%2F%2Fwww.ull.es%2Fcatedras%2Fcatedra-farmacia-asistencial%2Fprotagonistas%2F%20|||\u00bb el_class=\u00bbboton-cuatrobotones\u00bb][\/vc_column][vc_column width=\u00bb1\/3&#8243;][vc_btn title=\u00bbNOTICIAS\u00bb size=\u00bblg\u00bb align=\u00bbcenter\u00bb button_block=\u00bbtrue\u00bb link=\u00bburl:https%3A%2F%2Fwww.ull.es%2Fcatedras%2Fcatedra-farmacia-asistencial%2Fnoticias%2F|||\u00bb el_class=\u00bbboton-cuatrobotones\u00bb][\/vc_column][vc_column width=\u00bb1\/3&#8243;][vc_btn title=\u00bbAGENDA\u00bb size=\u00bblg\u00bb align=\u00bbcenter\u00bb button_block=\u00bbtrue\u00bb link=\u00bburl:https%3A%2F%2Fwww.ull.es%2Fcatedras%2Fcatedra-farmacia-asistencial%2Fagenda%2F%20|||\u00bb el_class=\u00bbboton-cuatrobotones\u00bb][\/vc_column][\/vc_row][vc_row][vc_column][vc_empty_space][\/vc_column][\/vc_row][vc_row][vc_column width=\u00bb1\/3&#8243;][vc_column_text]<style>\n    .news-group .bg-size {\n        background-position: center;\n        background-size: cover;\n        width: 100%;\n        height: 48px;\n    }\n    .news-group .list-group-item-text {\n        font-size: 13px;\n    }\n    .news-group .col-md-3 {\n        padding-right: 0;\n    }\n    .news-group .list-group-item-date {\n        font-size: 11px;\n        color: #A4A4A4;\n        margin-bottom: 2px;\n        text-transform: uppercase;\n    }\n\n    .mensaje.alert-warning{\n        font-size: 12px;\n        margin: 14px !important;\n        padding: 4px 8px;\n        color: #cca60b;\n    }\n<\/style>\n\n<div class=\"panel panel-default\">\n    <div class=\"panel-heading\">\n        <h3 class=\"panel-title\">Noticias<\/h3>\n    <\/div>\n\n    <div class=\"list-group news-group\">\n                    <a href=\"https:\/\/www.ull.es\/portal\/noticias\/2024\/la-catedra-canaria-de-farmacia-entrega-os-premios-al-mejor-trabajo-fin-de-grado-trabajo-fin-de-master-y-tesis-doctoral-del-curso-academico-2023-2024\/\" class=\"list-group-item\">\n                <div class=\"row\">\n                    <div class=\"col-md-3\">\n                        <div class=\"bg-size\" style=\"background-image: url('https:\/\/www.ull.es\/portal\/noticias\/wp-content\/uploads\/sites\/13\/2024\/09\/PHOTO-2024-09-27-09-27-26-5-300x200.jpg');\"><\/div>\n                    <\/div>\n                    <div class=\"col-md-9\">\n                        <p class=\"list-group-item-date\">\n                            27 Sep 2024 - 10:17 UTC                        <\/p>\n                        <p class=\"list-group-item-text\">La C\u00e1tedra Canaria de Farmacia entrega los premios al mejor Trabajo Fin de Grado, Trabajo Fin de M\u00e1ster y Tesis Doctoral del curso acad\u00e9mico 2023-2024<\/p>\n                    <\/div>\n                <\/div>\n            <\/a>\n                    <a href=\"https:\/\/www.ull.es\/portal\/noticias\/2024\/la-catedra-canaria-de-farmacia-colabora-en-el-early-career-investigators-congress-on-bio-organic-research\/\" class=\"list-group-item\">\n                <div class=\"row\">\n                    <div class=\"col-md-3\">\n                        <div class=\"bg-size\" style=\"background-image: url('https:\/\/www.ull.es\/portal\/noticias\/wp-content\/uploads\/sites\/13\/2024\/07\/IMG_20240712_134614-300x200.jpg');\"><\/div>\n                    <\/div>\n                    <div class=\"col-md-9\">\n                        <p class=\"list-group-item-date\">\n                            19 Jul 2024 - 12:46 UTC                        <\/p>\n                        <p class=\"list-group-item-text\">La C\u00e1tedra Canaria de Farmacia colabora en el \u00abEarly Career Investigators\u2019 Congress on Bio-Organic Research\u00bb<\/p>\n                    <\/div>\n                <\/div>\n            <\/a>\n                    <a href=\"https:\/\/www.ull.es\/portal\/noticias\/2024\/la-catedra-canaria-de-farmacia-acerca-lazos-con-la-fundacion-sonsoles-soriano-para-ayudar-a-personas-con-discapacidad-intelectual\/\" class=\"list-group-item\">\n                <div class=\"row\">\n                    <div class=\"col-md-3\">\n                        <div class=\"bg-size\" style=\"background-image: url('https:\/\/www.ull.es\/portal\/noticias\/wp-content\/uploads\/sites\/13\/2024\/06\/catedra-farmacia-2-300x200.jpg');\"><\/div>\n                    <\/div>\n                    <div class=\"col-md-9\">\n                        <p class=\"list-group-item-date\">\n                            05 Jun 2024 - 08:30 UTC                        <\/p>\n                        <p class=\"list-group-item-text\">La C\u00e1tedra Canaria de Farmacia acerca lazos con la Fundaci\u00f3n Sonsoles Soriano para ayudar a personas con discapacidad intelectual<\/p>\n                    <\/div>\n                <\/div>\n            <\/a>\n                    <a href=\"https:\/\/www.ull.es\/portal\/noticias\/2024\/la-catedra-canaria-de-farmacia-inicia-un-programa-de-formacion-y-de-actualizacion-profesional-destinado-a-los-farmaceuticos-mauritanos\/\" class=\"list-group-item\">\n                <div class=\"row\">\n                    <div class=\"col-md-3\">\n                        <div class=\"bg-size\" style=\"background-image: url('https:\/\/www.ull.es\/portal\/noticias\/wp-content\/uploads\/sites\/13\/2024\/02\/catedra-farmacia-300x200.jpg');\"><\/div>\n                    <\/div>\n                    <div class=\"col-md-9\">\n                        <p class=\"list-group-item-date\">\n                            28 Feb 2024 - 13:05 UTC                        <\/p>\n                        <p class=\"list-group-item-text\">La C\u00e1tedra Canaria de Farmacia inicia un programa de formaci\u00f3n y de actualizaci\u00f3n profesional destinado a los farmac\u00e9uticos mauritanos<\/p>\n                    <\/div>\n                <\/div>\n            <\/a>\n                    <a href=\"https:\/\/www.ull.es\/portal\/noticias\/2023\/acto-de-entrega-de-los-premios-de-la-catedra-canaria-de-farmacia-de-la-universidad-de-la-laguna\/\" class=\"list-group-item\">\n                <div class=\"row\">\n                    <div class=\"col-md-3\">\n                        <div class=\"bg-size\" style=\"background-image: url('https:\/\/www.ull.es\/portal\/noticias\/wp-content\/uploads\/sites\/13\/2023\/10\/4-300x201.jpg');\"><\/div>\n                    <\/div>\n                    <div class=\"col-md-9\">\n                        <p class=\"list-group-item-date\">\n                            30 Oct 2023 - 09:59 UTC                        <\/p>\n                        <p class=\"list-group-item-text\">Acto de entrega de los premios de la C\u00e1tedra Canaria de Farmacia de la Universidad de La Laguna<\/p>\n                    <\/div>\n                <\/div>\n            <\/a>\n            <\/div>\n    <div class=\"panel-footer\">\n        <a href=\"https:\/\/www.ull.es\/portal\/noticias\/?cat=4988\">M\u00c1S NOTICIAS <i class=\"fa fa-chevron-right\"><\/i><\/a>\n    <\/div>\n\n\n<\/div>[\/vc_column_text][\/vc_column][vc_column width=\u00bb1\/3&#8243;][vc_column_text]\n<style>\n    .events-group .bg-size {\n        background-position: center;\n        background-size: cover;\n        width: 100%;\n        height: 48px;\n    }\n    .events-group .list-group-item-text {\n        font-size: 13px;\n    }\n    .events-group .col-md-3 {\n        padding-right: 0;\n    }\n    .events-group .list-group-item-date {\n        font-size: 11px;\n        color: #A4A4A4;\n        margin-bottom: 2px;\n        text-transform: uppercase;\n    }\n\n    .mensaje.alert-warning{\n        font-size: 12px;\n        margin: 14px !important;\n        padding: 4px 8px;\n        color: #cca60b;\n    }\n\n<\/style>\n\n<div class=\"panel panel-default\">\n    <div class=\"panel-heading\">\n        <h3 class=\"panel-title\">Eventos<\/h3>\n    <\/div>\n\n    <div class=\"list-group events-group\">\n                    <a href=\"https:\/\/www.ull.es\/portal\/agenda\/evento\/jornada-abordaje-de-la-leucemia-mieloide-cronica-impacto-de-la-atencion-farmaceutica\/\" class=\"list-group-item\">\n                <div class=\"row\">\n                    <div class=\"col-md-3\">\n                        <div class=\"bg-size\" style=\"background-image: url('https:\/\/www.ull.es\/portal\/agenda\/wp-content\/uploads\/sites\/12\/2025\/03\/Jornada-Abordaje-de-la-leucemia-mieloide_Banner-eventos.png');\"><\/div>\n                    <\/div>\n                    <div class=\"col-md-9\">\n                        <p class=\"list-group-item-date\">\n                            03\/04\/25 - 03\/04\/25                        <\/p>\n                        <p class=\"list-group-item-text\">Jornada: \"Abordaje de la leucemia mieloide cr\u00f3nica: impacto de la atenci\u00f3n farmac\u00e9utica\"<\/p>\n                    <\/div>\n\n                <\/div>\n            <\/a>\n                    <a href=\"https:\/\/www.ull.es\/portal\/agenda\/evento\/curso-seguimiento-farmacoterapeutico-y-consejo-farmaceutico-de-medicamentos-antiinfecciosos\/\" class=\"list-group-item\">\n                <div class=\"row\">\n                    <div class=\"col-md-3\">\n                        <div class=\"bg-size\" style=\"background-image: url('https:\/\/www.ull.es\/portal\/agenda\/wp-content\/uploads\/sites\/12\/2024\/02\/curso-Y-CONSEJO-FARMACEUTICO-DE-MEDICAMENTOS-ANTIINFECCIOSOS_Banner-eventos.png');\"><\/div>\n                    <\/div>\n                    <div class=\"col-md-9\">\n                        <p class=\"list-group-item-date\">\n                            27\/02\/24 - 28\/02\/24                        <\/p>\n                        <p class=\"list-group-item-text\">Curso: Seguimiento farmacoterapeutico y consejo farmac\u00e9utico de medicamentos antiinfecciosos<\/p>\n                    <\/div>\n\n                <\/div>\n            <\/a>\n                    <a href=\"https:\/\/www.ull.es\/portal\/agenda\/evento\/curso-cooperacion-farmaceutica-para-el-desarrollo\/\" class=\"list-group-item\">\n                <div class=\"row\">\n                    <div class=\"col-md-3\">\n                        <div class=\"bg-size\" style=\"background-image: url('https:\/\/www.ull.es\/portal\/agenda\/wp-content\/uploads\/sites\/12\/2023\/10\/Banner-web-Curso-Cooperacion-Farmaceutica.jpg');\"><\/div>\n                    <\/div>\n                    <div class=\"col-md-9\">\n                        <p class=\"list-group-item-date\">\n                            14\/11\/23 - 28\/11\/23                        <\/p>\n                        <p class=\"list-group-item-text\">Curso: Cooperaci\u00f3n farmac\u00e9utica para el desarrollo<\/p>\n                    <\/div>\n\n                <\/div>\n            <\/a>\n                    <a href=\"https:\/\/www.ull.es\/portal\/agenda\/evento\/mesa-redonda-impacto-de-los-biosimilares-en-la-innovacion-de-la-farmacoterapia\/\" class=\"list-group-item\">\n                <div class=\"row\">\n                    <div class=\"col-md-3\">\n                        <div class=\"bg-size\" style=\"background-image: url('https:\/\/www.ull.es\/portal\/agenda\/wp-content\/uploads\/sites\/12\/2023\/10\/Mesa-redonda-biosimilares-Banner-700-x-350-px-1.png');\"><\/div>\n                    <\/div>\n                    <div class=\"col-md-9\">\n                        <p class=\"list-group-item-date\">\n                            02\/11\/23 - 02\/11\/23                        <\/p>\n                        <p class=\"list-group-item-text\">Mesa redonda: Impacto de los Biosimilares en la innovaci\u00f3n de la farmacoterapia<\/p>\n                    <\/div>\n\n                <\/div>\n            <\/a>\n                    <a href=\"https:\/\/www.ull.es\/portal\/agenda\/evento\/acto-de-entrega-de-los-premios-de-la-catedra-canaria-de-farmacia-2023\/\" class=\"list-group-item\">\n                <div class=\"row\">\n                    <div class=\"col-md-3\">\n                        <div class=\"bg-size\" style=\"background-image: url('https:\/\/www.ull.es\/portal\/agenda\/wp-content\/uploads\/sites\/12\/2023\/10\/Acto-entrega-premios-Catedra-Canaria-Farmacia-2023_Banner-Evento-ULL.png');\"><\/div>\n                    <\/div>\n                    <div class=\"col-md-9\">\n                        <p class=\"list-group-item-date\">\n                            27\/10\/23 - 27\/10\/23                        <\/p>\n                        <p class=\"list-group-item-text\">Acto de entrega de los Premios de la C\u00e1tedra Canaria de Farmacia 2023<\/p>\n                    <\/div>\n\n                <\/div>\n            <\/a>\n                    <a href=\"https:\/\/www.ull.es\/portal\/agenda\/evento\/jornada-enfermedades-tropicales-desatendidas-cooperacion-en-salud-y-farmacia-solidaria\/\" class=\"list-group-item\">\n                <div class=\"row\">\n                    <div class=\"col-md-3\">\n                        <div class=\"bg-size\" style=\"background-image: url('https:\/\/www.ull.es\/portal\/agenda\/wp-content\/uploads\/sites\/12\/2023\/01\/Jornada-enfermedades-tropicales-desatendidas_Banner-evento.png');\"><\/div>\n                    <\/div>\n                    <div class=\"col-md-9\">\n                        <p class=\"list-group-item-date\">\n                            26\/01\/23 - 26\/01\/23                        <\/p>\n                        <p class=\"list-group-item-text\">Jornada: Enfermedades tropicales desatendidas, cooperaci\u00f3n en salud y farmacia solidaria<\/p>\n                    <\/div>\n\n                <\/div>\n            <\/a>\n        \n    <\/div>\n    <div class=\"panel-footer\">\n        <a href=\"https:\/\/www.ull.es\/portal\/agenda\/eventos\/categoria\/catedra-canaria-de-farmacia\">M\u00c1S EVENTOS <i class=\"fa fa-chevron-right\"><\/i><\/a>\n    <\/div>\n\n\n<\/div>\n[\/vc_column_text][\/vc_column][vc_column width=\u00bb1\/3&#8243;][vc_column_text]<style>\n    .news-group .bg-size {\n        background-position: center;\n        background-size: cover;\n        width: 100%;\n        height: 48px;\n    }\n    .news-group .list-group-item-text {\n        font-size: 13px;\n    }\n    .news-group .col-md-3 {\n        padding-right: 0;\n    }\n    .news-group .list-group-item-date {\n        font-size: 11px;\n        color: #A4A4A4;\n        margin-bottom: 2px;\n        text-transform: uppercase;\n    }\n\n    .mensaje.alert-warning{\n        font-size: 12px;\n        margin: 14px !important;\n        padding: 4px 8px;\n        color: #cca60b;\n    }\n\n<\/style>\n\n<div class=\"panel panel-default\">\n    <div class=\"panel-heading\">\n        <h3 class=\"panel-title\">Notificaciones<\/h3>\n    <\/div>\n\n    <div class=\"list-group news-group\">\n\n        <div class=\"mensaje alert alert-warning\">No hay notificaciones disponibles.<\/div>\n    <\/div>\n\n\n<\/div>[\/vc_column_text][vc_column_text]<a class=\"twitter-timeline\" href=\"https:\/\/twitter.com\/catedrafarmacia\" data-tweet-limit=\"2\" data-chrome=\"nofooter noheader\" target=\"_blank\" rel=\"noopener\">&gt;Tweets by CanalULL<\/a> <script async src=\"\/\/platform.twitter.com\/widgets.js\" charset=\"utf-8\"><\/script>[\/vc_column_text][\/vc_column][\/vc_row]<\/p>\n","protected":false},"excerpt":{"rendered":"<p>[vc_row][vc_column][rev_slider_vc alias=\u00bbnews-gallery4&#8243;][\/vc_column][\/vc_row][vc_row][vc_column][vc_empty_space][\/vc_column][\/vc_row][vc_row content_placement=\u00bbmiddle\u00bb][vc_column width=\u00bb1\/3&#8243;][vc_message message_box_style=\u00bboutline\u00bb style=\u00bbsquare\u00bb icon_fontawesome=\u00bb\u00bb css_animation=\u00bbbounceIn\u00bb] ACTIVIDADES [\/vc_message][\/vc_column][vc_column width=\u00bb1\/3&#8243;][vc_message message_box_style=\u00bboutline\u00bb style=\u00bbsquare\u00bb icon_fontawesome=\u00bb\u00bb css_animation=\u00bbbounceIn\u00bb] COMPROMISO [\/vc_message][\/vc_column][vc_column width=\u00bb1\/3&#8243;][vc_message message_box_style=\u00bboutline\u00bb style=\u00bbsquare\u00bb icon_fontawesome=\u00bb\u00bb css_animation=\u00bbbounceIn\u00bb] COF SCTFE [\/vc_message][\/vc_column][\/vc_row][vc_row][vc_column][vc_empty_space][\/vc_column][\/vc_row][vc_row][vc_column width=\u00bb1\/2&#8243;][vc_tta_accordion c_position=\u00bbright\u00bb active_section=\u00bb\u00bb no_fill=\u00bbtrue\u00bb collapsible_all=\u00bbtrue\u00bb][vc_tta_section title=\u00bbEnlaces de inter\u00e9s\u00bb tab_id=\u00bbenlaces-interes\u00bb][vc_column_text css=\u00bb.vc_custom_1753265079070{padding-right: 2% !important;}\u00bb] Agencia Espa\u00f1ola de Medicamentos y Productos Sanitarios\u00a0 Consejo General de Colegios Oficiales de Farmac\u00e9uticos\u00a0 Sociedad Espa\u00f1ola de Farmacia&#8230;<\/p>\n","protected":false},"author":5,"featured_media":0,"parent":0,"menu_order":0,"comment_status":"closed","ping_status":"closed","template":"templates\/template-no-title.php","meta":[],"_links":{"self":[{"href":"https:\/\/www.ull.es\/catedras\/catedra-canaria-farmacia\/wp-json\/wp\/v2\/pages\/14"}],"collection":[{"href":"https:\/\/www.ull.es\/catedras\/catedra-canaria-farmacia\/wp-json\/wp\/v2\/pages"}],"about":[{"href":"https:\/\/www.ull.es\/catedras\/catedra-canaria-farmacia\/wp-json\/wp\/v2\/types\/page"}],"author":[{"embeddable":true,"href":"https:\/\/www.ull.es\/catedras\/catedra-canaria-farmacia\/wp-json\/wp\/v2\/users\/5"}],"replies":[{"embeddable":true,"href":"https:\/\/www.ull.es\/catedras\/catedra-canaria-farmacia\/wp-json\/wp\/v2\/comments?post=14"}],"version-history":[{"count":45,"href":"https:\/\/www.ull.es\/catedras\/catedra-canaria-farmacia\/wp-json\/wp\/v2\/pages\/14\/revisions"}],"predecessor-version":[{"id":208,"href":"https:\/\/www.ull.es\/catedras\/catedra-canaria-farmacia\/wp-json\/wp\/v2\/pages\/14\/revisions\/208"}],"wp:attachment":[{"href":"https:\/\/www.ull.es\/catedras\/catedra-canaria-farmacia\/wp-json\/wp\/v2\/media?parent=14"}],"curies":[{"name":"wp","href":"https:\/\/api.w.org\/{rel}","templated":true}]}}